{"id":9398,"date":"2026-03-09T12:05:32","date_gmt":"2026-03-09T11:05:32","guid":{"rendered":"https:\/\/www.pruvost-sports.com\/boutique\/?post_type=product&#038;p=9398"},"modified":"2026-03-12T12:30:59","modified_gmt":"2026-03-12T11:30:59","slug":"sac-doxygenotherapie-stratus","status":"publish","type":"product","link":"https:\/\/www.pruvost-sports.com\/boutique\/produit\/sac-doxygenotherapie-stratus\/","title":{"rendered":"Sac d&rsquo;Oxyg\u00e9noth\u00e9rapie &#8211; Stratus"},"content":{"rendered":"","protected":false},"excerpt":{"rendered":"<p>Sac \u00e0 dos complet<\/p>\n<p>Dimension:<\/p>\n<p>Hauteur\u00a0: 70 cm<\/p>\n<p>Largeur\u00a0: 34 cm<\/p>\n<p>Profondeur\u00a0: 21 cm<\/p>\n<p>Volume\u00a0: 50L<\/p>\n<p>Poids \u00e0 vide\u00a0: 2.5 kg<\/p>\n<p>Plusieurs coloris disponibles<\/p>\n<p>&nbsp;<\/p>\n","protected":false},"featured_media":9400,"template":"","meta":[],"product_brand":[],"product_cat":[26],"product_tag":[1916,1913,1918,1915,1914,1917],"class_list":{"0":"post-9398","1":"product","2":"type-product","3":"status-publish","4":"has-post-thumbnail","6":"product_cat-infirmerie","7":"product_tag-sac-dmt","8":"product_tag-sac-o2","9":"product_tag-sac-o2-5l","10":"product_tag-sac-oxygene","11":"product_tag-sac-oxygenotherapie","12":"product_tag-sac-transport-oxygene","14":"entry","15":"has-media","17":"first","18":"instock","19":"shipping-taxable","20":"product-type-simple","21":"col","22":"span_1_of_4","23":"owp-content-center","24":"owp-thumbs-layout-horizontal","25":"owp-btn-normal","26":"owp-tabs-layout-horizontal"},"yoast_head":"<!-- This site is optimized with the Yoast SEO plugin v27.5 - https:\/\/yoast.com\/product\/yoast-seo-wordpress\/ -->\n<title>Sac d&#039;Oxyg\u00e9noth\u00e9rapie - Stratus - Pruvost sport piscine<\/title>\n<meta name=\"robots\" content=\"index, follow, max-snippet:-1, max-image-preview:large, max-video-preview:-1\" \/>\n<link rel=\"canonical\" href=\"https:\/\/www.pruvost-sports.com\/boutique\/produit\/sac-doxygenotherapie-stratus\/\" \/>\n<meta property=\"og:locale\" content=\"fr_FR\" \/>\n<meta property=\"og:type\" content=\"article\" \/>\n<meta property=\"og:title\" content=\"Sac d&#039;Oxyg\u00e9noth\u00e9rapie - Stratus - Pruvost sport piscine\" \/>\n<meta property=\"og:description\" content=\"Sac \u00e0 dos complet  Dimension:  Hauteur\u00a0: 70 cm  Largeur\u00a0: 34 cm  Profondeur\u00a0: 21 cm  Volume\u00a0: 50L  Poids \u00e0 vide\u00a0: 2.5 kg  Plusieurs coloris disponibles  &nbsp;\" \/>\n<meta property=\"og:url\" content=\"https:\/\/www.pruvost-sports.com\/boutique\/produit\/sac-doxygenotherapie-stratus\/\" \/>\n<meta property=\"og:site_name\" content=\"Pruvost sport piscine\" \/>\n<meta property=\"article:modified_time\" content=\"2026-03-12T11:30:59+00:00\" \/>\n<meta property=\"og:image\" content=\"https:\/\/www.pruvost-sports.com\/boutique\/wp-content\/uploads\/2026\/03\/F59.1-1.jpg\" \/>\n\t<meta property=\"og:image:width\" content=\"330\" \/>\n\t<meta property=\"og:image:height\" content=\"496\" \/>\n\t<meta property=\"og:image:type\" content=\"image\/jpeg\" \/>\n<meta name=\"twitter:card\" content=\"summary_large_image\" \/>\n<meta name=\"twitter:label1\" content=\"Dur\u00e9e de lecture estim\u00e9e\" \/>\n\t<meta name=\"twitter:data1\" content=\"1 minute\" \/>\n<script type=\"application\/ld+json\" class=\"yoast-schema-graph\">{\"@context\":\"https:\\\/\\\/schema.org\",\"@graph\":[{\"@type\":\"WebPage\",\"@id\":\"https:\\\/\\\/www.pruvost-sports.com\\\/boutique\\\/produit\\\/sac-doxygenotherapie-stratus\\\/\",\"url\":\"https:\\\/\\\/www.pruvost-sports.com\\\/boutique\\\/produit\\\/sac-doxygenotherapie-stratus\\\/\",\"name\":\"Sac d'Oxyg\u00e9noth\u00e9rapie - Stratus - Pruvost sport piscine\",\"isPartOf\":{\"@id\":\"https:\\\/\\\/www.pruvost-sports.com\\\/boutique\\\/#website\"},\"primaryImageOfPage\":{\"@id\":\"https:\\\/\\\/www.pruvost-sports.com\\\/boutique\\\/produit\\\/sac-doxygenotherapie-stratus\\\/#primaryimage\"},\"image\":{\"@id\":\"https:\\\/\\\/www.pruvost-sports.com\\\/boutique\\\/produit\\\/sac-doxygenotherapie-stratus\\\/#primaryimage\"},\"thumbnailUrl\":\"https:\\\/\\\/www.pruvost-sports.com\\\/boutique\\\/wp-content\\\/uploads\\\/2026\\\/03\\\/F59.1-1.jpg\",\"datePublished\":\"2026-03-09T11:05:32+00:00\",\"dateModified\":\"2026-03-12T11:30:59+00:00\",\"breadcrumb\":{\"@id\":\"https:\\\/\\\/www.pruvost-sports.com\\\/boutique\\\/produit\\\/sac-doxygenotherapie-stratus\\\/#breadcrumb\"},\"inLanguage\":\"fr-FR\",\"potentialAction\":[{\"@type\":\"ReadAction\",\"target\":[\"https:\\\/\\\/www.pruvost-sports.com\\\/boutique\\\/produit\\\/sac-doxygenotherapie-stratus\\\/\"]}]},{\"@type\":\"ImageObject\",\"inLanguage\":\"fr-FR\",\"@id\":\"https:\\\/\\\/www.pruvost-sports.com\\\/boutique\\\/produit\\\/sac-doxygenotherapie-stratus\\\/#primaryimage\",\"url\":\"https:\\\/\\\/www.pruvost-sports.com\\\/boutique\\\/wp-content\\\/uploads\\\/2026\\\/03\\\/F59.1-1.jpg\",\"contentUrl\":\"https:\\\/\\\/www.pruvost-sports.com\\\/boutique\\\/wp-content\\\/uploads\\\/2026\\\/03\\\/F59.1-1.jpg\",\"width\":330,\"height\":496},{\"@type\":\"BreadcrumbList\",\"@id\":\"https:\\\/\\\/www.pruvost-sports.com\\\/boutique\\\/produit\\\/sac-doxygenotherapie-stratus\\\/#breadcrumb\",\"itemListElement\":[{\"@type\":\"ListItem\",\"position\":1,\"name\":\"Accueil\",\"item\":\"https:\\\/\\\/www.pruvost-sports.com\\\/boutique\\\/\"},{\"@type\":\"ListItem\",\"position\":2,\"name\":\"Boutique\",\"item\":\"https:\\\/\\\/www.pruvost-sports.com\\\/boutique\\\/boutique\\\/\"},{\"@type\":\"ListItem\",\"position\":3,\"name\":\"Sac d&rsquo;Oxyg\u00e9noth\u00e9rapie &#8211; Stratus\"}]},{\"@type\":\"WebSite\",\"@id\":\"https:\\\/\\\/www.pruvost-sports.com\\\/boutique\\\/#website\",\"url\":\"https:\\\/\\\/www.pruvost-sports.com\\\/boutique\\\/\",\"name\":\"Pruvost sport piscine\",\"description\":\"\",\"potentialAction\":[{\"@type\":\"SearchAction\",\"target\":{\"@type\":\"EntryPoint\",\"urlTemplate\":\"https:\\\/\\\/www.pruvost-sports.com\\\/boutique\\\/?s={search_term_string}\"},\"query-input\":{\"@type\":\"PropertyValueSpecification\",\"valueRequired\":true,\"valueName\":\"search_term_string\"}}],\"inLanguage\":\"fr-FR\"}]}<\/script>\n<!-- \/ Yoast SEO plugin. -->","yoast_head_json":{"title":"Sac d'Oxyg\u00e9noth\u00e9rapie - Stratus - Pruvost sport piscine","robots":{"index":"index","follow":"follow","max-snippet":"max-snippet:-1","max-image-preview":"max-image-preview:large","max-video-preview":"max-video-preview:-1"},"canonical":"https:\/\/www.pruvost-sports.com\/boutique\/produit\/sac-doxygenotherapie-stratus\/","og_locale":"fr_FR","og_type":"article","og_title":"Sac d'Oxyg\u00e9noth\u00e9rapie - Stratus - Pruvost sport piscine","og_description":"Sac \u00e0 dos complet  Dimension:  Hauteur\u00a0: 70 cm  Largeur\u00a0: 34 cm  Profondeur\u00a0: 21 cm  Volume\u00a0: 50L  Poids \u00e0 vide\u00a0: 2.5 kg  Plusieurs coloris disponibles  &nbsp;","og_url":"https:\/\/www.pruvost-sports.com\/boutique\/produit\/sac-doxygenotherapie-stratus\/","og_site_name":"Pruvost sport piscine","article_modified_time":"2026-03-12T11:30:59+00:00","og_image":[{"width":330,"height":496,"url":"https:\/\/www.pruvost-sports.com\/boutique\/wp-content\/uploads\/2026\/03\/F59.1-1.jpg","type":"image\/jpeg"}],"twitter_card":"summary_large_image","twitter_misc":{"Dur\u00e9e de lecture estim\u00e9e":"1 minute"},"schema":{"@context":"https:\/\/schema.org","@graph":[{"@type":"WebPage","@id":"https:\/\/www.pruvost-sports.com\/boutique\/produit\/sac-doxygenotherapie-stratus\/","url":"https:\/\/www.pruvost-sports.com\/boutique\/produit\/sac-doxygenotherapie-stratus\/","name":"Sac d'Oxyg\u00e9noth\u00e9rapie - Stratus - Pruvost sport piscine","isPartOf":{"@id":"https:\/\/www.pruvost-sports.com\/boutique\/#website"},"primaryImageOfPage":{"@id":"https:\/\/www.pruvost-sports.com\/boutique\/produit\/sac-doxygenotherapie-stratus\/#primaryimage"},"image":{"@id":"https:\/\/www.pruvost-sports.com\/boutique\/produit\/sac-doxygenotherapie-stratus\/#primaryimage"},"thumbnailUrl":"https:\/\/www.pruvost-sports.com\/boutique\/wp-content\/uploads\/2026\/03\/F59.1-1.jpg","datePublished":"2026-03-09T11:05:32+00:00","dateModified":"2026-03-12T11:30:59+00:00","breadcrumb":{"@id":"https:\/\/www.pruvost-sports.com\/boutique\/produit\/sac-doxygenotherapie-stratus\/#breadcrumb"},"inLanguage":"fr-FR","potentialAction":[{"@type":"ReadAction","target":["https:\/\/www.pruvost-sports.com\/boutique\/produit\/sac-doxygenotherapie-stratus\/"]}]},{"@type":"ImageObject","inLanguage":"fr-FR","@id":"https:\/\/www.pruvost-sports.com\/boutique\/produit\/sac-doxygenotherapie-stratus\/#primaryimage","url":"https:\/\/www.pruvost-sports.com\/boutique\/wp-content\/uploads\/2026\/03\/F59.1-1.jpg","contentUrl":"https:\/\/www.pruvost-sports.com\/boutique\/wp-content\/uploads\/2026\/03\/F59.1-1.jpg","width":330,"height":496},{"@type":"BreadcrumbList","@id":"https:\/\/www.pruvost-sports.com\/boutique\/produit\/sac-doxygenotherapie-stratus\/#breadcrumb","itemListElement":[{"@type":"ListItem","position":1,"name":"Accueil","item":"https:\/\/www.pruvost-sports.com\/boutique\/"},{"@type":"ListItem","position":2,"name":"Boutique","item":"https:\/\/www.pruvost-sports.com\/boutique\/boutique\/"},{"@type":"ListItem","position":3,"name":"Sac d&rsquo;Oxyg\u00e9noth\u00e9rapie &#8211; Stratus"}]},{"@type":"WebSite","@id":"https:\/\/www.pruvost-sports.com\/boutique\/#website","url":"https:\/\/www.pruvost-sports.com\/boutique\/","name":"Pruvost sport piscine","description":"","potentialAction":[{"@type":"SearchAction","target":{"@type":"EntryPoint","urlTemplate":"https:\/\/www.pruvost-sports.com\/boutique\/?s={search_term_string}"},"query-input":{"@type":"PropertyValueSpecification","valueRequired":true,"valueName":"search_term_string"}}],"inLanguage":"fr-FR"}]}},"_links":{"self":[{"href":"https:\/\/www.pruvost-sports.com\/boutique\/wp-json\/wp\/v2\/product\/9398","targetHints":{"allow":["GET"]}}],"collection":[{"href":"https:\/\/www.pruvost-sports.com\/boutique\/wp-json\/wp\/v2\/product"}],"about":[{"href":"https:\/\/www.pruvost-sports.com\/boutique\/wp-json\/wp\/v2\/types\/product"}],"wp:featuredmedia":[{"embeddable":true,"href":"https:\/\/www.pruvost-sports.com\/boutique\/wp-json\/wp\/v2\/media\/9400"}],"wp:attachment":[{"href":"https:\/\/www.pruvost-sports.com\/boutique\/wp-json\/wp\/v2\/media?parent=9398"}],"wp:term":[{"taxonomy":"product_brand","embeddable":true,"href":"https:\/\/www.pruvost-sports.com\/boutique\/wp-json\/wp\/v2\/product_brand?post=9398"},{"taxonomy":"product_cat","embeddable":true,"href":"https:\/\/www.pruvost-sports.com\/boutique\/wp-json\/wp\/v2\/product_cat?post=9398"},{"taxonomy":"product_tag","embeddable":true,"href":"https:\/\/www.pruvost-sports.com\/boutique\/wp-json\/wp\/v2\/product_tag?post=9398"}],"curies":[{"name":"wp","href":"https:\/\/api.w.org\/{rel}","templated":true}]}}