{"id":9389,"date":"2026-03-09T11:46:10","date_gmt":"2026-03-09T10:46:10","guid":{"rendered":"https:\/\/www.pruvost-sports.com\/boutique\/?post_type=product&#038;p=9389"},"modified":"2026-03-09T11:46:20","modified_gmt":"2026-03-09T10:46:20","slug":"barre-dappui-coudee-135-3-points-en-alu-blanc","status":"publish","type":"product","link":"https:\/\/www.pruvost-sports.com\/boutique\/produit\/barre-dappui-coudee-135-3-points-en-alu-blanc\/","title":{"rendered":"Barre d&rsquo;appui coud\u00e9e &#8211; 135\u00b0 &#8211; 3 points &#8211; en alu &#8211; Blanc"},"content":{"rendered":"","protected":false},"excerpt":{"rendered":"<p>Tube aluminium \u00d8 30 mm.<br \/>\n3 points de fixations invisibles.<br \/>\nSym\u00e9trique.<br \/>\nPour personnes jusqu&rsquo;\u00e0 150 kg.<\/p>\n","protected":false},"featured_media":9390,"template":"","meta":[],"product_brand":[],"product_cat":[43,24],"product_tag":[],"class_list":{"0":"post-9389","1":"product","2":"type-product","3":"status-publish","4":"has-post-thumbnail","6":"product_cat-cabines","7":"product_cat-vestiaire","9":"entry","10":"has-media","12":"first","13":"instock","14":"shipping-taxable","15":"product-type-simple","16":"col","17":"span_1_of_4","18":"owp-content-center","19":"owp-thumbs-layout-horizontal","20":"owp-btn-normal","21":"owp-tabs-layout-horizontal","22":"has-no-thumbnails"},"yoast_head":"<!-- This site is optimized with the Yoast SEO plugin v27.5 - https:\/\/yoast.com\/product\/yoast-seo-wordpress\/ -->\n<title>Barre d&#039;appui coud\u00e9e - 135\u00b0 - 3 points - en alu - Blanc - Pruvost sport piscine<\/title>\n<meta name=\"robots\" content=\"index, follow, max-snippet:-1, max-image-preview:large, max-video-preview:-1\" \/>\n<link rel=\"canonical\" href=\"https:\/\/www.pruvost-sports.com\/boutique\/produit\/barre-dappui-coudee-135-3-points-en-alu-blanc\/\" \/>\n<meta property=\"og:locale\" content=\"fr_FR\" \/>\n<meta property=\"og:type\" content=\"article\" \/>\n<meta property=\"og:title\" content=\"Barre d&#039;appui coud\u00e9e - 135\u00b0 - 3 points - en alu - Blanc - Pruvost sport piscine\" \/>\n<meta property=\"og:description\" content=\"Tube aluminium \u00d8 30 mm. 3 points de fixations invisibles. Sym\u00e9trique. Pour personnes jusqu&#039;\u00e0 150 kg.\" \/>\n<meta property=\"og:url\" content=\"https:\/\/www.pruvost-sports.com\/boutique\/produit\/barre-dappui-coudee-135-3-points-en-alu-blanc\/\" \/>\n<meta property=\"og:site_name\" content=\"Pruvost sport piscine\" \/>\n<meta property=\"article:modified_time\" content=\"2026-03-09T10:46:20+00:00\" \/>\n<meta property=\"og:image\" content=\"https:\/\/www.pruvost-sports.com\/boutique\/wp-content\/uploads\/2026\/03\/AI33-Barre-dappui.jpg\" \/>\n\t<meta property=\"og:image:width\" content=\"800\" \/>\n\t<meta property=\"og:image:height\" content=\"800\" \/>\n\t<meta property=\"og:image:type\" content=\"image\/jpeg\" \/>\n<meta name=\"twitter:card\" content=\"summary_large_image\" \/>\n<meta name=\"twitter:label1\" content=\"Dur\u00e9e de lecture estim\u00e9e\" \/>\n\t<meta name=\"twitter:data1\" content=\"1 minute\" \/>\n<script type=\"application\/ld+json\" class=\"yoast-schema-graph\">{\"@context\":\"https:\\\/\\\/schema.org\",\"@graph\":[{\"@type\":\"WebPage\",\"@id\":\"https:\\\/\\\/www.pruvost-sports.com\\\/boutique\\\/produit\\\/barre-dappui-coudee-135-3-points-en-alu-blanc\\\/\",\"url\":\"https:\\\/\\\/www.pruvost-sports.com\\\/boutique\\\/produit\\\/barre-dappui-coudee-135-3-points-en-alu-blanc\\\/\",\"name\":\"Barre d'appui coud\u00e9e - 135\u00b0 - 3 points - en alu - Blanc - Pruvost sport piscine\",\"isPartOf\":{\"@id\":\"https:\\\/\\\/www.pruvost-sports.com\\\/boutique\\\/#website\"},\"primaryImageOfPage\":{\"@id\":\"https:\\\/\\\/www.pruvost-sports.com\\\/boutique\\\/produit\\\/barre-dappui-coudee-135-3-points-en-alu-blanc\\\/#primaryimage\"},\"image\":{\"@id\":\"https:\\\/\\\/www.pruvost-sports.com\\\/boutique\\\/produit\\\/barre-dappui-coudee-135-3-points-en-alu-blanc\\\/#primaryimage\"},\"thumbnailUrl\":\"https:\\\/\\\/www.pruvost-sports.com\\\/boutique\\\/wp-content\\\/uploads\\\/2026\\\/03\\\/AI33-Barre-dappui.jpg\",\"datePublished\":\"2026-03-09T10:46:10+00:00\",\"dateModified\":\"2026-03-09T10:46:20+00:00\",\"breadcrumb\":{\"@id\":\"https:\\\/\\\/www.pruvost-sports.com\\\/boutique\\\/produit\\\/barre-dappui-coudee-135-3-points-en-alu-blanc\\\/#breadcrumb\"},\"inLanguage\":\"fr-FR\",\"potentialAction\":[{\"@type\":\"ReadAction\",\"target\":[\"https:\\\/\\\/www.pruvost-sports.com\\\/boutique\\\/produit\\\/barre-dappui-coudee-135-3-points-en-alu-blanc\\\/\"]}]},{\"@type\":\"ImageObject\",\"inLanguage\":\"fr-FR\",\"@id\":\"https:\\\/\\\/www.pruvost-sports.com\\\/boutique\\\/produit\\\/barre-dappui-coudee-135-3-points-en-alu-blanc\\\/#primaryimage\",\"url\":\"https:\\\/\\\/www.pruvost-sports.com\\\/boutique\\\/wp-content\\\/uploads\\\/2026\\\/03\\\/AI33-Barre-dappui.jpg\",\"contentUrl\":\"https:\\\/\\\/www.pruvost-sports.com\\\/boutique\\\/wp-content\\\/uploads\\\/2026\\\/03\\\/AI33-Barre-dappui.jpg\",\"width\":800,\"height\":800},{\"@type\":\"BreadcrumbList\",\"@id\":\"https:\\\/\\\/www.pruvost-sports.com\\\/boutique\\\/produit\\\/barre-dappui-coudee-135-3-points-en-alu-blanc\\\/#breadcrumb\",\"itemListElement\":[{\"@type\":\"ListItem\",\"position\":1,\"name\":\"Accueil\",\"item\":\"https:\\\/\\\/www.pruvost-sports.com\\\/boutique\\\/\"},{\"@type\":\"ListItem\",\"position\":2,\"name\":\"Boutique\",\"item\":\"https:\\\/\\\/www.pruvost-sports.com\\\/boutique\\\/boutique\\\/\"},{\"@type\":\"ListItem\",\"position\":3,\"name\":\"Barre d&rsquo;appui coud\u00e9e &#8211; 135\u00b0 &#8211; 3 points &#8211; en alu &#8211; Blanc\"}]},{\"@type\":\"WebSite\",\"@id\":\"https:\\\/\\\/www.pruvost-sports.com\\\/boutique\\\/#website\",\"url\":\"https:\\\/\\\/www.pruvost-sports.com\\\/boutique\\\/\",\"name\":\"Pruvost sport piscine\",\"description\":\"\",\"potentialAction\":[{\"@type\":\"SearchAction\",\"target\":{\"@type\":\"EntryPoint\",\"urlTemplate\":\"https:\\\/\\\/www.pruvost-sports.com\\\/boutique\\\/?s={search_term_string}\"},\"query-input\":{\"@type\":\"PropertyValueSpecification\",\"valueRequired\":true,\"valueName\":\"search_term_string\"}}],\"inLanguage\":\"fr-FR\"}]}<\/script>\n<!-- \/ Yoast SEO plugin. -->","yoast_head_json":{"title":"Barre d'appui coud\u00e9e - 135\u00b0 - 3 points - en alu - Blanc - Pruvost sport piscine","robots":{"index":"index","follow":"follow","max-snippet":"max-snippet:-1","max-image-preview":"max-image-preview:large","max-video-preview":"max-video-preview:-1"},"canonical":"https:\/\/www.pruvost-sports.com\/boutique\/produit\/barre-dappui-coudee-135-3-points-en-alu-blanc\/","og_locale":"fr_FR","og_type":"article","og_title":"Barre d'appui coud\u00e9e - 135\u00b0 - 3 points - en alu - Blanc - Pruvost sport piscine","og_description":"Tube aluminium \u00d8 30 mm. 3 points de fixations invisibles. Sym\u00e9trique. Pour personnes jusqu'\u00e0 150 kg.","og_url":"https:\/\/www.pruvost-sports.com\/boutique\/produit\/barre-dappui-coudee-135-3-points-en-alu-blanc\/","og_site_name":"Pruvost sport piscine","article_modified_time":"2026-03-09T10:46:20+00:00","og_image":[{"width":800,"height":800,"url":"https:\/\/www.pruvost-sports.com\/boutique\/wp-content\/uploads\/2026\/03\/AI33-Barre-dappui.jpg","type":"image\/jpeg"}],"twitter_card":"summary_large_image","twitter_misc":{"Dur\u00e9e de lecture estim\u00e9e":"1 minute"},"schema":{"@context":"https:\/\/schema.org","@graph":[{"@type":"WebPage","@id":"https:\/\/www.pruvost-sports.com\/boutique\/produit\/barre-dappui-coudee-135-3-points-en-alu-blanc\/","url":"https:\/\/www.pruvost-sports.com\/boutique\/produit\/barre-dappui-coudee-135-3-points-en-alu-blanc\/","name":"Barre d'appui coud\u00e9e - 135\u00b0 - 3 points - en alu - Blanc - Pruvost sport piscine","isPartOf":{"@id":"https:\/\/www.pruvost-sports.com\/boutique\/#website"},"primaryImageOfPage":{"@id":"https:\/\/www.pruvost-sports.com\/boutique\/produit\/barre-dappui-coudee-135-3-points-en-alu-blanc\/#primaryimage"},"image":{"@id":"https:\/\/www.pruvost-sports.com\/boutique\/produit\/barre-dappui-coudee-135-3-points-en-alu-blanc\/#primaryimage"},"thumbnailUrl":"https:\/\/www.pruvost-sports.com\/boutique\/wp-content\/uploads\/2026\/03\/AI33-Barre-dappui.jpg","datePublished":"2026-03-09T10:46:10+00:00","dateModified":"2026-03-09T10:46:20+00:00","breadcrumb":{"@id":"https:\/\/www.pruvost-sports.com\/boutique\/produit\/barre-dappui-coudee-135-3-points-en-alu-blanc\/#breadcrumb"},"inLanguage":"fr-FR","potentialAction":[{"@type":"ReadAction","target":["https:\/\/www.pruvost-sports.com\/boutique\/produit\/barre-dappui-coudee-135-3-points-en-alu-blanc\/"]}]},{"@type":"ImageObject","inLanguage":"fr-FR","@id":"https:\/\/www.pruvost-sports.com\/boutique\/produit\/barre-dappui-coudee-135-3-points-en-alu-blanc\/#primaryimage","url":"https:\/\/www.pruvost-sports.com\/boutique\/wp-content\/uploads\/2026\/03\/AI33-Barre-dappui.jpg","contentUrl":"https:\/\/www.pruvost-sports.com\/boutique\/wp-content\/uploads\/2026\/03\/AI33-Barre-dappui.jpg","width":800,"height":800},{"@type":"BreadcrumbList","@id":"https:\/\/www.pruvost-sports.com\/boutique\/produit\/barre-dappui-coudee-135-3-points-en-alu-blanc\/#breadcrumb","itemListElement":[{"@type":"ListItem","position":1,"name":"Accueil","item":"https:\/\/www.pruvost-sports.com\/boutique\/"},{"@type":"ListItem","position":2,"name":"Boutique","item":"https:\/\/www.pruvost-sports.com\/boutique\/boutique\/"},{"@type":"ListItem","position":3,"name":"Barre d&rsquo;appui coud\u00e9e &#8211; 135\u00b0 &#8211; 3 points &#8211; en alu &#8211; Blanc"}]},{"@type":"WebSite","@id":"https:\/\/www.pruvost-sports.com\/boutique\/#website","url":"https:\/\/www.pruvost-sports.com\/boutique\/","name":"Pruvost sport piscine","description":"","potentialAction":[{"@type":"SearchAction","target":{"@type":"EntryPoint","urlTemplate":"https:\/\/www.pruvost-sports.com\/boutique\/?s={search_term_string}"},"query-input":{"@type":"PropertyValueSpecification","valueRequired":true,"valueName":"search_term_string"}}],"inLanguage":"fr-FR"}]}},"_links":{"self":[{"href":"https:\/\/www.pruvost-sports.com\/boutique\/wp-json\/wp\/v2\/product\/9389","targetHints":{"allow":["GET"]}}],"collection":[{"href":"https:\/\/www.pruvost-sports.com\/boutique\/wp-json\/wp\/v2\/product"}],"about":[{"href":"https:\/\/www.pruvost-sports.com\/boutique\/wp-json\/wp\/v2\/types\/product"}],"wp:featuredmedia":[{"embeddable":true,"href":"https:\/\/www.pruvost-sports.com\/boutique\/wp-json\/wp\/v2\/media\/9390"}],"wp:attachment":[{"href":"https:\/\/www.pruvost-sports.com\/boutique\/wp-json\/wp\/v2\/media?parent=9389"}],"wp:term":[{"taxonomy":"product_brand","embeddable":true,"href":"https:\/\/www.pruvost-sports.com\/boutique\/wp-json\/wp\/v2\/product_brand?post=9389"},{"taxonomy":"product_cat","embeddable":true,"href":"https:\/\/www.pruvost-sports.com\/boutique\/wp-json\/wp\/v2\/product_cat?post=9389"},{"taxonomy":"product_tag","embeddable":true,"href":"https:\/\/www.pruvost-sports.com\/boutique\/wp-json\/wp\/v2\/product_tag?post=9389"}],"curies":[{"name":"wp","href":"https:\/\/api.w.org\/{rel}","templated":true}]}}