{"id":9248,"date":"2025-11-21T15:08:51","date_gmt":"2025-11-21T14:08:51","guid":{"rendered":"https:\/\/www.pruvost-sports.com\/boutique\/?post_type=product&#038;p=9248"},"modified":"2025-11-21T15:08:51","modified_gmt":"2025-11-21T14:08:51","slug":"plot-de-depart-avec-starting-block-hauteur-740-mm","status":"publish","type":"product","link":"https:\/\/www.pruvost-sports.com\/boutique\/produit\/plot-de-depart-avec-starting-block-hauteur-740-mm\/","title":{"rendered":"Plot de d\u00e9part avec starting block &#8211; Hauteur 740 mm"},"content":{"rendered":"","protected":false},"excerpt":{"rendered":"<p>Le <strong>plot\u00a0 de d\u00e9part Start B\/SX<\/strong>\u00a0est con\u00e7u pour \u00eatre utilis\u00e9 lors\u00a0<strong>des comp\u00e9titions<\/strong>\u00a0et est\u00a0<strong>enti\u00e8rement fabriqu\u00e9 en acier inoxydable AISI 316.<\/strong><br \/>\n<strong>Le pont de plong\u00e9e et le talon arri\u00e8re r\u00e9glable<\/strong>\u00a0ont une\u00a0<strong>surface parfaitement antid\u00e9rapante<\/strong>, en pleine conformit\u00e9 avec les r\u00e9glementations internationales.<br \/>\nLe bloc Start A\/SX de type haut n\u00e9cessite une installation dans des piscines avec bords de piscine \u00e0 infini, o\u00f9 il est g\u00e9n\u00e9ralement mont\u00e9 \u00e0 une position en retrait de la grille de bord de la piscine.<br \/>\n<strong>La position du pont de plong\u00e9e est r\u00e9glable, tout comme la pi\u00e8ce de talon<\/strong>, qui, gr\u00e2ce \u00e0 un dispositif invisible, peut \u00e9galement \u00eatre compl\u00e8tement retir\u00e9e au quotidien et repositionn\u00e9e pendant les comp\u00e9titions.<\/p>\n","protected":false},"featured_media":9249,"template":"","meta":[],"product_brand":[],"product_cat":[2764],"product_tag":[],"class_list":{"0":"post-9248","1":"product","2":"type-product","3":"status-publish","4":"has-post-thumbnail","6":"product_cat-plot-de-depart","8":"entry","9":"has-media","11":"first","12":"instock","13":"shipping-taxable","14":"purchasable","15":"product-type-simple","16":"col","17":"span_1_of_4","18":"owp-content-center","19":"owp-thumbs-layout-horizontal","20":"owp-btn-normal","21":"owp-tabs-layout-horizontal"},"yoast_head":"<!-- This site is optimized with the Yoast SEO plugin v27.5 - https:\/\/yoast.com\/product\/yoast-seo-wordpress\/ -->\n<title>Plot de d\u00e9part avec starting block - Hauteur 740 mm - Pruvost sport piscine<\/title>\n<meta name=\"robots\" content=\"index, follow, max-snippet:-1, max-image-preview:large, max-video-preview:-1\" \/>\n<link rel=\"canonical\" href=\"https:\/\/www.pruvost-sports.com\/boutique\/produit\/plot-de-depart-avec-starting-block-hauteur-740-mm\/\" \/>\n<meta property=\"og:locale\" content=\"fr_FR\" \/>\n<meta property=\"og:type\" content=\"article\" \/>\n<meta property=\"og:title\" content=\"Plot de d\u00e9part avec starting block - Hauteur 740 mm - Pruvost sport piscine\" \/>\n<meta property=\"og:description\" content=\"Le plot\u00a0 de d\u00e9part Start B\/SX\u00a0est con\u00e7u pour \u00eatre utilis\u00e9 lors\u00a0des comp\u00e9titions\u00a0et est\u00a0enti\u00e8rement fabriqu\u00e9 en acier inoxydable AISI 316. Le pont de plong\u00e9e et le talon arri\u00e8re r\u00e9glable\u00a0ont une\u00a0surface parfaitement antid\u00e9rapante, en pleine conformit\u00e9 avec les r\u00e9glementations internationales. Le bloc Start A\/SX de type haut n\u00e9cessite une installation dans des piscines avec bords de piscine \u00e0 infini, o\u00f9 il est g\u00e9n\u00e9ralement mont\u00e9 \u00e0 une position en retrait de la grille de bord de la piscine. La position du pont de plong\u00e9e est r\u00e9glable, tout comme la pi\u00e8ce de talon, qui, gr\u00e2ce \u00e0 un dispositif invisible, peut \u00e9galement \u00eatre compl\u00e8tement retir\u00e9e au quotidien et repositionn\u00e9e pendant les comp\u00e9titions.\" \/>\n<meta property=\"og:url\" content=\"https:\/\/www.pruvost-sports.com\/boutique\/produit\/plot-de-depart-avec-starting-block-hauteur-740-mm\/\" \/>\n<meta property=\"og:site_name\" content=\"Pruvost sport piscine\" \/>\n<meta property=\"og:image\" content=\"https:\/\/www.pruvost-sports.com\/boutique\/wp-content\/uploads\/2025\/11\/PDD26.jpg\" \/>\n\t<meta property=\"og:image:width\" content=\"600\" \/>\n\t<meta property=\"og:image:height\" content=\"686\" \/>\n\t<meta property=\"og:image:type\" content=\"image\/jpeg\" \/>\n<meta name=\"twitter:card\" content=\"summary_large_image\" \/>\n<meta name=\"twitter:label1\" content=\"Dur\u00e9e de lecture estim\u00e9e\" \/>\n\t<meta name=\"twitter:data1\" content=\"1 minute\" \/>\n<script type=\"application\/ld+json\" class=\"yoast-schema-graph\">{\"@context\":\"https:\\\/\\\/schema.org\",\"@graph\":[{\"@type\":\"WebPage\",\"@id\":\"https:\\\/\\\/www.pruvost-sports.com\\\/boutique\\\/produit\\\/plot-de-depart-avec-starting-block-hauteur-740-mm\\\/\",\"url\":\"https:\\\/\\\/www.pruvost-sports.com\\\/boutique\\\/produit\\\/plot-de-depart-avec-starting-block-hauteur-740-mm\\\/\",\"name\":\"Plot de d\u00e9part avec starting block - Hauteur 740 mm - Pruvost sport piscine\",\"isPartOf\":{\"@id\":\"https:\\\/\\\/www.pruvost-sports.com\\\/boutique\\\/#website\"},\"primaryImageOfPage\":{\"@id\":\"https:\\\/\\\/www.pruvost-sports.com\\\/boutique\\\/produit\\\/plot-de-depart-avec-starting-block-hauteur-740-mm\\\/#primaryimage\"},\"image\":{\"@id\":\"https:\\\/\\\/www.pruvost-sports.com\\\/boutique\\\/produit\\\/plot-de-depart-avec-starting-block-hauteur-740-mm\\\/#primaryimage\"},\"thumbnailUrl\":\"https:\\\/\\\/www.pruvost-sports.com\\\/boutique\\\/wp-content\\\/uploads\\\/2025\\\/11\\\/PDD26.jpg\",\"datePublished\":\"2025-11-21T14:08:51+00:00\",\"breadcrumb\":{\"@id\":\"https:\\\/\\\/www.pruvost-sports.com\\\/boutique\\\/produit\\\/plot-de-depart-avec-starting-block-hauteur-740-mm\\\/#breadcrumb\"},\"inLanguage\":\"fr-FR\",\"potentialAction\":[{\"@type\":\"ReadAction\",\"target\":[\"https:\\\/\\\/www.pruvost-sports.com\\\/boutique\\\/produit\\\/plot-de-depart-avec-starting-block-hauteur-740-mm\\\/\"]}]},{\"@type\":\"ImageObject\",\"inLanguage\":\"fr-FR\",\"@id\":\"https:\\\/\\\/www.pruvost-sports.com\\\/boutique\\\/produit\\\/plot-de-depart-avec-starting-block-hauteur-740-mm\\\/#primaryimage\",\"url\":\"https:\\\/\\\/www.pruvost-sports.com\\\/boutique\\\/wp-content\\\/uploads\\\/2025\\\/11\\\/PDD26.jpg\",\"contentUrl\":\"https:\\\/\\\/www.pruvost-sports.com\\\/boutique\\\/wp-content\\\/uploads\\\/2025\\\/11\\\/PDD26.jpg\",\"width\":600,\"height\":686},{\"@type\":\"BreadcrumbList\",\"@id\":\"https:\\\/\\\/www.pruvost-sports.com\\\/boutique\\\/produit\\\/plot-de-depart-avec-starting-block-hauteur-740-mm\\\/#breadcrumb\",\"itemListElement\":[{\"@type\":\"ListItem\",\"position\":1,\"name\":\"Accueil\",\"item\":\"https:\\\/\\\/www.pruvost-sports.com\\\/boutique\\\/\"},{\"@type\":\"ListItem\",\"position\":2,\"name\":\"Boutique\",\"item\":\"https:\\\/\\\/www.pruvost-sports.com\\\/boutique\\\/boutique\\\/\"},{\"@type\":\"ListItem\",\"position\":3,\"name\":\"Plot de d\u00e9part avec starting block &#8211; Hauteur 740 mm\"}]},{\"@type\":\"WebSite\",\"@id\":\"https:\\\/\\\/www.pruvost-sports.com\\\/boutique\\\/#website\",\"url\":\"https:\\\/\\\/www.pruvost-sports.com\\\/boutique\\\/\",\"name\":\"Pruvost sport piscine\",\"description\":\"\",\"potentialAction\":[{\"@type\":\"SearchAction\",\"target\":{\"@type\":\"EntryPoint\",\"urlTemplate\":\"https:\\\/\\\/www.pruvost-sports.com\\\/boutique\\\/?s={search_term_string}\"},\"query-input\":{\"@type\":\"PropertyValueSpecification\",\"valueRequired\":true,\"valueName\":\"search_term_string\"}}],\"inLanguage\":\"fr-FR\"}]}<\/script>\n<!-- \/ Yoast SEO plugin. -->","yoast_head_json":{"title":"Plot de d\u00e9part avec starting block - Hauteur 740 mm - Pruvost sport piscine","robots":{"index":"index","follow":"follow","max-snippet":"max-snippet:-1","max-image-preview":"max-image-preview:large","max-video-preview":"max-video-preview:-1"},"canonical":"https:\/\/www.pruvost-sports.com\/boutique\/produit\/plot-de-depart-avec-starting-block-hauteur-740-mm\/","og_locale":"fr_FR","og_type":"article","og_title":"Plot de d\u00e9part avec starting block - Hauteur 740 mm - Pruvost sport piscine","og_description":"Le plot\u00a0 de d\u00e9part Start B\/SX\u00a0est con\u00e7u pour \u00eatre utilis\u00e9 lors\u00a0des comp\u00e9titions\u00a0et est\u00a0enti\u00e8rement fabriqu\u00e9 en acier inoxydable AISI 316. Le pont de plong\u00e9e et le talon arri\u00e8re r\u00e9glable\u00a0ont une\u00a0surface parfaitement antid\u00e9rapante, en pleine conformit\u00e9 avec les r\u00e9glementations internationales. Le bloc Start A\/SX de type haut n\u00e9cessite une installation dans des piscines avec bords de piscine \u00e0 infini, o\u00f9 il est g\u00e9n\u00e9ralement mont\u00e9 \u00e0 une position en retrait de la grille de bord de la piscine. La position du pont de plong\u00e9e est r\u00e9glable, tout comme la pi\u00e8ce de talon, qui, gr\u00e2ce \u00e0 un dispositif invisible, peut \u00e9galement \u00eatre compl\u00e8tement retir\u00e9e au quotidien et repositionn\u00e9e pendant les comp\u00e9titions.","og_url":"https:\/\/www.pruvost-sports.com\/boutique\/produit\/plot-de-depart-avec-starting-block-hauteur-740-mm\/","og_site_name":"Pruvost sport piscine","og_image":[{"width":600,"height":686,"url":"https:\/\/www.pruvost-sports.com\/boutique\/wp-content\/uploads\/2025\/11\/PDD26.jpg","type":"image\/jpeg"}],"twitter_card":"summary_large_image","twitter_misc":{"Dur\u00e9e de lecture estim\u00e9e":"1 minute"},"schema":{"@context":"https:\/\/schema.org","@graph":[{"@type":"WebPage","@id":"https:\/\/www.pruvost-sports.com\/boutique\/produit\/plot-de-depart-avec-starting-block-hauteur-740-mm\/","url":"https:\/\/www.pruvost-sports.com\/boutique\/produit\/plot-de-depart-avec-starting-block-hauteur-740-mm\/","name":"Plot de d\u00e9part avec starting block - Hauteur 740 mm - Pruvost sport piscine","isPartOf":{"@id":"https:\/\/www.pruvost-sports.com\/boutique\/#website"},"primaryImageOfPage":{"@id":"https:\/\/www.pruvost-sports.com\/boutique\/produit\/plot-de-depart-avec-starting-block-hauteur-740-mm\/#primaryimage"},"image":{"@id":"https:\/\/www.pruvost-sports.com\/boutique\/produit\/plot-de-depart-avec-starting-block-hauteur-740-mm\/#primaryimage"},"thumbnailUrl":"https:\/\/www.pruvost-sports.com\/boutique\/wp-content\/uploads\/2025\/11\/PDD26.jpg","datePublished":"2025-11-21T14:08:51+00:00","breadcrumb":{"@id":"https:\/\/www.pruvost-sports.com\/boutique\/produit\/plot-de-depart-avec-starting-block-hauteur-740-mm\/#breadcrumb"},"inLanguage":"fr-FR","potentialAction":[{"@type":"ReadAction","target":["https:\/\/www.pruvost-sports.com\/boutique\/produit\/plot-de-depart-avec-starting-block-hauteur-740-mm\/"]}]},{"@type":"ImageObject","inLanguage":"fr-FR","@id":"https:\/\/www.pruvost-sports.com\/boutique\/produit\/plot-de-depart-avec-starting-block-hauteur-740-mm\/#primaryimage","url":"https:\/\/www.pruvost-sports.com\/boutique\/wp-content\/uploads\/2025\/11\/PDD26.jpg","contentUrl":"https:\/\/www.pruvost-sports.com\/boutique\/wp-content\/uploads\/2025\/11\/PDD26.jpg","width":600,"height":686},{"@type":"BreadcrumbList","@id":"https:\/\/www.pruvost-sports.com\/boutique\/produit\/plot-de-depart-avec-starting-block-hauteur-740-mm\/#breadcrumb","itemListElement":[{"@type":"ListItem","position":1,"name":"Accueil","item":"https:\/\/www.pruvost-sports.com\/boutique\/"},{"@type":"ListItem","position":2,"name":"Boutique","item":"https:\/\/www.pruvost-sports.com\/boutique\/boutique\/"},{"@type":"ListItem","position":3,"name":"Plot de d\u00e9part avec starting block &#8211; Hauteur 740 mm"}]},{"@type":"WebSite","@id":"https:\/\/www.pruvost-sports.com\/boutique\/#website","url":"https:\/\/www.pruvost-sports.com\/boutique\/","name":"Pruvost sport piscine","description":"","potentialAction":[{"@type":"SearchAction","target":{"@type":"EntryPoint","urlTemplate":"https:\/\/www.pruvost-sports.com\/boutique\/?s={search_term_string}"},"query-input":{"@type":"PropertyValueSpecification","valueRequired":true,"valueName":"search_term_string"}}],"inLanguage":"fr-FR"}]}},"_links":{"self":[{"href":"https:\/\/www.pruvost-sports.com\/boutique\/wp-json\/wp\/v2\/product\/9248","targetHints":{"allow":["GET"]}}],"collection":[{"href":"https:\/\/www.pruvost-sports.com\/boutique\/wp-json\/wp\/v2\/product"}],"about":[{"href":"https:\/\/www.pruvost-sports.com\/boutique\/wp-json\/wp\/v2\/types\/product"}],"wp:featuredmedia":[{"embeddable":true,"href":"https:\/\/www.pruvost-sports.com\/boutique\/wp-json\/wp\/v2\/media\/9249"}],"wp:attachment":[{"href":"https:\/\/www.pruvost-sports.com\/boutique\/wp-json\/wp\/v2\/media?parent=9248"}],"wp:term":[{"taxonomy":"product_brand","embeddable":true,"href":"https:\/\/www.pruvost-sports.com\/boutique\/wp-json\/wp\/v2\/product_brand?post=9248"},{"taxonomy":"product_cat","embeddable":true,"href":"https:\/\/www.pruvost-sports.com\/boutique\/wp-json\/wp\/v2\/product_cat?post=9248"},{"taxonomy":"product_tag","embeddable":true,"href":"https:\/\/www.pruvost-sports.com\/boutique\/wp-json\/wp\/v2\/product_tag?post=9248"}],"curies":[{"name":"wp","href":"https:\/\/api.w.org\/{rel}","templated":true}]}}