{"id":9245,"date":"2025-11-21T15:04:08","date_gmt":"2025-11-21T14:04:08","guid":{"rendered":"https:\/\/www.pruvost-sports.com\/boutique\/?post_type=product&#038;p=9245"},"modified":"2025-11-21T15:04:35","modified_gmt":"2025-11-21T14:04:35","slug":"plot-de-depart-avec-starting-block","status":"publish","type":"product","link":"https:\/\/www.pruvost-sports.com\/boutique\/produit\/plot-de-depart-avec-starting-block\/","title":{"rendered":"Plot de d\u00e9part avec starting block"},"content":{"rendered":"","protected":false},"excerpt":{"rendered":"<p>Le plot de d\u00e9part\u00a0 est con\u00e7u pour \u00eatre utilis\u00e9 lors <strong>de comp\u00e9titions<\/strong>\u00a0et est\u00a0<strong>enti\u00e8rement fabriqu\u00e9 en acier inoxydable AISI 316<\/strong>.<br \/>\nLe\u00a0<strong>pont de plong\u00e9e et le talon arri\u00e8re r\u00e9glable<\/strong>\u00a0ont une\u00a0<strong>surface parfaitement antid\u00e9rapante<\/strong>, en pleine conformit\u00e9 avec les r\u00e9glementations internationales.<br \/>\nLa serrure Low Type Start A\/SX n\u00e9cessite une installation sur la paroi de la t\u00eate de la piscine.<br \/>\n<strong>La position du pont de plong\u00e9e est r\u00e9glable, tout comme la pi\u00e8ce de talon<\/strong>, qui, gr\u00e2ce \u00e0 un dispositif invisible, peut \u00e9galement \u00eatre compl\u00e8tement retir\u00e9e au quotidien et repositionn\u00e9e pendant les comp\u00e9titions.<\/p>\n","protected":false},"featured_media":9246,"template":"","meta":[],"product_brand":[],"product_cat":[2764],"product_tag":[],"class_list":{"0":"post-9245","1":"product","2":"type-product","3":"status-publish","4":"has-post-thumbnail","6":"product_cat-plot-de-depart","8":"entry","9":"has-media","11":"first","12":"instock","13":"shipping-taxable","14":"purchasable","15":"product-type-simple","16":"col","17":"span_1_of_4","18":"owp-content-center","19":"owp-thumbs-layout-horizontal","20":"owp-btn-normal","21":"owp-tabs-layout-horizontal"},"yoast_head":"<!-- This site is optimized with the Yoast SEO plugin v27.3 - https:\/\/yoast.com\/product\/yoast-seo-wordpress\/ -->\n<title>Plot de d\u00e9part avec starting block - Pruvost sport piscine<\/title>\n<meta name=\"robots\" content=\"index, follow, max-snippet:-1, max-image-preview:large, max-video-preview:-1\" \/>\n<link rel=\"canonical\" href=\"https:\/\/www.pruvost-sports.com\/boutique\/produit\/plot-de-depart-avec-starting-block\/\" \/>\n<meta property=\"og:locale\" content=\"fr_FR\" \/>\n<meta property=\"og:type\" content=\"article\" \/>\n<meta property=\"og:title\" content=\"Plot de d\u00e9part avec starting block - Pruvost sport piscine\" \/>\n<meta property=\"og:description\" content=\"Le plot de d\u00e9part\u00a0 est con\u00e7u pour \u00eatre utilis\u00e9 lors de comp\u00e9titions\u00a0et est\u00a0enti\u00e8rement fabriqu\u00e9 en acier inoxydable AISI 316. Le\u00a0pont de plong\u00e9e et le talon arri\u00e8re r\u00e9glable\u00a0ont une\u00a0surface parfaitement antid\u00e9rapante, en pleine conformit\u00e9 avec les r\u00e9glementations internationales. La serrure Low Type Start A\/SX n\u00e9cessite une installation sur la paroi de la t\u00eate de la piscine. La position du pont de plong\u00e9e est r\u00e9glable, tout comme la pi\u00e8ce de talon, qui, gr\u00e2ce \u00e0 un dispositif invisible, peut \u00e9galement \u00eatre compl\u00e8tement retir\u00e9e au quotidien et repositionn\u00e9e pendant les comp\u00e9titions.\" \/>\n<meta property=\"og:url\" content=\"https:\/\/www.pruvost-sports.com\/boutique\/produit\/plot-de-depart-avec-starting-block\/\" \/>\n<meta property=\"og:site_name\" content=\"Pruvost sport piscine\" \/>\n<meta property=\"article:modified_time\" content=\"2025-11-21T14:04:35+00:00\" \/>\n<meta property=\"og:image\" content=\"https:\/\/www.pruvost-sports.com\/boutique\/wp-content\/uploads\/2025\/11\/PDD25.jpg\" \/>\n\t<meta property=\"og:image:width\" content=\"600\" \/>\n\t<meta property=\"og:image:height\" content=\"686\" \/>\n\t<meta property=\"og:image:type\" content=\"image\/jpeg\" \/>\n<meta name=\"twitter:card\" content=\"summary_large_image\" \/>\n<meta name=\"twitter:label1\" content=\"Dur\u00e9e de lecture estim\u00e9e\" \/>\n\t<meta name=\"twitter:data1\" content=\"1 minute\" \/>\n<script type=\"application\/ld+json\" class=\"yoast-schema-graph\">{\"@context\":\"https:\\\/\\\/schema.org\",\"@graph\":[{\"@type\":\"WebPage\",\"@id\":\"https:\\\/\\\/www.pruvost-sports.com\\\/boutique\\\/produit\\\/plot-de-depart-avec-starting-block\\\/\",\"url\":\"https:\\\/\\\/www.pruvost-sports.com\\\/boutique\\\/produit\\\/plot-de-depart-avec-starting-block\\\/\",\"name\":\"Plot de d\u00e9part avec starting block - Pruvost sport piscine\",\"isPartOf\":{\"@id\":\"https:\\\/\\\/www.pruvost-sports.com\\\/boutique\\\/#website\"},\"primaryImageOfPage\":{\"@id\":\"https:\\\/\\\/www.pruvost-sports.com\\\/boutique\\\/produit\\\/plot-de-depart-avec-starting-block\\\/#primaryimage\"},\"image\":{\"@id\":\"https:\\\/\\\/www.pruvost-sports.com\\\/boutique\\\/produit\\\/plot-de-depart-avec-starting-block\\\/#primaryimage\"},\"thumbnailUrl\":\"https:\\\/\\\/www.pruvost-sports.com\\\/boutique\\\/wp-content\\\/uploads\\\/2025\\\/11\\\/PDD25.jpg\",\"datePublished\":\"2025-11-21T14:04:08+00:00\",\"dateModified\":\"2025-11-21T14:04:35+00:00\",\"breadcrumb\":{\"@id\":\"https:\\\/\\\/www.pruvost-sports.com\\\/boutique\\\/produit\\\/plot-de-depart-avec-starting-block\\\/#breadcrumb\"},\"inLanguage\":\"fr-FR\",\"potentialAction\":[{\"@type\":\"ReadAction\",\"target\":[\"https:\\\/\\\/www.pruvost-sports.com\\\/boutique\\\/produit\\\/plot-de-depart-avec-starting-block\\\/\"]}]},{\"@type\":\"ImageObject\",\"inLanguage\":\"fr-FR\",\"@id\":\"https:\\\/\\\/www.pruvost-sports.com\\\/boutique\\\/produit\\\/plot-de-depart-avec-starting-block\\\/#primaryimage\",\"url\":\"https:\\\/\\\/www.pruvost-sports.com\\\/boutique\\\/wp-content\\\/uploads\\\/2025\\\/11\\\/PDD25.jpg\",\"contentUrl\":\"https:\\\/\\\/www.pruvost-sports.com\\\/boutique\\\/wp-content\\\/uploads\\\/2025\\\/11\\\/PDD25.jpg\",\"width\":600,\"height\":686},{\"@type\":\"BreadcrumbList\",\"@id\":\"https:\\\/\\\/www.pruvost-sports.com\\\/boutique\\\/produit\\\/plot-de-depart-avec-starting-block\\\/#breadcrumb\",\"itemListElement\":[{\"@type\":\"ListItem\",\"position\":1,\"name\":\"Accueil\",\"item\":\"https:\\\/\\\/www.pruvost-sports.com\\\/boutique\\\/\"},{\"@type\":\"ListItem\",\"position\":2,\"name\":\"Boutique\",\"item\":\"https:\\\/\\\/www.pruvost-sports.com\\\/boutique\\\/boutique\\\/\"},{\"@type\":\"ListItem\",\"position\":3,\"name\":\"Plot de d\u00e9part avec starting block\"}]},{\"@type\":\"WebSite\",\"@id\":\"https:\\\/\\\/www.pruvost-sports.com\\\/boutique\\\/#website\",\"url\":\"https:\\\/\\\/www.pruvost-sports.com\\\/boutique\\\/\",\"name\":\"Pruvost sport piscine\",\"description\":\"\",\"potentialAction\":[{\"@type\":\"SearchAction\",\"target\":{\"@type\":\"EntryPoint\",\"urlTemplate\":\"https:\\\/\\\/www.pruvost-sports.com\\\/boutique\\\/?s={search_term_string}\"},\"query-input\":{\"@type\":\"PropertyValueSpecification\",\"valueRequired\":true,\"valueName\":\"search_term_string\"}}],\"inLanguage\":\"fr-FR\"}]}<\/script>\n<!-- \/ Yoast SEO plugin. -->","yoast_head_json":{"title":"Plot de d\u00e9part avec starting block - Pruvost sport piscine","robots":{"index":"index","follow":"follow","max-snippet":"max-snippet:-1","max-image-preview":"max-image-preview:large","max-video-preview":"max-video-preview:-1"},"canonical":"https:\/\/www.pruvost-sports.com\/boutique\/produit\/plot-de-depart-avec-starting-block\/","og_locale":"fr_FR","og_type":"article","og_title":"Plot de d\u00e9part avec starting block - Pruvost sport piscine","og_description":"Le plot de d\u00e9part\u00a0 est con\u00e7u pour \u00eatre utilis\u00e9 lors de comp\u00e9titions\u00a0et est\u00a0enti\u00e8rement fabriqu\u00e9 en acier inoxydable AISI 316. Le\u00a0pont de plong\u00e9e et le talon arri\u00e8re r\u00e9glable\u00a0ont une\u00a0surface parfaitement antid\u00e9rapante, en pleine conformit\u00e9 avec les r\u00e9glementations internationales. La serrure Low Type Start A\/SX n\u00e9cessite une installation sur la paroi de la t\u00eate de la piscine. La position du pont de plong\u00e9e est r\u00e9glable, tout comme la pi\u00e8ce de talon, qui, gr\u00e2ce \u00e0 un dispositif invisible, peut \u00e9galement \u00eatre compl\u00e8tement retir\u00e9e au quotidien et repositionn\u00e9e pendant les comp\u00e9titions.","og_url":"https:\/\/www.pruvost-sports.com\/boutique\/produit\/plot-de-depart-avec-starting-block\/","og_site_name":"Pruvost sport piscine","article_modified_time":"2025-11-21T14:04:35+00:00","og_image":[{"width":600,"height":686,"url":"https:\/\/www.pruvost-sports.com\/boutique\/wp-content\/uploads\/2025\/11\/PDD25.jpg","type":"image\/jpeg"}],"twitter_card":"summary_large_image","twitter_misc":{"Dur\u00e9e de lecture estim\u00e9e":"1 minute"},"schema":{"@context":"https:\/\/schema.org","@graph":[{"@type":"WebPage","@id":"https:\/\/www.pruvost-sports.com\/boutique\/produit\/plot-de-depart-avec-starting-block\/","url":"https:\/\/www.pruvost-sports.com\/boutique\/produit\/plot-de-depart-avec-starting-block\/","name":"Plot de d\u00e9part avec starting block - Pruvost sport piscine","isPartOf":{"@id":"https:\/\/www.pruvost-sports.com\/boutique\/#website"},"primaryImageOfPage":{"@id":"https:\/\/www.pruvost-sports.com\/boutique\/produit\/plot-de-depart-avec-starting-block\/#primaryimage"},"image":{"@id":"https:\/\/www.pruvost-sports.com\/boutique\/produit\/plot-de-depart-avec-starting-block\/#primaryimage"},"thumbnailUrl":"https:\/\/www.pruvost-sports.com\/boutique\/wp-content\/uploads\/2025\/11\/PDD25.jpg","datePublished":"2025-11-21T14:04:08+00:00","dateModified":"2025-11-21T14:04:35+00:00","breadcrumb":{"@id":"https:\/\/www.pruvost-sports.com\/boutique\/produit\/plot-de-depart-avec-starting-block\/#breadcrumb"},"inLanguage":"fr-FR","potentialAction":[{"@type":"ReadAction","target":["https:\/\/www.pruvost-sports.com\/boutique\/produit\/plot-de-depart-avec-starting-block\/"]}]},{"@type":"ImageObject","inLanguage":"fr-FR","@id":"https:\/\/www.pruvost-sports.com\/boutique\/produit\/plot-de-depart-avec-starting-block\/#primaryimage","url":"https:\/\/www.pruvost-sports.com\/boutique\/wp-content\/uploads\/2025\/11\/PDD25.jpg","contentUrl":"https:\/\/www.pruvost-sports.com\/boutique\/wp-content\/uploads\/2025\/11\/PDD25.jpg","width":600,"height":686},{"@type":"BreadcrumbList","@id":"https:\/\/www.pruvost-sports.com\/boutique\/produit\/plot-de-depart-avec-starting-block\/#breadcrumb","itemListElement":[{"@type":"ListItem","position":1,"name":"Accueil","item":"https:\/\/www.pruvost-sports.com\/boutique\/"},{"@type":"ListItem","position":2,"name":"Boutique","item":"https:\/\/www.pruvost-sports.com\/boutique\/boutique\/"},{"@type":"ListItem","position":3,"name":"Plot de d\u00e9part avec starting block"}]},{"@type":"WebSite","@id":"https:\/\/www.pruvost-sports.com\/boutique\/#website","url":"https:\/\/www.pruvost-sports.com\/boutique\/","name":"Pruvost sport piscine","description":"","potentialAction":[{"@type":"SearchAction","target":{"@type":"EntryPoint","urlTemplate":"https:\/\/www.pruvost-sports.com\/boutique\/?s={search_term_string}"},"query-input":{"@type":"PropertyValueSpecification","valueRequired":true,"valueName":"search_term_string"}}],"inLanguage":"fr-FR"}]}},"_links":{"self":[{"href":"https:\/\/www.pruvost-sports.com\/boutique\/wp-json\/wp\/v2\/product\/9245","targetHints":{"allow":["GET"]}}],"collection":[{"href":"https:\/\/www.pruvost-sports.com\/boutique\/wp-json\/wp\/v2\/product"}],"about":[{"href":"https:\/\/www.pruvost-sports.com\/boutique\/wp-json\/wp\/v2\/types\/product"}],"wp:featuredmedia":[{"embeddable":true,"href":"https:\/\/www.pruvost-sports.com\/boutique\/wp-json\/wp\/v2\/media\/9246"}],"wp:attachment":[{"href":"https:\/\/www.pruvost-sports.com\/boutique\/wp-json\/wp\/v2\/media?parent=9245"}],"wp:term":[{"taxonomy":"product_brand","embeddable":true,"href":"https:\/\/www.pruvost-sports.com\/boutique\/wp-json\/wp\/v2\/product_brand?post=9245"},{"taxonomy":"product_cat","embeddable":true,"href":"https:\/\/www.pruvost-sports.com\/boutique\/wp-json\/wp\/v2\/product_cat?post=9245"},{"taxonomy":"product_tag","embeddable":true,"href":"https:\/\/www.pruvost-sports.com\/boutique\/wp-json\/wp\/v2\/product_tag?post=9245"}],"curies":[{"name":"wp","href":"https:\/\/api.w.org\/{rel}","templated":true}]}}