{"id":9157,"date":"2025-10-02T12:15:17","date_gmt":"2025-10-02T10:15:17","guid":{"rendered":"https:\/\/www.pruvost-sports.com\/boutique\/?post_type=product&#038;p=9157"},"modified":"2025-11-07T10:15:39","modified_gmt":"2025-11-07T09:15:39","slug":"gant-kick-boxing-en-eva-25-x-18-cm-la-paire","status":"publish","type":"product","link":"https:\/\/www.pruvost-sports.com\/boutique\/produit\/gant-kick-boxing-en-eva-25-x-18-cm-la-paire\/","title":{"rendered":"Gant Kick-boxing en EVA &#8211; 25 x 18 cm &#8211; La paire"},"content":{"rendered":"","protected":false},"excerpt":{"rendered":"<p>Les gants de kickboxing aquatique, fabriqu\u00e9s en mousse EVA, sont parfaits pour les exercices de combat aquatique et am\u00e9liorent l&rsquo;entra\u00eenement des bras avec confort et efficacit\u00e9. Disponibles en bleu, ils offrent des performances optimales pour optimiser votre entra\u00eenement aquatique.<\/p>\n","protected":false},"featured_media":9158,"template":"","meta":[],"product_brand":[],"product_cat":[72,22,2769],"product_tag":[],"class_list":{"0":"post-9157","1":"product","2":"type-product","3":"status-publish","4":"has-post-thumbnail","6":"product_cat-accessoires-pour-l-aquagym","7":"product_cat-aquagym-et-aquabike","8":"product_cat-divers-aquagym","10":"entry","11":"has-media","13":"first","14":"instock","15":"shipping-taxable","16":"purchasable","17":"product-type-simple","18":"col","19":"span_1_of_4","20":"owp-content-center","21":"owp-thumbs-layout-horizontal","22":"owp-btn-normal","23":"owp-tabs-layout-horizontal","24":"has-no-thumbnails"},"yoast_head":"<!-- This site is optimized with the Yoast SEO plugin v27.5 - https:\/\/yoast.com\/product\/yoast-seo-wordpress\/ -->\n<title>Gant Kick-boxing en EVA - 25 x 18 cm - La paire - Pruvost sport piscine<\/title>\n<meta name=\"robots\" content=\"index, follow, max-snippet:-1, max-image-preview:large, max-video-preview:-1\" \/>\n<link rel=\"canonical\" href=\"https:\/\/www.pruvost-sports.com\/boutique\/produit\/gant-kick-boxing-en-eva-25-x-18-cm-la-paire\/\" \/>\n<meta property=\"og:locale\" content=\"fr_FR\" \/>\n<meta property=\"og:type\" content=\"article\" \/>\n<meta property=\"og:title\" content=\"Gant Kick-boxing en EVA - 25 x 18 cm - La paire - Pruvost sport piscine\" \/>\n<meta property=\"og:description\" content=\"Les gants de kickboxing aquatique, fabriqu\u00e9s en mousse EVA, sont parfaits pour les exercices de combat aquatique et am\u00e9liorent l&#039;entra\u00eenement des bras avec confort et efficacit\u00e9. Disponibles en bleu, ils offrent des performances optimales pour optimiser votre entra\u00eenement aquatique.\" \/>\n<meta property=\"og:url\" content=\"https:\/\/www.pruvost-sports.com\/boutique\/produit\/gant-kick-boxing-en-eva-25-x-18-cm-la-paire\/\" \/>\n<meta property=\"og:site_name\" content=\"Pruvost sport piscine\" \/>\n<meta property=\"article:modified_time\" content=\"2025-11-07T09:15:39+00:00\" \/>\n<meta property=\"og:image\" content=\"https:\/\/www.pruvost-sports.com\/boutique\/wp-content\/uploads\/2025\/10\/G41.webp\" \/>\n\t<meta property=\"og:image:width\" content=\"1100\" \/>\n\t<meta property=\"og:image:height\" content=\"1422\" \/>\n\t<meta property=\"og:image:type\" content=\"image\/webp\" \/>\n<meta name=\"twitter:card\" content=\"summary_large_image\" \/>\n<meta name=\"twitter:label1\" content=\"Dur\u00e9e de lecture estim\u00e9e\" \/>\n\t<meta name=\"twitter:data1\" content=\"1 minute\" \/>\n<script type=\"application\/ld+json\" class=\"yoast-schema-graph\">{\"@context\":\"https:\\\/\\\/schema.org\",\"@graph\":[{\"@type\":\"WebPage\",\"@id\":\"https:\\\/\\\/www.pruvost-sports.com\\\/boutique\\\/produit\\\/gant-kick-boxing-en-eva-25-x-18-cm-la-paire\\\/\",\"url\":\"https:\\\/\\\/www.pruvost-sports.com\\\/boutique\\\/produit\\\/gant-kick-boxing-en-eva-25-x-18-cm-la-paire\\\/\",\"name\":\"Gant Kick-boxing en EVA - 25 x 18 cm - La paire - Pruvost sport piscine\",\"isPartOf\":{\"@id\":\"https:\\\/\\\/www.pruvost-sports.com\\\/boutique\\\/#website\"},\"primaryImageOfPage\":{\"@id\":\"https:\\\/\\\/www.pruvost-sports.com\\\/boutique\\\/produit\\\/gant-kick-boxing-en-eva-25-x-18-cm-la-paire\\\/#primaryimage\"},\"image\":{\"@id\":\"https:\\\/\\\/www.pruvost-sports.com\\\/boutique\\\/produit\\\/gant-kick-boxing-en-eva-25-x-18-cm-la-paire\\\/#primaryimage\"},\"thumbnailUrl\":\"https:\\\/\\\/www.pruvost-sports.com\\\/boutique\\\/wp-content\\\/uploads\\\/2025\\\/10\\\/G41.webp\",\"datePublished\":\"2025-10-02T10:15:17+00:00\",\"dateModified\":\"2025-11-07T09:15:39+00:00\",\"breadcrumb\":{\"@id\":\"https:\\\/\\\/www.pruvost-sports.com\\\/boutique\\\/produit\\\/gant-kick-boxing-en-eva-25-x-18-cm-la-paire\\\/#breadcrumb\"},\"inLanguage\":\"fr-FR\",\"potentialAction\":[{\"@type\":\"ReadAction\",\"target\":[\"https:\\\/\\\/www.pruvost-sports.com\\\/boutique\\\/produit\\\/gant-kick-boxing-en-eva-25-x-18-cm-la-paire\\\/\"]}]},{\"@type\":\"ImageObject\",\"inLanguage\":\"fr-FR\",\"@id\":\"https:\\\/\\\/www.pruvost-sports.com\\\/boutique\\\/produit\\\/gant-kick-boxing-en-eva-25-x-18-cm-la-paire\\\/#primaryimage\",\"url\":\"https:\\\/\\\/www.pruvost-sports.com\\\/boutique\\\/wp-content\\\/uploads\\\/2025\\\/10\\\/G41.webp\",\"contentUrl\":\"https:\\\/\\\/www.pruvost-sports.com\\\/boutique\\\/wp-content\\\/uploads\\\/2025\\\/10\\\/G41.webp\",\"width\":1100,\"height\":1422},{\"@type\":\"BreadcrumbList\",\"@id\":\"https:\\\/\\\/www.pruvost-sports.com\\\/boutique\\\/produit\\\/gant-kick-boxing-en-eva-25-x-18-cm-la-paire\\\/#breadcrumb\",\"itemListElement\":[{\"@type\":\"ListItem\",\"position\":1,\"name\":\"Accueil\",\"item\":\"https:\\\/\\\/www.pruvost-sports.com\\\/boutique\\\/\"},{\"@type\":\"ListItem\",\"position\":2,\"name\":\"Boutique\",\"item\":\"https:\\\/\\\/www.pruvost-sports.com\\\/boutique\\\/boutique\\\/\"},{\"@type\":\"ListItem\",\"position\":3,\"name\":\"Gant Kick-boxing en EVA &#8211; 25 x 18 cm &#8211; La paire\"}]},{\"@type\":\"WebSite\",\"@id\":\"https:\\\/\\\/www.pruvost-sports.com\\\/boutique\\\/#website\",\"url\":\"https:\\\/\\\/www.pruvost-sports.com\\\/boutique\\\/\",\"name\":\"Pruvost sport piscine\",\"description\":\"\",\"potentialAction\":[{\"@type\":\"SearchAction\",\"target\":{\"@type\":\"EntryPoint\",\"urlTemplate\":\"https:\\\/\\\/www.pruvost-sports.com\\\/boutique\\\/?s={search_term_string}\"},\"query-input\":{\"@type\":\"PropertyValueSpecification\",\"valueRequired\":true,\"valueName\":\"search_term_string\"}}],\"inLanguage\":\"fr-FR\"}]}<\/script>\n<!-- \/ Yoast SEO plugin. -->","yoast_head_json":{"title":"Gant Kick-boxing en EVA - 25 x 18 cm - La paire - Pruvost sport piscine","robots":{"index":"index","follow":"follow","max-snippet":"max-snippet:-1","max-image-preview":"max-image-preview:large","max-video-preview":"max-video-preview:-1"},"canonical":"https:\/\/www.pruvost-sports.com\/boutique\/produit\/gant-kick-boxing-en-eva-25-x-18-cm-la-paire\/","og_locale":"fr_FR","og_type":"article","og_title":"Gant Kick-boxing en EVA - 25 x 18 cm - La paire - Pruvost sport piscine","og_description":"Les gants de kickboxing aquatique, fabriqu\u00e9s en mousse EVA, sont parfaits pour les exercices de combat aquatique et am\u00e9liorent l'entra\u00eenement des bras avec confort et efficacit\u00e9. Disponibles en bleu, ils offrent des performances optimales pour optimiser votre entra\u00eenement aquatique.","og_url":"https:\/\/www.pruvost-sports.com\/boutique\/produit\/gant-kick-boxing-en-eva-25-x-18-cm-la-paire\/","og_site_name":"Pruvost sport piscine","article_modified_time":"2025-11-07T09:15:39+00:00","og_image":[{"width":1100,"height":1422,"url":"https:\/\/www.pruvost-sports.com\/boutique\/wp-content\/uploads\/2025\/10\/G41.webp","type":"image\/webp"}],"twitter_card":"summary_large_image","twitter_misc":{"Dur\u00e9e de lecture estim\u00e9e":"1 minute"},"schema":{"@context":"https:\/\/schema.org","@graph":[{"@type":"WebPage","@id":"https:\/\/www.pruvost-sports.com\/boutique\/produit\/gant-kick-boxing-en-eva-25-x-18-cm-la-paire\/","url":"https:\/\/www.pruvost-sports.com\/boutique\/produit\/gant-kick-boxing-en-eva-25-x-18-cm-la-paire\/","name":"Gant Kick-boxing en EVA - 25 x 18 cm - La paire - Pruvost sport piscine","isPartOf":{"@id":"https:\/\/www.pruvost-sports.com\/boutique\/#website"},"primaryImageOfPage":{"@id":"https:\/\/www.pruvost-sports.com\/boutique\/produit\/gant-kick-boxing-en-eva-25-x-18-cm-la-paire\/#primaryimage"},"image":{"@id":"https:\/\/www.pruvost-sports.com\/boutique\/produit\/gant-kick-boxing-en-eva-25-x-18-cm-la-paire\/#primaryimage"},"thumbnailUrl":"https:\/\/www.pruvost-sports.com\/boutique\/wp-content\/uploads\/2025\/10\/G41.webp","datePublished":"2025-10-02T10:15:17+00:00","dateModified":"2025-11-07T09:15:39+00:00","breadcrumb":{"@id":"https:\/\/www.pruvost-sports.com\/boutique\/produit\/gant-kick-boxing-en-eva-25-x-18-cm-la-paire\/#breadcrumb"},"inLanguage":"fr-FR","potentialAction":[{"@type":"ReadAction","target":["https:\/\/www.pruvost-sports.com\/boutique\/produit\/gant-kick-boxing-en-eva-25-x-18-cm-la-paire\/"]}]},{"@type":"ImageObject","inLanguage":"fr-FR","@id":"https:\/\/www.pruvost-sports.com\/boutique\/produit\/gant-kick-boxing-en-eva-25-x-18-cm-la-paire\/#primaryimage","url":"https:\/\/www.pruvost-sports.com\/boutique\/wp-content\/uploads\/2025\/10\/G41.webp","contentUrl":"https:\/\/www.pruvost-sports.com\/boutique\/wp-content\/uploads\/2025\/10\/G41.webp","width":1100,"height":1422},{"@type":"BreadcrumbList","@id":"https:\/\/www.pruvost-sports.com\/boutique\/produit\/gant-kick-boxing-en-eva-25-x-18-cm-la-paire\/#breadcrumb","itemListElement":[{"@type":"ListItem","position":1,"name":"Accueil","item":"https:\/\/www.pruvost-sports.com\/boutique\/"},{"@type":"ListItem","position":2,"name":"Boutique","item":"https:\/\/www.pruvost-sports.com\/boutique\/boutique\/"},{"@type":"ListItem","position":3,"name":"Gant Kick-boxing en EVA &#8211; 25 x 18 cm &#8211; La paire"}]},{"@type":"WebSite","@id":"https:\/\/www.pruvost-sports.com\/boutique\/#website","url":"https:\/\/www.pruvost-sports.com\/boutique\/","name":"Pruvost sport piscine","description":"","potentialAction":[{"@type":"SearchAction","target":{"@type":"EntryPoint","urlTemplate":"https:\/\/www.pruvost-sports.com\/boutique\/?s={search_term_string}"},"query-input":{"@type":"PropertyValueSpecification","valueRequired":true,"valueName":"search_term_string"}}],"inLanguage":"fr-FR"}]}},"_links":{"self":[{"href":"https:\/\/www.pruvost-sports.com\/boutique\/wp-json\/wp\/v2\/product\/9157","targetHints":{"allow":["GET"]}}],"collection":[{"href":"https:\/\/www.pruvost-sports.com\/boutique\/wp-json\/wp\/v2\/product"}],"about":[{"href":"https:\/\/www.pruvost-sports.com\/boutique\/wp-json\/wp\/v2\/types\/product"}],"wp:featuredmedia":[{"embeddable":true,"href":"https:\/\/www.pruvost-sports.com\/boutique\/wp-json\/wp\/v2\/media\/9158"}],"wp:attachment":[{"href":"https:\/\/www.pruvost-sports.com\/boutique\/wp-json\/wp\/v2\/media?parent=9157"}],"wp:term":[{"taxonomy":"product_brand","embeddable":true,"href":"https:\/\/www.pruvost-sports.com\/boutique\/wp-json\/wp\/v2\/product_brand?post=9157"},{"taxonomy":"product_cat","embeddable":true,"href":"https:\/\/www.pruvost-sports.com\/boutique\/wp-json\/wp\/v2\/product_cat?post=9157"},{"taxonomy":"product_tag","embeddable":true,"href":"https:\/\/www.pruvost-sports.com\/boutique\/wp-json\/wp\/v2\/product_tag?post=9157"}],"curies":[{"name":"wp","href":"https:\/\/api.w.org\/{rel}","templated":true}]}}