{"id":9039,"date":"2025-08-29T15:11:48","date_gmt":"2025-08-29T13:11:48","guid":{"rendered":"https:\/\/www.pruvost-sports.com\/boutique\/?post_type=product&#038;p=9039"},"modified":"2025-08-29T16:08:04","modified_gmt":"2025-08-29T14:08:04","slug":"echelle-mixte-asymetrique","status":"publish","type":"product","link":"https:\/\/www.pruvost-sports.com\/boutique\/produit\/echelle-mixte-asymetrique\/","title":{"rendered":"Echelle Mixte Asym\u00e9trique"},"content":{"rendered":"","protected":false},"excerpt":{"rendered":"<p>Fabriqu\u00e9 conform\u00e9ment \u00e0 la DIRECTIVE CNQ 23\/93<\/p>\n<p>(1re marche au niveau du bord et \u00e0 moins de 20 mm du mur\u00a0; deuxi\u00e8me marche et suivantes \u00e0 une distance du mur de 20 \u00e0 80 mm\u00a0; montants \u00e0 70 et 100 cm de hauteur du sol).<\/p>\n<p>D\u00e9veloppement maximal \u00e0 120 cm de profondeur.<\/p>\n<p>Fabriqu\u00e9 en tube de 43 mm.<\/p>\n<p>Main courante et marches en acier inoxydable AISI-316 \u00e9lectropoli. Marche en plastique antid\u00e9rapant. Livr\u00e9 avec chevilles de fixation.<\/p>\n<p>Largeur de l&rsquo;\u00e9chelle : 500 mm d&rsquo;entraxe.<\/p>\n","protected":false},"featured_media":9043,"template":"","meta":[],"product_brand":[],"product_cat":[56,17],"product_tag":[],"class_list":{"0":"post-9039","1":"product","2":"type-product","3":"status-publish","4":"has-post-thumbnail","6":"product_cat-echelles-et-accessoires","7":"product_cat-equipement-de-bassin","8":"pa_nombredemarches-326","9":"pa_nombredemarches-327","10":"pa_nombredemarches-328","12":"entry","13":"has-media","15":"first","16":"instock","17":"shipping-taxable","18":"purchasable","19":"product-type-variable","20":"col","21":"span_1_of_4","22":"owp-content-center","23":"owp-thumbs-layout-horizontal","24":"owp-btn-normal","25":"owp-tabs-layout-horizontal"},"yoast_head":"<!-- This site is optimized with the Yoast SEO plugin v27.5 - https:\/\/yoast.com\/product\/yoast-seo-wordpress\/ -->\n<title>Echelle Mixte Asym\u00e9trique - Pruvost sport piscine<\/title>\n<meta name=\"robots\" content=\"index, follow, max-snippet:-1, max-image-preview:large, max-video-preview:-1\" \/>\n<link rel=\"canonical\" href=\"https:\/\/www.pruvost-sports.com\/boutique\/produit\/echelle-mixte-asymetrique\/\" \/>\n<meta property=\"og:locale\" content=\"fr_FR\" \/>\n<meta property=\"og:type\" content=\"article\" \/>\n<meta property=\"og:title\" content=\"Echelle Mixte Asym\u00e9trique - Pruvost sport piscine\" \/>\n<meta property=\"og:description\" content=\"Fabriqu\u00e9 conform\u00e9ment \u00e0 la DIRECTIVE CNQ 23\/93  (1re marche au niveau du bord et \u00e0 moins de 20 mm du mur\u00a0; deuxi\u00e8me marche et suivantes \u00e0 une distance du mur de 20 \u00e0 80 mm\u00a0; montants \u00e0 70 et 100 cm de hauteur du sol).  D\u00e9veloppement maximal \u00e0 120 cm de profondeur.  Fabriqu\u00e9 en tube de 43 mm.  Main courante et marches en acier inoxydable AISI-316 \u00e9lectropoli. Marche en plastique antid\u00e9rapant. Livr\u00e9 avec chevilles de fixation.  Largeur de l&#039;\u00e9chelle : 500 mm d&#039;entraxe.\" \/>\n<meta property=\"og:url\" content=\"https:\/\/www.pruvost-sports.com\/boutique\/produit\/echelle-mixte-asymetrique\/\" \/>\n<meta property=\"og:site_name\" content=\"Pruvost sport piscine\" \/>\n<meta property=\"article:modified_time\" content=\"2025-08-29T14:08:04+00:00\" \/>\n<meta property=\"og:image\" content=\"https:\/\/www.pruvost-sports.com\/boutique\/wp-content\/uploads\/2025\/08\/D45-notice.jpg\" \/>\n\t<meta property=\"og:image:width\" content=\"900\" \/>\n\t<meta property=\"og:image:height\" content=\"600\" \/>\n\t<meta property=\"og:image:type\" content=\"image\/jpeg\" \/>\n<meta name=\"twitter:card\" content=\"summary_large_image\" \/>\n<meta name=\"twitter:label1\" content=\"Dur\u00e9e de lecture estim\u00e9e\" \/>\n\t<meta name=\"twitter:data1\" content=\"1 minute\" \/>\n<script type=\"application\/ld+json\" class=\"yoast-schema-graph\">{\"@context\":\"https:\\\/\\\/schema.org\",\"@graph\":[{\"@type\":\"WebPage\",\"@id\":\"https:\\\/\\\/www.pruvost-sports.com\\\/boutique\\\/produit\\\/echelle-mixte-asymetrique\\\/\",\"url\":\"https:\\\/\\\/www.pruvost-sports.com\\\/boutique\\\/produit\\\/echelle-mixte-asymetrique\\\/\",\"name\":\"Echelle Mixte Asym\u00e9trique - Pruvost sport piscine\",\"isPartOf\":{\"@id\":\"https:\\\/\\\/www.pruvost-sports.com\\\/boutique\\\/#website\"},\"primaryImageOfPage\":{\"@id\":\"https:\\\/\\\/www.pruvost-sports.com\\\/boutique\\\/produit\\\/echelle-mixte-asymetrique\\\/#primaryimage\"},\"image\":{\"@id\":\"https:\\\/\\\/www.pruvost-sports.com\\\/boutique\\\/produit\\\/echelle-mixte-asymetrique\\\/#primaryimage\"},\"thumbnailUrl\":\"https:\\\/\\\/www.pruvost-sports.com\\\/boutique\\\/wp-content\\\/uploads\\\/2025\\\/08\\\/D45-notice.jpg\",\"datePublished\":\"2025-08-29T13:11:48+00:00\",\"dateModified\":\"2025-08-29T14:08:04+00:00\",\"breadcrumb\":{\"@id\":\"https:\\\/\\\/www.pruvost-sports.com\\\/boutique\\\/produit\\\/echelle-mixte-asymetrique\\\/#breadcrumb\"},\"inLanguage\":\"fr-FR\",\"potentialAction\":[{\"@type\":\"ReadAction\",\"target\":[\"https:\\\/\\\/www.pruvost-sports.com\\\/boutique\\\/produit\\\/echelle-mixte-asymetrique\\\/\"]}]},{\"@type\":\"ImageObject\",\"inLanguage\":\"fr-FR\",\"@id\":\"https:\\\/\\\/www.pruvost-sports.com\\\/boutique\\\/produit\\\/echelle-mixte-asymetrique\\\/#primaryimage\",\"url\":\"https:\\\/\\\/www.pruvost-sports.com\\\/boutique\\\/wp-content\\\/uploads\\\/2025\\\/08\\\/D45-notice.jpg\",\"contentUrl\":\"https:\\\/\\\/www.pruvost-sports.com\\\/boutique\\\/wp-content\\\/uploads\\\/2025\\\/08\\\/D45-notice.jpg\",\"width\":900,\"height\":600},{\"@type\":\"BreadcrumbList\",\"@id\":\"https:\\\/\\\/www.pruvost-sports.com\\\/boutique\\\/produit\\\/echelle-mixte-asymetrique\\\/#breadcrumb\",\"itemListElement\":[{\"@type\":\"ListItem\",\"position\":1,\"name\":\"Accueil\",\"item\":\"https:\\\/\\\/www.pruvost-sports.com\\\/boutique\\\/\"},{\"@type\":\"ListItem\",\"position\":2,\"name\":\"Boutique\",\"item\":\"https:\\\/\\\/www.pruvost-sports.com\\\/boutique\\\/boutique\\\/\"},{\"@type\":\"ListItem\",\"position\":3,\"name\":\"Echelle Mixte Asym\u00e9trique\"}]},{\"@type\":\"WebSite\",\"@id\":\"https:\\\/\\\/www.pruvost-sports.com\\\/boutique\\\/#website\",\"url\":\"https:\\\/\\\/www.pruvost-sports.com\\\/boutique\\\/\",\"name\":\"Pruvost sport piscine\",\"description\":\"\",\"potentialAction\":[{\"@type\":\"SearchAction\",\"target\":{\"@type\":\"EntryPoint\",\"urlTemplate\":\"https:\\\/\\\/www.pruvost-sports.com\\\/boutique\\\/?s={search_term_string}\"},\"query-input\":{\"@type\":\"PropertyValueSpecification\",\"valueRequired\":true,\"valueName\":\"search_term_string\"}}],\"inLanguage\":\"fr-FR\"}]}<\/script>\n<!-- \/ Yoast SEO plugin. -->","yoast_head_json":{"title":"Echelle Mixte Asym\u00e9trique - Pruvost sport piscine","robots":{"index":"index","follow":"follow","max-snippet":"max-snippet:-1","max-image-preview":"max-image-preview:large","max-video-preview":"max-video-preview:-1"},"canonical":"https:\/\/www.pruvost-sports.com\/boutique\/produit\/echelle-mixte-asymetrique\/","og_locale":"fr_FR","og_type":"article","og_title":"Echelle Mixte Asym\u00e9trique - Pruvost sport piscine","og_description":"Fabriqu\u00e9 conform\u00e9ment \u00e0 la DIRECTIVE CNQ 23\/93  (1re marche au niveau du bord et \u00e0 moins de 20 mm du mur\u00a0; deuxi\u00e8me marche et suivantes \u00e0 une distance du mur de 20 \u00e0 80 mm\u00a0; montants \u00e0 70 et 100 cm de hauteur du sol).  D\u00e9veloppement maximal \u00e0 120 cm de profondeur.  Fabriqu\u00e9 en tube de 43 mm.  Main courante et marches en acier inoxydable AISI-316 \u00e9lectropoli. Marche en plastique antid\u00e9rapant. Livr\u00e9 avec chevilles de fixation.  Largeur de l'\u00e9chelle : 500 mm d'entraxe.","og_url":"https:\/\/www.pruvost-sports.com\/boutique\/produit\/echelle-mixte-asymetrique\/","og_site_name":"Pruvost sport piscine","article_modified_time":"2025-08-29T14:08:04+00:00","og_image":[{"width":900,"height":600,"url":"https:\/\/www.pruvost-sports.com\/boutique\/wp-content\/uploads\/2025\/08\/D45-notice.jpg","type":"image\/jpeg"}],"twitter_card":"summary_large_image","twitter_misc":{"Dur\u00e9e de lecture estim\u00e9e":"1 minute"},"schema":{"@context":"https:\/\/schema.org","@graph":[{"@type":"WebPage","@id":"https:\/\/www.pruvost-sports.com\/boutique\/produit\/echelle-mixte-asymetrique\/","url":"https:\/\/www.pruvost-sports.com\/boutique\/produit\/echelle-mixte-asymetrique\/","name":"Echelle Mixte Asym\u00e9trique - Pruvost sport piscine","isPartOf":{"@id":"https:\/\/www.pruvost-sports.com\/boutique\/#website"},"primaryImageOfPage":{"@id":"https:\/\/www.pruvost-sports.com\/boutique\/produit\/echelle-mixte-asymetrique\/#primaryimage"},"image":{"@id":"https:\/\/www.pruvost-sports.com\/boutique\/produit\/echelle-mixte-asymetrique\/#primaryimage"},"thumbnailUrl":"https:\/\/www.pruvost-sports.com\/boutique\/wp-content\/uploads\/2025\/08\/D45-notice.jpg","datePublished":"2025-08-29T13:11:48+00:00","dateModified":"2025-08-29T14:08:04+00:00","breadcrumb":{"@id":"https:\/\/www.pruvost-sports.com\/boutique\/produit\/echelle-mixte-asymetrique\/#breadcrumb"},"inLanguage":"fr-FR","potentialAction":[{"@type":"ReadAction","target":["https:\/\/www.pruvost-sports.com\/boutique\/produit\/echelle-mixte-asymetrique\/"]}]},{"@type":"ImageObject","inLanguage":"fr-FR","@id":"https:\/\/www.pruvost-sports.com\/boutique\/produit\/echelle-mixte-asymetrique\/#primaryimage","url":"https:\/\/www.pruvost-sports.com\/boutique\/wp-content\/uploads\/2025\/08\/D45-notice.jpg","contentUrl":"https:\/\/www.pruvost-sports.com\/boutique\/wp-content\/uploads\/2025\/08\/D45-notice.jpg","width":900,"height":600},{"@type":"BreadcrumbList","@id":"https:\/\/www.pruvost-sports.com\/boutique\/produit\/echelle-mixte-asymetrique\/#breadcrumb","itemListElement":[{"@type":"ListItem","position":1,"name":"Accueil","item":"https:\/\/www.pruvost-sports.com\/boutique\/"},{"@type":"ListItem","position":2,"name":"Boutique","item":"https:\/\/www.pruvost-sports.com\/boutique\/boutique\/"},{"@type":"ListItem","position":3,"name":"Echelle Mixte Asym\u00e9trique"}]},{"@type":"WebSite","@id":"https:\/\/www.pruvost-sports.com\/boutique\/#website","url":"https:\/\/www.pruvost-sports.com\/boutique\/","name":"Pruvost sport piscine","description":"","potentialAction":[{"@type":"SearchAction","target":{"@type":"EntryPoint","urlTemplate":"https:\/\/www.pruvost-sports.com\/boutique\/?s={search_term_string}"},"query-input":{"@type":"PropertyValueSpecification","valueRequired":true,"valueName":"search_term_string"}}],"inLanguage":"fr-FR"}]}},"_links":{"self":[{"href":"https:\/\/www.pruvost-sports.com\/boutique\/wp-json\/wp\/v2\/product\/9039","targetHints":{"allow":["GET"]}}],"collection":[{"href":"https:\/\/www.pruvost-sports.com\/boutique\/wp-json\/wp\/v2\/product"}],"about":[{"href":"https:\/\/www.pruvost-sports.com\/boutique\/wp-json\/wp\/v2\/types\/product"}],"wp:featuredmedia":[{"embeddable":true,"href":"https:\/\/www.pruvost-sports.com\/boutique\/wp-json\/wp\/v2\/media\/9043"}],"wp:attachment":[{"href":"https:\/\/www.pruvost-sports.com\/boutique\/wp-json\/wp\/v2\/media?parent=9039"}],"wp:term":[{"taxonomy":"product_brand","embeddable":true,"href":"https:\/\/www.pruvost-sports.com\/boutique\/wp-json\/wp\/v2\/product_brand?post=9039"},{"taxonomy":"product_cat","embeddable":true,"href":"https:\/\/www.pruvost-sports.com\/boutique\/wp-json\/wp\/v2\/product_cat?post=9039"},{"taxonomy":"product_tag","embeddable":true,"href":"https:\/\/www.pruvost-sports.com\/boutique\/wp-json\/wp\/v2\/product_tag?post=9039"}],"curies":[{"name":"wp","href":"https:\/\/api.w.org\/{rel}","templated":true}]}}