{"id":9023,"date":"2025-08-29T14:35:25","date_gmt":"2025-08-29T12:35:25","guid":{"rendered":"https:\/\/www.pruvost-sports.com\/boutique\/?post_type=product&#038;p=9023"},"modified":"2026-02-18T14:31:44","modified_gmt":"2026-02-18T13:31:44","slug":"echelles-mixtes-asymetriques-o-43","status":"publish","type":"product","link":"https:\/\/www.pruvost-sports.com\/boutique\/produit\/echelles-mixtes-asymetriques-o-43\/","title":{"rendered":"\u00c9chelles mixtes asym\u00e9triques \u00d8 43"},"content":{"rendered":"","protected":false},"excerpt":{"rendered":"<p>\u00c9chelles avec main courante mod\u00e8le Mixte, pour piscines enterr\u00e9es.<\/p>\n<p>Tube \u00d8 43 mm en acier inox poli. Marches en acier inoxydable avec surface anti-d\u00e9rapante.<\/p>\n<p>Livr\u00e9es avec ancrages de \ufb01xation, pr\u00e9vues pour liaison \u00e9quipotentielle. Mains courantes et marches en AISI-316L.<\/p>\n","protected":false},"featured_media":9078,"template":"","meta":[],"product_brand":[],"product_cat":[2760,56,17],"product_tag":[],"class_list":{"0":"post-9023","1":"product","2":"type-product","3":"status-publish","4":"has-post-thumbnail","6":"product_cat-a-la-une","7":"product_cat-echelles-et-accessoires","8":"product_cat-equipement-de-bassin","9":"pa_nombredemarches-326","10":"pa_nombredemarches-327","11":"pa_nombredemarches-328","12":"pa_nombredemarches-329","14":"entry","15":"has-media","17":"first","18":"instock","19":"shipping-taxable","20":"purchasable","21":"product-type-variable","22":"col","23":"span_1_of_4","24":"owp-content-center","25":"owp-thumbs-layout-horizontal","26":"owp-btn-normal","27":"owp-tabs-layout-horizontal"},"yoast_head":"<!-- This site is optimized with the Yoast SEO plugin v27.5 - https:\/\/yoast.com\/product\/yoast-seo-wordpress\/ -->\n<title>\u00c9chelles mixtes asym\u00e9triques \u00d8 43 - Pruvost sport piscine<\/title>\n<meta name=\"robots\" content=\"index, follow, max-snippet:-1, max-image-preview:large, max-video-preview:-1\" \/>\n<link rel=\"canonical\" href=\"https:\/\/www.pruvost-sports.com\/boutique\/produit\/echelles-mixtes-asymetriques-o-43\/\" \/>\n<meta property=\"og:locale\" content=\"fr_FR\" \/>\n<meta property=\"og:type\" content=\"article\" \/>\n<meta property=\"og:title\" content=\"\u00c9chelles mixtes asym\u00e9triques \u00d8 43 - Pruvost sport piscine\" \/>\n<meta property=\"og:description\" content=\"\u00c9chelles avec main courante mod\u00e8le Mixte, pour piscines enterr\u00e9es.  Tube \u00d8 43 mm en acier inox poli. Marches en acier inoxydable avec surface anti-d\u00e9rapante.  Livr\u00e9es avec ancrages de \ufb01xation, pr\u00e9vues pour liaison \u00e9quipotentielle. Mains courantes et marches en AISI-316L.\" \/>\n<meta property=\"og:url\" content=\"https:\/\/www.pruvost-sports.com\/boutique\/produit\/echelles-mixtes-asymetriques-o-43\/\" \/>\n<meta property=\"og:site_name\" content=\"Pruvost sport piscine\" \/>\n<meta property=\"article:modified_time\" content=\"2026-02-18T13:31:44+00:00\" \/>\n<meta property=\"og:image\" content=\"https:\/\/www.pruvost-sports.com\/boutique\/wp-content\/uploads\/2025\/08\/D41-1.jpg\" \/>\n\t<meta property=\"og:image:width\" content=\"977\" \/>\n\t<meta property=\"og:image:height\" content=\"978\" \/>\n\t<meta property=\"og:image:type\" content=\"image\/jpeg\" \/>\n<meta name=\"twitter:card\" content=\"summary_large_image\" \/>\n<meta name=\"twitter:label1\" content=\"Dur\u00e9e de lecture estim\u00e9e\" \/>\n\t<meta name=\"twitter:data1\" content=\"1 minute\" \/>\n<script type=\"application\/ld+json\" class=\"yoast-schema-graph\">{\"@context\":\"https:\\\/\\\/schema.org\",\"@graph\":[{\"@type\":\"WebPage\",\"@id\":\"https:\\\/\\\/www.pruvost-sports.com\\\/boutique\\\/produit\\\/echelles-mixtes-asymetriques-o-43\\\/\",\"url\":\"https:\\\/\\\/www.pruvost-sports.com\\\/boutique\\\/produit\\\/echelles-mixtes-asymetriques-o-43\\\/\",\"name\":\"\u00c9chelles mixtes asym\u00e9triques \u00d8 43 - Pruvost sport piscine\",\"isPartOf\":{\"@id\":\"https:\\\/\\\/www.pruvost-sports.com\\\/boutique\\\/#website\"},\"primaryImageOfPage\":{\"@id\":\"https:\\\/\\\/www.pruvost-sports.com\\\/boutique\\\/produit\\\/echelles-mixtes-asymetriques-o-43\\\/#primaryimage\"},\"image\":{\"@id\":\"https:\\\/\\\/www.pruvost-sports.com\\\/boutique\\\/produit\\\/echelles-mixtes-asymetriques-o-43\\\/#primaryimage\"},\"thumbnailUrl\":\"https:\\\/\\\/www.pruvost-sports.com\\\/boutique\\\/wp-content\\\/uploads\\\/2025\\\/08\\\/D41-1.jpg\",\"datePublished\":\"2025-08-29T12:35:25+00:00\",\"dateModified\":\"2026-02-18T13:31:44+00:00\",\"breadcrumb\":{\"@id\":\"https:\\\/\\\/www.pruvost-sports.com\\\/boutique\\\/produit\\\/echelles-mixtes-asymetriques-o-43\\\/#breadcrumb\"},\"inLanguage\":\"fr-FR\",\"potentialAction\":[{\"@type\":\"ReadAction\",\"target\":[\"https:\\\/\\\/www.pruvost-sports.com\\\/boutique\\\/produit\\\/echelles-mixtes-asymetriques-o-43\\\/\"]}]},{\"@type\":\"ImageObject\",\"inLanguage\":\"fr-FR\",\"@id\":\"https:\\\/\\\/www.pruvost-sports.com\\\/boutique\\\/produit\\\/echelles-mixtes-asymetriques-o-43\\\/#primaryimage\",\"url\":\"https:\\\/\\\/www.pruvost-sports.com\\\/boutique\\\/wp-content\\\/uploads\\\/2025\\\/08\\\/D41-1.jpg\",\"contentUrl\":\"https:\\\/\\\/www.pruvost-sports.com\\\/boutique\\\/wp-content\\\/uploads\\\/2025\\\/08\\\/D41-1.jpg\",\"width\":977,\"height\":978},{\"@type\":\"BreadcrumbList\",\"@id\":\"https:\\\/\\\/www.pruvost-sports.com\\\/boutique\\\/produit\\\/echelles-mixtes-asymetriques-o-43\\\/#breadcrumb\",\"itemListElement\":[{\"@type\":\"ListItem\",\"position\":1,\"name\":\"Accueil\",\"item\":\"https:\\\/\\\/www.pruvost-sports.com\\\/boutique\\\/\"},{\"@type\":\"ListItem\",\"position\":2,\"name\":\"Boutique\",\"item\":\"https:\\\/\\\/www.pruvost-sports.com\\\/boutique\\\/boutique\\\/\"},{\"@type\":\"ListItem\",\"position\":3,\"name\":\"\u00c9chelles mixtes asym\u00e9triques \u00d8 43\"}]},{\"@type\":\"WebSite\",\"@id\":\"https:\\\/\\\/www.pruvost-sports.com\\\/boutique\\\/#website\",\"url\":\"https:\\\/\\\/www.pruvost-sports.com\\\/boutique\\\/\",\"name\":\"Pruvost sport piscine\",\"description\":\"\",\"potentialAction\":[{\"@type\":\"SearchAction\",\"target\":{\"@type\":\"EntryPoint\",\"urlTemplate\":\"https:\\\/\\\/www.pruvost-sports.com\\\/boutique\\\/?s={search_term_string}\"},\"query-input\":{\"@type\":\"PropertyValueSpecification\",\"valueRequired\":true,\"valueName\":\"search_term_string\"}}],\"inLanguage\":\"fr-FR\"}]}<\/script>\n<!-- \/ Yoast SEO plugin. -->","yoast_head_json":{"title":"\u00c9chelles mixtes asym\u00e9triques \u00d8 43 - Pruvost sport piscine","robots":{"index":"index","follow":"follow","max-snippet":"max-snippet:-1","max-image-preview":"max-image-preview:large","max-video-preview":"max-video-preview:-1"},"canonical":"https:\/\/www.pruvost-sports.com\/boutique\/produit\/echelles-mixtes-asymetriques-o-43\/","og_locale":"fr_FR","og_type":"article","og_title":"\u00c9chelles mixtes asym\u00e9triques \u00d8 43 - Pruvost sport piscine","og_description":"\u00c9chelles avec main courante mod\u00e8le Mixte, pour piscines enterr\u00e9es.  Tube \u00d8 43 mm en acier inox poli. Marches en acier inoxydable avec surface anti-d\u00e9rapante.  Livr\u00e9es avec ancrages de \ufb01xation, pr\u00e9vues pour liaison \u00e9quipotentielle. Mains courantes et marches en AISI-316L.","og_url":"https:\/\/www.pruvost-sports.com\/boutique\/produit\/echelles-mixtes-asymetriques-o-43\/","og_site_name":"Pruvost sport piscine","article_modified_time":"2026-02-18T13:31:44+00:00","og_image":[{"width":977,"height":978,"url":"https:\/\/www.pruvost-sports.com\/boutique\/wp-content\/uploads\/2025\/08\/D41-1.jpg","type":"image\/jpeg"}],"twitter_card":"summary_large_image","twitter_misc":{"Dur\u00e9e de lecture estim\u00e9e":"1 minute"},"schema":{"@context":"https:\/\/schema.org","@graph":[{"@type":"WebPage","@id":"https:\/\/www.pruvost-sports.com\/boutique\/produit\/echelles-mixtes-asymetriques-o-43\/","url":"https:\/\/www.pruvost-sports.com\/boutique\/produit\/echelles-mixtes-asymetriques-o-43\/","name":"\u00c9chelles mixtes asym\u00e9triques \u00d8 43 - Pruvost sport piscine","isPartOf":{"@id":"https:\/\/www.pruvost-sports.com\/boutique\/#website"},"primaryImageOfPage":{"@id":"https:\/\/www.pruvost-sports.com\/boutique\/produit\/echelles-mixtes-asymetriques-o-43\/#primaryimage"},"image":{"@id":"https:\/\/www.pruvost-sports.com\/boutique\/produit\/echelles-mixtes-asymetriques-o-43\/#primaryimage"},"thumbnailUrl":"https:\/\/www.pruvost-sports.com\/boutique\/wp-content\/uploads\/2025\/08\/D41-1.jpg","datePublished":"2025-08-29T12:35:25+00:00","dateModified":"2026-02-18T13:31:44+00:00","breadcrumb":{"@id":"https:\/\/www.pruvost-sports.com\/boutique\/produit\/echelles-mixtes-asymetriques-o-43\/#breadcrumb"},"inLanguage":"fr-FR","potentialAction":[{"@type":"ReadAction","target":["https:\/\/www.pruvost-sports.com\/boutique\/produit\/echelles-mixtes-asymetriques-o-43\/"]}]},{"@type":"ImageObject","inLanguage":"fr-FR","@id":"https:\/\/www.pruvost-sports.com\/boutique\/produit\/echelles-mixtes-asymetriques-o-43\/#primaryimage","url":"https:\/\/www.pruvost-sports.com\/boutique\/wp-content\/uploads\/2025\/08\/D41-1.jpg","contentUrl":"https:\/\/www.pruvost-sports.com\/boutique\/wp-content\/uploads\/2025\/08\/D41-1.jpg","width":977,"height":978},{"@type":"BreadcrumbList","@id":"https:\/\/www.pruvost-sports.com\/boutique\/produit\/echelles-mixtes-asymetriques-o-43\/#breadcrumb","itemListElement":[{"@type":"ListItem","position":1,"name":"Accueil","item":"https:\/\/www.pruvost-sports.com\/boutique\/"},{"@type":"ListItem","position":2,"name":"Boutique","item":"https:\/\/www.pruvost-sports.com\/boutique\/boutique\/"},{"@type":"ListItem","position":3,"name":"\u00c9chelles mixtes asym\u00e9triques \u00d8 43"}]},{"@type":"WebSite","@id":"https:\/\/www.pruvost-sports.com\/boutique\/#website","url":"https:\/\/www.pruvost-sports.com\/boutique\/","name":"Pruvost sport piscine","description":"","potentialAction":[{"@type":"SearchAction","target":{"@type":"EntryPoint","urlTemplate":"https:\/\/www.pruvost-sports.com\/boutique\/?s={search_term_string}"},"query-input":{"@type":"PropertyValueSpecification","valueRequired":true,"valueName":"search_term_string"}}],"inLanguage":"fr-FR"}]}},"_links":{"self":[{"href":"https:\/\/www.pruvost-sports.com\/boutique\/wp-json\/wp\/v2\/product\/9023","targetHints":{"allow":["GET"]}}],"collection":[{"href":"https:\/\/www.pruvost-sports.com\/boutique\/wp-json\/wp\/v2\/product"}],"about":[{"href":"https:\/\/www.pruvost-sports.com\/boutique\/wp-json\/wp\/v2\/types\/product"}],"wp:featuredmedia":[{"embeddable":true,"href":"https:\/\/www.pruvost-sports.com\/boutique\/wp-json\/wp\/v2\/media\/9078"}],"wp:attachment":[{"href":"https:\/\/www.pruvost-sports.com\/boutique\/wp-json\/wp\/v2\/media?parent=9023"}],"wp:term":[{"taxonomy":"product_brand","embeddable":true,"href":"https:\/\/www.pruvost-sports.com\/boutique\/wp-json\/wp\/v2\/product_brand?post=9023"},{"taxonomy":"product_cat","embeddable":true,"href":"https:\/\/www.pruvost-sports.com\/boutique\/wp-json\/wp\/v2\/product_cat?post=9023"},{"taxonomy":"product_tag","embeddable":true,"href":"https:\/\/www.pruvost-sports.com\/boutique\/wp-json\/wp\/v2\/product_tag?post=9023"}],"curies":[{"name":"wp","href":"https:\/\/api.w.org\/{rel}","templated":true}]}}