{"id":8916,"date":"2025-04-28T10:08:11","date_gmt":"2025-04-28T08:08:11","guid":{"rendered":"https:\/\/www.pruvost-sports.com\/boutique\/?post_type=product&#038;p=8916"},"modified":"2025-04-28T10:33:13","modified_gmt":"2025-04-28T08:33:13","slug":"velo-elliptique-aluminium-ar5air","status":"publish","type":"product","link":"https:\/\/www.pruvost-sports.com\/boutique\/produit\/velo-elliptique-aluminium-ar5air\/","title":{"rendered":"V\u00e9lo Elliptique aluminium AR5AIR"},"content":{"rendered":"<p>Mati\u00e8re : 100% aluminium tech 6<br \/>\nFinition : aluminium avec traitement anticorrosion<br \/>\nR\u00e9sistance : Bras de leviers oscillants avec pales perfor\u00e9es<br \/>\nM\u00e9canisme : Manivelle de haute performance avec roulements \u00e9tanches, pour une rotation parfaite<br \/>\nP\u00e9dales : Larges p\u00e9dales qui sont dot\u00e9es d&rsquo;un clapet qui permet de doubler la surface\u00a0 de p\u00e9dalage, la position des p\u00e9dales est ajustable<br \/>\nGuidon : Guidon central + bras de leviers oscillants<br \/>\nRoues : Facile \u00e0 man\u0153uvrer gr\u00e2ce \u00e0 la qualit\u00e9 de ses roues blanches en silicone<br \/>\nProtection : Protection silicone anti-rayure aux extr\u00e9mit\u00e9s<br \/>\nStabilit\u00e9 : Patins ventouses de stabilit\u00e9, blancs<br \/>\nRev\u00eatement : Adapt\u00e9 \u00e0 tous rev\u00eatements (liner, PVC, carrelage, coque polyester&#8230;)<\/p>\n<p>&nbsp;<\/p>\n<p>&nbsp;<\/p>\n","protected":false},"excerpt":{"rendered":"<p>L\u2019elliptique aquatique vous offre une s\u00e9ance d\u2019entra\u00eenement<br \/>\ncompl\u00e8te. Il vous permet de travailler de mani\u00e8re synchrone<br \/>\ntous les muscles du corps (jambes, abdos&#8230;) comme<br \/>\ndans la marche nordique, avec les b\u00e9n\u00e9fices de l\u2019eau.<br \/>\nLe guidon fixe et les bras de leviers oscillants offrent \u00e0<br \/>\nl\u2019utilisateur 2 positions verticales diff\u00e9rentes.<\/p>\n<p>Fiche technique en t\u00e9l\u00e9chargement ci dessous.<\/p>\n","protected":false},"featured_media":8917,"template":"","meta":[],"product_brand":[],"product_cat":[62,22],"product_tag":[754,757,755,768,769,756],"class_list":{"0":"post-8916","1":"product","2":"type-product","3":"status-publish","4":"has-post-thumbnail","6":"product_cat-aquabike","7":"product_cat-aquagym-et-aquabike","8":"product_tag-aquabike","9":"product_tag-aquaspinning","10":"product_tag-aquatraining","11":"product_tag-elliptique-aquatique","12":"product_tag-marche-nordique-piscine","13":"product_tag-velo-piscine","15":"entry","16":"has-media","18":"first","19":"instock","20":"shipping-taxable","21":"purchasable","22":"product-type-simple","23":"col","24":"span_1_of_4","25":"owp-content-center","26":"owp-thumbs-layout-horizontal","27":"owp-btn-normal","28":"owp-tabs-layout-horizontal","29":"has-no-thumbnails"},"yoast_head":"<!-- This site is optimized with the Yoast SEO plugin v27.5 - https:\/\/yoast.com\/product\/yoast-seo-wordpress\/ -->\n<title>marche nordique piscine elliptique aquatique<\/title>\n<meta name=\"description\" content=\"Elliptique aquatique\" \/>\n<meta name=\"robots\" content=\"index, follow, max-snippet:-1, max-image-preview:large, max-video-preview:-1\" \/>\n<link rel=\"canonical\" href=\"https:\/\/www.pruvost-sports.com\/boutique\/produit\/velo-elliptique-aluminium-ar5air\/\" \/>\n<meta property=\"og:locale\" content=\"fr_FR\" \/>\n<meta property=\"og:type\" content=\"article\" \/>\n<meta property=\"og:title\" content=\"marche nordique piscine elliptique aquatique\" \/>\n<meta property=\"og:description\" content=\"Elliptique aquatique\" \/>\n<meta property=\"og:url\" content=\"https:\/\/www.pruvost-sports.com\/boutique\/produit\/velo-elliptique-aluminium-ar5air\/\" \/>\n<meta property=\"og:site_name\" content=\"Pruvost sport piscine\" \/>\n<meta property=\"article:modified_time\" content=\"2025-04-28T08:33:13+00:00\" \/>\n<meta property=\"og:image\" content=\"https:\/\/www.pruvost-sports.com\/boutique\/wp-content\/uploads\/2025\/04\/AR5AIR.png\" \/>\n\t<meta property=\"og:image:width\" content=\"1000\" \/>\n\t<meta property=\"og:image:height\" content=\"1000\" \/>\n\t<meta property=\"og:image:type\" content=\"image\/png\" \/>\n<meta name=\"twitter:card\" content=\"summary_large_image\" \/>\n<meta name=\"twitter:label1\" content=\"Dur\u00e9e de lecture estim\u00e9e\" \/>\n\t<meta name=\"twitter:data1\" content=\"1 minute\" \/>\n<script type=\"application\/ld+json\" class=\"yoast-schema-graph\">{\"@context\":\"https:\\\/\\\/schema.org\",\"@graph\":[{\"@type\":\"WebPage\",\"@id\":\"https:\\\/\\\/www.pruvost-sports.com\\\/boutique\\\/produit\\\/velo-elliptique-aluminium-ar5air\\\/\",\"url\":\"https:\\\/\\\/www.pruvost-sports.com\\\/boutique\\\/produit\\\/velo-elliptique-aluminium-ar5air\\\/\",\"name\":\"marche nordique piscine elliptique aquatique\",\"isPartOf\":{\"@id\":\"https:\\\/\\\/www.pruvost-sports.com\\\/boutique\\\/#website\"},\"primaryImageOfPage\":{\"@id\":\"https:\\\/\\\/www.pruvost-sports.com\\\/boutique\\\/produit\\\/velo-elliptique-aluminium-ar5air\\\/#primaryimage\"},\"image\":{\"@id\":\"https:\\\/\\\/www.pruvost-sports.com\\\/boutique\\\/produit\\\/velo-elliptique-aluminium-ar5air\\\/#primaryimage\"},\"thumbnailUrl\":\"https:\\\/\\\/www.pruvost-sports.com\\\/boutique\\\/wp-content\\\/uploads\\\/2025\\\/04\\\/AR5AIR.png\",\"datePublished\":\"2025-04-28T08:08:11+00:00\",\"dateModified\":\"2025-04-28T08:33:13+00:00\",\"description\":\"Elliptique aquatique\",\"breadcrumb\":{\"@id\":\"https:\\\/\\\/www.pruvost-sports.com\\\/boutique\\\/produit\\\/velo-elliptique-aluminium-ar5air\\\/#breadcrumb\"},\"inLanguage\":\"fr-FR\",\"potentialAction\":[{\"@type\":\"ReadAction\",\"target\":[\"https:\\\/\\\/www.pruvost-sports.com\\\/boutique\\\/produit\\\/velo-elliptique-aluminium-ar5air\\\/\"]}]},{\"@type\":\"ImageObject\",\"inLanguage\":\"fr-FR\",\"@id\":\"https:\\\/\\\/www.pruvost-sports.com\\\/boutique\\\/produit\\\/velo-elliptique-aluminium-ar5air\\\/#primaryimage\",\"url\":\"https:\\\/\\\/www.pruvost-sports.com\\\/boutique\\\/wp-content\\\/uploads\\\/2025\\\/04\\\/AR5AIR.png\",\"contentUrl\":\"https:\\\/\\\/www.pruvost-sports.com\\\/boutique\\\/wp-content\\\/uploads\\\/2025\\\/04\\\/AR5AIR.png\",\"width\":1000,\"height\":1000},{\"@type\":\"BreadcrumbList\",\"@id\":\"https:\\\/\\\/www.pruvost-sports.com\\\/boutique\\\/produit\\\/velo-elliptique-aluminium-ar5air\\\/#breadcrumb\",\"itemListElement\":[{\"@type\":\"ListItem\",\"position\":1,\"name\":\"Accueil\",\"item\":\"https:\\\/\\\/www.pruvost-sports.com\\\/boutique\\\/\"},{\"@type\":\"ListItem\",\"position\":2,\"name\":\"Boutique\",\"item\":\"https:\\\/\\\/www.pruvost-sports.com\\\/boutique\\\/boutique\\\/\"},{\"@type\":\"ListItem\",\"position\":3,\"name\":\"V\u00e9lo Elliptique aluminium AR5AIR\"}]},{\"@type\":\"WebSite\",\"@id\":\"https:\\\/\\\/www.pruvost-sports.com\\\/boutique\\\/#website\",\"url\":\"https:\\\/\\\/www.pruvost-sports.com\\\/boutique\\\/\",\"name\":\"Pruvost sport piscine\",\"description\":\"\",\"potentialAction\":[{\"@type\":\"SearchAction\",\"target\":{\"@type\":\"EntryPoint\",\"urlTemplate\":\"https:\\\/\\\/www.pruvost-sports.com\\\/boutique\\\/?s={search_term_string}\"},\"query-input\":{\"@type\":\"PropertyValueSpecification\",\"valueRequired\":true,\"valueName\":\"search_term_string\"}}],\"inLanguage\":\"fr-FR\"}]}<\/script>\n<!-- \/ Yoast SEO plugin. -->","yoast_head_json":{"title":"marche nordique piscine elliptique aquatique","description":"Elliptique aquatique","robots":{"index":"index","follow":"follow","max-snippet":"max-snippet:-1","max-image-preview":"max-image-preview:large","max-video-preview":"max-video-preview:-1"},"canonical":"https:\/\/www.pruvost-sports.com\/boutique\/produit\/velo-elliptique-aluminium-ar5air\/","og_locale":"fr_FR","og_type":"article","og_title":"marche nordique piscine elliptique aquatique","og_description":"Elliptique aquatique","og_url":"https:\/\/www.pruvost-sports.com\/boutique\/produit\/velo-elliptique-aluminium-ar5air\/","og_site_name":"Pruvost sport piscine","article_modified_time":"2025-04-28T08:33:13+00:00","og_image":[{"width":1000,"height":1000,"url":"https:\/\/www.pruvost-sports.com\/boutique\/wp-content\/uploads\/2025\/04\/AR5AIR.png","type":"image\/png"}],"twitter_card":"summary_large_image","twitter_misc":{"Dur\u00e9e de lecture estim\u00e9e":"1 minute"},"schema":{"@context":"https:\/\/schema.org","@graph":[{"@type":"WebPage","@id":"https:\/\/www.pruvost-sports.com\/boutique\/produit\/velo-elliptique-aluminium-ar5air\/","url":"https:\/\/www.pruvost-sports.com\/boutique\/produit\/velo-elliptique-aluminium-ar5air\/","name":"marche nordique piscine elliptique aquatique","isPartOf":{"@id":"https:\/\/www.pruvost-sports.com\/boutique\/#website"},"primaryImageOfPage":{"@id":"https:\/\/www.pruvost-sports.com\/boutique\/produit\/velo-elliptique-aluminium-ar5air\/#primaryimage"},"image":{"@id":"https:\/\/www.pruvost-sports.com\/boutique\/produit\/velo-elliptique-aluminium-ar5air\/#primaryimage"},"thumbnailUrl":"https:\/\/www.pruvost-sports.com\/boutique\/wp-content\/uploads\/2025\/04\/AR5AIR.png","datePublished":"2025-04-28T08:08:11+00:00","dateModified":"2025-04-28T08:33:13+00:00","description":"Elliptique aquatique","breadcrumb":{"@id":"https:\/\/www.pruvost-sports.com\/boutique\/produit\/velo-elliptique-aluminium-ar5air\/#breadcrumb"},"inLanguage":"fr-FR","potentialAction":[{"@type":"ReadAction","target":["https:\/\/www.pruvost-sports.com\/boutique\/produit\/velo-elliptique-aluminium-ar5air\/"]}]},{"@type":"ImageObject","inLanguage":"fr-FR","@id":"https:\/\/www.pruvost-sports.com\/boutique\/produit\/velo-elliptique-aluminium-ar5air\/#primaryimage","url":"https:\/\/www.pruvost-sports.com\/boutique\/wp-content\/uploads\/2025\/04\/AR5AIR.png","contentUrl":"https:\/\/www.pruvost-sports.com\/boutique\/wp-content\/uploads\/2025\/04\/AR5AIR.png","width":1000,"height":1000},{"@type":"BreadcrumbList","@id":"https:\/\/www.pruvost-sports.com\/boutique\/produit\/velo-elliptique-aluminium-ar5air\/#breadcrumb","itemListElement":[{"@type":"ListItem","position":1,"name":"Accueil","item":"https:\/\/www.pruvost-sports.com\/boutique\/"},{"@type":"ListItem","position":2,"name":"Boutique","item":"https:\/\/www.pruvost-sports.com\/boutique\/boutique\/"},{"@type":"ListItem","position":3,"name":"V\u00e9lo Elliptique aluminium AR5AIR"}]},{"@type":"WebSite","@id":"https:\/\/www.pruvost-sports.com\/boutique\/#website","url":"https:\/\/www.pruvost-sports.com\/boutique\/","name":"Pruvost sport piscine","description":"","potentialAction":[{"@type":"SearchAction","target":{"@type":"EntryPoint","urlTemplate":"https:\/\/www.pruvost-sports.com\/boutique\/?s={search_term_string}"},"query-input":{"@type":"PropertyValueSpecification","valueRequired":true,"valueName":"search_term_string"}}],"inLanguage":"fr-FR"}]}},"_links":{"self":[{"href":"https:\/\/www.pruvost-sports.com\/boutique\/wp-json\/wp\/v2\/product\/8916","targetHints":{"allow":["GET"]}}],"collection":[{"href":"https:\/\/www.pruvost-sports.com\/boutique\/wp-json\/wp\/v2\/product"}],"about":[{"href":"https:\/\/www.pruvost-sports.com\/boutique\/wp-json\/wp\/v2\/types\/product"}],"wp:featuredmedia":[{"embeddable":true,"href":"https:\/\/www.pruvost-sports.com\/boutique\/wp-json\/wp\/v2\/media\/8917"}],"wp:attachment":[{"href":"https:\/\/www.pruvost-sports.com\/boutique\/wp-json\/wp\/v2\/media?parent=8916"}],"wp:term":[{"taxonomy":"product_brand","embeddable":true,"href":"https:\/\/www.pruvost-sports.com\/boutique\/wp-json\/wp\/v2\/product_brand?post=8916"},{"taxonomy":"product_cat","embeddable":true,"href":"https:\/\/www.pruvost-sports.com\/boutique\/wp-json\/wp\/v2\/product_cat?post=8916"},{"taxonomy":"product_tag","embeddable":true,"href":"https:\/\/www.pruvost-sports.com\/boutique\/wp-json\/wp\/v2\/product_tag?post=8916"}],"curies":[{"name":"wp","href":"https:\/\/api.w.org\/{rel}","templated":true}]}}