{"id":8780,"date":"2025-03-17T11:10:27","date_gmt":"2025-03-17T10:10:27","guid":{"rendered":"https:\/\/www.pruvost-sports.com\/boutique\/?post_type=product&#038;p=8780"},"modified":"2025-11-07T11:26:37","modified_gmt":"2025-11-07T10:26:37","slug":"bottes-aquatique-la-paire","status":"publish","type":"product","link":"https:\/\/www.pruvost-sports.com\/boutique\/produit\/bottes-aquatique-la-paire\/","title":{"rendered":"Bottes Aquatique (la paire)"},"content":{"rendered":"","protected":false},"excerpt":{"rendered":"<p>Description : D\u00e9couvrez les Bottes Aquatique, un \u00e9quipement innovant sp\u00e9cialement con\u00e7u pour optimiser le renforcement musculaire du bas du corps en milieu aquatique. Id\u00e9ales pour les pratiquants d&rsquo;aquagym, de personal training, et de r\u00e9\u00e9ducation \u00e0 l&rsquo;effort, ces bottes ultral\u00e9g\u00e8res vous permettent de travailler vos cuisses, fessiers et abdominaux en profondeur, tout en b\u00e9n\u00e9ficiant des bienfaits de l&rsquo;eau. Avec une r\u00e9sistance accrue sur tout les plans gr\u00e2ce \u00e0 ses ailettes frontales et ses surfaces lat\u00e9rales \u00e9largies, chaque mouvement devient plus efficace, sans impact sur les articulations. Les bottes Aquatique sont particuli\u00e8rement confortables. Leur conception int\u00e8gre des mousses de protection au niveau du tibia et du mollet, garantissant une utilisation agr\u00e9able m\u00eame lors des s\u00e9ances les plus longues et intensives. Les sangles en nylon et velcro permettent un ajustement parfait \u00e0 la morphologie de chaque pratiquant, pour une s\u00e9curit\u00e9 et une stabilit\u00e9 maximales dans l&rsquo;eau.<\/p>\n<p>Poids : 0,380 Kg \/ botte<\/p>\n<p>Mati\u00e8re : Mati\u00e8re thermoplastique recyclable PP ultra-r\u00e9sistante et inusable<\/p>\n<p>Fabrication : fran\u00e7aise<\/p>\n","protected":false},"featured_media":8781,"template":"","meta":[],"product_brand":[],"product_cat":[72,22,2769],"product_tag":[],"class_list":{"0":"post-8780","1":"product","2":"type-product","3":"status-publish","4":"has-post-thumbnail","6":"product_cat-accessoires-pour-l-aquagym","7":"product_cat-aquagym-et-aquabike","8":"product_cat-divers-aquagym","10":"entry","11":"has-media","13":"first","14":"instock","15":"shipping-taxable","16":"purchasable","17":"product-type-simple","18":"col","19":"span_1_of_4","20":"owp-content-center","21":"owp-thumbs-layout-horizontal","22":"owp-btn-normal","23":"owp-tabs-layout-horizontal","24":"has-no-thumbnails"},"yoast_head":"<!-- This site is optimized with the Yoast SEO plugin v27.5 - https:\/\/yoast.com\/product\/yoast-seo-wordpress\/ -->\n<title>Bottes Aquatique (la paire) - Pruvost sport piscine<\/title>\n<meta name=\"robots\" content=\"index, follow, max-snippet:-1, max-image-preview:large, max-video-preview:-1\" \/>\n<link rel=\"canonical\" href=\"https:\/\/www.pruvost-sports.com\/boutique\/produit\/bottes-aquatique-la-paire\/\" \/>\n<meta property=\"og:locale\" content=\"fr_FR\" \/>\n<meta property=\"og:type\" content=\"article\" \/>\n<meta property=\"og:title\" content=\"Bottes Aquatique (la paire) - Pruvost sport piscine\" \/>\n<meta property=\"og:description\" content=\"Description : D\u00e9couvrez les Bottes Aquatique, un \u00e9quipement innovant sp\u00e9cialement con\u00e7u pour optimiser le renforcement musculaire du bas du corps en milieu aquatique. Id\u00e9ales pour les pratiquants d&#039;aquagym, de personal training, et de r\u00e9\u00e9ducation \u00e0 l&#039;effort, ces bottes ultral\u00e9g\u00e8res vous permettent de travailler vos cuisses, fessiers et abdominaux en profondeur, tout en b\u00e9n\u00e9ficiant des bienfaits de l&#039;eau. Avec une r\u00e9sistance accrue sur tout les plans gr\u00e2ce \u00e0 ses ailettes frontales et ses surfaces lat\u00e9rales \u00e9largies, chaque mouvement devient plus efficace, sans impact sur les articulations. Les bottes Aquatique sont particuli\u00e8rement confortables. Leur conception int\u00e8gre des mousses de protection au niveau du tibia et du mollet, garantissant une utilisation agr\u00e9able m\u00eame lors des s\u00e9ances les plus longues et intensives. Les sangles en nylon et velcro permettent un ajustement parfait \u00e0 la morphologie de chaque pratiquant, pour une s\u00e9curit\u00e9 et une stabilit\u00e9 maximales dans l&#039;eau.  Poids : 0,380 Kg \/ botte  Mati\u00e8re : Mati\u00e8re thermoplastique recyclable PP ultra-r\u00e9sistante et inusable  Fabrication : fran\u00e7aise\" \/>\n<meta property=\"og:url\" content=\"https:\/\/www.pruvost-sports.com\/boutique\/produit\/bottes-aquatique-la-paire\/\" \/>\n<meta property=\"og:site_name\" content=\"Pruvost sport piscine\" \/>\n<meta property=\"article:modified_time\" content=\"2025-11-07T10:26:37+00:00\" \/>\n<meta property=\"og:image\" content=\"https:\/\/www.pruvost-sports.com\/boutique\/wp-content\/uploads\/2025\/03\/paire-de-bottes-waterform.jpg\" \/>\n\t<meta property=\"og:image:width\" content=\"800\" \/>\n\t<meta property=\"og:image:height\" content=\"800\" \/>\n\t<meta property=\"og:image:type\" content=\"image\/jpeg\" \/>\n<meta name=\"twitter:card\" content=\"summary_large_image\" \/>\n<meta name=\"twitter:label1\" content=\"Dur\u00e9e de lecture estim\u00e9e\" \/>\n\t<meta name=\"twitter:data1\" content=\"1 minute\" \/>\n<script type=\"application\/ld+json\" class=\"yoast-schema-graph\">{\"@context\":\"https:\\\/\\\/schema.org\",\"@graph\":[{\"@type\":\"WebPage\",\"@id\":\"https:\\\/\\\/www.pruvost-sports.com\\\/boutique\\\/produit\\\/bottes-aquatique-la-paire\\\/\",\"url\":\"https:\\\/\\\/www.pruvost-sports.com\\\/boutique\\\/produit\\\/bottes-aquatique-la-paire\\\/\",\"name\":\"Bottes Aquatique (la paire) - Pruvost sport piscine\",\"isPartOf\":{\"@id\":\"https:\\\/\\\/www.pruvost-sports.com\\\/boutique\\\/#website\"},\"primaryImageOfPage\":{\"@id\":\"https:\\\/\\\/www.pruvost-sports.com\\\/boutique\\\/produit\\\/bottes-aquatique-la-paire\\\/#primaryimage\"},\"image\":{\"@id\":\"https:\\\/\\\/www.pruvost-sports.com\\\/boutique\\\/produit\\\/bottes-aquatique-la-paire\\\/#primaryimage\"},\"thumbnailUrl\":\"https:\\\/\\\/www.pruvost-sports.com\\\/boutique\\\/wp-content\\\/uploads\\\/2025\\\/03\\\/paire-de-bottes-waterform.jpg\",\"datePublished\":\"2025-03-17T10:10:27+00:00\",\"dateModified\":\"2025-11-07T10:26:37+00:00\",\"breadcrumb\":{\"@id\":\"https:\\\/\\\/www.pruvost-sports.com\\\/boutique\\\/produit\\\/bottes-aquatique-la-paire\\\/#breadcrumb\"},\"inLanguage\":\"fr-FR\",\"potentialAction\":[{\"@type\":\"ReadAction\",\"target\":[\"https:\\\/\\\/www.pruvost-sports.com\\\/boutique\\\/produit\\\/bottes-aquatique-la-paire\\\/\"]}]},{\"@type\":\"ImageObject\",\"inLanguage\":\"fr-FR\",\"@id\":\"https:\\\/\\\/www.pruvost-sports.com\\\/boutique\\\/produit\\\/bottes-aquatique-la-paire\\\/#primaryimage\",\"url\":\"https:\\\/\\\/www.pruvost-sports.com\\\/boutique\\\/wp-content\\\/uploads\\\/2025\\\/03\\\/paire-de-bottes-waterform.jpg\",\"contentUrl\":\"https:\\\/\\\/www.pruvost-sports.com\\\/boutique\\\/wp-content\\\/uploads\\\/2025\\\/03\\\/paire-de-bottes-waterform.jpg\",\"width\":800,\"height\":800},{\"@type\":\"BreadcrumbList\",\"@id\":\"https:\\\/\\\/www.pruvost-sports.com\\\/boutique\\\/produit\\\/bottes-aquatique-la-paire\\\/#breadcrumb\",\"itemListElement\":[{\"@type\":\"ListItem\",\"position\":1,\"name\":\"Accueil\",\"item\":\"https:\\\/\\\/www.pruvost-sports.com\\\/boutique\\\/\"},{\"@type\":\"ListItem\",\"position\":2,\"name\":\"Boutique\",\"item\":\"https:\\\/\\\/www.pruvost-sports.com\\\/boutique\\\/boutique\\\/\"},{\"@type\":\"ListItem\",\"position\":3,\"name\":\"Bottes Aquatique (la paire)\"}]},{\"@type\":\"WebSite\",\"@id\":\"https:\\\/\\\/www.pruvost-sports.com\\\/boutique\\\/#website\",\"url\":\"https:\\\/\\\/www.pruvost-sports.com\\\/boutique\\\/\",\"name\":\"Pruvost sport piscine\",\"description\":\"\",\"potentialAction\":[{\"@type\":\"SearchAction\",\"target\":{\"@type\":\"EntryPoint\",\"urlTemplate\":\"https:\\\/\\\/www.pruvost-sports.com\\\/boutique\\\/?s={search_term_string}\"},\"query-input\":{\"@type\":\"PropertyValueSpecification\",\"valueRequired\":true,\"valueName\":\"search_term_string\"}}],\"inLanguage\":\"fr-FR\"}]}<\/script>\n<!-- \/ Yoast SEO plugin. -->","yoast_head_json":{"title":"Bottes Aquatique (la paire) - Pruvost sport piscine","robots":{"index":"index","follow":"follow","max-snippet":"max-snippet:-1","max-image-preview":"max-image-preview:large","max-video-preview":"max-video-preview:-1"},"canonical":"https:\/\/www.pruvost-sports.com\/boutique\/produit\/bottes-aquatique-la-paire\/","og_locale":"fr_FR","og_type":"article","og_title":"Bottes Aquatique (la paire) - Pruvost sport piscine","og_description":"Description : D\u00e9couvrez les Bottes Aquatique, un \u00e9quipement innovant sp\u00e9cialement con\u00e7u pour optimiser le renforcement musculaire du bas du corps en milieu aquatique. Id\u00e9ales pour les pratiquants d'aquagym, de personal training, et de r\u00e9\u00e9ducation \u00e0 l'effort, ces bottes ultral\u00e9g\u00e8res vous permettent de travailler vos cuisses, fessiers et abdominaux en profondeur, tout en b\u00e9n\u00e9ficiant des bienfaits de l'eau. Avec une r\u00e9sistance accrue sur tout les plans gr\u00e2ce \u00e0 ses ailettes frontales et ses surfaces lat\u00e9rales \u00e9largies, chaque mouvement devient plus efficace, sans impact sur les articulations. Les bottes Aquatique sont particuli\u00e8rement confortables. Leur conception int\u00e8gre des mousses de protection au niveau du tibia et du mollet, garantissant une utilisation agr\u00e9able m\u00eame lors des s\u00e9ances les plus longues et intensives. Les sangles en nylon et velcro permettent un ajustement parfait \u00e0 la morphologie de chaque pratiquant, pour une s\u00e9curit\u00e9 et une stabilit\u00e9 maximales dans l'eau.  Poids : 0,380 Kg \/ botte  Mati\u00e8re : Mati\u00e8re thermoplastique recyclable PP ultra-r\u00e9sistante et inusable  Fabrication : fran\u00e7aise","og_url":"https:\/\/www.pruvost-sports.com\/boutique\/produit\/bottes-aquatique-la-paire\/","og_site_name":"Pruvost sport piscine","article_modified_time":"2025-11-07T10:26:37+00:00","og_image":[{"width":800,"height":800,"url":"https:\/\/www.pruvost-sports.com\/boutique\/wp-content\/uploads\/2025\/03\/paire-de-bottes-waterform.jpg","type":"image\/jpeg"}],"twitter_card":"summary_large_image","twitter_misc":{"Dur\u00e9e de lecture estim\u00e9e":"1 minute"},"schema":{"@context":"https:\/\/schema.org","@graph":[{"@type":"WebPage","@id":"https:\/\/www.pruvost-sports.com\/boutique\/produit\/bottes-aquatique-la-paire\/","url":"https:\/\/www.pruvost-sports.com\/boutique\/produit\/bottes-aquatique-la-paire\/","name":"Bottes Aquatique (la paire) - Pruvost sport piscine","isPartOf":{"@id":"https:\/\/www.pruvost-sports.com\/boutique\/#website"},"primaryImageOfPage":{"@id":"https:\/\/www.pruvost-sports.com\/boutique\/produit\/bottes-aquatique-la-paire\/#primaryimage"},"image":{"@id":"https:\/\/www.pruvost-sports.com\/boutique\/produit\/bottes-aquatique-la-paire\/#primaryimage"},"thumbnailUrl":"https:\/\/www.pruvost-sports.com\/boutique\/wp-content\/uploads\/2025\/03\/paire-de-bottes-waterform.jpg","datePublished":"2025-03-17T10:10:27+00:00","dateModified":"2025-11-07T10:26:37+00:00","breadcrumb":{"@id":"https:\/\/www.pruvost-sports.com\/boutique\/produit\/bottes-aquatique-la-paire\/#breadcrumb"},"inLanguage":"fr-FR","potentialAction":[{"@type":"ReadAction","target":["https:\/\/www.pruvost-sports.com\/boutique\/produit\/bottes-aquatique-la-paire\/"]}]},{"@type":"ImageObject","inLanguage":"fr-FR","@id":"https:\/\/www.pruvost-sports.com\/boutique\/produit\/bottes-aquatique-la-paire\/#primaryimage","url":"https:\/\/www.pruvost-sports.com\/boutique\/wp-content\/uploads\/2025\/03\/paire-de-bottes-waterform.jpg","contentUrl":"https:\/\/www.pruvost-sports.com\/boutique\/wp-content\/uploads\/2025\/03\/paire-de-bottes-waterform.jpg","width":800,"height":800},{"@type":"BreadcrumbList","@id":"https:\/\/www.pruvost-sports.com\/boutique\/produit\/bottes-aquatique-la-paire\/#breadcrumb","itemListElement":[{"@type":"ListItem","position":1,"name":"Accueil","item":"https:\/\/www.pruvost-sports.com\/boutique\/"},{"@type":"ListItem","position":2,"name":"Boutique","item":"https:\/\/www.pruvost-sports.com\/boutique\/boutique\/"},{"@type":"ListItem","position":3,"name":"Bottes Aquatique (la paire)"}]},{"@type":"WebSite","@id":"https:\/\/www.pruvost-sports.com\/boutique\/#website","url":"https:\/\/www.pruvost-sports.com\/boutique\/","name":"Pruvost sport piscine","description":"","potentialAction":[{"@type":"SearchAction","target":{"@type":"EntryPoint","urlTemplate":"https:\/\/www.pruvost-sports.com\/boutique\/?s={search_term_string}"},"query-input":{"@type":"PropertyValueSpecification","valueRequired":true,"valueName":"search_term_string"}}],"inLanguage":"fr-FR"}]}},"_links":{"self":[{"href":"https:\/\/www.pruvost-sports.com\/boutique\/wp-json\/wp\/v2\/product\/8780","targetHints":{"allow":["GET"]}}],"collection":[{"href":"https:\/\/www.pruvost-sports.com\/boutique\/wp-json\/wp\/v2\/product"}],"about":[{"href":"https:\/\/www.pruvost-sports.com\/boutique\/wp-json\/wp\/v2\/types\/product"}],"wp:featuredmedia":[{"embeddable":true,"href":"https:\/\/www.pruvost-sports.com\/boutique\/wp-json\/wp\/v2\/media\/8781"}],"wp:attachment":[{"href":"https:\/\/www.pruvost-sports.com\/boutique\/wp-json\/wp\/v2\/media?parent=8780"}],"wp:term":[{"taxonomy":"product_brand","embeddable":true,"href":"https:\/\/www.pruvost-sports.com\/boutique\/wp-json\/wp\/v2\/product_brand?post=8780"},{"taxonomy":"product_cat","embeddable":true,"href":"https:\/\/www.pruvost-sports.com\/boutique\/wp-json\/wp\/v2\/product_cat?post=8780"},{"taxonomy":"product_tag","embeddable":true,"href":"https:\/\/www.pruvost-sports.com\/boutique\/wp-json\/wp\/v2\/product_tag?post=8780"}],"curies":[{"name":"wp","href":"https:\/\/api.w.org\/{rel}","templated":true}]}}