{"id":8774,"date":"2025-03-17T09:47:13","date_gmt":"2025-03-17T08:47:13","guid":{"rendered":"https:\/\/www.pruvost-sports.com\/boutique\/?post_type=product&#038;p=8774"},"modified":"2025-11-07T11:27:37","modified_gmt":"2025-11-07T10:27:37","slug":"halteres-aquatic-scult","status":"publish","type":"product","link":"https:\/\/www.pruvost-sports.com\/boutique\/produit\/halteres-aquatic-scult\/","title":{"rendered":"Halt\u00e8res Aquatic Scult"},"content":{"rendered":"","protected":false},"excerpt":{"rendered":"<p>Description : Des s\u00e9ances bas\u00e9es sur la diversit\u00e9 des mouvements, en jouant avec un \u00e9quipement adapt\u00e9 \u00e0 l&rsquo;aquafitness : une paire de petits halt\u00e8res aquatique pour affiner sa silhouette en souplesse en multipliant les exercices, comme en les pla\u00e7ant sous les bras pour effectuer un travail en suspension dans l&rsquo;eau. Des halt\u00e8res qui proposent deux surfaces diff\u00e9rentes pour adapter le niveau de difficult\u00e9. Ces halt\u00e8res de sport aquatique peuvent \u00eatre compl\u00e9t\u00e9s par les bottes aquatiques pour renforcer le travail du bas du corps et varier davantage l&rsquo;intensit\u00e9 des exercices. Un \u00e9quipement en plastique, fait pour durer \u00e9ternellement, qui met une claque aux \u00e9quipements d&rsquo;aquafitness en mousse. Un cours complet qui s&rsquo;appuie sur trois objectifs : remodelage du haut du corps, am\u00e8lioration de l&rsquo;endurance et tonification du bas du corps ( abdos, fessier et cuisses ). Sans oublier l&rsquo;hydromassage, propre \u00e0 toute activit\u00e9 en piscine.<\/p>\n<p>Mati\u00e8re : Mati\u00e8re thermoplastique recyclable PEHD pour la structure de l&rsquo;halt\u00e8re, bouchon en PVC.<\/p>\n<p>R\u00e9glage : Possibilit\u00e9 de remplir l&rsquo;halt\u00e8re d&rsquo;eau pour diminuer la r\u00e9sistance.<\/p>\n<p>Poids : 0,320 Kg \/ halt\u00e8re.<\/p>\n<p>Fabrication : D\u00e9veloppement et fabrication 100% fran\u00e7ais.<\/p>\n","protected":false},"featured_media":8775,"template":"","meta":[],"product_brand":[],"product_cat":[72,22,2769],"product_tag":[],"class_list":{"0":"post-8774","1":"product","2":"type-product","3":"status-publish","4":"has-post-thumbnail","6":"product_cat-accessoires-pour-l-aquagym","7":"product_cat-aquagym-et-aquabike","8":"product_cat-divers-aquagym","10":"entry","11":"has-media","13":"first","14":"instock","15":"shipping-taxable","16":"purchasable","17":"product-type-simple","18":"col","19":"span_1_of_4","20":"owp-content-center","21":"owp-thumbs-layout-horizontal","22":"owp-btn-normal","23":"owp-tabs-layout-horizontal","24":"has-no-thumbnails"},"yoast_head":"<!-- This site is optimized with the Yoast SEO plugin v27.5 - https:\/\/yoast.com\/product\/yoast-seo-wordpress\/ -->\n<title>Halt\u00e8res Aquatic Scult - Pruvost sport piscine<\/title>\n<meta name=\"robots\" content=\"index, follow, max-snippet:-1, max-image-preview:large, max-video-preview:-1\" \/>\n<link rel=\"canonical\" href=\"https:\/\/www.pruvost-sports.com\/boutique\/produit\/halteres-aquatic-scult\/\" \/>\n<meta property=\"og:locale\" content=\"fr_FR\" \/>\n<meta property=\"og:type\" content=\"article\" \/>\n<meta property=\"og:title\" content=\"Halt\u00e8res Aquatic Scult - Pruvost sport piscine\" \/>\n<meta property=\"og:description\" content=\"Description : Des s\u00e9ances bas\u00e9es sur la diversit\u00e9 des mouvements, en jouant avec un \u00e9quipement adapt\u00e9 \u00e0 l&#039;aquafitness : une paire de petits halt\u00e8res aquatique pour affiner sa silhouette en souplesse en multipliant les exercices, comme en les pla\u00e7ant sous les bras pour effectuer un travail en suspension dans l&#039;eau. Des halt\u00e8res qui proposent deux surfaces diff\u00e9rentes pour adapter le niveau de difficult\u00e9. Ces halt\u00e8res de sport aquatique peuvent \u00eatre compl\u00e9t\u00e9s par les bottes aquatiques pour renforcer le travail du bas du corps et varier davantage l&#039;intensit\u00e9 des exercices. Un \u00e9quipement en plastique, fait pour durer \u00e9ternellement, qui met une claque aux \u00e9quipements d&#039;aquafitness en mousse. Un cours complet qui s&#039;appuie sur trois objectifs : remodelage du haut du corps, am\u00e8lioration de l&#039;endurance et tonification du bas du corps ( abdos, fessier et cuisses ). Sans oublier l&#039;hydromassage, propre \u00e0 toute activit\u00e9 en piscine.  Mati\u00e8re : Mati\u00e8re thermoplastique recyclable PEHD pour la structure de l&#039;halt\u00e8re, bouchon en PVC.  R\u00e9glage : Possibilit\u00e9 de remplir l&#039;halt\u00e8re d&#039;eau pour diminuer la r\u00e9sistance.  Poids : 0,320 Kg \/ halt\u00e8re.  Fabrication : D\u00e9veloppement et fabrication 100% fran\u00e7ais.\" \/>\n<meta property=\"og:url\" content=\"https:\/\/www.pruvost-sports.com\/boutique\/produit\/halteres-aquatic-scult\/\" \/>\n<meta property=\"og:site_name\" content=\"Pruvost sport piscine\" \/>\n<meta property=\"article:modified_time\" content=\"2025-11-07T10:27:37+00:00\" \/>\n<meta property=\"og:image\" content=\"https:\/\/www.pruvost-sports.com\/boutique\/wp-content\/uploads\/2025\/03\/paire-halteres-aquatic-sculpt.jpg\" \/>\n\t<meta property=\"og:image:width\" content=\"800\" \/>\n\t<meta property=\"og:image:height\" content=\"800\" \/>\n\t<meta property=\"og:image:type\" content=\"image\/jpeg\" \/>\n<meta name=\"twitter:card\" content=\"summary_large_image\" \/>\n<meta name=\"twitter:label1\" content=\"Dur\u00e9e de lecture estim\u00e9e\" \/>\n\t<meta name=\"twitter:data1\" content=\"1 minute\" \/>\n<script type=\"application\/ld+json\" class=\"yoast-schema-graph\">{\"@context\":\"https:\\\/\\\/schema.org\",\"@graph\":[{\"@type\":\"WebPage\",\"@id\":\"https:\\\/\\\/www.pruvost-sports.com\\\/boutique\\\/produit\\\/halteres-aquatic-scult\\\/\",\"url\":\"https:\\\/\\\/www.pruvost-sports.com\\\/boutique\\\/produit\\\/halteres-aquatic-scult\\\/\",\"name\":\"Halt\u00e8res Aquatic Scult - Pruvost sport piscine\",\"isPartOf\":{\"@id\":\"https:\\\/\\\/www.pruvost-sports.com\\\/boutique\\\/#website\"},\"primaryImageOfPage\":{\"@id\":\"https:\\\/\\\/www.pruvost-sports.com\\\/boutique\\\/produit\\\/halteres-aquatic-scult\\\/#primaryimage\"},\"image\":{\"@id\":\"https:\\\/\\\/www.pruvost-sports.com\\\/boutique\\\/produit\\\/halteres-aquatic-scult\\\/#primaryimage\"},\"thumbnailUrl\":\"https:\\\/\\\/www.pruvost-sports.com\\\/boutique\\\/wp-content\\\/uploads\\\/2025\\\/03\\\/paire-halteres-aquatic-sculpt.jpg\",\"datePublished\":\"2025-03-17T08:47:13+00:00\",\"dateModified\":\"2025-11-07T10:27:37+00:00\",\"breadcrumb\":{\"@id\":\"https:\\\/\\\/www.pruvost-sports.com\\\/boutique\\\/produit\\\/halteres-aquatic-scult\\\/#breadcrumb\"},\"inLanguage\":\"fr-FR\",\"potentialAction\":[{\"@type\":\"ReadAction\",\"target\":[\"https:\\\/\\\/www.pruvost-sports.com\\\/boutique\\\/produit\\\/halteres-aquatic-scult\\\/\"]}]},{\"@type\":\"ImageObject\",\"inLanguage\":\"fr-FR\",\"@id\":\"https:\\\/\\\/www.pruvost-sports.com\\\/boutique\\\/produit\\\/halteres-aquatic-scult\\\/#primaryimage\",\"url\":\"https:\\\/\\\/www.pruvost-sports.com\\\/boutique\\\/wp-content\\\/uploads\\\/2025\\\/03\\\/paire-halteres-aquatic-sculpt.jpg\",\"contentUrl\":\"https:\\\/\\\/www.pruvost-sports.com\\\/boutique\\\/wp-content\\\/uploads\\\/2025\\\/03\\\/paire-halteres-aquatic-sculpt.jpg\",\"width\":800,\"height\":800},{\"@type\":\"BreadcrumbList\",\"@id\":\"https:\\\/\\\/www.pruvost-sports.com\\\/boutique\\\/produit\\\/halteres-aquatic-scult\\\/#breadcrumb\",\"itemListElement\":[{\"@type\":\"ListItem\",\"position\":1,\"name\":\"Accueil\",\"item\":\"https:\\\/\\\/www.pruvost-sports.com\\\/boutique\\\/\"},{\"@type\":\"ListItem\",\"position\":2,\"name\":\"Boutique\",\"item\":\"https:\\\/\\\/www.pruvost-sports.com\\\/boutique\\\/boutique\\\/\"},{\"@type\":\"ListItem\",\"position\":3,\"name\":\"Halt\u00e8res Aquatic Scult\"}]},{\"@type\":\"WebSite\",\"@id\":\"https:\\\/\\\/www.pruvost-sports.com\\\/boutique\\\/#website\",\"url\":\"https:\\\/\\\/www.pruvost-sports.com\\\/boutique\\\/\",\"name\":\"Pruvost sport piscine\",\"description\":\"\",\"potentialAction\":[{\"@type\":\"SearchAction\",\"target\":{\"@type\":\"EntryPoint\",\"urlTemplate\":\"https:\\\/\\\/www.pruvost-sports.com\\\/boutique\\\/?s={search_term_string}\"},\"query-input\":{\"@type\":\"PropertyValueSpecification\",\"valueRequired\":true,\"valueName\":\"search_term_string\"}}],\"inLanguage\":\"fr-FR\"}]}<\/script>\n<!-- \/ Yoast SEO plugin. -->","yoast_head_json":{"title":"Halt\u00e8res Aquatic Scult - Pruvost sport piscine","robots":{"index":"index","follow":"follow","max-snippet":"max-snippet:-1","max-image-preview":"max-image-preview:large","max-video-preview":"max-video-preview:-1"},"canonical":"https:\/\/www.pruvost-sports.com\/boutique\/produit\/halteres-aquatic-scult\/","og_locale":"fr_FR","og_type":"article","og_title":"Halt\u00e8res Aquatic Scult - Pruvost sport piscine","og_description":"Description : Des s\u00e9ances bas\u00e9es sur la diversit\u00e9 des mouvements, en jouant avec un \u00e9quipement adapt\u00e9 \u00e0 l'aquafitness : une paire de petits halt\u00e8res aquatique pour affiner sa silhouette en souplesse en multipliant les exercices, comme en les pla\u00e7ant sous les bras pour effectuer un travail en suspension dans l'eau. Des halt\u00e8res qui proposent deux surfaces diff\u00e9rentes pour adapter le niveau de difficult\u00e9. Ces halt\u00e8res de sport aquatique peuvent \u00eatre compl\u00e9t\u00e9s par les bottes aquatiques pour renforcer le travail du bas du corps et varier davantage l'intensit\u00e9 des exercices. Un \u00e9quipement en plastique, fait pour durer \u00e9ternellement, qui met une claque aux \u00e9quipements d'aquafitness en mousse. Un cours complet qui s'appuie sur trois objectifs : remodelage du haut du corps, am\u00e8lioration de l'endurance et tonification du bas du corps ( abdos, fessier et cuisses ). Sans oublier l'hydromassage, propre \u00e0 toute activit\u00e9 en piscine.  Mati\u00e8re : Mati\u00e8re thermoplastique recyclable PEHD pour la structure de l'halt\u00e8re, bouchon en PVC.  R\u00e9glage : Possibilit\u00e9 de remplir l'halt\u00e8re d'eau pour diminuer la r\u00e9sistance.  Poids : 0,320 Kg \/ halt\u00e8re.  Fabrication : D\u00e9veloppement et fabrication 100% fran\u00e7ais.","og_url":"https:\/\/www.pruvost-sports.com\/boutique\/produit\/halteres-aquatic-scult\/","og_site_name":"Pruvost sport piscine","article_modified_time":"2025-11-07T10:27:37+00:00","og_image":[{"width":800,"height":800,"url":"https:\/\/www.pruvost-sports.com\/boutique\/wp-content\/uploads\/2025\/03\/paire-halteres-aquatic-sculpt.jpg","type":"image\/jpeg"}],"twitter_card":"summary_large_image","twitter_misc":{"Dur\u00e9e de lecture estim\u00e9e":"1 minute"},"schema":{"@context":"https:\/\/schema.org","@graph":[{"@type":"WebPage","@id":"https:\/\/www.pruvost-sports.com\/boutique\/produit\/halteres-aquatic-scult\/","url":"https:\/\/www.pruvost-sports.com\/boutique\/produit\/halteres-aquatic-scult\/","name":"Halt\u00e8res Aquatic Scult - Pruvost sport piscine","isPartOf":{"@id":"https:\/\/www.pruvost-sports.com\/boutique\/#website"},"primaryImageOfPage":{"@id":"https:\/\/www.pruvost-sports.com\/boutique\/produit\/halteres-aquatic-scult\/#primaryimage"},"image":{"@id":"https:\/\/www.pruvost-sports.com\/boutique\/produit\/halteres-aquatic-scult\/#primaryimage"},"thumbnailUrl":"https:\/\/www.pruvost-sports.com\/boutique\/wp-content\/uploads\/2025\/03\/paire-halteres-aquatic-sculpt.jpg","datePublished":"2025-03-17T08:47:13+00:00","dateModified":"2025-11-07T10:27:37+00:00","breadcrumb":{"@id":"https:\/\/www.pruvost-sports.com\/boutique\/produit\/halteres-aquatic-scult\/#breadcrumb"},"inLanguage":"fr-FR","potentialAction":[{"@type":"ReadAction","target":["https:\/\/www.pruvost-sports.com\/boutique\/produit\/halteres-aquatic-scult\/"]}]},{"@type":"ImageObject","inLanguage":"fr-FR","@id":"https:\/\/www.pruvost-sports.com\/boutique\/produit\/halteres-aquatic-scult\/#primaryimage","url":"https:\/\/www.pruvost-sports.com\/boutique\/wp-content\/uploads\/2025\/03\/paire-halteres-aquatic-sculpt.jpg","contentUrl":"https:\/\/www.pruvost-sports.com\/boutique\/wp-content\/uploads\/2025\/03\/paire-halteres-aquatic-sculpt.jpg","width":800,"height":800},{"@type":"BreadcrumbList","@id":"https:\/\/www.pruvost-sports.com\/boutique\/produit\/halteres-aquatic-scult\/#breadcrumb","itemListElement":[{"@type":"ListItem","position":1,"name":"Accueil","item":"https:\/\/www.pruvost-sports.com\/boutique\/"},{"@type":"ListItem","position":2,"name":"Boutique","item":"https:\/\/www.pruvost-sports.com\/boutique\/boutique\/"},{"@type":"ListItem","position":3,"name":"Halt\u00e8res Aquatic Scult"}]},{"@type":"WebSite","@id":"https:\/\/www.pruvost-sports.com\/boutique\/#website","url":"https:\/\/www.pruvost-sports.com\/boutique\/","name":"Pruvost sport piscine","description":"","potentialAction":[{"@type":"SearchAction","target":{"@type":"EntryPoint","urlTemplate":"https:\/\/www.pruvost-sports.com\/boutique\/?s={search_term_string}"},"query-input":{"@type":"PropertyValueSpecification","valueRequired":true,"valueName":"search_term_string"}}],"inLanguage":"fr-FR"}]}},"_links":{"self":[{"href":"https:\/\/www.pruvost-sports.com\/boutique\/wp-json\/wp\/v2\/product\/8774","targetHints":{"allow":["GET"]}}],"collection":[{"href":"https:\/\/www.pruvost-sports.com\/boutique\/wp-json\/wp\/v2\/product"}],"about":[{"href":"https:\/\/www.pruvost-sports.com\/boutique\/wp-json\/wp\/v2\/types\/product"}],"wp:featuredmedia":[{"embeddable":true,"href":"https:\/\/www.pruvost-sports.com\/boutique\/wp-json\/wp\/v2\/media\/8775"}],"wp:attachment":[{"href":"https:\/\/www.pruvost-sports.com\/boutique\/wp-json\/wp\/v2\/media?parent=8774"}],"wp:term":[{"taxonomy":"product_brand","embeddable":true,"href":"https:\/\/www.pruvost-sports.com\/boutique\/wp-json\/wp\/v2\/product_brand?post=8774"},{"taxonomy":"product_cat","embeddable":true,"href":"https:\/\/www.pruvost-sports.com\/boutique\/wp-json\/wp\/v2\/product_cat?post=8774"},{"taxonomy":"product_tag","embeddable":true,"href":"https:\/\/www.pruvost-sports.com\/boutique\/wp-json\/wp\/v2\/product_tag?post=8774"}],"curies":[{"name":"wp","href":"https:\/\/api.w.org\/{rel}","templated":true}]}}