{"id":8771,"date":"2025-03-17T09:20:16","date_gmt":"2025-03-17T08:20:16","guid":{"rendered":"https:\/\/www.pruvost-sports.com\/boutique\/?post_type=product&#038;p=8771"},"modified":"2025-11-07T11:27:56","modified_gmt":"2025-11-07T10:27:56","slug":"gants-aquatic-boxing","status":"publish","type":"product","link":"https:\/\/www.pruvost-sports.com\/boutique\/produit\/gants-aquatic-boxing\/","title":{"rendered":"Gants Aquatic Boxing"},"content":{"rendered":"","protected":false},"excerpt":{"rendered":"<p>Description : Les gants de boxe aquatique a \u00e9t\u00e9 cr\u00e9\u00e9 sp\u00e9cialement pour d\u00e9velopper son endurance cardiovasculaire et musculaire. Des gants sp\u00e9cialement con\u00e7us pour accro\u00eetre l&rsquo;efficacit\u00e9 des coups port\u00e9s dans l&rsquo;eau, gr\u00e2ce \u00e0 des fentes hydro qui laissent passer une partie de l&rsquo;eau et ajoutent \u00e0 la fluidit\u00e9 du mouvement sans opposer une simple r\u00e9sistance frontale. Des gants rendus confortables avec des mousses en EVA plac\u00e9es sur leurs 4 c\u00f4t\u00e9s. Un concept-cours d&rsquo;aqua-sport qui am\u00e9liore la condition physique tout en se d\u00e9foulant en toute s\u00e9curit\u00e9.<\/p>\n<p>Mati\u00e8re : Mati\u00e8re thermoplastique recyclable PP pour la structure du gant, Mousse en EVA.<\/p>\n<p>Poids : 0,180 Kg \/ gant<\/p>\n<p>Fabrication : D\u00e9veloppement et fabrication 100% fran\u00e7ais.<\/p>\n","protected":false},"featured_media":8772,"template":"","meta":[],"product_brand":[],"product_cat":[72,22],"product_tag":[],"class_list":{"0":"post-8771","1":"product","2":"type-product","3":"status-publish","4":"has-post-thumbnail","6":"product_cat-accessoires-pour-l-aquagym","7":"product_cat-aquagym-et-aquabike","9":"entry","10":"has-media","12":"first","13":"instock","14":"shipping-taxable","15":"purchasable","16":"product-type-simple","17":"col","18":"span_1_of_4","19":"owp-content-center","20":"owp-thumbs-layout-horizontal","21":"owp-btn-normal","22":"owp-tabs-layout-horizontal","23":"has-no-thumbnails"},"yoast_head":"<!-- This site is optimized with the Yoast SEO plugin v27.5 - https:\/\/yoast.com\/product\/yoast-seo-wordpress\/ -->\n<title>Gants Aquatic Boxing - Pruvost sport piscine<\/title>\n<meta name=\"robots\" content=\"index, follow, max-snippet:-1, max-image-preview:large, max-video-preview:-1\" \/>\n<link rel=\"canonical\" href=\"https:\/\/www.pruvost-sports.com\/boutique\/produit\/gants-aquatic-boxing\/\" \/>\n<meta property=\"og:locale\" content=\"fr_FR\" \/>\n<meta property=\"og:type\" content=\"article\" \/>\n<meta property=\"og:title\" content=\"Gants Aquatic Boxing - Pruvost sport piscine\" \/>\n<meta property=\"og:description\" content=\"Description : Les gants de boxe aquatique a \u00e9t\u00e9 cr\u00e9\u00e9 sp\u00e9cialement pour d\u00e9velopper son endurance cardiovasculaire et musculaire. Des gants sp\u00e9cialement con\u00e7us pour accro\u00eetre l&#039;efficacit\u00e9 des coups port\u00e9s dans l&#039;eau, gr\u00e2ce \u00e0 des fentes hydro qui laissent passer une partie de l&#039;eau et ajoutent \u00e0 la fluidit\u00e9 du mouvement sans opposer une simple r\u00e9sistance frontale. Des gants rendus confortables avec des mousses en EVA plac\u00e9es sur leurs 4 c\u00f4t\u00e9s. Un concept-cours d&#039;aqua-sport qui am\u00e9liore la condition physique tout en se d\u00e9foulant en toute s\u00e9curit\u00e9.  Mati\u00e8re : Mati\u00e8re thermoplastique recyclable PP pour la structure du gant, Mousse en EVA.  Poids : 0,180 Kg \/ gant  Fabrication : D\u00e9veloppement et fabrication 100% fran\u00e7ais.\" \/>\n<meta property=\"og:url\" content=\"https:\/\/www.pruvost-sports.com\/boutique\/produit\/gants-aquatic-boxing\/\" \/>\n<meta property=\"og:site_name\" content=\"Pruvost sport piscine\" \/>\n<meta property=\"article:modified_time\" content=\"2025-11-07T10:27:56+00:00\" \/>\n<meta property=\"og:image\" content=\"https:\/\/www.pruvost-sports.com\/boutique\/wp-content\/uploads\/2025\/03\/paire-de-gants-aquatic-boxing.jpg\" \/>\n\t<meta property=\"og:image:width\" content=\"800\" \/>\n\t<meta property=\"og:image:height\" content=\"800\" \/>\n\t<meta property=\"og:image:type\" content=\"image\/jpeg\" \/>\n<meta name=\"twitter:card\" content=\"summary_large_image\" \/>\n<meta name=\"twitter:label1\" content=\"Dur\u00e9e de lecture estim\u00e9e\" \/>\n\t<meta name=\"twitter:data1\" content=\"1 minute\" \/>\n<script type=\"application\/ld+json\" class=\"yoast-schema-graph\">{\"@context\":\"https:\\\/\\\/schema.org\",\"@graph\":[{\"@type\":\"WebPage\",\"@id\":\"https:\\\/\\\/www.pruvost-sports.com\\\/boutique\\\/produit\\\/gants-aquatic-boxing\\\/\",\"url\":\"https:\\\/\\\/www.pruvost-sports.com\\\/boutique\\\/produit\\\/gants-aquatic-boxing\\\/\",\"name\":\"Gants Aquatic Boxing - Pruvost sport piscine\",\"isPartOf\":{\"@id\":\"https:\\\/\\\/www.pruvost-sports.com\\\/boutique\\\/#website\"},\"primaryImageOfPage\":{\"@id\":\"https:\\\/\\\/www.pruvost-sports.com\\\/boutique\\\/produit\\\/gants-aquatic-boxing\\\/#primaryimage\"},\"image\":{\"@id\":\"https:\\\/\\\/www.pruvost-sports.com\\\/boutique\\\/produit\\\/gants-aquatic-boxing\\\/#primaryimage\"},\"thumbnailUrl\":\"https:\\\/\\\/www.pruvost-sports.com\\\/boutique\\\/wp-content\\\/uploads\\\/2025\\\/03\\\/paire-de-gants-aquatic-boxing.jpg\",\"datePublished\":\"2025-03-17T08:20:16+00:00\",\"dateModified\":\"2025-11-07T10:27:56+00:00\",\"breadcrumb\":{\"@id\":\"https:\\\/\\\/www.pruvost-sports.com\\\/boutique\\\/produit\\\/gants-aquatic-boxing\\\/#breadcrumb\"},\"inLanguage\":\"fr-FR\",\"potentialAction\":[{\"@type\":\"ReadAction\",\"target\":[\"https:\\\/\\\/www.pruvost-sports.com\\\/boutique\\\/produit\\\/gants-aquatic-boxing\\\/\"]}]},{\"@type\":\"ImageObject\",\"inLanguage\":\"fr-FR\",\"@id\":\"https:\\\/\\\/www.pruvost-sports.com\\\/boutique\\\/produit\\\/gants-aquatic-boxing\\\/#primaryimage\",\"url\":\"https:\\\/\\\/www.pruvost-sports.com\\\/boutique\\\/wp-content\\\/uploads\\\/2025\\\/03\\\/paire-de-gants-aquatic-boxing.jpg\",\"contentUrl\":\"https:\\\/\\\/www.pruvost-sports.com\\\/boutique\\\/wp-content\\\/uploads\\\/2025\\\/03\\\/paire-de-gants-aquatic-boxing.jpg\",\"width\":800,\"height\":800},{\"@type\":\"BreadcrumbList\",\"@id\":\"https:\\\/\\\/www.pruvost-sports.com\\\/boutique\\\/produit\\\/gants-aquatic-boxing\\\/#breadcrumb\",\"itemListElement\":[{\"@type\":\"ListItem\",\"position\":1,\"name\":\"Accueil\",\"item\":\"https:\\\/\\\/www.pruvost-sports.com\\\/boutique\\\/\"},{\"@type\":\"ListItem\",\"position\":2,\"name\":\"Boutique\",\"item\":\"https:\\\/\\\/www.pruvost-sports.com\\\/boutique\\\/boutique\\\/\"},{\"@type\":\"ListItem\",\"position\":3,\"name\":\"Gants Aquatic Boxing\"}]},{\"@type\":\"WebSite\",\"@id\":\"https:\\\/\\\/www.pruvost-sports.com\\\/boutique\\\/#website\",\"url\":\"https:\\\/\\\/www.pruvost-sports.com\\\/boutique\\\/\",\"name\":\"Pruvost sport piscine\",\"description\":\"\",\"potentialAction\":[{\"@type\":\"SearchAction\",\"target\":{\"@type\":\"EntryPoint\",\"urlTemplate\":\"https:\\\/\\\/www.pruvost-sports.com\\\/boutique\\\/?s={search_term_string}\"},\"query-input\":{\"@type\":\"PropertyValueSpecification\",\"valueRequired\":true,\"valueName\":\"search_term_string\"}}],\"inLanguage\":\"fr-FR\"}]}<\/script>\n<!-- \/ Yoast SEO plugin. -->","yoast_head_json":{"title":"Gants Aquatic Boxing - Pruvost sport piscine","robots":{"index":"index","follow":"follow","max-snippet":"max-snippet:-1","max-image-preview":"max-image-preview:large","max-video-preview":"max-video-preview:-1"},"canonical":"https:\/\/www.pruvost-sports.com\/boutique\/produit\/gants-aquatic-boxing\/","og_locale":"fr_FR","og_type":"article","og_title":"Gants Aquatic Boxing - Pruvost sport piscine","og_description":"Description : Les gants de boxe aquatique a \u00e9t\u00e9 cr\u00e9\u00e9 sp\u00e9cialement pour d\u00e9velopper son endurance cardiovasculaire et musculaire. Des gants sp\u00e9cialement con\u00e7us pour accro\u00eetre l'efficacit\u00e9 des coups port\u00e9s dans l'eau, gr\u00e2ce \u00e0 des fentes hydro qui laissent passer une partie de l'eau et ajoutent \u00e0 la fluidit\u00e9 du mouvement sans opposer une simple r\u00e9sistance frontale. Des gants rendus confortables avec des mousses en EVA plac\u00e9es sur leurs 4 c\u00f4t\u00e9s. Un concept-cours d'aqua-sport qui am\u00e9liore la condition physique tout en se d\u00e9foulant en toute s\u00e9curit\u00e9.  Mati\u00e8re : Mati\u00e8re thermoplastique recyclable PP pour la structure du gant, Mousse en EVA.  Poids : 0,180 Kg \/ gant  Fabrication : D\u00e9veloppement et fabrication 100% fran\u00e7ais.","og_url":"https:\/\/www.pruvost-sports.com\/boutique\/produit\/gants-aquatic-boxing\/","og_site_name":"Pruvost sport piscine","article_modified_time":"2025-11-07T10:27:56+00:00","og_image":[{"width":800,"height":800,"url":"https:\/\/www.pruvost-sports.com\/boutique\/wp-content\/uploads\/2025\/03\/paire-de-gants-aquatic-boxing.jpg","type":"image\/jpeg"}],"twitter_card":"summary_large_image","twitter_misc":{"Dur\u00e9e de lecture estim\u00e9e":"1 minute"},"schema":{"@context":"https:\/\/schema.org","@graph":[{"@type":"WebPage","@id":"https:\/\/www.pruvost-sports.com\/boutique\/produit\/gants-aquatic-boxing\/","url":"https:\/\/www.pruvost-sports.com\/boutique\/produit\/gants-aquatic-boxing\/","name":"Gants Aquatic Boxing - Pruvost sport piscine","isPartOf":{"@id":"https:\/\/www.pruvost-sports.com\/boutique\/#website"},"primaryImageOfPage":{"@id":"https:\/\/www.pruvost-sports.com\/boutique\/produit\/gants-aquatic-boxing\/#primaryimage"},"image":{"@id":"https:\/\/www.pruvost-sports.com\/boutique\/produit\/gants-aquatic-boxing\/#primaryimage"},"thumbnailUrl":"https:\/\/www.pruvost-sports.com\/boutique\/wp-content\/uploads\/2025\/03\/paire-de-gants-aquatic-boxing.jpg","datePublished":"2025-03-17T08:20:16+00:00","dateModified":"2025-11-07T10:27:56+00:00","breadcrumb":{"@id":"https:\/\/www.pruvost-sports.com\/boutique\/produit\/gants-aquatic-boxing\/#breadcrumb"},"inLanguage":"fr-FR","potentialAction":[{"@type":"ReadAction","target":["https:\/\/www.pruvost-sports.com\/boutique\/produit\/gants-aquatic-boxing\/"]}]},{"@type":"ImageObject","inLanguage":"fr-FR","@id":"https:\/\/www.pruvost-sports.com\/boutique\/produit\/gants-aquatic-boxing\/#primaryimage","url":"https:\/\/www.pruvost-sports.com\/boutique\/wp-content\/uploads\/2025\/03\/paire-de-gants-aquatic-boxing.jpg","contentUrl":"https:\/\/www.pruvost-sports.com\/boutique\/wp-content\/uploads\/2025\/03\/paire-de-gants-aquatic-boxing.jpg","width":800,"height":800},{"@type":"BreadcrumbList","@id":"https:\/\/www.pruvost-sports.com\/boutique\/produit\/gants-aquatic-boxing\/#breadcrumb","itemListElement":[{"@type":"ListItem","position":1,"name":"Accueil","item":"https:\/\/www.pruvost-sports.com\/boutique\/"},{"@type":"ListItem","position":2,"name":"Boutique","item":"https:\/\/www.pruvost-sports.com\/boutique\/boutique\/"},{"@type":"ListItem","position":3,"name":"Gants Aquatic Boxing"}]},{"@type":"WebSite","@id":"https:\/\/www.pruvost-sports.com\/boutique\/#website","url":"https:\/\/www.pruvost-sports.com\/boutique\/","name":"Pruvost sport piscine","description":"","potentialAction":[{"@type":"SearchAction","target":{"@type":"EntryPoint","urlTemplate":"https:\/\/www.pruvost-sports.com\/boutique\/?s={search_term_string}"},"query-input":{"@type":"PropertyValueSpecification","valueRequired":true,"valueName":"search_term_string"}}],"inLanguage":"fr-FR"}]}},"_links":{"self":[{"href":"https:\/\/www.pruvost-sports.com\/boutique\/wp-json\/wp\/v2\/product\/8771","targetHints":{"allow":["GET"]}}],"collection":[{"href":"https:\/\/www.pruvost-sports.com\/boutique\/wp-json\/wp\/v2\/product"}],"about":[{"href":"https:\/\/www.pruvost-sports.com\/boutique\/wp-json\/wp\/v2\/types\/product"}],"wp:featuredmedia":[{"embeddable":true,"href":"https:\/\/www.pruvost-sports.com\/boutique\/wp-json\/wp\/v2\/media\/8772"}],"wp:attachment":[{"href":"https:\/\/www.pruvost-sports.com\/boutique\/wp-json\/wp\/v2\/media?parent=8771"}],"wp:term":[{"taxonomy":"product_brand","embeddable":true,"href":"https:\/\/www.pruvost-sports.com\/boutique\/wp-json\/wp\/v2\/product_brand?post=8771"},{"taxonomy":"product_cat","embeddable":true,"href":"https:\/\/www.pruvost-sports.com\/boutique\/wp-json\/wp\/v2\/product_cat?post=8771"},{"taxonomy":"product_tag","embeddable":true,"href":"https:\/\/www.pruvost-sports.com\/boutique\/wp-json\/wp\/v2\/product_tag?post=8771"}],"curies":[{"name":"wp","href":"https:\/\/api.w.org\/{rel}","templated":true}]}}