{"id":8765,"date":"2025-03-07T08:49:47","date_gmt":"2025-03-07T07:49:47","guid":{"rendered":"https:\/\/www.pruvost-sports.com\/boutique\/?post_type=product&#038;p=8765"},"modified":"2025-11-07T11:27:46","modified_gmt":"2025-11-07T10:27:46","slug":"elastique-de-force-pour-aquabike-aquafitness","status":"publish","type":"product","link":"https:\/\/www.pruvost-sports.com\/boutique\/produit\/elastique-de-force-pour-aquabike-aquafitness\/","title":{"rendered":"Elastique de force pour aquabike"},"content":{"rendered":"","protected":false},"excerpt":{"rendered":"<p>Description : L&rsquo;accessoire aquafitness incontournable.<\/p>\n<p>Ajouter de la vari\u00e9t\u00e9 et du challenge \u00e0 votre entra\u00eenement d&rsquo;aquabike avec les \u00e9lastique aquabikes : l\u00e9gers et portables.<\/p>\n<p>Id\u00e9al pour tous les niveaux d&rsquo;aquafitness, vet accessoire de r\u00e9sistance polyvalent va vous permettre de d\u00e9velopper la puissance musculaire du haut du corps, de cibler les bras et tonifier votre coeur.<\/p>\n<p>Les poign\u00e9es flexibles anti-d\u00e9rapantes garantissent une ferme prise en main au cour des exercices.<\/p>\n","protected":false},"featured_media":8766,"template":"","meta":[],"product_brand":[],"product_cat":[62],"product_tag":[],"class_list":{"0":"post-8765","1":"product","2":"type-product","3":"status-publish","4":"has-post-thumbnail","6":"product_cat-aquabike","8":"entry","9":"has-media","11":"first","12":"instock","13":"shipping-taxable","14":"purchasable","15":"product-type-simple","16":"col","17":"span_1_of_4","18":"owp-content-center","19":"owp-thumbs-layout-horizontal","20":"owp-btn-normal","21":"owp-tabs-layout-horizontal","22":"has-no-thumbnails"},"yoast_head":"<!-- This site is optimized with the Yoast SEO plugin v27.5 - https:\/\/yoast.com\/product\/yoast-seo-wordpress\/ -->\n<title>Elastique de force pour aquabike - Pruvost sport piscine<\/title>\n<meta name=\"robots\" content=\"index, follow, max-snippet:-1, max-image-preview:large, max-video-preview:-1\" \/>\n<link rel=\"canonical\" href=\"https:\/\/www.pruvost-sports.com\/boutique\/produit\/elastique-de-force-pour-aquabike-aquafitness\/\" \/>\n<meta property=\"og:locale\" content=\"fr_FR\" \/>\n<meta property=\"og:type\" content=\"article\" \/>\n<meta property=\"og:title\" content=\"Elastique de force pour aquabike - Pruvost sport piscine\" \/>\n<meta property=\"og:description\" content=\"Description : L&#039;accessoire aquafitness incontournable.  Ajouter de la vari\u00e9t\u00e9 et du challenge \u00e0 votre entra\u00eenement d&#039;aquabike avec les \u00e9lastique aquabikes : l\u00e9gers et portables.  Id\u00e9al pour tous les niveaux d&#039;aquafitness, vet accessoire de r\u00e9sistance polyvalent va vous permettre de d\u00e9velopper la puissance musculaire du haut du corps, de cibler les bras et tonifier votre coeur.  Les poign\u00e9es flexibles anti-d\u00e9rapantes garantissent une ferme prise en main au cour des exercices.\" \/>\n<meta property=\"og:url\" content=\"https:\/\/www.pruvost-sports.com\/boutique\/produit\/elastique-de-force-pour-aquabike-aquafitness\/\" \/>\n<meta property=\"og:site_name\" content=\"Pruvost sport piscine\" \/>\n<meta property=\"article:modified_time\" content=\"2025-11-07T10:27:46+00:00\" \/>\n<meta property=\"og:image\" content=\"https:\/\/www.pruvost-sports.com\/boutique\/wp-content\/uploads\/2025\/03\/9536.png\" \/>\n\t<meta property=\"og:image:width\" content=\"1000\" \/>\n\t<meta property=\"og:image:height\" content=\"1000\" \/>\n\t<meta property=\"og:image:type\" content=\"image\/png\" \/>\n<meta name=\"twitter:card\" content=\"summary_large_image\" \/>\n<meta name=\"twitter:label1\" content=\"Dur\u00e9e de lecture estim\u00e9e\" \/>\n\t<meta name=\"twitter:data1\" content=\"1 minute\" \/>\n<script type=\"application\/ld+json\" class=\"yoast-schema-graph\">{\"@context\":\"https:\\\/\\\/schema.org\",\"@graph\":[{\"@type\":\"WebPage\",\"@id\":\"https:\\\/\\\/www.pruvost-sports.com\\\/boutique\\\/produit\\\/elastique-de-force-pour-aquabike-aquafitness\\\/\",\"url\":\"https:\\\/\\\/www.pruvost-sports.com\\\/boutique\\\/produit\\\/elastique-de-force-pour-aquabike-aquafitness\\\/\",\"name\":\"Elastique de force pour aquabike - Pruvost sport piscine\",\"isPartOf\":{\"@id\":\"https:\\\/\\\/www.pruvost-sports.com\\\/boutique\\\/#website\"},\"primaryImageOfPage\":{\"@id\":\"https:\\\/\\\/www.pruvost-sports.com\\\/boutique\\\/produit\\\/elastique-de-force-pour-aquabike-aquafitness\\\/#primaryimage\"},\"image\":{\"@id\":\"https:\\\/\\\/www.pruvost-sports.com\\\/boutique\\\/produit\\\/elastique-de-force-pour-aquabike-aquafitness\\\/#primaryimage\"},\"thumbnailUrl\":\"https:\\\/\\\/www.pruvost-sports.com\\\/boutique\\\/wp-content\\\/uploads\\\/2025\\\/03\\\/9536.png\",\"datePublished\":\"2025-03-07T07:49:47+00:00\",\"dateModified\":\"2025-11-07T10:27:46+00:00\",\"breadcrumb\":{\"@id\":\"https:\\\/\\\/www.pruvost-sports.com\\\/boutique\\\/produit\\\/elastique-de-force-pour-aquabike-aquafitness\\\/#breadcrumb\"},\"inLanguage\":\"fr-FR\",\"potentialAction\":[{\"@type\":\"ReadAction\",\"target\":[\"https:\\\/\\\/www.pruvost-sports.com\\\/boutique\\\/produit\\\/elastique-de-force-pour-aquabike-aquafitness\\\/\"]}]},{\"@type\":\"ImageObject\",\"inLanguage\":\"fr-FR\",\"@id\":\"https:\\\/\\\/www.pruvost-sports.com\\\/boutique\\\/produit\\\/elastique-de-force-pour-aquabike-aquafitness\\\/#primaryimage\",\"url\":\"https:\\\/\\\/www.pruvost-sports.com\\\/boutique\\\/wp-content\\\/uploads\\\/2025\\\/03\\\/9536.png\",\"contentUrl\":\"https:\\\/\\\/www.pruvost-sports.com\\\/boutique\\\/wp-content\\\/uploads\\\/2025\\\/03\\\/9536.png\",\"width\":1000,\"height\":1000},{\"@type\":\"BreadcrumbList\",\"@id\":\"https:\\\/\\\/www.pruvost-sports.com\\\/boutique\\\/produit\\\/elastique-de-force-pour-aquabike-aquafitness\\\/#breadcrumb\",\"itemListElement\":[{\"@type\":\"ListItem\",\"position\":1,\"name\":\"Accueil\",\"item\":\"https:\\\/\\\/www.pruvost-sports.com\\\/boutique\\\/\"},{\"@type\":\"ListItem\",\"position\":2,\"name\":\"Boutique\",\"item\":\"https:\\\/\\\/www.pruvost-sports.com\\\/boutique\\\/boutique\\\/\"},{\"@type\":\"ListItem\",\"position\":3,\"name\":\"Elastique de force pour aquabike\"}]},{\"@type\":\"WebSite\",\"@id\":\"https:\\\/\\\/www.pruvost-sports.com\\\/boutique\\\/#website\",\"url\":\"https:\\\/\\\/www.pruvost-sports.com\\\/boutique\\\/\",\"name\":\"Pruvost sport piscine\",\"description\":\"\",\"potentialAction\":[{\"@type\":\"SearchAction\",\"target\":{\"@type\":\"EntryPoint\",\"urlTemplate\":\"https:\\\/\\\/www.pruvost-sports.com\\\/boutique\\\/?s={search_term_string}\"},\"query-input\":{\"@type\":\"PropertyValueSpecification\",\"valueRequired\":true,\"valueName\":\"search_term_string\"}}],\"inLanguage\":\"fr-FR\"}]}<\/script>\n<!-- \/ Yoast SEO plugin. -->","yoast_head_json":{"title":"Elastique de force pour aquabike - Pruvost sport piscine","robots":{"index":"index","follow":"follow","max-snippet":"max-snippet:-1","max-image-preview":"max-image-preview:large","max-video-preview":"max-video-preview:-1"},"canonical":"https:\/\/www.pruvost-sports.com\/boutique\/produit\/elastique-de-force-pour-aquabike-aquafitness\/","og_locale":"fr_FR","og_type":"article","og_title":"Elastique de force pour aquabike - Pruvost sport piscine","og_description":"Description : L'accessoire aquafitness incontournable.  Ajouter de la vari\u00e9t\u00e9 et du challenge \u00e0 votre entra\u00eenement d'aquabike avec les \u00e9lastique aquabikes : l\u00e9gers et portables.  Id\u00e9al pour tous les niveaux d'aquafitness, vet accessoire de r\u00e9sistance polyvalent va vous permettre de d\u00e9velopper la puissance musculaire du haut du corps, de cibler les bras et tonifier votre coeur.  Les poign\u00e9es flexibles anti-d\u00e9rapantes garantissent une ferme prise en main au cour des exercices.","og_url":"https:\/\/www.pruvost-sports.com\/boutique\/produit\/elastique-de-force-pour-aquabike-aquafitness\/","og_site_name":"Pruvost sport piscine","article_modified_time":"2025-11-07T10:27:46+00:00","og_image":[{"width":1000,"height":1000,"url":"https:\/\/www.pruvost-sports.com\/boutique\/wp-content\/uploads\/2025\/03\/9536.png","type":"image\/png"}],"twitter_card":"summary_large_image","twitter_misc":{"Dur\u00e9e de lecture estim\u00e9e":"1 minute"},"schema":{"@context":"https:\/\/schema.org","@graph":[{"@type":"WebPage","@id":"https:\/\/www.pruvost-sports.com\/boutique\/produit\/elastique-de-force-pour-aquabike-aquafitness\/","url":"https:\/\/www.pruvost-sports.com\/boutique\/produit\/elastique-de-force-pour-aquabike-aquafitness\/","name":"Elastique de force pour aquabike - Pruvost sport piscine","isPartOf":{"@id":"https:\/\/www.pruvost-sports.com\/boutique\/#website"},"primaryImageOfPage":{"@id":"https:\/\/www.pruvost-sports.com\/boutique\/produit\/elastique-de-force-pour-aquabike-aquafitness\/#primaryimage"},"image":{"@id":"https:\/\/www.pruvost-sports.com\/boutique\/produit\/elastique-de-force-pour-aquabike-aquafitness\/#primaryimage"},"thumbnailUrl":"https:\/\/www.pruvost-sports.com\/boutique\/wp-content\/uploads\/2025\/03\/9536.png","datePublished":"2025-03-07T07:49:47+00:00","dateModified":"2025-11-07T10:27:46+00:00","breadcrumb":{"@id":"https:\/\/www.pruvost-sports.com\/boutique\/produit\/elastique-de-force-pour-aquabike-aquafitness\/#breadcrumb"},"inLanguage":"fr-FR","potentialAction":[{"@type":"ReadAction","target":["https:\/\/www.pruvost-sports.com\/boutique\/produit\/elastique-de-force-pour-aquabike-aquafitness\/"]}]},{"@type":"ImageObject","inLanguage":"fr-FR","@id":"https:\/\/www.pruvost-sports.com\/boutique\/produit\/elastique-de-force-pour-aquabike-aquafitness\/#primaryimage","url":"https:\/\/www.pruvost-sports.com\/boutique\/wp-content\/uploads\/2025\/03\/9536.png","contentUrl":"https:\/\/www.pruvost-sports.com\/boutique\/wp-content\/uploads\/2025\/03\/9536.png","width":1000,"height":1000},{"@type":"BreadcrumbList","@id":"https:\/\/www.pruvost-sports.com\/boutique\/produit\/elastique-de-force-pour-aquabike-aquafitness\/#breadcrumb","itemListElement":[{"@type":"ListItem","position":1,"name":"Accueil","item":"https:\/\/www.pruvost-sports.com\/boutique\/"},{"@type":"ListItem","position":2,"name":"Boutique","item":"https:\/\/www.pruvost-sports.com\/boutique\/boutique\/"},{"@type":"ListItem","position":3,"name":"Elastique de force pour aquabike"}]},{"@type":"WebSite","@id":"https:\/\/www.pruvost-sports.com\/boutique\/#website","url":"https:\/\/www.pruvost-sports.com\/boutique\/","name":"Pruvost sport piscine","description":"","potentialAction":[{"@type":"SearchAction","target":{"@type":"EntryPoint","urlTemplate":"https:\/\/www.pruvost-sports.com\/boutique\/?s={search_term_string}"},"query-input":{"@type":"PropertyValueSpecification","valueRequired":true,"valueName":"search_term_string"}}],"inLanguage":"fr-FR"}]}},"_links":{"self":[{"href":"https:\/\/www.pruvost-sports.com\/boutique\/wp-json\/wp\/v2\/product\/8765","targetHints":{"allow":["GET"]}}],"collection":[{"href":"https:\/\/www.pruvost-sports.com\/boutique\/wp-json\/wp\/v2\/product"}],"about":[{"href":"https:\/\/www.pruvost-sports.com\/boutique\/wp-json\/wp\/v2\/types\/product"}],"wp:featuredmedia":[{"embeddable":true,"href":"https:\/\/www.pruvost-sports.com\/boutique\/wp-json\/wp\/v2\/media\/8766"}],"wp:attachment":[{"href":"https:\/\/www.pruvost-sports.com\/boutique\/wp-json\/wp\/v2\/media?parent=8765"}],"wp:term":[{"taxonomy":"product_brand","embeddable":true,"href":"https:\/\/www.pruvost-sports.com\/boutique\/wp-json\/wp\/v2\/product_brand?post=8765"},{"taxonomy":"product_cat","embeddable":true,"href":"https:\/\/www.pruvost-sports.com\/boutique\/wp-json\/wp\/v2\/product_cat?post=8765"},{"taxonomy":"product_tag","embeddable":true,"href":"https:\/\/www.pruvost-sports.com\/boutique\/wp-json\/wp\/v2\/product_tag?post=8765"}],"curies":[{"name":"wp","href":"https:\/\/api.w.org\/{rel}","templated":true}]}}