{"id":8756,"date":"2025-03-04T09:00:37","date_gmt":"2025-03-04T08:00:37","guid":{"rendered":"https:\/\/www.pruvost-sports.com\/boutique\/?post_type=product&#038;p=8756"},"modified":"2025-11-07T11:28:31","modified_gmt":"2025-11-07T10:28:31","slug":"dosettes-antiseptiques-de-chlorhexidine-05-infirmerie","status":"publish","type":"product","link":"https:\/\/www.pruvost-sports.com\/boutique\/produit\/dosettes-antiseptiques-de-chlorhexidine-05-infirmerie\/","title":{"rendered":"Dosettes antiseptiques de Chlorhexidine 0,5% &#8211; 10 dosettes de 5ml"},"content":{"rendered":"","protected":false},"excerpt":{"rendered":"<p>Description : Ces dosettes antiseptiques \u00e9liminent 99,9% des bact\u00e9ries pour une action d\u00e9sinfectante de la peau saine et nettoie les plaies superficielles.<\/p>\n<p>Dosettes de chlorhexidine aqueuse \u00e0 0,5 %.<\/p>\n<p>Ne pique pas.<\/p>\n<p>Ne se rince pas.<\/p>\n<p>Simple \u00e0 utiliser.<\/p>\n<p>Unidoses de 5ml permettant s\u00e9curit\u00e9 et praticit\u00e9 d&#8217;emploi notamment en d\u00e9placement.<\/p>\n<p>Par bo\u00eete de 10 dosettes.<\/p>\n<p>Produit biocide reconnu pour ses propri\u00e9t\u00e9s bact\u00e9ricides et levuricides sur la peau en seulement 1 minute.<\/p>\n<p>Coloration du produit pour \u00e9viter le m\u00e9susage.<\/p>\n<p>Activit\u00e9 bact\u00e9ricide selon les normes EN 1040:2006 et EN 1276.<\/p>\n<p>Activit\u00e9 levuricide selon les normes EN 1275:2006 et EN 1650<\/p>\n","protected":false},"featured_media":8757,"template":"","meta":[],"product_brand":[],"product_cat":[26],"product_tag":[],"class_list":{"0":"post-8756","1":"product","2":"type-product","3":"status-publish","4":"has-post-thumbnail","6":"product_cat-infirmerie","8":"entry","9":"has-media","11":"first","12":"instock","13":"shipping-taxable","14":"purchasable","15":"product-type-simple","16":"col","17":"span_1_of_4","18":"owp-content-center","19":"owp-thumbs-layout-horizontal","20":"owp-btn-normal","21":"owp-tabs-layout-horizontal","22":"has-no-thumbnails"},"yoast_head":"<!-- This site is optimized with the Yoast SEO plugin v27.5 - https:\/\/yoast.com\/product\/yoast-seo-wordpress\/ -->\n<title>Dosettes antiseptiques de Chlorhexidine 0,5% - 10 dosettes de 5ml - Pruvost sport piscine<\/title>\n<meta name=\"robots\" content=\"index, follow, max-snippet:-1, max-image-preview:large, max-video-preview:-1\" \/>\n<link rel=\"canonical\" href=\"https:\/\/www.pruvost-sports.com\/boutique\/produit\/dosettes-antiseptiques-de-chlorhexidine-05-infirmerie\/\" \/>\n<meta property=\"og:locale\" content=\"fr_FR\" \/>\n<meta property=\"og:type\" content=\"article\" \/>\n<meta property=\"og:title\" content=\"Dosettes antiseptiques de Chlorhexidine 0,5% - 10 dosettes de 5ml - Pruvost sport piscine\" \/>\n<meta property=\"og:description\" content=\"Description : Ces dosettes antiseptiques \u00e9liminent 99,9% des bact\u00e9ries pour une action d\u00e9sinfectante de la peau saine et nettoie les plaies superficielles.  Dosettes de chlorhexidine aqueuse \u00e0 0,5 %.  Ne pique pas.  Ne se rince pas.  Simple \u00e0 utiliser.  Unidoses de 5ml permettant s\u00e9curit\u00e9 et praticit\u00e9 d&#039;emploi notamment en d\u00e9placement.  Par bo\u00eete de 10 dosettes.  Produit biocide reconnu pour ses propri\u00e9t\u00e9s bact\u00e9ricides et levuricides sur la peau en seulement 1 minute.  Coloration du produit pour \u00e9viter le m\u00e9susage.  Activit\u00e9 bact\u00e9ricide selon les normes EN 1040:2006 et EN 1276.  Activit\u00e9 levuricide selon les normes EN 1275:2006 et EN 1650\" \/>\n<meta property=\"og:url\" content=\"https:\/\/www.pruvost-sports.com\/boutique\/produit\/dosettes-antiseptiques-de-chlorhexidine-05-infirmerie\/\" \/>\n<meta property=\"og:site_name\" content=\"Pruvost sport piscine\" \/>\n<meta property=\"article:modified_time\" content=\"2025-11-07T10:28:31+00:00\" \/>\n<meta property=\"og:image\" content=\"https:\/\/www.pruvost-sports.com\/boutique\/wp-content\/uploads\/2025\/03\/uYW06iZjjpB2VQww.png\" \/>\n\t<meta property=\"og:image:width\" content=\"612\" \/>\n\t<meta property=\"og:image:height\" content=\"469\" \/>\n\t<meta property=\"og:image:type\" content=\"image\/png\" \/>\n<meta name=\"twitter:card\" content=\"summary_large_image\" \/>\n<meta name=\"twitter:label1\" content=\"Dur\u00e9e de lecture estim\u00e9e\" \/>\n\t<meta name=\"twitter:data1\" content=\"1 minute\" \/>\n<script type=\"application\/ld+json\" class=\"yoast-schema-graph\">{\"@context\":\"https:\\\/\\\/schema.org\",\"@graph\":[{\"@type\":\"WebPage\",\"@id\":\"https:\\\/\\\/www.pruvost-sports.com\\\/boutique\\\/produit\\\/dosettes-antiseptiques-de-chlorhexidine-05-infirmerie\\\/\",\"url\":\"https:\\\/\\\/www.pruvost-sports.com\\\/boutique\\\/produit\\\/dosettes-antiseptiques-de-chlorhexidine-05-infirmerie\\\/\",\"name\":\"Dosettes antiseptiques de Chlorhexidine 0,5% - 10 dosettes de 5ml - Pruvost sport piscine\",\"isPartOf\":{\"@id\":\"https:\\\/\\\/www.pruvost-sports.com\\\/boutique\\\/#website\"},\"primaryImageOfPage\":{\"@id\":\"https:\\\/\\\/www.pruvost-sports.com\\\/boutique\\\/produit\\\/dosettes-antiseptiques-de-chlorhexidine-05-infirmerie\\\/#primaryimage\"},\"image\":{\"@id\":\"https:\\\/\\\/www.pruvost-sports.com\\\/boutique\\\/produit\\\/dosettes-antiseptiques-de-chlorhexidine-05-infirmerie\\\/#primaryimage\"},\"thumbnailUrl\":\"https:\\\/\\\/www.pruvost-sports.com\\\/boutique\\\/wp-content\\\/uploads\\\/2025\\\/03\\\/uYW06iZjjpB2VQww.png\",\"datePublished\":\"2025-03-04T08:00:37+00:00\",\"dateModified\":\"2025-11-07T10:28:31+00:00\",\"breadcrumb\":{\"@id\":\"https:\\\/\\\/www.pruvost-sports.com\\\/boutique\\\/produit\\\/dosettes-antiseptiques-de-chlorhexidine-05-infirmerie\\\/#breadcrumb\"},\"inLanguage\":\"fr-FR\",\"potentialAction\":[{\"@type\":\"ReadAction\",\"target\":[\"https:\\\/\\\/www.pruvost-sports.com\\\/boutique\\\/produit\\\/dosettes-antiseptiques-de-chlorhexidine-05-infirmerie\\\/\"]}]},{\"@type\":\"ImageObject\",\"inLanguage\":\"fr-FR\",\"@id\":\"https:\\\/\\\/www.pruvost-sports.com\\\/boutique\\\/produit\\\/dosettes-antiseptiques-de-chlorhexidine-05-infirmerie\\\/#primaryimage\",\"url\":\"https:\\\/\\\/www.pruvost-sports.com\\\/boutique\\\/wp-content\\\/uploads\\\/2025\\\/03\\\/uYW06iZjjpB2VQww.png\",\"contentUrl\":\"https:\\\/\\\/www.pruvost-sports.com\\\/boutique\\\/wp-content\\\/uploads\\\/2025\\\/03\\\/uYW06iZjjpB2VQww.png\",\"width\":612,\"height\":469},{\"@type\":\"BreadcrumbList\",\"@id\":\"https:\\\/\\\/www.pruvost-sports.com\\\/boutique\\\/produit\\\/dosettes-antiseptiques-de-chlorhexidine-05-infirmerie\\\/#breadcrumb\",\"itemListElement\":[{\"@type\":\"ListItem\",\"position\":1,\"name\":\"Accueil\",\"item\":\"https:\\\/\\\/www.pruvost-sports.com\\\/boutique\\\/\"},{\"@type\":\"ListItem\",\"position\":2,\"name\":\"Boutique\",\"item\":\"https:\\\/\\\/www.pruvost-sports.com\\\/boutique\\\/boutique\\\/\"},{\"@type\":\"ListItem\",\"position\":3,\"name\":\"Dosettes antiseptiques de Chlorhexidine 0,5% &#8211; 10 dosettes de 5ml\"}]},{\"@type\":\"WebSite\",\"@id\":\"https:\\\/\\\/www.pruvost-sports.com\\\/boutique\\\/#website\",\"url\":\"https:\\\/\\\/www.pruvost-sports.com\\\/boutique\\\/\",\"name\":\"Pruvost sport piscine\",\"description\":\"\",\"potentialAction\":[{\"@type\":\"SearchAction\",\"target\":{\"@type\":\"EntryPoint\",\"urlTemplate\":\"https:\\\/\\\/www.pruvost-sports.com\\\/boutique\\\/?s={search_term_string}\"},\"query-input\":{\"@type\":\"PropertyValueSpecification\",\"valueRequired\":true,\"valueName\":\"search_term_string\"}}],\"inLanguage\":\"fr-FR\"}]}<\/script>\n<!-- \/ Yoast SEO plugin. -->","yoast_head_json":{"title":"Dosettes antiseptiques de Chlorhexidine 0,5% - 10 dosettes de 5ml - Pruvost sport piscine","robots":{"index":"index","follow":"follow","max-snippet":"max-snippet:-1","max-image-preview":"max-image-preview:large","max-video-preview":"max-video-preview:-1"},"canonical":"https:\/\/www.pruvost-sports.com\/boutique\/produit\/dosettes-antiseptiques-de-chlorhexidine-05-infirmerie\/","og_locale":"fr_FR","og_type":"article","og_title":"Dosettes antiseptiques de Chlorhexidine 0,5% - 10 dosettes de 5ml - Pruvost sport piscine","og_description":"Description : Ces dosettes antiseptiques \u00e9liminent 99,9% des bact\u00e9ries pour une action d\u00e9sinfectante de la peau saine et nettoie les plaies superficielles.  Dosettes de chlorhexidine aqueuse \u00e0 0,5 %.  Ne pique pas.  Ne se rince pas.  Simple \u00e0 utiliser.  Unidoses de 5ml permettant s\u00e9curit\u00e9 et praticit\u00e9 d'emploi notamment en d\u00e9placement.  Par bo\u00eete de 10 dosettes.  Produit biocide reconnu pour ses propri\u00e9t\u00e9s bact\u00e9ricides et levuricides sur la peau en seulement 1 minute.  Coloration du produit pour \u00e9viter le m\u00e9susage.  Activit\u00e9 bact\u00e9ricide selon les normes EN 1040:2006 et EN 1276.  Activit\u00e9 levuricide selon les normes EN 1275:2006 et EN 1650","og_url":"https:\/\/www.pruvost-sports.com\/boutique\/produit\/dosettes-antiseptiques-de-chlorhexidine-05-infirmerie\/","og_site_name":"Pruvost sport piscine","article_modified_time":"2025-11-07T10:28:31+00:00","og_image":[{"width":612,"height":469,"url":"https:\/\/www.pruvost-sports.com\/boutique\/wp-content\/uploads\/2025\/03\/uYW06iZjjpB2VQww.png","type":"image\/png"}],"twitter_card":"summary_large_image","twitter_misc":{"Dur\u00e9e de lecture estim\u00e9e":"1 minute"},"schema":{"@context":"https:\/\/schema.org","@graph":[{"@type":"WebPage","@id":"https:\/\/www.pruvost-sports.com\/boutique\/produit\/dosettes-antiseptiques-de-chlorhexidine-05-infirmerie\/","url":"https:\/\/www.pruvost-sports.com\/boutique\/produit\/dosettes-antiseptiques-de-chlorhexidine-05-infirmerie\/","name":"Dosettes antiseptiques de Chlorhexidine 0,5% - 10 dosettes de 5ml - Pruvost sport piscine","isPartOf":{"@id":"https:\/\/www.pruvost-sports.com\/boutique\/#website"},"primaryImageOfPage":{"@id":"https:\/\/www.pruvost-sports.com\/boutique\/produit\/dosettes-antiseptiques-de-chlorhexidine-05-infirmerie\/#primaryimage"},"image":{"@id":"https:\/\/www.pruvost-sports.com\/boutique\/produit\/dosettes-antiseptiques-de-chlorhexidine-05-infirmerie\/#primaryimage"},"thumbnailUrl":"https:\/\/www.pruvost-sports.com\/boutique\/wp-content\/uploads\/2025\/03\/uYW06iZjjpB2VQww.png","datePublished":"2025-03-04T08:00:37+00:00","dateModified":"2025-11-07T10:28:31+00:00","breadcrumb":{"@id":"https:\/\/www.pruvost-sports.com\/boutique\/produit\/dosettes-antiseptiques-de-chlorhexidine-05-infirmerie\/#breadcrumb"},"inLanguage":"fr-FR","potentialAction":[{"@type":"ReadAction","target":["https:\/\/www.pruvost-sports.com\/boutique\/produit\/dosettes-antiseptiques-de-chlorhexidine-05-infirmerie\/"]}]},{"@type":"ImageObject","inLanguage":"fr-FR","@id":"https:\/\/www.pruvost-sports.com\/boutique\/produit\/dosettes-antiseptiques-de-chlorhexidine-05-infirmerie\/#primaryimage","url":"https:\/\/www.pruvost-sports.com\/boutique\/wp-content\/uploads\/2025\/03\/uYW06iZjjpB2VQww.png","contentUrl":"https:\/\/www.pruvost-sports.com\/boutique\/wp-content\/uploads\/2025\/03\/uYW06iZjjpB2VQww.png","width":612,"height":469},{"@type":"BreadcrumbList","@id":"https:\/\/www.pruvost-sports.com\/boutique\/produit\/dosettes-antiseptiques-de-chlorhexidine-05-infirmerie\/#breadcrumb","itemListElement":[{"@type":"ListItem","position":1,"name":"Accueil","item":"https:\/\/www.pruvost-sports.com\/boutique\/"},{"@type":"ListItem","position":2,"name":"Boutique","item":"https:\/\/www.pruvost-sports.com\/boutique\/boutique\/"},{"@type":"ListItem","position":3,"name":"Dosettes antiseptiques de Chlorhexidine 0,5% &#8211; 10 dosettes de 5ml"}]},{"@type":"WebSite","@id":"https:\/\/www.pruvost-sports.com\/boutique\/#website","url":"https:\/\/www.pruvost-sports.com\/boutique\/","name":"Pruvost sport piscine","description":"","potentialAction":[{"@type":"SearchAction","target":{"@type":"EntryPoint","urlTemplate":"https:\/\/www.pruvost-sports.com\/boutique\/?s={search_term_string}"},"query-input":{"@type":"PropertyValueSpecification","valueRequired":true,"valueName":"search_term_string"}}],"inLanguage":"fr-FR"}]}},"_links":{"self":[{"href":"https:\/\/www.pruvost-sports.com\/boutique\/wp-json\/wp\/v2\/product\/8756","targetHints":{"allow":["GET"]}}],"collection":[{"href":"https:\/\/www.pruvost-sports.com\/boutique\/wp-json\/wp\/v2\/product"}],"about":[{"href":"https:\/\/www.pruvost-sports.com\/boutique\/wp-json\/wp\/v2\/types\/product"}],"wp:featuredmedia":[{"embeddable":true,"href":"https:\/\/www.pruvost-sports.com\/boutique\/wp-json\/wp\/v2\/media\/8757"}],"wp:attachment":[{"href":"https:\/\/www.pruvost-sports.com\/boutique\/wp-json\/wp\/v2\/media?parent=8756"}],"wp:term":[{"taxonomy":"product_brand","embeddable":true,"href":"https:\/\/www.pruvost-sports.com\/boutique\/wp-json\/wp\/v2\/product_brand?post=8756"},{"taxonomy":"product_cat","embeddable":true,"href":"https:\/\/www.pruvost-sports.com\/boutique\/wp-json\/wp\/v2\/product_cat?post=8756"},{"taxonomy":"product_tag","embeddable":true,"href":"https:\/\/www.pruvost-sports.com\/boutique\/wp-json\/wp\/v2\/product_tag?post=8756"}],"curies":[{"name":"wp","href":"https:\/\/api.w.org\/{rel}","templated":true}]}}