{"id":8752,"date":"2025-03-03T17:00:42","date_gmt":"2025-03-03T16:00:42","guid":{"rendered":"https:\/\/www.pruvost-sports.com\/boutique\/?post_type=product&#038;p=8752"},"modified":"2025-11-07T11:31:53","modified_gmt":"2025-11-07T10:31:53","slug":"coussin-hemostatique-urgence-infirmerie","status":"publish","type":"product","link":"https:\/\/www.pruvost-sports.com\/boutique\/produit\/coussin-hemostatique-urgence-infirmerie\/","title":{"rendered":"Coussin h\u00e9mostatique d&rsquo;urgence"},"content":{"rendered":"","protected":false},"excerpt":{"rendered":"<p>Description : Ce set permet d&rsquo;arr\u00eater une h\u00e9morragie externe rapidement sans stopper la circulation du sang.<\/p>\n<p>Syst\u00e8me velcro sur la bande \u00e9lastique qui contribue au maintien d&rsquo;une pression continue sur la plaie. Evite les inconv\u00e9nients du garrot, parfait en interventions d&rsquo;urgence car permet de lib\u00e9rer le secouriste de la compression manuelle qui l&rsquo;immobilise aupr\u00e8s d&rsquo;une seule victime. Longueur de bande adaptable \u00e0 tous types de morphologie.<\/p>\n<p>Mousse Polyur\u00e9thane 27 kg\/m3.<\/p>\n<p>Pansement \u00a0\u00bb Fluff Am\u00e9ricain\u00a0\u00bb 10&#215;10 cm int\u00e9gr\u00e9 au coussin de mousse. Bande \u00e9lastique de maintien 10cm x 2,5 m \u00e9tir\u00e9e solidaire du coussin. Compresse de gaze st\u00e9rile 10&#215;10 cm pli\u00e9e. Velcro de fermeture cousu sur la bande.<\/p>\n<p>Paire de gants vinyle.<\/p>\n<p>Usage unique.<\/p>\n<p>Livr\u00e9 en sachet aluminium m\u00e9tallis\u00e9 \u00e9tanche \u00e0 l&rsquo;humidit\u00e9 et l&rsquo;oxyg\u00e8ne.<\/p>\n<p>Dispositif m\u00e9dical de classe I<\/p>\n","protected":false},"featured_media":8753,"template":"","meta":[],"product_brand":[],"product_cat":[26],"product_tag":[],"class_list":{"0":"post-8752","1":"product","2":"type-product","3":"status-publish","4":"has-post-thumbnail","6":"product_cat-infirmerie","8":"entry","9":"has-media","11":"first","12":"instock","13":"shipping-taxable","14":"purchasable","15":"product-type-simple","16":"col","17":"span_1_of_4","18":"owp-content-center","19":"owp-thumbs-layout-horizontal","20":"owp-btn-normal","21":"owp-tabs-layout-horizontal","22":"has-no-thumbnails"},"yoast_head":"<!-- This site is optimized with the Yoast SEO plugin v27.5 - https:\/\/yoast.com\/product\/yoast-seo-wordpress\/ -->\n<title>Coussin h\u00e9mostatique d&#039;urgence - Pruvost sport piscine<\/title>\n<meta name=\"robots\" content=\"index, follow, max-snippet:-1, max-image-preview:large, max-video-preview:-1\" \/>\n<link rel=\"canonical\" href=\"https:\/\/www.pruvost-sports.com\/boutique\/produit\/coussin-hemostatique-urgence-infirmerie\/\" \/>\n<meta property=\"og:locale\" content=\"fr_FR\" \/>\n<meta property=\"og:type\" content=\"article\" \/>\n<meta property=\"og:title\" content=\"Coussin h\u00e9mostatique d&#039;urgence - Pruvost sport piscine\" \/>\n<meta property=\"og:description\" content=\"Description : Ce set permet d&#039;arr\u00eater une h\u00e9morragie externe rapidement sans stopper la circulation du sang.  Syst\u00e8me velcro sur la bande \u00e9lastique qui contribue au maintien d&#039;une pression continue sur la plaie. Evite les inconv\u00e9nients du garrot, parfait en interventions d&#039;urgence car permet de lib\u00e9rer le secouriste de la compression manuelle qui l&#039;immobilise aupr\u00e8s d&#039;une seule victime. Longueur de bande adaptable \u00e0 tous types de morphologie.  Mousse Polyur\u00e9thane 27 kg\/m3.  Pansement &quot; Fluff Am\u00e9ricain&quot; 10x10 cm int\u00e9gr\u00e9 au coussin de mousse. Bande \u00e9lastique de maintien 10cm x 2,5 m \u00e9tir\u00e9e solidaire du coussin. Compresse de gaze st\u00e9rile 10x10 cm pli\u00e9e. Velcro de fermeture cousu sur la bande.  Paire de gants vinyle.  Usage unique.  Livr\u00e9 en sachet aluminium m\u00e9tallis\u00e9 \u00e9tanche \u00e0 l&#039;humidit\u00e9 et l&#039;oxyg\u00e8ne.  Dispositif m\u00e9dical de classe I\" \/>\n<meta property=\"og:url\" content=\"https:\/\/www.pruvost-sports.com\/boutique\/produit\/coussin-hemostatique-urgence-infirmerie\/\" \/>\n<meta property=\"og:site_name\" content=\"Pruvost sport piscine\" \/>\n<meta property=\"article:modified_time\" content=\"2025-11-07T10:31:53+00:00\" \/>\n<meta property=\"og:image\" content=\"https:\/\/www.pruvost-sports.com\/boutique\/wp-content\/uploads\/2025\/03\/n2w0Q8rFGu1MCISr.png\" \/>\n\t<meta property=\"og:image:width\" content=\"1195\" \/>\n\t<meta property=\"og:image:height\" content=\"1195\" \/>\n\t<meta property=\"og:image:type\" content=\"image\/png\" \/>\n<meta name=\"twitter:card\" content=\"summary_large_image\" \/>\n<meta name=\"twitter:label1\" content=\"Dur\u00e9e de lecture estim\u00e9e\" \/>\n\t<meta name=\"twitter:data1\" content=\"1 minute\" \/>\n<script type=\"application\/ld+json\" class=\"yoast-schema-graph\">{\"@context\":\"https:\\\/\\\/schema.org\",\"@graph\":[{\"@type\":\"WebPage\",\"@id\":\"https:\\\/\\\/www.pruvost-sports.com\\\/boutique\\\/produit\\\/coussin-hemostatique-urgence-infirmerie\\\/\",\"url\":\"https:\\\/\\\/www.pruvost-sports.com\\\/boutique\\\/produit\\\/coussin-hemostatique-urgence-infirmerie\\\/\",\"name\":\"Coussin h\u00e9mostatique d'urgence - Pruvost sport piscine\",\"isPartOf\":{\"@id\":\"https:\\\/\\\/www.pruvost-sports.com\\\/boutique\\\/#website\"},\"primaryImageOfPage\":{\"@id\":\"https:\\\/\\\/www.pruvost-sports.com\\\/boutique\\\/produit\\\/coussin-hemostatique-urgence-infirmerie\\\/#primaryimage\"},\"image\":{\"@id\":\"https:\\\/\\\/www.pruvost-sports.com\\\/boutique\\\/produit\\\/coussin-hemostatique-urgence-infirmerie\\\/#primaryimage\"},\"thumbnailUrl\":\"https:\\\/\\\/www.pruvost-sports.com\\\/boutique\\\/wp-content\\\/uploads\\\/2025\\\/03\\\/n2w0Q8rFGu1MCISr.png\",\"datePublished\":\"2025-03-03T16:00:42+00:00\",\"dateModified\":\"2025-11-07T10:31:53+00:00\",\"breadcrumb\":{\"@id\":\"https:\\\/\\\/www.pruvost-sports.com\\\/boutique\\\/produit\\\/coussin-hemostatique-urgence-infirmerie\\\/#breadcrumb\"},\"inLanguage\":\"fr-FR\",\"potentialAction\":[{\"@type\":\"ReadAction\",\"target\":[\"https:\\\/\\\/www.pruvost-sports.com\\\/boutique\\\/produit\\\/coussin-hemostatique-urgence-infirmerie\\\/\"]}]},{\"@type\":\"ImageObject\",\"inLanguage\":\"fr-FR\",\"@id\":\"https:\\\/\\\/www.pruvost-sports.com\\\/boutique\\\/produit\\\/coussin-hemostatique-urgence-infirmerie\\\/#primaryimage\",\"url\":\"https:\\\/\\\/www.pruvost-sports.com\\\/boutique\\\/wp-content\\\/uploads\\\/2025\\\/03\\\/n2w0Q8rFGu1MCISr.png\",\"contentUrl\":\"https:\\\/\\\/www.pruvost-sports.com\\\/boutique\\\/wp-content\\\/uploads\\\/2025\\\/03\\\/n2w0Q8rFGu1MCISr.png\",\"width\":1195,\"height\":1195},{\"@type\":\"BreadcrumbList\",\"@id\":\"https:\\\/\\\/www.pruvost-sports.com\\\/boutique\\\/produit\\\/coussin-hemostatique-urgence-infirmerie\\\/#breadcrumb\",\"itemListElement\":[{\"@type\":\"ListItem\",\"position\":1,\"name\":\"Accueil\",\"item\":\"https:\\\/\\\/www.pruvost-sports.com\\\/boutique\\\/\"},{\"@type\":\"ListItem\",\"position\":2,\"name\":\"Boutique\",\"item\":\"https:\\\/\\\/www.pruvost-sports.com\\\/boutique\\\/boutique\\\/\"},{\"@type\":\"ListItem\",\"position\":3,\"name\":\"Coussin h\u00e9mostatique d&rsquo;urgence\"}]},{\"@type\":\"WebSite\",\"@id\":\"https:\\\/\\\/www.pruvost-sports.com\\\/boutique\\\/#website\",\"url\":\"https:\\\/\\\/www.pruvost-sports.com\\\/boutique\\\/\",\"name\":\"Pruvost sport piscine\",\"description\":\"\",\"potentialAction\":[{\"@type\":\"SearchAction\",\"target\":{\"@type\":\"EntryPoint\",\"urlTemplate\":\"https:\\\/\\\/www.pruvost-sports.com\\\/boutique\\\/?s={search_term_string}\"},\"query-input\":{\"@type\":\"PropertyValueSpecification\",\"valueRequired\":true,\"valueName\":\"search_term_string\"}}],\"inLanguage\":\"fr-FR\"}]}<\/script>\n<!-- \/ Yoast SEO plugin. -->","yoast_head_json":{"title":"Coussin h\u00e9mostatique d'urgence - Pruvost sport piscine","robots":{"index":"index","follow":"follow","max-snippet":"max-snippet:-1","max-image-preview":"max-image-preview:large","max-video-preview":"max-video-preview:-1"},"canonical":"https:\/\/www.pruvost-sports.com\/boutique\/produit\/coussin-hemostatique-urgence-infirmerie\/","og_locale":"fr_FR","og_type":"article","og_title":"Coussin h\u00e9mostatique d'urgence - Pruvost sport piscine","og_description":"Description : Ce set permet d'arr\u00eater une h\u00e9morragie externe rapidement sans stopper la circulation du sang.  Syst\u00e8me velcro sur la bande \u00e9lastique qui contribue au maintien d'une pression continue sur la plaie. Evite les inconv\u00e9nients du garrot, parfait en interventions d'urgence car permet de lib\u00e9rer le secouriste de la compression manuelle qui l'immobilise aupr\u00e8s d'une seule victime. Longueur de bande adaptable \u00e0 tous types de morphologie.  Mousse Polyur\u00e9thane 27 kg\/m3.  Pansement \" Fluff Am\u00e9ricain\" 10x10 cm int\u00e9gr\u00e9 au coussin de mousse. Bande \u00e9lastique de maintien 10cm x 2,5 m \u00e9tir\u00e9e solidaire du coussin. Compresse de gaze st\u00e9rile 10x10 cm pli\u00e9e. Velcro de fermeture cousu sur la bande.  Paire de gants vinyle.  Usage unique.  Livr\u00e9 en sachet aluminium m\u00e9tallis\u00e9 \u00e9tanche \u00e0 l'humidit\u00e9 et l'oxyg\u00e8ne.  Dispositif m\u00e9dical de classe I","og_url":"https:\/\/www.pruvost-sports.com\/boutique\/produit\/coussin-hemostatique-urgence-infirmerie\/","og_site_name":"Pruvost sport piscine","article_modified_time":"2025-11-07T10:31:53+00:00","og_image":[{"width":1195,"height":1195,"url":"https:\/\/www.pruvost-sports.com\/boutique\/wp-content\/uploads\/2025\/03\/n2w0Q8rFGu1MCISr.png","type":"image\/png"}],"twitter_card":"summary_large_image","twitter_misc":{"Dur\u00e9e de lecture estim\u00e9e":"1 minute"},"schema":{"@context":"https:\/\/schema.org","@graph":[{"@type":"WebPage","@id":"https:\/\/www.pruvost-sports.com\/boutique\/produit\/coussin-hemostatique-urgence-infirmerie\/","url":"https:\/\/www.pruvost-sports.com\/boutique\/produit\/coussin-hemostatique-urgence-infirmerie\/","name":"Coussin h\u00e9mostatique d'urgence - Pruvost sport piscine","isPartOf":{"@id":"https:\/\/www.pruvost-sports.com\/boutique\/#website"},"primaryImageOfPage":{"@id":"https:\/\/www.pruvost-sports.com\/boutique\/produit\/coussin-hemostatique-urgence-infirmerie\/#primaryimage"},"image":{"@id":"https:\/\/www.pruvost-sports.com\/boutique\/produit\/coussin-hemostatique-urgence-infirmerie\/#primaryimage"},"thumbnailUrl":"https:\/\/www.pruvost-sports.com\/boutique\/wp-content\/uploads\/2025\/03\/n2w0Q8rFGu1MCISr.png","datePublished":"2025-03-03T16:00:42+00:00","dateModified":"2025-11-07T10:31:53+00:00","breadcrumb":{"@id":"https:\/\/www.pruvost-sports.com\/boutique\/produit\/coussin-hemostatique-urgence-infirmerie\/#breadcrumb"},"inLanguage":"fr-FR","potentialAction":[{"@type":"ReadAction","target":["https:\/\/www.pruvost-sports.com\/boutique\/produit\/coussin-hemostatique-urgence-infirmerie\/"]}]},{"@type":"ImageObject","inLanguage":"fr-FR","@id":"https:\/\/www.pruvost-sports.com\/boutique\/produit\/coussin-hemostatique-urgence-infirmerie\/#primaryimage","url":"https:\/\/www.pruvost-sports.com\/boutique\/wp-content\/uploads\/2025\/03\/n2w0Q8rFGu1MCISr.png","contentUrl":"https:\/\/www.pruvost-sports.com\/boutique\/wp-content\/uploads\/2025\/03\/n2w0Q8rFGu1MCISr.png","width":1195,"height":1195},{"@type":"BreadcrumbList","@id":"https:\/\/www.pruvost-sports.com\/boutique\/produit\/coussin-hemostatique-urgence-infirmerie\/#breadcrumb","itemListElement":[{"@type":"ListItem","position":1,"name":"Accueil","item":"https:\/\/www.pruvost-sports.com\/boutique\/"},{"@type":"ListItem","position":2,"name":"Boutique","item":"https:\/\/www.pruvost-sports.com\/boutique\/boutique\/"},{"@type":"ListItem","position":3,"name":"Coussin h\u00e9mostatique d&rsquo;urgence"}]},{"@type":"WebSite","@id":"https:\/\/www.pruvost-sports.com\/boutique\/#website","url":"https:\/\/www.pruvost-sports.com\/boutique\/","name":"Pruvost sport piscine","description":"","potentialAction":[{"@type":"SearchAction","target":{"@type":"EntryPoint","urlTemplate":"https:\/\/www.pruvost-sports.com\/boutique\/?s={search_term_string}"},"query-input":{"@type":"PropertyValueSpecification","valueRequired":true,"valueName":"search_term_string"}}],"inLanguage":"fr-FR"}]}},"_links":{"self":[{"href":"https:\/\/www.pruvost-sports.com\/boutique\/wp-json\/wp\/v2\/product\/8752","targetHints":{"allow":["GET"]}}],"collection":[{"href":"https:\/\/www.pruvost-sports.com\/boutique\/wp-json\/wp\/v2\/product"}],"about":[{"href":"https:\/\/www.pruvost-sports.com\/boutique\/wp-json\/wp\/v2\/types\/product"}],"wp:featuredmedia":[{"embeddable":true,"href":"https:\/\/www.pruvost-sports.com\/boutique\/wp-json\/wp\/v2\/media\/8753"}],"wp:attachment":[{"href":"https:\/\/www.pruvost-sports.com\/boutique\/wp-json\/wp\/v2\/media?parent=8752"}],"wp:term":[{"taxonomy":"product_brand","embeddable":true,"href":"https:\/\/www.pruvost-sports.com\/boutique\/wp-json\/wp\/v2\/product_brand?post=8752"},{"taxonomy":"product_cat","embeddable":true,"href":"https:\/\/www.pruvost-sports.com\/boutique\/wp-json\/wp\/v2\/product_cat?post=8752"},{"taxonomy":"product_tag","embeddable":true,"href":"https:\/\/www.pruvost-sports.com\/boutique\/wp-json\/wp\/v2\/product_tag?post=8752"}],"curies":[{"name":"wp","href":"https:\/\/api.w.org\/{rel}","templated":true}]}}