{"id":8663,"date":"2024-12-17T09:51:19","date_gmt":"2024-12-17T08:51:19","guid":{"rendered":"https:\/\/www.pruvost-sports.com\/boutique\/?post_type=product&#038;p=8663"},"modified":"2024-12-17T10:03:25","modified_gmt":"2024-12-17T09:03:25","slug":"mannequin-de-sauvetage-piscine-ruth-lee","status":"publish","type":"product","link":"https:\/\/www.pruvost-sports.com\/boutique\/produit\/mannequin-de-sauvetage-piscine-ruth-lee\/","title":{"rendered":"MANNEQUIN DE SAUVETAGE PISCINE RUTH LEE"},"content":{"rendered":"","protected":false},"excerpt":{"rendered":"<p>Le mannequin d\u2019entra\u00eenement au sauvetage en piscine est la solution id\u00e9ale pour tous les entra\u00eenements mis en \u0153uvre par les ma\u00eetres-nageurs sauveteurs.<\/p>\n<p>Le mannequin d\u2019entra\u00eenement au sauvetage en piscine Ruth Lee est con\u00e7u pour permettre de pratiquer les diff\u00e9rentes techniques de remorquage et r\u00e9volutionner les m\u00e9thodes d\u2019entra\u00eenements des ma\u00eetres-nageurs sauveteurs. Ce produit combine les diff\u00e9rents \u00e9l\u00e9ments de sauvetage en piscine.<\/p>\n<p>&nbsp;<\/p>\n<p>UNE ANATOMIE REALISTE<br \/>\nAnatomie et une r\u00e9partition du poids fid\u00e8le \u00e0 une victime inanim\u00e9<\/p>\n<p>DES ENTRAINEMENTS REALISTES<br \/>\nAm\u00e9lioration des performances des sauveteurs<\/p>\n<p>POLYVALENT<br \/>\nUn unique mannequin pour tout l&rsquo;entra\u00eenement : r\u00e9cup\u00e9ration au fond de l&rsquo;eau, remorquage et sortie de l&rsquo;eau<\/p>\n<p>+ fiche technique ci jointe.<\/p>\n","protected":false},"featured_media":8668,"template":"","meta":[],"product_brand":[],"product_cat":[23,51],"product_tag":[2919,2918,2920,2900],"class_list":{"0":"post-8663","1":"product","2":"type-product","3":"status-publish","4":"has-post-thumbnail","6":"product_cat-hygiene-et-securite","7":"product_cat-surveillance-baignade","8":"product_tag-apprentisage","9":"product_tag-mannequin","10":"product_tag-sauvetage","11":"product_tag-securite","12":"pa_poids-16kg","13":"pa_poids-30kg","15":"entry","16":"has-media","18":"first","19":"instock","20":"shipping-taxable","21":"purchasable","22":"product-type-variable","23":"col","24":"span_1_of_4","25":"owp-content-center","26":"owp-thumbs-layout-horizontal","27":"owp-btn-normal","28":"owp-tabs-layout-horizontal"},"yoast_head":"<!-- This site is optimized with the Yoast SEO plugin v27.5 - https:\/\/yoast.com\/product\/yoast-seo-wordpress\/ -->\n<title>MANNEQUIN DE SAUVETAGE PISCINE RUTH LEE - Pruvost sport piscine<\/title>\n<meta name=\"robots\" content=\"index, follow, max-snippet:-1, max-image-preview:large, max-video-preview:-1\" \/>\n<link rel=\"canonical\" href=\"https:\/\/www.pruvost-sports.com\/boutique\/produit\/mannequin-de-sauvetage-piscine-ruth-lee\/\" \/>\n<meta property=\"og:locale\" content=\"fr_FR\" \/>\n<meta property=\"og:type\" content=\"article\" \/>\n<meta property=\"og:title\" content=\"MANNEQUIN DE SAUVETAGE PISCINE RUTH LEE - Pruvost sport piscine\" \/>\n<meta property=\"og:description\" content=\"Le mannequin d\u2019entra\u00eenement au sauvetage en piscine est la solution id\u00e9ale pour tous les entra\u00eenements mis en \u0153uvre par les ma\u00eetres-nageurs sauveteurs.  Le mannequin d\u2019entra\u00eenement au sauvetage en piscine Ruth Lee est con\u00e7u pour permettre de pratiquer les diff\u00e9rentes techniques de remorquage et r\u00e9volutionner les m\u00e9thodes d\u2019entra\u00eenements des ma\u00eetres-nageurs sauveteurs. Ce produit combine les diff\u00e9rents \u00e9l\u00e9ments de sauvetage en piscine.  &nbsp;  UNE ANATOMIE REALISTE Anatomie et une r\u00e9partition du poids fid\u00e8le \u00e0 une victime inanim\u00e9  DES ENTRAINEMENTS REALISTES Am\u00e9lioration des performances des sauveteurs  POLYVALENT Un unique mannequin pour tout l&#039;entra\u00eenement : r\u00e9cup\u00e9ration au fond de l&#039;eau, remorquage et sortie de l&#039;eau  + fiche technique ci jointe.\" \/>\n<meta property=\"og:url\" content=\"https:\/\/www.pruvost-sports.com\/boutique\/produit\/mannequin-de-sauvetage-piscine-ruth-lee\/\" \/>\n<meta property=\"og:site_name\" content=\"Pruvost sport piscine\" \/>\n<meta property=\"article:modified_time\" content=\"2024-12-17T09:03:25+00:00\" \/>\n<meta property=\"og:image\" content=\"https:\/\/www.pruvost-sports.com\/boutique\/wp-content\/uploads\/2024\/12\/0hkrg9xfObGyYck4.png\" \/>\n\t<meta property=\"og:image:width\" content=\"627\" \/>\n\t<meta property=\"og:image:height\" content=\"864\" \/>\n\t<meta property=\"og:image:type\" content=\"image\/png\" \/>\n<meta name=\"twitter:card\" content=\"summary_large_image\" \/>\n<meta name=\"twitter:label1\" content=\"Dur\u00e9e de lecture estim\u00e9e\" \/>\n\t<meta name=\"twitter:data1\" content=\"1 minute\" \/>\n<script type=\"application\/ld+json\" class=\"yoast-schema-graph\">{\"@context\":\"https:\\\/\\\/schema.org\",\"@graph\":[{\"@type\":\"WebPage\",\"@id\":\"https:\\\/\\\/www.pruvost-sports.com\\\/boutique\\\/produit\\\/mannequin-de-sauvetage-piscine-ruth-lee\\\/\",\"url\":\"https:\\\/\\\/www.pruvost-sports.com\\\/boutique\\\/produit\\\/mannequin-de-sauvetage-piscine-ruth-lee\\\/\",\"name\":\"MANNEQUIN DE SAUVETAGE PISCINE RUTH LEE - Pruvost sport piscine\",\"isPartOf\":{\"@id\":\"https:\\\/\\\/www.pruvost-sports.com\\\/boutique\\\/#website\"},\"primaryImageOfPage\":{\"@id\":\"https:\\\/\\\/www.pruvost-sports.com\\\/boutique\\\/produit\\\/mannequin-de-sauvetage-piscine-ruth-lee\\\/#primaryimage\"},\"image\":{\"@id\":\"https:\\\/\\\/www.pruvost-sports.com\\\/boutique\\\/produit\\\/mannequin-de-sauvetage-piscine-ruth-lee\\\/#primaryimage\"},\"thumbnailUrl\":\"https:\\\/\\\/www.pruvost-sports.com\\\/boutique\\\/wp-content\\\/uploads\\\/2024\\\/12\\\/0hkrg9xfObGyYck4.png\",\"datePublished\":\"2024-12-17T08:51:19+00:00\",\"dateModified\":\"2024-12-17T09:03:25+00:00\",\"breadcrumb\":{\"@id\":\"https:\\\/\\\/www.pruvost-sports.com\\\/boutique\\\/produit\\\/mannequin-de-sauvetage-piscine-ruth-lee\\\/#breadcrumb\"},\"inLanguage\":\"fr-FR\",\"potentialAction\":[{\"@type\":\"ReadAction\",\"target\":[\"https:\\\/\\\/www.pruvost-sports.com\\\/boutique\\\/produit\\\/mannequin-de-sauvetage-piscine-ruth-lee\\\/\"]}]},{\"@type\":\"ImageObject\",\"inLanguage\":\"fr-FR\",\"@id\":\"https:\\\/\\\/www.pruvost-sports.com\\\/boutique\\\/produit\\\/mannequin-de-sauvetage-piscine-ruth-lee\\\/#primaryimage\",\"url\":\"https:\\\/\\\/www.pruvost-sports.com\\\/boutique\\\/wp-content\\\/uploads\\\/2024\\\/12\\\/0hkrg9xfObGyYck4.png\",\"contentUrl\":\"https:\\\/\\\/www.pruvost-sports.com\\\/boutique\\\/wp-content\\\/uploads\\\/2024\\\/12\\\/0hkrg9xfObGyYck4.png\",\"width\":627,\"height\":864},{\"@type\":\"BreadcrumbList\",\"@id\":\"https:\\\/\\\/www.pruvost-sports.com\\\/boutique\\\/produit\\\/mannequin-de-sauvetage-piscine-ruth-lee\\\/#breadcrumb\",\"itemListElement\":[{\"@type\":\"ListItem\",\"position\":1,\"name\":\"Accueil\",\"item\":\"https:\\\/\\\/www.pruvost-sports.com\\\/boutique\\\/\"},{\"@type\":\"ListItem\",\"position\":2,\"name\":\"Boutique\",\"item\":\"https:\\\/\\\/www.pruvost-sports.com\\\/boutique\\\/boutique\\\/\"},{\"@type\":\"ListItem\",\"position\":3,\"name\":\"MANNEQUIN DE SAUVETAGE PISCINE RUTH LEE\"}]},{\"@type\":\"WebSite\",\"@id\":\"https:\\\/\\\/www.pruvost-sports.com\\\/boutique\\\/#website\",\"url\":\"https:\\\/\\\/www.pruvost-sports.com\\\/boutique\\\/\",\"name\":\"Pruvost sport piscine\",\"description\":\"\",\"potentialAction\":[{\"@type\":\"SearchAction\",\"target\":{\"@type\":\"EntryPoint\",\"urlTemplate\":\"https:\\\/\\\/www.pruvost-sports.com\\\/boutique\\\/?s={search_term_string}\"},\"query-input\":{\"@type\":\"PropertyValueSpecification\",\"valueRequired\":true,\"valueName\":\"search_term_string\"}}],\"inLanguage\":\"fr-FR\"}]}<\/script>\n<!-- \/ Yoast SEO plugin. -->","yoast_head_json":{"title":"MANNEQUIN DE SAUVETAGE PISCINE RUTH LEE - Pruvost sport piscine","robots":{"index":"index","follow":"follow","max-snippet":"max-snippet:-1","max-image-preview":"max-image-preview:large","max-video-preview":"max-video-preview:-1"},"canonical":"https:\/\/www.pruvost-sports.com\/boutique\/produit\/mannequin-de-sauvetage-piscine-ruth-lee\/","og_locale":"fr_FR","og_type":"article","og_title":"MANNEQUIN DE SAUVETAGE PISCINE RUTH LEE - Pruvost sport piscine","og_description":"Le mannequin d\u2019entra\u00eenement au sauvetage en piscine est la solution id\u00e9ale pour tous les entra\u00eenements mis en \u0153uvre par les ma\u00eetres-nageurs sauveteurs.  Le mannequin d\u2019entra\u00eenement au sauvetage en piscine Ruth Lee est con\u00e7u pour permettre de pratiquer les diff\u00e9rentes techniques de remorquage et r\u00e9volutionner les m\u00e9thodes d\u2019entra\u00eenements des ma\u00eetres-nageurs sauveteurs. Ce produit combine les diff\u00e9rents \u00e9l\u00e9ments de sauvetage en piscine.  &nbsp;  UNE ANATOMIE REALISTE Anatomie et une r\u00e9partition du poids fid\u00e8le \u00e0 une victime inanim\u00e9  DES ENTRAINEMENTS REALISTES Am\u00e9lioration des performances des sauveteurs  POLYVALENT Un unique mannequin pour tout l'entra\u00eenement : r\u00e9cup\u00e9ration au fond de l'eau, remorquage et sortie de l'eau  + fiche technique ci jointe.","og_url":"https:\/\/www.pruvost-sports.com\/boutique\/produit\/mannequin-de-sauvetage-piscine-ruth-lee\/","og_site_name":"Pruvost sport piscine","article_modified_time":"2024-12-17T09:03:25+00:00","og_image":[{"width":627,"height":864,"url":"https:\/\/www.pruvost-sports.com\/boutique\/wp-content\/uploads\/2024\/12\/0hkrg9xfObGyYck4.png","type":"image\/png"}],"twitter_card":"summary_large_image","twitter_misc":{"Dur\u00e9e de lecture estim\u00e9e":"1 minute"},"schema":{"@context":"https:\/\/schema.org","@graph":[{"@type":"WebPage","@id":"https:\/\/www.pruvost-sports.com\/boutique\/produit\/mannequin-de-sauvetage-piscine-ruth-lee\/","url":"https:\/\/www.pruvost-sports.com\/boutique\/produit\/mannequin-de-sauvetage-piscine-ruth-lee\/","name":"MANNEQUIN DE SAUVETAGE PISCINE RUTH LEE - Pruvost sport piscine","isPartOf":{"@id":"https:\/\/www.pruvost-sports.com\/boutique\/#website"},"primaryImageOfPage":{"@id":"https:\/\/www.pruvost-sports.com\/boutique\/produit\/mannequin-de-sauvetage-piscine-ruth-lee\/#primaryimage"},"image":{"@id":"https:\/\/www.pruvost-sports.com\/boutique\/produit\/mannequin-de-sauvetage-piscine-ruth-lee\/#primaryimage"},"thumbnailUrl":"https:\/\/www.pruvost-sports.com\/boutique\/wp-content\/uploads\/2024\/12\/0hkrg9xfObGyYck4.png","datePublished":"2024-12-17T08:51:19+00:00","dateModified":"2024-12-17T09:03:25+00:00","breadcrumb":{"@id":"https:\/\/www.pruvost-sports.com\/boutique\/produit\/mannequin-de-sauvetage-piscine-ruth-lee\/#breadcrumb"},"inLanguage":"fr-FR","potentialAction":[{"@type":"ReadAction","target":["https:\/\/www.pruvost-sports.com\/boutique\/produit\/mannequin-de-sauvetage-piscine-ruth-lee\/"]}]},{"@type":"ImageObject","inLanguage":"fr-FR","@id":"https:\/\/www.pruvost-sports.com\/boutique\/produit\/mannequin-de-sauvetage-piscine-ruth-lee\/#primaryimage","url":"https:\/\/www.pruvost-sports.com\/boutique\/wp-content\/uploads\/2024\/12\/0hkrg9xfObGyYck4.png","contentUrl":"https:\/\/www.pruvost-sports.com\/boutique\/wp-content\/uploads\/2024\/12\/0hkrg9xfObGyYck4.png","width":627,"height":864},{"@type":"BreadcrumbList","@id":"https:\/\/www.pruvost-sports.com\/boutique\/produit\/mannequin-de-sauvetage-piscine-ruth-lee\/#breadcrumb","itemListElement":[{"@type":"ListItem","position":1,"name":"Accueil","item":"https:\/\/www.pruvost-sports.com\/boutique\/"},{"@type":"ListItem","position":2,"name":"Boutique","item":"https:\/\/www.pruvost-sports.com\/boutique\/boutique\/"},{"@type":"ListItem","position":3,"name":"MANNEQUIN DE SAUVETAGE PISCINE RUTH LEE"}]},{"@type":"WebSite","@id":"https:\/\/www.pruvost-sports.com\/boutique\/#website","url":"https:\/\/www.pruvost-sports.com\/boutique\/","name":"Pruvost sport piscine","description":"","potentialAction":[{"@type":"SearchAction","target":{"@type":"EntryPoint","urlTemplate":"https:\/\/www.pruvost-sports.com\/boutique\/?s={search_term_string}"},"query-input":{"@type":"PropertyValueSpecification","valueRequired":true,"valueName":"search_term_string"}}],"inLanguage":"fr-FR"}]}},"_links":{"self":[{"href":"https:\/\/www.pruvost-sports.com\/boutique\/wp-json\/wp\/v2\/product\/8663","targetHints":{"allow":["GET"]}}],"collection":[{"href":"https:\/\/www.pruvost-sports.com\/boutique\/wp-json\/wp\/v2\/product"}],"about":[{"href":"https:\/\/www.pruvost-sports.com\/boutique\/wp-json\/wp\/v2\/types\/product"}],"wp:featuredmedia":[{"embeddable":true,"href":"https:\/\/www.pruvost-sports.com\/boutique\/wp-json\/wp\/v2\/media\/8668"}],"wp:attachment":[{"href":"https:\/\/www.pruvost-sports.com\/boutique\/wp-json\/wp\/v2\/media?parent=8663"}],"wp:term":[{"taxonomy":"product_brand","embeddable":true,"href":"https:\/\/www.pruvost-sports.com\/boutique\/wp-json\/wp\/v2\/product_brand?post=8663"},{"taxonomy":"product_cat","embeddable":true,"href":"https:\/\/www.pruvost-sports.com\/boutique\/wp-json\/wp\/v2\/product_cat?post=8663"},{"taxonomy":"product_tag","embeddable":true,"href":"https:\/\/www.pruvost-sports.com\/boutique\/wp-json\/wp\/v2\/product_tag?post=8663"}],"curies":[{"name":"wp","href":"https:\/\/api.w.org\/{rel}","templated":true}]}}