{"id":866,"date":"2014-05-16T14:55:56","date_gmt":"2014-05-16T12:55:56","guid":{"rendered":"https:\/\/www.pruvost-sports.com\/boutique\/?product=parc-de-bebe"},"modified":"2014-05-16T14:55:56","modified_gmt":"2014-05-16T12:55:56","slug":"parc-de-bebe","status":"publish","type":"product","link":"https:\/\/www.pruvost-sports.com\/boutique\/produit\/parc-de-bebe\/","title":{"rendered":"Parc de b\u00e9b\u00e9 r\u00e9sine"},"content":{"rendered":"<p>Produit de grande qualit&eacute;, la r&eacute;sine est<br \/>r&eacute;sistante &agrave; l&rsquo;eau,&nbsp;aux produits corrosifs<br \/>comme le sel, le chlore ou les produits<br \/>nettoyants.<\/p>\n<p>Sa surface lisse garantit un confort,&nbsp;<br \/>une s&eacute;curit&eacute; et une hygi&egrave;ne optimales<\/p>\n","protected":false},"excerpt":{"rendered":"<p><span style=\"font-family: Verdana; font-size: 12pt;\"><span style=\"font-weight: bold; font-size: 12pt;\">Parc de b&eacute;b&eacute; en r&eacute;sine<\/span><\/span><\/p>\n<p><span style=\"font-family: Verdana; font-size: 12pt;\">Dimensions : 122 x 94 x 87 cm (LxPxH)<br \/><\/span><span style=\"font-family: Verdana; font-size: 12pt;\">Avec tapis mousse certifi&eacute; NEN EN 12221<\/span><\/p>\n","protected":false},"featured_media":865,"template":"","meta":[],"product_brand":[],"product_cat":[78],"product_tag":[791,793,792],"class_list":{"0":"post-866","1":"product","2":"type-product","3":"status-publish","4":"has-post-thumbnail","6":"product_cat-mobilier-et-rangement","7":"product_tag-parc-bebe","8":"product_tag-parc-bebe-piscine","9":"product_tag-parc-bebe-plastique","11":"entry","12":"has-media","14":"first","15":"instock","16":"shipping-taxable","17":"purchasable","18":"product-type-simple","19":"col","20":"span_1_of_4","21":"owp-content-center","22":"owp-thumbs-layout-horizontal","23":"owp-btn-normal","24":"owp-tabs-layout-horizontal","25":"has-no-thumbnails"},"yoast_head":"<!-- This site is optimized with the Yoast SEO plugin v27.5 - https:\/\/yoast.com\/product\/yoast-seo-wordpress\/ -->\n<title>parc b\u00e9b\u00e9 piscine parc b\u00e9b\u00e9 r\u00e9a parc b\u00e9b\u00e9 plastique<\/title>\n<meta name=\"description\" content=\"Parc b\u00e9b\u00e9 piscine\" \/>\n<meta name=\"robots\" content=\"index, follow, max-snippet:-1, max-image-preview:large, max-video-preview:-1\" \/>\n<link rel=\"canonical\" href=\"https:\/\/www.pruvost-sports.com\/boutique\/produit\/parc-de-bebe\/\" \/>\n<meta property=\"og:locale\" content=\"fr_FR\" \/>\n<meta property=\"og:type\" content=\"article\" \/>\n<meta property=\"og:title\" content=\"parc b\u00e9b\u00e9 piscine parc b\u00e9b\u00e9 r\u00e9a parc b\u00e9b\u00e9 plastique\" \/>\n<meta property=\"og:description\" content=\"Parc b\u00e9b\u00e9 piscine\" \/>\n<meta property=\"og:url\" content=\"https:\/\/www.pruvost-sports.com\/boutique\/produit\/parc-de-bebe\/\" \/>\n<meta property=\"og:site_name\" content=\"Pruvost sport piscine\" \/>\n<meta property=\"og:image\" content=\"https:\/\/www.pruvost-sports.com\/boutique\/wp-content\/uploads\/2014\/05\/304-Parc-de-bebe.jpg\" \/>\n\t<meta property=\"og:image:width\" content=\"300\" \/>\n\t<meta property=\"og:image:height\" content=\"249\" \/>\n\t<meta property=\"og:image:type\" content=\"image\/jpeg\" \/>\n<meta name=\"twitter:card\" content=\"summary_large_image\" \/>\n<script type=\"application\/ld+json\" class=\"yoast-schema-graph\">{\"@context\":\"https:\\\/\\\/schema.org\",\"@graph\":[{\"@type\":\"WebPage\",\"@id\":\"https:\\\/\\\/www.pruvost-sports.com\\\/boutique\\\/produit\\\/parc-de-bebe\\\/\",\"url\":\"https:\\\/\\\/www.pruvost-sports.com\\\/boutique\\\/produit\\\/parc-de-bebe\\\/\",\"name\":\"parc b\u00e9b\u00e9 piscine parc b\u00e9b\u00e9 r\u00e9a parc b\u00e9b\u00e9 plastique\",\"isPartOf\":{\"@id\":\"https:\\\/\\\/www.pruvost-sports.com\\\/boutique\\\/#website\"},\"primaryImageOfPage\":{\"@id\":\"https:\\\/\\\/www.pruvost-sports.com\\\/boutique\\\/produit\\\/parc-de-bebe\\\/#primaryimage\"},\"image\":{\"@id\":\"https:\\\/\\\/www.pruvost-sports.com\\\/boutique\\\/produit\\\/parc-de-bebe\\\/#primaryimage\"},\"thumbnailUrl\":\"https:\\\/\\\/www.pruvost-sports.com\\\/boutique\\\/wp-content\\\/uploads\\\/2014\\\/05\\\/304-Parc-de-bebe.jpg\",\"datePublished\":\"2014-05-16T12:55:56+00:00\",\"description\":\"Parc b\u00e9b\u00e9 piscine\",\"breadcrumb\":{\"@id\":\"https:\\\/\\\/www.pruvost-sports.com\\\/boutique\\\/produit\\\/parc-de-bebe\\\/#breadcrumb\"},\"inLanguage\":\"fr-FR\",\"potentialAction\":[{\"@type\":\"ReadAction\",\"target\":[\"https:\\\/\\\/www.pruvost-sports.com\\\/boutique\\\/produit\\\/parc-de-bebe\\\/\"]}]},{\"@type\":\"ImageObject\",\"inLanguage\":\"fr-FR\",\"@id\":\"https:\\\/\\\/www.pruvost-sports.com\\\/boutique\\\/produit\\\/parc-de-bebe\\\/#primaryimage\",\"url\":\"https:\\\/\\\/www.pruvost-sports.com\\\/boutique\\\/wp-content\\\/uploads\\\/2014\\\/05\\\/304-Parc-de-bebe.jpg\",\"contentUrl\":\"https:\\\/\\\/www.pruvost-sports.com\\\/boutique\\\/wp-content\\\/uploads\\\/2014\\\/05\\\/304-Parc-de-bebe.jpg\",\"width\":300,\"height\":249,\"caption\":\"Parc de b\u00e9b\u00e9\"},{\"@type\":\"BreadcrumbList\",\"@id\":\"https:\\\/\\\/www.pruvost-sports.com\\\/boutique\\\/produit\\\/parc-de-bebe\\\/#breadcrumb\",\"itemListElement\":[{\"@type\":\"ListItem\",\"position\":1,\"name\":\"Accueil\",\"item\":\"https:\\\/\\\/www.pruvost-sports.com\\\/boutique\\\/\"},{\"@type\":\"ListItem\",\"position\":2,\"name\":\"Boutique\",\"item\":\"https:\\\/\\\/www.pruvost-sports.com\\\/boutique\\\/boutique\\\/\"},{\"@type\":\"ListItem\",\"position\":3,\"name\":\"Parc de b\u00e9b\u00e9 r\u00e9sine\"}]},{\"@type\":\"WebSite\",\"@id\":\"https:\\\/\\\/www.pruvost-sports.com\\\/boutique\\\/#website\",\"url\":\"https:\\\/\\\/www.pruvost-sports.com\\\/boutique\\\/\",\"name\":\"Pruvost sport piscine\",\"description\":\"\",\"potentialAction\":[{\"@type\":\"SearchAction\",\"target\":{\"@type\":\"EntryPoint\",\"urlTemplate\":\"https:\\\/\\\/www.pruvost-sports.com\\\/boutique\\\/?s={search_term_string}\"},\"query-input\":{\"@type\":\"PropertyValueSpecification\",\"valueRequired\":true,\"valueName\":\"search_term_string\"}}],\"inLanguage\":\"fr-FR\"}]}<\/script>\n<!-- \/ Yoast SEO plugin. -->","yoast_head_json":{"title":"parc b\u00e9b\u00e9 piscine parc b\u00e9b\u00e9 r\u00e9a parc b\u00e9b\u00e9 plastique","description":"Parc b\u00e9b\u00e9 piscine","robots":{"index":"index","follow":"follow","max-snippet":"max-snippet:-1","max-image-preview":"max-image-preview:large","max-video-preview":"max-video-preview:-1"},"canonical":"https:\/\/www.pruvost-sports.com\/boutique\/produit\/parc-de-bebe\/","og_locale":"fr_FR","og_type":"article","og_title":"parc b\u00e9b\u00e9 piscine parc b\u00e9b\u00e9 r\u00e9a parc b\u00e9b\u00e9 plastique","og_description":"Parc b\u00e9b\u00e9 piscine","og_url":"https:\/\/www.pruvost-sports.com\/boutique\/produit\/parc-de-bebe\/","og_site_name":"Pruvost sport piscine","og_image":[{"width":300,"height":249,"url":"https:\/\/www.pruvost-sports.com\/boutique\/wp-content\/uploads\/2014\/05\/304-Parc-de-bebe.jpg","type":"image\/jpeg"}],"twitter_card":"summary_large_image","schema":{"@context":"https:\/\/schema.org","@graph":[{"@type":"WebPage","@id":"https:\/\/www.pruvost-sports.com\/boutique\/produit\/parc-de-bebe\/","url":"https:\/\/www.pruvost-sports.com\/boutique\/produit\/parc-de-bebe\/","name":"parc b\u00e9b\u00e9 piscine parc b\u00e9b\u00e9 r\u00e9a parc b\u00e9b\u00e9 plastique","isPartOf":{"@id":"https:\/\/www.pruvost-sports.com\/boutique\/#website"},"primaryImageOfPage":{"@id":"https:\/\/www.pruvost-sports.com\/boutique\/produit\/parc-de-bebe\/#primaryimage"},"image":{"@id":"https:\/\/www.pruvost-sports.com\/boutique\/produit\/parc-de-bebe\/#primaryimage"},"thumbnailUrl":"https:\/\/www.pruvost-sports.com\/boutique\/wp-content\/uploads\/2014\/05\/304-Parc-de-bebe.jpg","datePublished":"2014-05-16T12:55:56+00:00","description":"Parc b\u00e9b\u00e9 piscine","breadcrumb":{"@id":"https:\/\/www.pruvost-sports.com\/boutique\/produit\/parc-de-bebe\/#breadcrumb"},"inLanguage":"fr-FR","potentialAction":[{"@type":"ReadAction","target":["https:\/\/www.pruvost-sports.com\/boutique\/produit\/parc-de-bebe\/"]}]},{"@type":"ImageObject","inLanguage":"fr-FR","@id":"https:\/\/www.pruvost-sports.com\/boutique\/produit\/parc-de-bebe\/#primaryimage","url":"https:\/\/www.pruvost-sports.com\/boutique\/wp-content\/uploads\/2014\/05\/304-Parc-de-bebe.jpg","contentUrl":"https:\/\/www.pruvost-sports.com\/boutique\/wp-content\/uploads\/2014\/05\/304-Parc-de-bebe.jpg","width":300,"height":249,"caption":"Parc de b\u00e9b\u00e9"},{"@type":"BreadcrumbList","@id":"https:\/\/www.pruvost-sports.com\/boutique\/produit\/parc-de-bebe\/#breadcrumb","itemListElement":[{"@type":"ListItem","position":1,"name":"Accueil","item":"https:\/\/www.pruvost-sports.com\/boutique\/"},{"@type":"ListItem","position":2,"name":"Boutique","item":"https:\/\/www.pruvost-sports.com\/boutique\/boutique\/"},{"@type":"ListItem","position":3,"name":"Parc de b\u00e9b\u00e9 r\u00e9sine"}]},{"@type":"WebSite","@id":"https:\/\/www.pruvost-sports.com\/boutique\/#website","url":"https:\/\/www.pruvost-sports.com\/boutique\/","name":"Pruvost sport piscine","description":"","potentialAction":[{"@type":"SearchAction","target":{"@type":"EntryPoint","urlTemplate":"https:\/\/www.pruvost-sports.com\/boutique\/?s={search_term_string}"},"query-input":{"@type":"PropertyValueSpecification","valueRequired":true,"valueName":"search_term_string"}}],"inLanguage":"fr-FR"}]}},"_links":{"self":[{"href":"https:\/\/www.pruvost-sports.com\/boutique\/wp-json\/wp\/v2\/product\/866","targetHints":{"allow":["GET"]}}],"collection":[{"href":"https:\/\/www.pruvost-sports.com\/boutique\/wp-json\/wp\/v2\/product"}],"about":[{"href":"https:\/\/www.pruvost-sports.com\/boutique\/wp-json\/wp\/v2\/types\/product"}],"wp:featuredmedia":[{"embeddable":true,"href":"https:\/\/www.pruvost-sports.com\/boutique\/wp-json\/wp\/v2\/media\/865"}],"wp:attachment":[{"href":"https:\/\/www.pruvost-sports.com\/boutique\/wp-json\/wp\/v2\/media?parent=866"}],"wp:term":[{"taxonomy":"product_brand","embeddable":true,"href":"https:\/\/www.pruvost-sports.com\/boutique\/wp-json\/wp\/v2\/product_brand?post=866"},{"taxonomy":"product_cat","embeddable":true,"href":"https:\/\/www.pruvost-sports.com\/boutique\/wp-json\/wp\/v2\/product_cat?post=866"},{"taxonomy":"product_tag","embeddable":true,"href":"https:\/\/www.pruvost-sports.com\/boutique\/wp-json\/wp\/v2\/product_tag?post=866"}],"curies":[{"name":"wp","href":"https:\/\/api.w.org\/{rel}","templated":true}]}}