{"id":86,"date":"2014-04-17T09:22:42","date_gmt":"2014-04-17T07:22:42","guid":{"rendered":"https:\/\/www.pruvost-sports.com\/boutique\/?product=ballon-water-polo-mikasa-junior-w6008w"},"modified":"2024-12-04T15:54:12","modified_gmt":"2024-12-04T14:54:12","slug":"ballon-water-polo-mikasa-junior-w6008w","status":"publish","type":"product","link":"https:\/\/www.pruvost-sports.com\/boutique\/produit\/ballon-water-polo-mikasa-junior-w6008w\/","title":{"rendered":"Ballon Water-polo Mikasa Junior &#8211; W6008W"},"content":{"rendered":"<div class=\"rte\">\n<p>Ballon Junior.<\/p>\n<p>Rev\u00eatement de premi\u00e8re qualit\u00e9 en Caoutchouc naturel, surface tr\u00e8s adh\u00e9rente.<\/p>\n<p>Taille 2 &#8211; Poids : 300-320 gr &#8211; Circonf\u00e9rence : 58-60 cm<\/p>\n<p>Coloris : Jaune &#8211; Bleu &#8211; Rose<\/p>\n<\/div>\n","protected":false},"excerpt":{"rendered":"<p>Ballon Water-polo Mikasa Taille 2 \u00a0 W6008W<\/p>\n","protected":false},"featured_media":85,"template":"","meta":[],"product_brand":[],"product_cat":[61],"product_tag":[440,441],"class_list":{"0":"post-86","1":"product","2":"type-product","3":"status-publish","4":"has-post-thumbnail","6":"product_cat-ballons-de-water-polo","7":"product_tag-ballon-water-polo-junior","8":"product_tag-ballon-water-polo-taille-2","10":"entry","11":"has-media","13":"first","14":"instock","15":"shipping-taxable","16":"purchasable","17":"product-type-simple","18":"col","19":"span_1_of_4","20":"owp-content-center","21":"owp-thumbs-layout-horizontal","22":"owp-btn-normal","23":"owp-tabs-layout-horizontal","24":"has-no-thumbnails"},"yoast_head":"<!-- This site is optimized with the Yoast SEO plugin v27.5 - https:\/\/yoast.com\/product\/yoast-seo-wordpress\/ -->\n<title>Ballon water-polo ballon mikasa ballon water polo mikasa<\/title>\n<meta name=\"description\" content=\"Ballon water-polo mokasa\" \/>\n<meta name=\"robots\" content=\"index, follow, max-snippet:-1, max-image-preview:large, max-video-preview:-1\" \/>\n<link rel=\"canonical\" href=\"https:\/\/www.pruvost-sports.com\/boutique\/produit\/ballon-water-polo-mikasa-junior-w6008w\/\" \/>\n<meta property=\"og:locale\" content=\"fr_FR\" \/>\n<meta property=\"og:type\" content=\"article\" \/>\n<meta property=\"og:title\" content=\"Ballon water-polo ballon mikasa ballon water polo mikasa\" \/>\n<meta property=\"og:description\" content=\"Ballon water-polo mokasa\" \/>\n<meta property=\"og:url\" content=\"https:\/\/www.pruvost-sports.com\/boutique\/produit\/ballon-water-polo-mikasa-junior-w6008w\/\" \/>\n<meta property=\"og:site_name\" content=\"Pruvost sport piscine\" \/>\n<meta property=\"article:modified_time\" content=\"2024-12-04T14:54:12+00:00\" \/>\n<meta property=\"og:image\" content=\"https:\/\/www.pruvost-sports.com\/boutique\/wp-content\/uploads\/2014\/04\/30-Ballon-Water-polo-Mikasa-Junior-W6008W.jpg\" \/>\n\t<meta property=\"og:image:width\" content=\"456\" \/>\n\t<meta property=\"og:image:height\" content=\"412\" \/>\n\t<meta property=\"og:image:type\" content=\"image\/jpeg\" \/>\n<meta name=\"twitter:card\" content=\"summary_large_image\" \/>\n<meta name=\"twitter:label1\" content=\"Dur\u00e9e de lecture estim\u00e9e\" \/>\n\t<meta name=\"twitter:data1\" content=\"1 minute\" \/>\n<script type=\"application\/ld+json\" class=\"yoast-schema-graph\">{\"@context\":\"https:\\\/\\\/schema.org\",\"@graph\":[{\"@type\":\"WebPage\",\"@id\":\"https:\\\/\\\/www.pruvost-sports.com\\\/boutique\\\/produit\\\/ballon-water-polo-mikasa-junior-w6008w\\\/\",\"url\":\"https:\\\/\\\/www.pruvost-sports.com\\\/boutique\\\/produit\\\/ballon-water-polo-mikasa-junior-w6008w\\\/\",\"name\":\"Ballon water-polo ballon mikasa ballon water polo mikasa\",\"isPartOf\":{\"@id\":\"https:\\\/\\\/www.pruvost-sports.com\\\/boutique\\\/#website\"},\"primaryImageOfPage\":{\"@id\":\"https:\\\/\\\/www.pruvost-sports.com\\\/boutique\\\/produit\\\/ballon-water-polo-mikasa-junior-w6008w\\\/#primaryimage\"},\"image\":{\"@id\":\"https:\\\/\\\/www.pruvost-sports.com\\\/boutique\\\/produit\\\/ballon-water-polo-mikasa-junior-w6008w\\\/#primaryimage\"},\"thumbnailUrl\":\"https:\\\/\\\/www.pruvost-sports.com\\\/boutique\\\/wp-content\\\/uploads\\\/2014\\\/04\\\/30-Ballon-Water-polo-Mikasa-Junior-W6008W.jpg\",\"datePublished\":\"2014-04-17T07:22:42+00:00\",\"dateModified\":\"2024-12-04T14:54:12+00:00\",\"description\":\"Ballon water-polo mokasa\",\"breadcrumb\":{\"@id\":\"https:\\\/\\\/www.pruvost-sports.com\\\/boutique\\\/produit\\\/ballon-water-polo-mikasa-junior-w6008w\\\/#breadcrumb\"},\"inLanguage\":\"fr-FR\",\"potentialAction\":[{\"@type\":\"ReadAction\",\"target\":[\"https:\\\/\\\/www.pruvost-sports.com\\\/boutique\\\/produit\\\/ballon-water-polo-mikasa-junior-w6008w\\\/\"]}]},{\"@type\":\"ImageObject\",\"inLanguage\":\"fr-FR\",\"@id\":\"https:\\\/\\\/www.pruvost-sports.com\\\/boutique\\\/produit\\\/ballon-water-polo-mikasa-junior-w6008w\\\/#primaryimage\",\"url\":\"https:\\\/\\\/www.pruvost-sports.com\\\/boutique\\\/wp-content\\\/uploads\\\/2014\\\/04\\\/30-Ballon-Water-polo-Mikasa-Junior-W6008W.jpg\",\"contentUrl\":\"https:\\\/\\\/www.pruvost-sports.com\\\/boutique\\\/wp-content\\\/uploads\\\/2014\\\/04\\\/30-Ballon-Water-polo-Mikasa-Junior-W6008W.jpg\",\"width\":456,\"height\":412,\"caption\":\"Ballon Water-polo Mikasa Junior W6008W\"},{\"@type\":\"BreadcrumbList\",\"@id\":\"https:\\\/\\\/www.pruvost-sports.com\\\/boutique\\\/produit\\\/ballon-water-polo-mikasa-junior-w6008w\\\/#breadcrumb\",\"itemListElement\":[{\"@type\":\"ListItem\",\"position\":1,\"name\":\"Accueil\",\"item\":\"https:\\\/\\\/www.pruvost-sports.com\\\/boutique\\\/\"},{\"@type\":\"ListItem\",\"position\":2,\"name\":\"Boutique\",\"item\":\"https:\\\/\\\/www.pruvost-sports.com\\\/boutique\\\/boutique\\\/\"},{\"@type\":\"ListItem\",\"position\":3,\"name\":\"Ballon Water-polo Mikasa Junior &#8211; W6008W\"}]},{\"@type\":\"WebSite\",\"@id\":\"https:\\\/\\\/www.pruvost-sports.com\\\/boutique\\\/#website\",\"url\":\"https:\\\/\\\/www.pruvost-sports.com\\\/boutique\\\/\",\"name\":\"Pruvost sport piscine\",\"description\":\"\",\"potentialAction\":[{\"@type\":\"SearchAction\",\"target\":{\"@type\":\"EntryPoint\",\"urlTemplate\":\"https:\\\/\\\/www.pruvost-sports.com\\\/boutique\\\/?s={search_term_string}\"},\"query-input\":{\"@type\":\"PropertyValueSpecification\",\"valueRequired\":true,\"valueName\":\"search_term_string\"}}],\"inLanguage\":\"fr-FR\"}]}<\/script>\n<!-- \/ Yoast SEO plugin. -->","yoast_head_json":{"title":"Ballon water-polo ballon mikasa ballon water polo mikasa","description":"Ballon water-polo mokasa","robots":{"index":"index","follow":"follow","max-snippet":"max-snippet:-1","max-image-preview":"max-image-preview:large","max-video-preview":"max-video-preview:-1"},"canonical":"https:\/\/www.pruvost-sports.com\/boutique\/produit\/ballon-water-polo-mikasa-junior-w6008w\/","og_locale":"fr_FR","og_type":"article","og_title":"Ballon water-polo ballon mikasa ballon water polo mikasa","og_description":"Ballon water-polo mokasa","og_url":"https:\/\/www.pruvost-sports.com\/boutique\/produit\/ballon-water-polo-mikasa-junior-w6008w\/","og_site_name":"Pruvost sport piscine","article_modified_time":"2024-12-04T14:54:12+00:00","og_image":[{"width":456,"height":412,"url":"https:\/\/www.pruvost-sports.com\/boutique\/wp-content\/uploads\/2014\/04\/30-Ballon-Water-polo-Mikasa-Junior-W6008W.jpg","type":"image\/jpeg"}],"twitter_card":"summary_large_image","twitter_misc":{"Dur\u00e9e de lecture estim\u00e9e":"1 minute"},"schema":{"@context":"https:\/\/schema.org","@graph":[{"@type":"WebPage","@id":"https:\/\/www.pruvost-sports.com\/boutique\/produit\/ballon-water-polo-mikasa-junior-w6008w\/","url":"https:\/\/www.pruvost-sports.com\/boutique\/produit\/ballon-water-polo-mikasa-junior-w6008w\/","name":"Ballon water-polo ballon mikasa ballon water polo mikasa","isPartOf":{"@id":"https:\/\/www.pruvost-sports.com\/boutique\/#website"},"primaryImageOfPage":{"@id":"https:\/\/www.pruvost-sports.com\/boutique\/produit\/ballon-water-polo-mikasa-junior-w6008w\/#primaryimage"},"image":{"@id":"https:\/\/www.pruvost-sports.com\/boutique\/produit\/ballon-water-polo-mikasa-junior-w6008w\/#primaryimage"},"thumbnailUrl":"https:\/\/www.pruvost-sports.com\/boutique\/wp-content\/uploads\/2014\/04\/30-Ballon-Water-polo-Mikasa-Junior-W6008W.jpg","datePublished":"2014-04-17T07:22:42+00:00","dateModified":"2024-12-04T14:54:12+00:00","description":"Ballon water-polo mokasa","breadcrumb":{"@id":"https:\/\/www.pruvost-sports.com\/boutique\/produit\/ballon-water-polo-mikasa-junior-w6008w\/#breadcrumb"},"inLanguage":"fr-FR","potentialAction":[{"@type":"ReadAction","target":["https:\/\/www.pruvost-sports.com\/boutique\/produit\/ballon-water-polo-mikasa-junior-w6008w\/"]}]},{"@type":"ImageObject","inLanguage":"fr-FR","@id":"https:\/\/www.pruvost-sports.com\/boutique\/produit\/ballon-water-polo-mikasa-junior-w6008w\/#primaryimage","url":"https:\/\/www.pruvost-sports.com\/boutique\/wp-content\/uploads\/2014\/04\/30-Ballon-Water-polo-Mikasa-Junior-W6008W.jpg","contentUrl":"https:\/\/www.pruvost-sports.com\/boutique\/wp-content\/uploads\/2014\/04\/30-Ballon-Water-polo-Mikasa-Junior-W6008W.jpg","width":456,"height":412,"caption":"Ballon Water-polo Mikasa Junior W6008W"},{"@type":"BreadcrumbList","@id":"https:\/\/www.pruvost-sports.com\/boutique\/produit\/ballon-water-polo-mikasa-junior-w6008w\/#breadcrumb","itemListElement":[{"@type":"ListItem","position":1,"name":"Accueil","item":"https:\/\/www.pruvost-sports.com\/boutique\/"},{"@type":"ListItem","position":2,"name":"Boutique","item":"https:\/\/www.pruvost-sports.com\/boutique\/boutique\/"},{"@type":"ListItem","position":3,"name":"Ballon Water-polo Mikasa Junior &#8211; W6008W"}]},{"@type":"WebSite","@id":"https:\/\/www.pruvost-sports.com\/boutique\/#website","url":"https:\/\/www.pruvost-sports.com\/boutique\/","name":"Pruvost sport piscine","description":"","potentialAction":[{"@type":"SearchAction","target":{"@type":"EntryPoint","urlTemplate":"https:\/\/www.pruvost-sports.com\/boutique\/?s={search_term_string}"},"query-input":{"@type":"PropertyValueSpecification","valueRequired":true,"valueName":"search_term_string"}}],"inLanguage":"fr-FR"}]}},"_links":{"self":[{"href":"https:\/\/www.pruvost-sports.com\/boutique\/wp-json\/wp\/v2\/product\/86","targetHints":{"allow":["GET"]}}],"collection":[{"href":"https:\/\/www.pruvost-sports.com\/boutique\/wp-json\/wp\/v2\/product"}],"about":[{"href":"https:\/\/www.pruvost-sports.com\/boutique\/wp-json\/wp\/v2\/types\/product"}],"wp:featuredmedia":[{"embeddable":true,"href":"https:\/\/www.pruvost-sports.com\/boutique\/wp-json\/wp\/v2\/media\/85"}],"wp:attachment":[{"href":"https:\/\/www.pruvost-sports.com\/boutique\/wp-json\/wp\/v2\/media?parent=86"}],"wp:term":[{"taxonomy":"product_brand","embeddable":true,"href":"https:\/\/www.pruvost-sports.com\/boutique\/wp-json\/wp\/v2\/product_brand?post=86"},{"taxonomy":"product_cat","embeddable":true,"href":"https:\/\/www.pruvost-sports.com\/boutique\/wp-json\/wp\/v2\/product_cat?post=86"},{"taxonomy":"product_tag","embeddable":true,"href":"https:\/\/www.pruvost-sports.com\/boutique\/wp-json\/wp\/v2\/product_tag?post=86"}],"curies":[{"name":"wp","href":"https:\/\/api.w.org\/{rel}","templated":true}]}}