{"id":8261,"date":"2024-08-05T11:19:47","date_gmt":"2024-08-05T09:19:47","guid":{"rendered":"https:\/\/www.pruvost-sports.com\/boutique\/?post_type=product&#038;p=8261"},"modified":"2024-08-23T11:39:08","modified_gmt":"2024-08-23T09:39:08","slug":"thermometre-digital-flottant","status":"publish","type":"product","link":"https:\/\/www.pruvost-sports.com\/boutique\/produit\/thermometre-digital-flottant\/","title":{"rendered":"Thermom\u00e8tre digital flottant"},"content":{"rendered":"<p>Caract\u00e9ristiques :<\/p>\n<ul>\n<li>-Temp : 0\u00b0 \u00e0 +50\u00b0C \/ 0,1\u00b0 \/ \u00b11\u00b0C<\/li>\n<li>-Caisson flottant\u00a0 \/ Corde 3 m<\/li>\n<li>Ecran : 71&#215;29 mm<\/li>\n<li>Dim : 235x142x142 mm \/ 45 g<\/li>\n<li>Veille prolong\u00e9e \/ Interrupteur magn\u00e9tique<\/li>\n<li>Alim : Pile AAA<\/li>\n<\/ul>\n<p>&nbsp;<\/p>\n","protected":false},"excerpt":{"rendered":"<p>Thermom\u00e8tre de piscine de grandes dimensions.<\/p>\n<p>Bo\u00eetier\u00a0 flottant et \u00e9tanche \u00e0 l&rsquo;immersion.<\/p>\n<p>Il est muni\u00a0 \u00a0d&rsquo;une corde de 3 m avec crochet mousqueton.<\/p>\n<p>Un interrupteur magn\u00e9tique\u00a0 permet\u00a0 d&rsquo;allumer et \u00e9teindre l&rsquo;affichage du thermom\u00e8tre<\/p>\n<p>sans pression sur aucun bouton pour garantir la totale \u00e9tanch\u00e9it\u00e9 du thermom\u00e8tre.<\/p>\n<p>&nbsp;<\/p>\n","protected":false},"featured_media":8262,"template":"","meta":[],"product_brand":[],"product_cat":[85],"product_tag":[1789,468],"class_list":{"0":"post-8261","1":"product","2":"type-product","3":"status-publish","4":"has-post-thumbnail","6":"product_cat-horloges-et-thermometres","7":"product_tag-thermometre-digital","8":"product_tag-thermometre-piscine","10":"entry","11":"has-media","13":"first","14":"instock","15":"shipping-taxable","16":"purchasable","17":"product-type-simple","18":"col","19":"span_1_of_4","20":"owp-content-center","21":"owp-thumbs-layout-horizontal","22":"owp-btn-normal","23":"owp-tabs-layout-horizontal","24":"has-no-thumbnails"},"yoast_head":"<!-- This site is optimized with the Yoast SEO plugin v27.5 - https:\/\/yoast.com\/product\/yoast-seo-wordpress\/ -->\n<title>Thermom\u00e8tre digital flottant - Pruvost sport piscine<\/title>\n<meta name=\"robots\" content=\"index, follow, max-snippet:-1, max-image-preview:large, max-video-preview:-1\" \/>\n<link rel=\"canonical\" href=\"https:\/\/www.pruvost-sports.com\/boutique\/produit\/thermometre-digital-flottant\/\" \/>\n<meta property=\"og:locale\" content=\"fr_FR\" \/>\n<meta property=\"og:type\" content=\"article\" \/>\n<meta property=\"og:title\" content=\"Thermom\u00e8tre digital flottant - Pruvost sport piscine\" \/>\n<meta property=\"og:description\" content=\"Thermom\u00e8tre de piscine de grandes dimensions.  Bo\u00eetier\u00a0 flottant et \u00e9tanche \u00e0 l&#039;immersion.  Il est muni\u00a0 \u00a0d&#039;une corde de 3 m avec crochet mousqueton.  Un interrupteur magn\u00e9tique\u00a0 permet\u00a0 d&#039;allumer et \u00e9teindre l&#039;affichage du thermom\u00e8tre  sans pression sur aucun bouton pour garantir la totale \u00e9tanch\u00e9it\u00e9 du thermom\u00e8tre.  &nbsp;\" \/>\n<meta property=\"og:url\" content=\"https:\/\/www.pruvost-sports.com\/boutique\/produit\/thermometre-digital-flottant\/\" \/>\n<meta property=\"og:site_name\" content=\"Pruvost sport piscine\" \/>\n<meta property=\"article:modified_time\" content=\"2024-08-23T09:39:08+00:00\" \/>\n<meta property=\"og:image\" content=\"https:\/\/www.pruvost-sports.com\/boutique\/wp-content\/uploads\/2024\/08\/thermometre-piscine-digital.jpg\" \/>\n\t<meta property=\"og:image:width\" content=\"800\" \/>\n\t<meta property=\"og:image:height\" content=\"800\" \/>\n\t<meta property=\"og:image:type\" content=\"image\/jpeg\" \/>\n<meta name=\"twitter:card\" content=\"summary_large_image\" \/>\n<meta name=\"twitter:label1\" content=\"Dur\u00e9e de lecture estim\u00e9e\" \/>\n\t<meta name=\"twitter:data1\" content=\"1 minute\" \/>\n<script type=\"application\/ld+json\" class=\"yoast-schema-graph\">{\"@context\":\"https:\\\/\\\/schema.org\",\"@graph\":[{\"@type\":\"WebPage\",\"@id\":\"https:\\\/\\\/www.pruvost-sports.com\\\/boutique\\\/produit\\\/thermometre-digital-flottant\\\/\",\"url\":\"https:\\\/\\\/www.pruvost-sports.com\\\/boutique\\\/produit\\\/thermometre-digital-flottant\\\/\",\"name\":\"Thermom\u00e8tre digital flottant - Pruvost sport piscine\",\"isPartOf\":{\"@id\":\"https:\\\/\\\/www.pruvost-sports.com\\\/boutique\\\/#website\"},\"primaryImageOfPage\":{\"@id\":\"https:\\\/\\\/www.pruvost-sports.com\\\/boutique\\\/produit\\\/thermometre-digital-flottant\\\/#primaryimage\"},\"image\":{\"@id\":\"https:\\\/\\\/www.pruvost-sports.com\\\/boutique\\\/produit\\\/thermometre-digital-flottant\\\/#primaryimage\"},\"thumbnailUrl\":\"https:\\\/\\\/www.pruvost-sports.com\\\/boutique\\\/wp-content\\\/uploads\\\/2024\\\/08\\\/thermometre-piscine-digital.jpg\",\"datePublished\":\"2024-08-05T09:19:47+00:00\",\"dateModified\":\"2024-08-23T09:39:08+00:00\",\"breadcrumb\":{\"@id\":\"https:\\\/\\\/www.pruvost-sports.com\\\/boutique\\\/produit\\\/thermometre-digital-flottant\\\/#breadcrumb\"},\"inLanguage\":\"fr-FR\",\"potentialAction\":[{\"@type\":\"ReadAction\",\"target\":[\"https:\\\/\\\/www.pruvost-sports.com\\\/boutique\\\/produit\\\/thermometre-digital-flottant\\\/\"]}]},{\"@type\":\"ImageObject\",\"inLanguage\":\"fr-FR\",\"@id\":\"https:\\\/\\\/www.pruvost-sports.com\\\/boutique\\\/produit\\\/thermometre-digital-flottant\\\/#primaryimage\",\"url\":\"https:\\\/\\\/www.pruvost-sports.com\\\/boutique\\\/wp-content\\\/uploads\\\/2024\\\/08\\\/thermometre-piscine-digital.jpg\",\"contentUrl\":\"https:\\\/\\\/www.pruvost-sports.com\\\/boutique\\\/wp-content\\\/uploads\\\/2024\\\/08\\\/thermometre-piscine-digital.jpg\",\"width\":800,\"height\":800},{\"@type\":\"BreadcrumbList\",\"@id\":\"https:\\\/\\\/www.pruvost-sports.com\\\/boutique\\\/produit\\\/thermometre-digital-flottant\\\/#breadcrumb\",\"itemListElement\":[{\"@type\":\"ListItem\",\"position\":1,\"name\":\"Accueil\",\"item\":\"https:\\\/\\\/www.pruvost-sports.com\\\/boutique\\\/\"},{\"@type\":\"ListItem\",\"position\":2,\"name\":\"Boutique\",\"item\":\"https:\\\/\\\/www.pruvost-sports.com\\\/boutique\\\/boutique\\\/\"},{\"@type\":\"ListItem\",\"position\":3,\"name\":\"Thermom\u00e8tre digital flottant\"}]},{\"@type\":\"WebSite\",\"@id\":\"https:\\\/\\\/www.pruvost-sports.com\\\/boutique\\\/#website\",\"url\":\"https:\\\/\\\/www.pruvost-sports.com\\\/boutique\\\/\",\"name\":\"Pruvost sport piscine\",\"description\":\"\",\"potentialAction\":[{\"@type\":\"SearchAction\",\"target\":{\"@type\":\"EntryPoint\",\"urlTemplate\":\"https:\\\/\\\/www.pruvost-sports.com\\\/boutique\\\/?s={search_term_string}\"},\"query-input\":{\"@type\":\"PropertyValueSpecification\",\"valueRequired\":true,\"valueName\":\"search_term_string\"}}],\"inLanguage\":\"fr-FR\"}]}<\/script>\n<!-- \/ Yoast SEO plugin. -->","yoast_head_json":{"title":"Thermom\u00e8tre digital flottant - Pruvost sport piscine","robots":{"index":"index","follow":"follow","max-snippet":"max-snippet:-1","max-image-preview":"max-image-preview:large","max-video-preview":"max-video-preview:-1"},"canonical":"https:\/\/www.pruvost-sports.com\/boutique\/produit\/thermometre-digital-flottant\/","og_locale":"fr_FR","og_type":"article","og_title":"Thermom\u00e8tre digital flottant - Pruvost sport piscine","og_description":"Thermom\u00e8tre de piscine de grandes dimensions.  Bo\u00eetier\u00a0 flottant et \u00e9tanche \u00e0 l'immersion.  Il est muni\u00a0 \u00a0d'une corde de 3 m avec crochet mousqueton.  Un interrupteur magn\u00e9tique\u00a0 permet\u00a0 d'allumer et \u00e9teindre l'affichage du thermom\u00e8tre  sans pression sur aucun bouton pour garantir la totale \u00e9tanch\u00e9it\u00e9 du thermom\u00e8tre.  &nbsp;","og_url":"https:\/\/www.pruvost-sports.com\/boutique\/produit\/thermometre-digital-flottant\/","og_site_name":"Pruvost sport piscine","article_modified_time":"2024-08-23T09:39:08+00:00","og_image":[{"width":800,"height":800,"url":"https:\/\/www.pruvost-sports.com\/boutique\/wp-content\/uploads\/2024\/08\/thermometre-piscine-digital.jpg","type":"image\/jpeg"}],"twitter_card":"summary_large_image","twitter_misc":{"Dur\u00e9e de lecture estim\u00e9e":"1 minute"},"schema":{"@context":"https:\/\/schema.org","@graph":[{"@type":"WebPage","@id":"https:\/\/www.pruvost-sports.com\/boutique\/produit\/thermometre-digital-flottant\/","url":"https:\/\/www.pruvost-sports.com\/boutique\/produit\/thermometre-digital-flottant\/","name":"Thermom\u00e8tre digital flottant - Pruvost sport piscine","isPartOf":{"@id":"https:\/\/www.pruvost-sports.com\/boutique\/#website"},"primaryImageOfPage":{"@id":"https:\/\/www.pruvost-sports.com\/boutique\/produit\/thermometre-digital-flottant\/#primaryimage"},"image":{"@id":"https:\/\/www.pruvost-sports.com\/boutique\/produit\/thermometre-digital-flottant\/#primaryimage"},"thumbnailUrl":"https:\/\/www.pruvost-sports.com\/boutique\/wp-content\/uploads\/2024\/08\/thermometre-piscine-digital.jpg","datePublished":"2024-08-05T09:19:47+00:00","dateModified":"2024-08-23T09:39:08+00:00","breadcrumb":{"@id":"https:\/\/www.pruvost-sports.com\/boutique\/produit\/thermometre-digital-flottant\/#breadcrumb"},"inLanguage":"fr-FR","potentialAction":[{"@type":"ReadAction","target":["https:\/\/www.pruvost-sports.com\/boutique\/produit\/thermometre-digital-flottant\/"]}]},{"@type":"ImageObject","inLanguage":"fr-FR","@id":"https:\/\/www.pruvost-sports.com\/boutique\/produit\/thermometre-digital-flottant\/#primaryimage","url":"https:\/\/www.pruvost-sports.com\/boutique\/wp-content\/uploads\/2024\/08\/thermometre-piscine-digital.jpg","contentUrl":"https:\/\/www.pruvost-sports.com\/boutique\/wp-content\/uploads\/2024\/08\/thermometre-piscine-digital.jpg","width":800,"height":800},{"@type":"BreadcrumbList","@id":"https:\/\/www.pruvost-sports.com\/boutique\/produit\/thermometre-digital-flottant\/#breadcrumb","itemListElement":[{"@type":"ListItem","position":1,"name":"Accueil","item":"https:\/\/www.pruvost-sports.com\/boutique\/"},{"@type":"ListItem","position":2,"name":"Boutique","item":"https:\/\/www.pruvost-sports.com\/boutique\/boutique\/"},{"@type":"ListItem","position":3,"name":"Thermom\u00e8tre digital flottant"}]},{"@type":"WebSite","@id":"https:\/\/www.pruvost-sports.com\/boutique\/#website","url":"https:\/\/www.pruvost-sports.com\/boutique\/","name":"Pruvost sport piscine","description":"","potentialAction":[{"@type":"SearchAction","target":{"@type":"EntryPoint","urlTemplate":"https:\/\/www.pruvost-sports.com\/boutique\/?s={search_term_string}"},"query-input":{"@type":"PropertyValueSpecification","valueRequired":true,"valueName":"search_term_string"}}],"inLanguage":"fr-FR"}]}},"_links":{"self":[{"href":"https:\/\/www.pruvost-sports.com\/boutique\/wp-json\/wp\/v2\/product\/8261","targetHints":{"allow":["GET"]}}],"collection":[{"href":"https:\/\/www.pruvost-sports.com\/boutique\/wp-json\/wp\/v2\/product"}],"about":[{"href":"https:\/\/www.pruvost-sports.com\/boutique\/wp-json\/wp\/v2\/types\/product"}],"wp:featuredmedia":[{"embeddable":true,"href":"https:\/\/www.pruvost-sports.com\/boutique\/wp-json\/wp\/v2\/media\/8262"}],"wp:attachment":[{"href":"https:\/\/www.pruvost-sports.com\/boutique\/wp-json\/wp\/v2\/media?parent=8261"}],"wp:term":[{"taxonomy":"product_brand","embeddable":true,"href":"https:\/\/www.pruvost-sports.com\/boutique\/wp-json\/wp\/v2\/product_brand?post=8261"},{"taxonomy":"product_cat","embeddable":true,"href":"https:\/\/www.pruvost-sports.com\/boutique\/wp-json\/wp\/v2\/product_cat?post=8261"},{"taxonomy":"product_tag","embeddable":true,"href":"https:\/\/www.pruvost-sports.com\/boutique\/wp-json\/wp\/v2\/product_tag?post=8261"}],"curies":[{"name":"wp","href":"https:\/\/api.w.org\/{rel}","templated":true}]}}