{"id":8159,"date":"2024-05-06T11:41:33","date_gmt":"2024-05-06T09:41:33","guid":{"rendered":"https:\/\/www.pruvost-sports.com\/boutique\/?post_type=product&#038;p=8159"},"modified":"2024-05-07T11:54:14","modified_gmt":"2024-05-07T09:54:14","slug":"garrot-tourniquet-adulte","status":"publish","type":"product","link":"https:\/\/www.pruvost-sports.com\/boutique\/produit\/garrot-tourniquet-adulte\/","title":{"rendered":"Garrot tourniquet &#8211; Adulte"},"content":{"rendered":"","protected":false},"excerpt":{"rendered":"<p>Dispositif permettant de stopper le saignement des membres sup\u00e9rieurs ou inf\u00e9rieurs.<\/p>\n<p>Ce syst\u00e8me permet de s&rsquo;autogarroter.<\/p>\n<p>peut \u00eatre appos\u00e9 par-dessus un bandage ou un pansement qui n\u00e9cessite une pression minimum pour arr\u00eater un saignement important (mais pas le flux sanguin).<\/p>\n<p>Poids : 200 grammes.<\/p>\n","protected":false},"featured_media":8160,"template":"","meta":[],"product_brand":[],"product_cat":[26],"product_tag":[],"class_list":{"0":"post-8159","1":"product","2":"type-product","3":"status-publish","4":"has-post-thumbnail","6":"product_cat-infirmerie","8":"entry","9":"has-media","11":"first","12":"instock","13":"shipping-taxable","14":"purchasable","15":"product-type-simple","16":"col","17":"span_1_of_4","18":"owp-content-center","19":"owp-thumbs-layout-horizontal","20":"owp-btn-normal","21":"owp-tabs-layout-horizontal","22":"has-no-thumbnails"},"yoast_head":"<!-- This site is optimized with the Yoast SEO plugin v27.5 - https:\/\/yoast.com\/product\/yoast-seo-wordpress\/ -->\n<title>Garrot tourniquet - Adulte - Pruvost sport piscine<\/title>\n<meta name=\"robots\" content=\"index, follow, max-snippet:-1, max-image-preview:large, max-video-preview:-1\" \/>\n<link rel=\"canonical\" href=\"https:\/\/www.pruvost-sports.com\/boutique\/produit\/garrot-tourniquet-adulte\/\" \/>\n<meta property=\"og:locale\" content=\"fr_FR\" \/>\n<meta property=\"og:type\" content=\"article\" \/>\n<meta property=\"og:title\" content=\"Garrot tourniquet - Adulte - Pruvost sport piscine\" \/>\n<meta property=\"og:description\" content=\"Dispositif permettant de stopper le saignement des membres sup\u00e9rieurs ou inf\u00e9rieurs.  Ce syst\u00e8me permet de s&#039;autogarroter.  peut \u00eatre appos\u00e9 par-dessus un bandage ou un pansement qui n\u00e9cessite une pression minimum pour arr\u00eater un saignement important (mais pas le flux sanguin).  Poids : 200 grammes.\" \/>\n<meta property=\"og:url\" content=\"https:\/\/www.pruvost-sports.com\/boutique\/produit\/garrot-tourniquet-adulte\/\" \/>\n<meta property=\"og:site_name\" content=\"Pruvost sport piscine\" \/>\n<meta property=\"article:modified_time\" content=\"2024-05-07T09:54:14+00:00\" \/>\n<meta property=\"og:image\" content=\"https:\/\/www.pruvost-sports.com\/boutique\/wp-content\/uploads\/2024\/05\/F46.png\" \/>\n\t<meta property=\"og:image:width\" content=\"500\" \/>\n\t<meta property=\"og:image:height\" content=\"500\" \/>\n\t<meta property=\"og:image:type\" content=\"image\/png\" \/>\n<meta name=\"twitter:card\" content=\"summary_large_image\" \/>\n<meta name=\"twitter:label1\" content=\"Dur\u00e9e de lecture estim\u00e9e\" \/>\n\t<meta name=\"twitter:data1\" content=\"1 minute\" \/>\n<script type=\"application\/ld+json\" class=\"yoast-schema-graph\">{\"@context\":\"https:\\\/\\\/schema.org\",\"@graph\":[{\"@type\":\"WebPage\",\"@id\":\"https:\\\/\\\/www.pruvost-sports.com\\\/boutique\\\/produit\\\/garrot-tourniquet-adulte\\\/\",\"url\":\"https:\\\/\\\/www.pruvost-sports.com\\\/boutique\\\/produit\\\/garrot-tourniquet-adulte\\\/\",\"name\":\"Garrot tourniquet - Adulte - Pruvost sport piscine\",\"isPartOf\":{\"@id\":\"https:\\\/\\\/www.pruvost-sports.com\\\/boutique\\\/#website\"},\"primaryImageOfPage\":{\"@id\":\"https:\\\/\\\/www.pruvost-sports.com\\\/boutique\\\/produit\\\/garrot-tourniquet-adulte\\\/#primaryimage\"},\"image\":{\"@id\":\"https:\\\/\\\/www.pruvost-sports.com\\\/boutique\\\/produit\\\/garrot-tourniquet-adulte\\\/#primaryimage\"},\"thumbnailUrl\":\"https:\\\/\\\/www.pruvost-sports.com\\\/boutique\\\/wp-content\\\/uploads\\\/2024\\\/05\\\/F46.png\",\"datePublished\":\"2024-05-06T09:41:33+00:00\",\"dateModified\":\"2024-05-07T09:54:14+00:00\",\"breadcrumb\":{\"@id\":\"https:\\\/\\\/www.pruvost-sports.com\\\/boutique\\\/produit\\\/garrot-tourniquet-adulte\\\/#breadcrumb\"},\"inLanguage\":\"fr-FR\",\"potentialAction\":[{\"@type\":\"ReadAction\",\"target\":[\"https:\\\/\\\/www.pruvost-sports.com\\\/boutique\\\/produit\\\/garrot-tourniquet-adulte\\\/\"]}]},{\"@type\":\"ImageObject\",\"inLanguage\":\"fr-FR\",\"@id\":\"https:\\\/\\\/www.pruvost-sports.com\\\/boutique\\\/produit\\\/garrot-tourniquet-adulte\\\/#primaryimage\",\"url\":\"https:\\\/\\\/www.pruvost-sports.com\\\/boutique\\\/wp-content\\\/uploads\\\/2024\\\/05\\\/F46.png\",\"contentUrl\":\"https:\\\/\\\/www.pruvost-sports.com\\\/boutique\\\/wp-content\\\/uploads\\\/2024\\\/05\\\/F46.png\",\"width\":500,\"height\":500},{\"@type\":\"BreadcrumbList\",\"@id\":\"https:\\\/\\\/www.pruvost-sports.com\\\/boutique\\\/produit\\\/garrot-tourniquet-adulte\\\/#breadcrumb\",\"itemListElement\":[{\"@type\":\"ListItem\",\"position\":1,\"name\":\"Accueil\",\"item\":\"https:\\\/\\\/www.pruvost-sports.com\\\/boutique\\\/\"},{\"@type\":\"ListItem\",\"position\":2,\"name\":\"Boutique\",\"item\":\"https:\\\/\\\/www.pruvost-sports.com\\\/boutique\\\/boutique\\\/\"},{\"@type\":\"ListItem\",\"position\":3,\"name\":\"Garrot tourniquet &#8211; Adulte\"}]},{\"@type\":\"WebSite\",\"@id\":\"https:\\\/\\\/www.pruvost-sports.com\\\/boutique\\\/#website\",\"url\":\"https:\\\/\\\/www.pruvost-sports.com\\\/boutique\\\/\",\"name\":\"Pruvost sport piscine\",\"description\":\"\",\"potentialAction\":[{\"@type\":\"SearchAction\",\"target\":{\"@type\":\"EntryPoint\",\"urlTemplate\":\"https:\\\/\\\/www.pruvost-sports.com\\\/boutique\\\/?s={search_term_string}\"},\"query-input\":{\"@type\":\"PropertyValueSpecification\",\"valueRequired\":true,\"valueName\":\"search_term_string\"}}],\"inLanguage\":\"fr-FR\"}]}<\/script>\n<!-- \/ Yoast SEO plugin. -->","yoast_head_json":{"title":"Garrot tourniquet - Adulte - Pruvost sport piscine","robots":{"index":"index","follow":"follow","max-snippet":"max-snippet:-1","max-image-preview":"max-image-preview:large","max-video-preview":"max-video-preview:-1"},"canonical":"https:\/\/www.pruvost-sports.com\/boutique\/produit\/garrot-tourniquet-adulte\/","og_locale":"fr_FR","og_type":"article","og_title":"Garrot tourniquet - Adulte - Pruvost sport piscine","og_description":"Dispositif permettant de stopper le saignement des membres sup\u00e9rieurs ou inf\u00e9rieurs.  Ce syst\u00e8me permet de s'autogarroter.  peut \u00eatre appos\u00e9 par-dessus un bandage ou un pansement qui n\u00e9cessite une pression minimum pour arr\u00eater un saignement important (mais pas le flux sanguin).  Poids : 200 grammes.","og_url":"https:\/\/www.pruvost-sports.com\/boutique\/produit\/garrot-tourniquet-adulte\/","og_site_name":"Pruvost sport piscine","article_modified_time":"2024-05-07T09:54:14+00:00","og_image":[{"width":500,"height":500,"url":"https:\/\/www.pruvost-sports.com\/boutique\/wp-content\/uploads\/2024\/05\/F46.png","type":"image\/png"}],"twitter_card":"summary_large_image","twitter_misc":{"Dur\u00e9e de lecture estim\u00e9e":"1 minute"},"schema":{"@context":"https:\/\/schema.org","@graph":[{"@type":"WebPage","@id":"https:\/\/www.pruvost-sports.com\/boutique\/produit\/garrot-tourniquet-adulte\/","url":"https:\/\/www.pruvost-sports.com\/boutique\/produit\/garrot-tourniquet-adulte\/","name":"Garrot tourniquet - Adulte - Pruvost sport piscine","isPartOf":{"@id":"https:\/\/www.pruvost-sports.com\/boutique\/#website"},"primaryImageOfPage":{"@id":"https:\/\/www.pruvost-sports.com\/boutique\/produit\/garrot-tourniquet-adulte\/#primaryimage"},"image":{"@id":"https:\/\/www.pruvost-sports.com\/boutique\/produit\/garrot-tourniquet-adulte\/#primaryimage"},"thumbnailUrl":"https:\/\/www.pruvost-sports.com\/boutique\/wp-content\/uploads\/2024\/05\/F46.png","datePublished":"2024-05-06T09:41:33+00:00","dateModified":"2024-05-07T09:54:14+00:00","breadcrumb":{"@id":"https:\/\/www.pruvost-sports.com\/boutique\/produit\/garrot-tourniquet-adulte\/#breadcrumb"},"inLanguage":"fr-FR","potentialAction":[{"@type":"ReadAction","target":["https:\/\/www.pruvost-sports.com\/boutique\/produit\/garrot-tourniquet-adulte\/"]}]},{"@type":"ImageObject","inLanguage":"fr-FR","@id":"https:\/\/www.pruvost-sports.com\/boutique\/produit\/garrot-tourniquet-adulte\/#primaryimage","url":"https:\/\/www.pruvost-sports.com\/boutique\/wp-content\/uploads\/2024\/05\/F46.png","contentUrl":"https:\/\/www.pruvost-sports.com\/boutique\/wp-content\/uploads\/2024\/05\/F46.png","width":500,"height":500},{"@type":"BreadcrumbList","@id":"https:\/\/www.pruvost-sports.com\/boutique\/produit\/garrot-tourniquet-adulte\/#breadcrumb","itemListElement":[{"@type":"ListItem","position":1,"name":"Accueil","item":"https:\/\/www.pruvost-sports.com\/boutique\/"},{"@type":"ListItem","position":2,"name":"Boutique","item":"https:\/\/www.pruvost-sports.com\/boutique\/boutique\/"},{"@type":"ListItem","position":3,"name":"Garrot tourniquet &#8211; Adulte"}]},{"@type":"WebSite","@id":"https:\/\/www.pruvost-sports.com\/boutique\/#website","url":"https:\/\/www.pruvost-sports.com\/boutique\/","name":"Pruvost sport piscine","description":"","potentialAction":[{"@type":"SearchAction","target":{"@type":"EntryPoint","urlTemplate":"https:\/\/www.pruvost-sports.com\/boutique\/?s={search_term_string}"},"query-input":{"@type":"PropertyValueSpecification","valueRequired":true,"valueName":"search_term_string"}}],"inLanguage":"fr-FR"}]}},"_links":{"self":[{"href":"https:\/\/www.pruvost-sports.com\/boutique\/wp-json\/wp\/v2\/product\/8159","targetHints":{"allow":["GET"]}}],"collection":[{"href":"https:\/\/www.pruvost-sports.com\/boutique\/wp-json\/wp\/v2\/product"}],"about":[{"href":"https:\/\/www.pruvost-sports.com\/boutique\/wp-json\/wp\/v2\/types\/product"}],"wp:featuredmedia":[{"embeddable":true,"href":"https:\/\/www.pruvost-sports.com\/boutique\/wp-json\/wp\/v2\/media\/8160"}],"wp:attachment":[{"href":"https:\/\/www.pruvost-sports.com\/boutique\/wp-json\/wp\/v2\/media?parent=8159"}],"wp:term":[{"taxonomy":"product_brand","embeddable":true,"href":"https:\/\/www.pruvost-sports.com\/boutique\/wp-json\/wp\/v2\/product_brand?post=8159"},{"taxonomy":"product_cat","embeddable":true,"href":"https:\/\/www.pruvost-sports.com\/boutique\/wp-json\/wp\/v2\/product_cat?post=8159"},{"taxonomy":"product_tag","embeddable":true,"href":"https:\/\/www.pruvost-sports.com\/boutique\/wp-json\/wp\/v2\/product_tag?post=8159"}],"curies":[{"name":"wp","href":"https:\/\/api.w.org\/{rel}","templated":true}]}}