{"id":8104,"date":"2024-04-26T14:47:33","date_gmt":"2024-04-26T12:47:33","guid":{"rendered":"https:\/\/www.pruvost-sports.com\/boutique\/?post_type=product&#038;p=8104"},"modified":"2024-05-14T08:46:11","modified_gmt":"2024-05-14T06:46:11","slug":"salon-de-jardin-manaa-2-fauteuils-1-canape-et-1-table-basse","status":"publish","type":"product","link":"https:\/\/www.pruvost-sports.com\/boutique\/produit\/salon-de-jardin-manaa-2-fauteuils-1-canape-et-1-table-basse\/","title":{"rendered":"Salon de jardin &#8211; Manaa &#8211; 2 fauteuils , 1 canap\u00e9 et 1 table basse"},"content":{"rendered":"","protected":false},"excerpt":{"rendered":"<p>Petit salon d\u2019int\u00e9rieur ou d\u2019ext\u00e9rieur.<\/p>\n<p>2 fauteuils.<\/p>\n<p>1 canap\u00e9 \u00e0 2 places.<\/p>\n<p>1 table basse.<\/p>\n<p>Couleur anthracite.<\/p>\n","protected":false},"featured_media":8105,"template":"","meta":[],"product_brand":[],"product_cat":[25],"product_tag":[2818],"class_list":{"0":"post-8104","1":"product","2":"type-product","3":"status-publish","4":"has-post-thumbnail","6":"product_cat-mobilier","7":"product_tag-salon-de-jardin","9":"entry","10":"has-media","12":"first","13":"instock","14":"shipping-taxable","15":"purchasable","16":"product-type-simple","17":"col","18":"span_1_of_4","19":"owp-content-center","20":"owp-thumbs-layout-horizontal","21":"owp-btn-normal","22":"owp-tabs-layout-horizontal","23":"has-no-thumbnails"},"yoast_head":"<!-- This site is optimized with the Yoast SEO plugin v27.5 - https:\/\/yoast.com\/product\/yoast-seo-wordpress\/ -->\n<title>Salon de jardin - Manaa - 2 fauteuils , 1 canap\u00e9 et 1 table basse - Pruvost sport piscine<\/title>\n<meta name=\"robots\" content=\"index, follow, max-snippet:-1, max-image-preview:large, max-video-preview:-1\" \/>\n<link rel=\"canonical\" href=\"https:\/\/www.pruvost-sports.com\/boutique\/produit\/salon-de-jardin-manaa-2-fauteuils-1-canape-et-1-table-basse\/\" \/>\n<meta property=\"og:locale\" content=\"fr_FR\" \/>\n<meta property=\"og:type\" content=\"article\" \/>\n<meta property=\"og:title\" content=\"Salon de jardin - Manaa - 2 fauteuils , 1 canap\u00e9 et 1 table basse - Pruvost sport piscine\" \/>\n<meta property=\"og:description\" content=\"Petit salon d\u2019int\u00e9rieur ou d\u2019ext\u00e9rieur.  2 fauteuils.  1 canap\u00e9 \u00e0 2 places.  1 table basse.  Couleur anthracite.\" \/>\n<meta property=\"og:url\" content=\"https:\/\/www.pruvost-sports.com\/boutique\/produit\/salon-de-jardin-manaa-2-fauteuils-1-canape-et-1-table-basse\/\" \/>\n<meta property=\"og:site_name\" content=\"Pruvost sport piscine\" \/>\n<meta property=\"article:modified_time\" content=\"2024-05-14T06:46:11+00:00\" \/>\n<meta property=\"og:image\" content=\"https:\/\/www.pruvost-sports.com\/boutique\/wp-content\/uploads\/2024\/04\/salon-de-jardin-lombok-anthracite-avec-2-coussins.jpg\" \/>\n\t<meta property=\"og:image:width\" content=\"800\" \/>\n\t<meta property=\"og:image:height\" content=\"1019\" \/>\n\t<meta property=\"og:image:type\" content=\"image\/jpeg\" \/>\n<meta name=\"twitter:card\" content=\"summary_large_image\" \/>\n<meta name=\"twitter:label1\" content=\"Dur\u00e9e de lecture estim\u00e9e\" \/>\n\t<meta name=\"twitter:data1\" content=\"1 minute\" \/>\n<script type=\"application\/ld+json\" class=\"yoast-schema-graph\">{\"@context\":\"https:\\\/\\\/schema.org\",\"@graph\":[{\"@type\":\"WebPage\",\"@id\":\"https:\\\/\\\/www.pruvost-sports.com\\\/boutique\\\/produit\\\/salon-de-jardin-manaa-2-fauteuils-1-canape-et-1-table-basse\\\/\",\"url\":\"https:\\\/\\\/www.pruvost-sports.com\\\/boutique\\\/produit\\\/salon-de-jardin-manaa-2-fauteuils-1-canape-et-1-table-basse\\\/\",\"name\":\"Salon de jardin - Manaa - 2 fauteuils , 1 canap\u00e9 et 1 table basse - Pruvost sport piscine\",\"isPartOf\":{\"@id\":\"https:\\\/\\\/www.pruvost-sports.com\\\/boutique\\\/#website\"},\"primaryImageOfPage\":{\"@id\":\"https:\\\/\\\/www.pruvost-sports.com\\\/boutique\\\/produit\\\/salon-de-jardin-manaa-2-fauteuils-1-canape-et-1-table-basse\\\/#primaryimage\"},\"image\":{\"@id\":\"https:\\\/\\\/www.pruvost-sports.com\\\/boutique\\\/produit\\\/salon-de-jardin-manaa-2-fauteuils-1-canape-et-1-table-basse\\\/#primaryimage\"},\"thumbnailUrl\":\"https:\\\/\\\/www.pruvost-sports.com\\\/boutique\\\/wp-content\\\/uploads\\\/2024\\\/04\\\/salon-de-jardin-lombok-anthracite-avec-2-coussins.jpg\",\"datePublished\":\"2024-04-26T12:47:33+00:00\",\"dateModified\":\"2024-05-14T06:46:11+00:00\",\"breadcrumb\":{\"@id\":\"https:\\\/\\\/www.pruvost-sports.com\\\/boutique\\\/produit\\\/salon-de-jardin-manaa-2-fauteuils-1-canape-et-1-table-basse\\\/#breadcrumb\"},\"inLanguage\":\"fr-FR\",\"potentialAction\":[{\"@type\":\"ReadAction\",\"target\":[\"https:\\\/\\\/www.pruvost-sports.com\\\/boutique\\\/produit\\\/salon-de-jardin-manaa-2-fauteuils-1-canape-et-1-table-basse\\\/\"]}]},{\"@type\":\"ImageObject\",\"inLanguage\":\"fr-FR\",\"@id\":\"https:\\\/\\\/www.pruvost-sports.com\\\/boutique\\\/produit\\\/salon-de-jardin-manaa-2-fauteuils-1-canape-et-1-table-basse\\\/#primaryimage\",\"url\":\"https:\\\/\\\/www.pruvost-sports.com\\\/boutique\\\/wp-content\\\/uploads\\\/2024\\\/04\\\/salon-de-jardin-lombok-anthracite-avec-2-coussins.jpg\",\"contentUrl\":\"https:\\\/\\\/www.pruvost-sports.com\\\/boutique\\\/wp-content\\\/uploads\\\/2024\\\/04\\\/salon-de-jardin-lombok-anthracite-avec-2-coussins.jpg\",\"width\":800,\"height\":1019},{\"@type\":\"BreadcrumbList\",\"@id\":\"https:\\\/\\\/www.pruvost-sports.com\\\/boutique\\\/produit\\\/salon-de-jardin-manaa-2-fauteuils-1-canape-et-1-table-basse\\\/#breadcrumb\",\"itemListElement\":[{\"@type\":\"ListItem\",\"position\":1,\"name\":\"Accueil\",\"item\":\"https:\\\/\\\/www.pruvost-sports.com\\\/boutique\\\/\"},{\"@type\":\"ListItem\",\"position\":2,\"name\":\"Boutique\",\"item\":\"https:\\\/\\\/www.pruvost-sports.com\\\/boutique\\\/boutique\\\/\"},{\"@type\":\"ListItem\",\"position\":3,\"name\":\"Salon de jardin &#8211; Manaa &#8211; 2 fauteuils , 1 canap\u00e9 et 1 table basse\"}]},{\"@type\":\"WebSite\",\"@id\":\"https:\\\/\\\/www.pruvost-sports.com\\\/boutique\\\/#website\",\"url\":\"https:\\\/\\\/www.pruvost-sports.com\\\/boutique\\\/\",\"name\":\"Pruvost sport piscine\",\"description\":\"\",\"potentialAction\":[{\"@type\":\"SearchAction\",\"target\":{\"@type\":\"EntryPoint\",\"urlTemplate\":\"https:\\\/\\\/www.pruvost-sports.com\\\/boutique\\\/?s={search_term_string}\"},\"query-input\":{\"@type\":\"PropertyValueSpecification\",\"valueRequired\":true,\"valueName\":\"search_term_string\"}}],\"inLanguage\":\"fr-FR\"}]}<\/script>\n<!-- \/ Yoast SEO plugin. -->","yoast_head_json":{"title":"Salon de jardin - Manaa - 2 fauteuils , 1 canap\u00e9 et 1 table basse - Pruvost sport piscine","robots":{"index":"index","follow":"follow","max-snippet":"max-snippet:-1","max-image-preview":"max-image-preview:large","max-video-preview":"max-video-preview:-1"},"canonical":"https:\/\/www.pruvost-sports.com\/boutique\/produit\/salon-de-jardin-manaa-2-fauteuils-1-canape-et-1-table-basse\/","og_locale":"fr_FR","og_type":"article","og_title":"Salon de jardin - Manaa - 2 fauteuils , 1 canap\u00e9 et 1 table basse - Pruvost sport piscine","og_description":"Petit salon d\u2019int\u00e9rieur ou d\u2019ext\u00e9rieur.  2 fauteuils.  1 canap\u00e9 \u00e0 2 places.  1 table basse.  Couleur anthracite.","og_url":"https:\/\/www.pruvost-sports.com\/boutique\/produit\/salon-de-jardin-manaa-2-fauteuils-1-canape-et-1-table-basse\/","og_site_name":"Pruvost sport piscine","article_modified_time":"2024-05-14T06:46:11+00:00","og_image":[{"width":800,"height":1019,"url":"https:\/\/www.pruvost-sports.com\/boutique\/wp-content\/uploads\/2024\/04\/salon-de-jardin-lombok-anthracite-avec-2-coussins.jpg","type":"image\/jpeg"}],"twitter_card":"summary_large_image","twitter_misc":{"Dur\u00e9e de lecture estim\u00e9e":"1 minute"},"schema":{"@context":"https:\/\/schema.org","@graph":[{"@type":"WebPage","@id":"https:\/\/www.pruvost-sports.com\/boutique\/produit\/salon-de-jardin-manaa-2-fauteuils-1-canape-et-1-table-basse\/","url":"https:\/\/www.pruvost-sports.com\/boutique\/produit\/salon-de-jardin-manaa-2-fauteuils-1-canape-et-1-table-basse\/","name":"Salon de jardin - Manaa - 2 fauteuils , 1 canap\u00e9 et 1 table basse - Pruvost sport piscine","isPartOf":{"@id":"https:\/\/www.pruvost-sports.com\/boutique\/#website"},"primaryImageOfPage":{"@id":"https:\/\/www.pruvost-sports.com\/boutique\/produit\/salon-de-jardin-manaa-2-fauteuils-1-canape-et-1-table-basse\/#primaryimage"},"image":{"@id":"https:\/\/www.pruvost-sports.com\/boutique\/produit\/salon-de-jardin-manaa-2-fauteuils-1-canape-et-1-table-basse\/#primaryimage"},"thumbnailUrl":"https:\/\/www.pruvost-sports.com\/boutique\/wp-content\/uploads\/2024\/04\/salon-de-jardin-lombok-anthracite-avec-2-coussins.jpg","datePublished":"2024-04-26T12:47:33+00:00","dateModified":"2024-05-14T06:46:11+00:00","breadcrumb":{"@id":"https:\/\/www.pruvost-sports.com\/boutique\/produit\/salon-de-jardin-manaa-2-fauteuils-1-canape-et-1-table-basse\/#breadcrumb"},"inLanguage":"fr-FR","potentialAction":[{"@type":"ReadAction","target":["https:\/\/www.pruvost-sports.com\/boutique\/produit\/salon-de-jardin-manaa-2-fauteuils-1-canape-et-1-table-basse\/"]}]},{"@type":"ImageObject","inLanguage":"fr-FR","@id":"https:\/\/www.pruvost-sports.com\/boutique\/produit\/salon-de-jardin-manaa-2-fauteuils-1-canape-et-1-table-basse\/#primaryimage","url":"https:\/\/www.pruvost-sports.com\/boutique\/wp-content\/uploads\/2024\/04\/salon-de-jardin-lombok-anthracite-avec-2-coussins.jpg","contentUrl":"https:\/\/www.pruvost-sports.com\/boutique\/wp-content\/uploads\/2024\/04\/salon-de-jardin-lombok-anthracite-avec-2-coussins.jpg","width":800,"height":1019},{"@type":"BreadcrumbList","@id":"https:\/\/www.pruvost-sports.com\/boutique\/produit\/salon-de-jardin-manaa-2-fauteuils-1-canape-et-1-table-basse\/#breadcrumb","itemListElement":[{"@type":"ListItem","position":1,"name":"Accueil","item":"https:\/\/www.pruvost-sports.com\/boutique\/"},{"@type":"ListItem","position":2,"name":"Boutique","item":"https:\/\/www.pruvost-sports.com\/boutique\/boutique\/"},{"@type":"ListItem","position":3,"name":"Salon de jardin &#8211; Manaa &#8211; 2 fauteuils , 1 canap\u00e9 et 1 table basse"}]},{"@type":"WebSite","@id":"https:\/\/www.pruvost-sports.com\/boutique\/#website","url":"https:\/\/www.pruvost-sports.com\/boutique\/","name":"Pruvost sport piscine","description":"","potentialAction":[{"@type":"SearchAction","target":{"@type":"EntryPoint","urlTemplate":"https:\/\/www.pruvost-sports.com\/boutique\/?s={search_term_string}"},"query-input":{"@type":"PropertyValueSpecification","valueRequired":true,"valueName":"search_term_string"}}],"inLanguage":"fr-FR"}]}},"_links":{"self":[{"href":"https:\/\/www.pruvost-sports.com\/boutique\/wp-json\/wp\/v2\/product\/8104","targetHints":{"allow":["GET"]}}],"collection":[{"href":"https:\/\/www.pruvost-sports.com\/boutique\/wp-json\/wp\/v2\/product"}],"about":[{"href":"https:\/\/www.pruvost-sports.com\/boutique\/wp-json\/wp\/v2\/types\/product"}],"wp:featuredmedia":[{"embeddable":true,"href":"https:\/\/www.pruvost-sports.com\/boutique\/wp-json\/wp\/v2\/media\/8105"}],"wp:attachment":[{"href":"https:\/\/www.pruvost-sports.com\/boutique\/wp-json\/wp\/v2\/media?parent=8104"}],"wp:term":[{"taxonomy":"product_brand","embeddable":true,"href":"https:\/\/www.pruvost-sports.com\/boutique\/wp-json\/wp\/v2\/product_brand?post=8104"},{"taxonomy":"product_cat","embeddable":true,"href":"https:\/\/www.pruvost-sports.com\/boutique\/wp-json\/wp\/v2\/product_cat?post=8104"},{"taxonomy":"product_tag","embeddable":true,"href":"https:\/\/www.pruvost-sports.com\/boutique\/wp-json\/wp\/v2\/product_tag?post=8104"}],"curies":[{"name":"wp","href":"https:\/\/api.w.org\/{rel}","templated":true}]}}