{"id":7968,"date":"2024-04-10T12:09:00","date_gmt":"2024-04-10T10:09:00","guid":{"rendered":"https:\/\/www.pruvost-sports.com\/boutique\/?post_type=product&#038;p=7968"},"modified":"2024-12-13T12:01:10","modified_gmt":"2024-12-13T11:01:10","slug":"chariot-de-mise-a-leau-classic","status":"publish","type":"product","link":"https:\/\/www.pruvost-sports.com\/boutique\/produit\/chariot-de-mise-a-leau-classic\/","title":{"rendered":"Chariot de mise \u00e0 l&rsquo;eau Classic"},"content":{"rendered":"<p><strong>Version manuel:<\/strong><\/p>\n<ul>\n<li>Charge de levage maxi : 136Kg<\/li>\n<li>Poids: 195Kg<\/li>\n<li>Dimensions (LxPxH): 80 x 120 x 170 cm<\/li>\n<\/ul>\n<p>&nbsp;<\/p>\n<p><strong>Version motoris\u00e9:\u00a0<\/strong><\/p>\n<ul>\n<li>Charge de levage maxi: 136Kg<\/li>\n<li>Poids\u00a0 : 250Kg<\/li>\n<li>Dimensions (LxPxH): 75 x 180 x 150 cm<\/li>\n<li>Alimentation : Batterie 24 volts<\/li>\n<\/ul>\n","protected":false},"excerpt":{"rendered":"<p>Produit d\u2019aide \u00e0 la mise en accessibilit\u00e9 des \u00e9quipements sportifs favorisant la pratique sportive des personnes en situation de handicap.<\/p>\n<p>Existe en version manuel ou motoris\u00e9.<\/p>\n<p>Fiche technique en t\u00e9l\u00e9chargement .<\/p>\n","protected":false},"featured_media":7974,"template":"","meta":[],"product_brand":[],"product_cat":[81],"product_tag":[1840,1839],"class_list":{"0":"post-7968","1":"product","2":"type-product","3":"status-publish","4":"has-post-thumbnail","6":"product_cat-aide-aux-pmr","7":"product_tag-chariot-pmr","8":"product_tag-fauteuil-pmr","10":"entry","11":"has-media","13":"first","14":"instock","15":"shipping-taxable","16":"purchasable","17":"product-type-variable","18":"col","19":"span_1_of_4","20":"owp-content-center","21":"owp-thumbs-layout-horizontal","22":"owp-btn-normal","23":"owp-tabs-layout-horizontal","24":"has-no-thumbnails"},"yoast_head":"<!-- This site is optimized with the Yoast SEO plugin v27.5 - https:\/\/yoast.com\/product\/yoast-seo-wordpress\/ -->\n<title>Chariot de mise \u00e0 l&#039;eau Classic - Pruvost sport piscine<\/title>\n<meta name=\"robots\" content=\"index, follow, max-snippet:-1, max-image-preview:large, max-video-preview:-1\" \/>\n<link rel=\"canonical\" href=\"https:\/\/www.pruvost-sports.com\/boutique\/produit\/chariot-de-mise-a-leau-classic\/\" \/>\n<meta property=\"og:locale\" content=\"fr_FR\" \/>\n<meta property=\"og:type\" content=\"article\" \/>\n<meta property=\"og:title\" content=\"Chariot de mise \u00e0 l&#039;eau Classic - Pruvost sport piscine\" \/>\n<meta property=\"og:description\" content=\"Produit d\u2019aide \u00e0 la mise en accessibilit\u00e9 des \u00e9quipements sportifs favorisant la pratique sportive des personnes en situation de handicap.  Existe en version manuel ou motoris\u00e9.  Fiche technique en t\u00e9l\u00e9chargement .\" \/>\n<meta property=\"og:url\" content=\"https:\/\/www.pruvost-sports.com\/boutique\/produit\/chariot-de-mise-a-leau-classic\/\" \/>\n<meta property=\"og:site_name\" content=\"Pruvost sport piscine\" \/>\n<meta property=\"article:modified_time\" content=\"2024-12-13T11:01:10+00:00\" \/>\n<meta property=\"og:image\" content=\"https:\/\/www.pruvost-sports.com\/boutique\/wp-content\/uploads\/2024\/04\/unikart-classic-1.jpg\" \/>\n\t<meta property=\"og:image:width\" content=\"720\" \/>\n\t<meta property=\"og:image:height\" content=\"800\" \/>\n\t<meta property=\"og:image:type\" content=\"image\/jpeg\" \/>\n<meta name=\"twitter:card\" content=\"summary_large_image\" \/>\n<meta name=\"twitter:label1\" content=\"Dur\u00e9e de lecture estim\u00e9e\" \/>\n\t<meta name=\"twitter:data1\" content=\"1 minute\" \/>\n<script type=\"application\/ld+json\" class=\"yoast-schema-graph\">{\"@context\":\"https:\\\/\\\/schema.org\",\"@graph\":[{\"@type\":\"WebPage\",\"@id\":\"https:\\\/\\\/www.pruvost-sports.com\\\/boutique\\\/produit\\\/chariot-de-mise-a-leau-classic\\\/\",\"url\":\"https:\\\/\\\/www.pruvost-sports.com\\\/boutique\\\/produit\\\/chariot-de-mise-a-leau-classic\\\/\",\"name\":\"Chariot de mise \u00e0 l'eau Classic - Pruvost sport piscine\",\"isPartOf\":{\"@id\":\"https:\\\/\\\/www.pruvost-sports.com\\\/boutique\\\/#website\"},\"primaryImageOfPage\":{\"@id\":\"https:\\\/\\\/www.pruvost-sports.com\\\/boutique\\\/produit\\\/chariot-de-mise-a-leau-classic\\\/#primaryimage\"},\"image\":{\"@id\":\"https:\\\/\\\/www.pruvost-sports.com\\\/boutique\\\/produit\\\/chariot-de-mise-a-leau-classic\\\/#primaryimage\"},\"thumbnailUrl\":\"https:\\\/\\\/www.pruvost-sports.com\\\/boutique\\\/wp-content\\\/uploads\\\/2024\\\/04\\\/unikart-classic-1.jpg\",\"datePublished\":\"2024-04-10T10:09:00+00:00\",\"dateModified\":\"2024-12-13T11:01:10+00:00\",\"breadcrumb\":{\"@id\":\"https:\\\/\\\/www.pruvost-sports.com\\\/boutique\\\/produit\\\/chariot-de-mise-a-leau-classic\\\/#breadcrumb\"},\"inLanguage\":\"fr-FR\",\"potentialAction\":[{\"@type\":\"ReadAction\",\"target\":[\"https:\\\/\\\/www.pruvost-sports.com\\\/boutique\\\/produit\\\/chariot-de-mise-a-leau-classic\\\/\"]}]},{\"@type\":\"ImageObject\",\"inLanguage\":\"fr-FR\",\"@id\":\"https:\\\/\\\/www.pruvost-sports.com\\\/boutique\\\/produit\\\/chariot-de-mise-a-leau-classic\\\/#primaryimage\",\"url\":\"https:\\\/\\\/www.pruvost-sports.com\\\/boutique\\\/wp-content\\\/uploads\\\/2024\\\/04\\\/unikart-classic-1.jpg\",\"contentUrl\":\"https:\\\/\\\/www.pruvost-sports.com\\\/boutique\\\/wp-content\\\/uploads\\\/2024\\\/04\\\/unikart-classic-1.jpg\",\"width\":720,\"height\":800},{\"@type\":\"BreadcrumbList\",\"@id\":\"https:\\\/\\\/www.pruvost-sports.com\\\/boutique\\\/produit\\\/chariot-de-mise-a-leau-classic\\\/#breadcrumb\",\"itemListElement\":[{\"@type\":\"ListItem\",\"position\":1,\"name\":\"Accueil\",\"item\":\"https:\\\/\\\/www.pruvost-sports.com\\\/boutique\\\/\"},{\"@type\":\"ListItem\",\"position\":2,\"name\":\"Boutique\",\"item\":\"https:\\\/\\\/www.pruvost-sports.com\\\/boutique\\\/boutique\\\/\"},{\"@type\":\"ListItem\",\"position\":3,\"name\":\"Chariot de mise \u00e0 l&rsquo;eau Classic\"}]},{\"@type\":\"WebSite\",\"@id\":\"https:\\\/\\\/www.pruvost-sports.com\\\/boutique\\\/#website\",\"url\":\"https:\\\/\\\/www.pruvost-sports.com\\\/boutique\\\/\",\"name\":\"Pruvost sport piscine\",\"description\":\"\",\"potentialAction\":[{\"@type\":\"SearchAction\",\"target\":{\"@type\":\"EntryPoint\",\"urlTemplate\":\"https:\\\/\\\/www.pruvost-sports.com\\\/boutique\\\/?s={search_term_string}\"},\"query-input\":{\"@type\":\"PropertyValueSpecification\",\"valueRequired\":true,\"valueName\":\"search_term_string\"}}],\"inLanguage\":\"fr-FR\"}]}<\/script>\n<!-- \/ Yoast SEO plugin. -->","yoast_head_json":{"title":"Chariot de mise \u00e0 l'eau Classic - Pruvost sport piscine","robots":{"index":"index","follow":"follow","max-snippet":"max-snippet:-1","max-image-preview":"max-image-preview:large","max-video-preview":"max-video-preview:-1"},"canonical":"https:\/\/www.pruvost-sports.com\/boutique\/produit\/chariot-de-mise-a-leau-classic\/","og_locale":"fr_FR","og_type":"article","og_title":"Chariot de mise \u00e0 l'eau Classic - Pruvost sport piscine","og_description":"Produit d\u2019aide \u00e0 la mise en accessibilit\u00e9 des \u00e9quipements sportifs favorisant la pratique sportive des personnes en situation de handicap.  Existe en version manuel ou motoris\u00e9.  Fiche technique en t\u00e9l\u00e9chargement .","og_url":"https:\/\/www.pruvost-sports.com\/boutique\/produit\/chariot-de-mise-a-leau-classic\/","og_site_name":"Pruvost sport piscine","article_modified_time":"2024-12-13T11:01:10+00:00","og_image":[{"width":720,"height":800,"url":"https:\/\/www.pruvost-sports.com\/boutique\/wp-content\/uploads\/2024\/04\/unikart-classic-1.jpg","type":"image\/jpeg"}],"twitter_card":"summary_large_image","twitter_misc":{"Dur\u00e9e de lecture estim\u00e9e":"1 minute"},"schema":{"@context":"https:\/\/schema.org","@graph":[{"@type":"WebPage","@id":"https:\/\/www.pruvost-sports.com\/boutique\/produit\/chariot-de-mise-a-leau-classic\/","url":"https:\/\/www.pruvost-sports.com\/boutique\/produit\/chariot-de-mise-a-leau-classic\/","name":"Chariot de mise \u00e0 l'eau Classic - Pruvost sport piscine","isPartOf":{"@id":"https:\/\/www.pruvost-sports.com\/boutique\/#website"},"primaryImageOfPage":{"@id":"https:\/\/www.pruvost-sports.com\/boutique\/produit\/chariot-de-mise-a-leau-classic\/#primaryimage"},"image":{"@id":"https:\/\/www.pruvost-sports.com\/boutique\/produit\/chariot-de-mise-a-leau-classic\/#primaryimage"},"thumbnailUrl":"https:\/\/www.pruvost-sports.com\/boutique\/wp-content\/uploads\/2024\/04\/unikart-classic-1.jpg","datePublished":"2024-04-10T10:09:00+00:00","dateModified":"2024-12-13T11:01:10+00:00","breadcrumb":{"@id":"https:\/\/www.pruvost-sports.com\/boutique\/produit\/chariot-de-mise-a-leau-classic\/#breadcrumb"},"inLanguage":"fr-FR","potentialAction":[{"@type":"ReadAction","target":["https:\/\/www.pruvost-sports.com\/boutique\/produit\/chariot-de-mise-a-leau-classic\/"]}]},{"@type":"ImageObject","inLanguage":"fr-FR","@id":"https:\/\/www.pruvost-sports.com\/boutique\/produit\/chariot-de-mise-a-leau-classic\/#primaryimage","url":"https:\/\/www.pruvost-sports.com\/boutique\/wp-content\/uploads\/2024\/04\/unikart-classic-1.jpg","contentUrl":"https:\/\/www.pruvost-sports.com\/boutique\/wp-content\/uploads\/2024\/04\/unikart-classic-1.jpg","width":720,"height":800},{"@type":"BreadcrumbList","@id":"https:\/\/www.pruvost-sports.com\/boutique\/produit\/chariot-de-mise-a-leau-classic\/#breadcrumb","itemListElement":[{"@type":"ListItem","position":1,"name":"Accueil","item":"https:\/\/www.pruvost-sports.com\/boutique\/"},{"@type":"ListItem","position":2,"name":"Boutique","item":"https:\/\/www.pruvost-sports.com\/boutique\/boutique\/"},{"@type":"ListItem","position":3,"name":"Chariot de mise \u00e0 l&rsquo;eau Classic"}]},{"@type":"WebSite","@id":"https:\/\/www.pruvost-sports.com\/boutique\/#website","url":"https:\/\/www.pruvost-sports.com\/boutique\/","name":"Pruvost sport piscine","description":"","potentialAction":[{"@type":"SearchAction","target":{"@type":"EntryPoint","urlTemplate":"https:\/\/www.pruvost-sports.com\/boutique\/?s={search_term_string}"},"query-input":{"@type":"PropertyValueSpecification","valueRequired":true,"valueName":"search_term_string"}}],"inLanguage":"fr-FR"}]}},"_links":{"self":[{"href":"https:\/\/www.pruvost-sports.com\/boutique\/wp-json\/wp\/v2\/product\/7968","targetHints":{"allow":["GET"]}}],"collection":[{"href":"https:\/\/www.pruvost-sports.com\/boutique\/wp-json\/wp\/v2\/product"}],"about":[{"href":"https:\/\/www.pruvost-sports.com\/boutique\/wp-json\/wp\/v2\/types\/product"}],"wp:featuredmedia":[{"embeddable":true,"href":"https:\/\/www.pruvost-sports.com\/boutique\/wp-json\/wp\/v2\/media\/7974"}],"wp:attachment":[{"href":"https:\/\/www.pruvost-sports.com\/boutique\/wp-json\/wp\/v2\/media?parent=7968"}],"wp:term":[{"taxonomy":"product_brand","embeddable":true,"href":"https:\/\/www.pruvost-sports.com\/boutique\/wp-json\/wp\/v2\/product_brand?post=7968"},{"taxonomy":"product_cat","embeddable":true,"href":"https:\/\/www.pruvost-sports.com\/boutique\/wp-json\/wp\/v2\/product_cat?post=7968"},{"taxonomy":"product_tag","embeddable":true,"href":"https:\/\/www.pruvost-sports.com\/boutique\/wp-json\/wp\/v2\/product_tag?post=7968"}],"curies":[{"name":"wp","href":"https:\/\/api.w.org\/{rel}","templated":true}]}}