{"id":7915,"date":"2024-04-09T12:30:34","date_gmt":"2024-04-09T10:30:34","guid":{"rendered":"https:\/\/www.pruvost-sports.com\/boutique\/?post_type=product&#038;p=7915"},"modified":"2025-11-07T11:29:53","modified_gmt":"2025-11-07T10:29:53","slug":"elevateur-mobile-sur-batterie-bluone","status":"publish","type":"product","link":"https:\/\/www.pruvost-sports.com\/boutique\/produit\/elevateur-mobile-sur-batterie-bluone\/","title":{"rendered":"\u00c9l\u00e9vateur mobile sur batterie &#8211; BluOne"},"content":{"rendered":"","protected":false},"excerpt":{"rendered":"<p>L\u2019\u00e9l\u00e9vateur BluOne se distingue par sa rapidit\u00e9 d\u2019utilisation. Sans besoin d\u2019ancrage au sol, il offre la possibilit\u00e9 de prendre en charge la personne directement au vestiaire, puis de la conduire rapidement au bord du bassin.<\/p>\n<p>Structure mobile sur roues.<\/p>\n<p>Man\u0153uvres r\u00e9alis\u00e9es par une tierce personne.<\/p>\n<p>Alimentation sur batterie rechargeable.<\/p>\n<p>Charge maximale 110 kg.<\/p>\n","protected":false},"featured_media":7916,"template":"","meta":[],"product_brand":[],"product_cat":[81],"product_tag":[748,746],"class_list":{"0":"post-7915","1":"product","2":"type-product","3":"status-publish","4":"has-post-thumbnail","6":"product_cat-aide-aux-pmr","7":"product_tag-aide-mise-a-leau","8":"product_tag-fauteuil-de-mise-a-leau","10":"entry","11":"has-media","13":"first","14":"instock","15":"shipping-taxable","16":"purchasable","17":"product-type-simple","18":"col","19":"span_1_of_4","20":"owp-content-center","21":"owp-thumbs-layout-horizontal","22":"owp-btn-normal","23":"owp-tabs-layout-horizontal","24":"has-no-thumbnails"},"yoast_head":"<!-- This site is optimized with the Yoast SEO plugin v27.5 - https:\/\/yoast.com\/product\/yoast-seo-wordpress\/ -->\n<title>\u00c9l\u00e9vateur mobile sur batterie - BluOne - Pruvost sport piscine<\/title>\n<meta name=\"robots\" content=\"index, follow, max-snippet:-1, max-image-preview:large, max-video-preview:-1\" \/>\n<link rel=\"canonical\" href=\"https:\/\/www.pruvost-sports.com\/boutique\/produit\/elevateur-mobile-sur-batterie-bluone\/\" \/>\n<meta property=\"og:locale\" content=\"fr_FR\" \/>\n<meta property=\"og:type\" content=\"article\" \/>\n<meta property=\"og:title\" content=\"\u00c9l\u00e9vateur mobile sur batterie - BluOne - Pruvost sport piscine\" \/>\n<meta property=\"og:description\" content=\"L\u2019\u00e9l\u00e9vateur BluOne se distingue par sa rapidit\u00e9 d\u2019utilisation. Sans besoin d\u2019ancrage au sol, il offre la possibilit\u00e9 de prendre en charge la personne directement au vestiaire, puis de la conduire rapidement au bord du bassin.  Structure mobile sur roues.  Man\u0153uvres r\u00e9alis\u00e9es par une tierce personne.  Alimentation sur batterie rechargeable.  Charge maximale 110 kg.\" \/>\n<meta property=\"og:url\" content=\"https:\/\/www.pruvost-sports.com\/boutique\/produit\/elevateur-mobile-sur-batterie-bluone\/\" \/>\n<meta property=\"og:site_name\" content=\"Pruvost sport piscine\" \/>\n<meta property=\"article:modified_time\" content=\"2025-11-07T10:29:53+00:00\" \/>\n<meta property=\"og:image\" content=\"https:\/\/www.pruvost-sports.com\/boutique\/wp-content\/uploads\/2024\/04\/bluone-siege-elevateur.webp\" \/>\n\t<meta property=\"og:image:width\" content=\"350\" \/>\n\t<meta property=\"og:image:height\" content=\"301\" \/>\n\t<meta property=\"og:image:type\" content=\"image\/webp\" \/>\n<meta name=\"twitter:card\" content=\"summary_large_image\" \/>\n<meta name=\"twitter:label1\" content=\"Dur\u00e9e de lecture estim\u00e9e\" \/>\n\t<meta name=\"twitter:data1\" content=\"1 minute\" \/>\n<script type=\"application\/ld+json\" class=\"yoast-schema-graph\">{\"@context\":\"https:\\\/\\\/schema.org\",\"@graph\":[{\"@type\":\"WebPage\",\"@id\":\"https:\\\/\\\/www.pruvost-sports.com\\\/boutique\\\/produit\\\/elevateur-mobile-sur-batterie-bluone\\\/\",\"url\":\"https:\\\/\\\/www.pruvost-sports.com\\\/boutique\\\/produit\\\/elevateur-mobile-sur-batterie-bluone\\\/\",\"name\":\"\u00c9l\u00e9vateur mobile sur batterie - BluOne - Pruvost sport piscine\",\"isPartOf\":{\"@id\":\"https:\\\/\\\/www.pruvost-sports.com\\\/boutique\\\/#website\"},\"primaryImageOfPage\":{\"@id\":\"https:\\\/\\\/www.pruvost-sports.com\\\/boutique\\\/produit\\\/elevateur-mobile-sur-batterie-bluone\\\/#primaryimage\"},\"image\":{\"@id\":\"https:\\\/\\\/www.pruvost-sports.com\\\/boutique\\\/produit\\\/elevateur-mobile-sur-batterie-bluone\\\/#primaryimage\"},\"thumbnailUrl\":\"https:\\\/\\\/www.pruvost-sports.com\\\/boutique\\\/wp-content\\\/uploads\\\/2024\\\/04\\\/bluone-siege-elevateur.webp\",\"datePublished\":\"2024-04-09T10:30:34+00:00\",\"dateModified\":\"2025-11-07T10:29:53+00:00\",\"breadcrumb\":{\"@id\":\"https:\\\/\\\/www.pruvost-sports.com\\\/boutique\\\/produit\\\/elevateur-mobile-sur-batterie-bluone\\\/#breadcrumb\"},\"inLanguage\":\"fr-FR\",\"potentialAction\":[{\"@type\":\"ReadAction\",\"target\":[\"https:\\\/\\\/www.pruvost-sports.com\\\/boutique\\\/produit\\\/elevateur-mobile-sur-batterie-bluone\\\/\"]}]},{\"@type\":\"ImageObject\",\"inLanguage\":\"fr-FR\",\"@id\":\"https:\\\/\\\/www.pruvost-sports.com\\\/boutique\\\/produit\\\/elevateur-mobile-sur-batterie-bluone\\\/#primaryimage\",\"url\":\"https:\\\/\\\/www.pruvost-sports.com\\\/boutique\\\/wp-content\\\/uploads\\\/2024\\\/04\\\/bluone-siege-elevateur.webp\",\"contentUrl\":\"https:\\\/\\\/www.pruvost-sports.com\\\/boutique\\\/wp-content\\\/uploads\\\/2024\\\/04\\\/bluone-siege-elevateur.webp\",\"width\":350,\"height\":301},{\"@type\":\"BreadcrumbList\",\"@id\":\"https:\\\/\\\/www.pruvost-sports.com\\\/boutique\\\/produit\\\/elevateur-mobile-sur-batterie-bluone\\\/#breadcrumb\",\"itemListElement\":[{\"@type\":\"ListItem\",\"position\":1,\"name\":\"Accueil\",\"item\":\"https:\\\/\\\/www.pruvost-sports.com\\\/boutique\\\/\"},{\"@type\":\"ListItem\",\"position\":2,\"name\":\"Boutique\",\"item\":\"https:\\\/\\\/www.pruvost-sports.com\\\/boutique\\\/boutique\\\/\"},{\"@type\":\"ListItem\",\"position\":3,\"name\":\"\u00c9l\u00e9vateur mobile sur batterie &#8211; BluOne\"}]},{\"@type\":\"WebSite\",\"@id\":\"https:\\\/\\\/www.pruvost-sports.com\\\/boutique\\\/#website\",\"url\":\"https:\\\/\\\/www.pruvost-sports.com\\\/boutique\\\/\",\"name\":\"Pruvost sport piscine\",\"description\":\"\",\"potentialAction\":[{\"@type\":\"SearchAction\",\"target\":{\"@type\":\"EntryPoint\",\"urlTemplate\":\"https:\\\/\\\/www.pruvost-sports.com\\\/boutique\\\/?s={search_term_string}\"},\"query-input\":{\"@type\":\"PropertyValueSpecification\",\"valueRequired\":true,\"valueName\":\"search_term_string\"}}],\"inLanguage\":\"fr-FR\"}]}<\/script>\n<!-- \/ Yoast SEO plugin. -->","yoast_head_json":{"title":"\u00c9l\u00e9vateur mobile sur batterie - BluOne - Pruvost sport piscine","robots":{"index":"index","follow":"follow","max-snippet":"max-snippet:-1","max-image-preview":"max-image-preview:large","max-video-preview":"max-video-preview:-1"},"canonical":"https:\/\/www.pruvost-sports.com\/boutique\/produit\/elevateur-mobile-sur-batterie-bluone\/","og_locale":"fr_FR","og_type":"article","og_title":"\u00c9l\u00e9vateur mobile sur batterie - BluOne - Pruvost sport piscine","og_description":"L\u2019\u00e9l\u00e9vateur BluOne se distingue par sa rapidit\u00e9 d\u2019utilisation. Sans besoin d\u2019ancrage au sol, il offre la possibilit\u00e9 de prendre en charge la personne directement au vestiaire, puis de la conduire rapidement au bord du bassin.  Structure mobile sur roues.  Man\u0153uvres r\u00e9alis\u00e9es par une tierce personne.  Alimentation sur batterie rechargeable.  Charge maximale 110 kg.","og_url":"https:\/\/www.pruvost-sports.com\/boutique\/produit\/elevateur-mobile-sur-batterie-bluone\/","og_site_name":"Pruvost sport piscine","article_modified_time":"2025-11-07T10:29:53+00:00","og_image":[{"width":350,"height":301,"url":"https:\/\/www.pruvost-sports.com\/boutique\/wp-content\/uploads\/2024\/04\/bluone-siege-elevateur.webp","type":"image\/webp"}],"twitter_card":"summary_large_image","twitter_misc":{"Dur\u00e9e de lecture estim\u00e9e":"1 minute"},"schema":{"@context":"https:\/\/schema.org","@graph":[{"@type":"WebPage","@id":"https:\/\/www.pruvost-sports.com\/boutique\/produit\/elevateur-mobile-sur-batterie-bluone\/","url":"https:\/\/www.pruvost-sports.com\/boutique\/produit\/elevateur-mobile-sur-batterie-bluone\/","name":"\u00c9l\u00e9vateur mobile sur batterie - BluOne - Pruvost sport piscine","isPartOf":{"@id":"https:\/\/www.pruvost-sports.com\/boutique\/#website"},"primaryImageOfPage":{"@id":"https:\/\/www.pruvost-sports.com\/boutique\/produit\/elevateur-mobile-sur-batterie-bluone\/#primaryimage"},"image":{"@id":"https:\/\/www.pruvost-sports.com\/boutique\/produit\/elevateur-mobile-sur-batterie-bluone\/#primaryimage"},"thumbnailUrl":"https:\/\/www.pruvost-sports.com\/boutique\/wp-content\/uploads\/2024\/04\/bluone-siege-elevateur.webp","datePublished":"2024-04-09T10:30:34+00:00","dateModified":"2025-11-07T10:29:53+00:00","breadcrumb":{"@id":"https:\/\/www.pruvost-sports.com\/boutique\/produit\/elevateur-mobile-sur-batterie-bluone\/#breadcrumb"},"inLanguage":"fr-FR","potentialAction":[{"@type":"ReadAction","target":["https:\/\/www.pruvost-sports.com\/boutique\/produit\/elevateur-mobile-sur-batterie-bluone\/"]}]},{"@type":"ImageObject","inLanguage":"fr-FR","@id":"https:\/\/www.pruvost-sports.com\/boutique\/produit\/elevateur-mobile-sur-batterie-bluone\/#primaryimage","url":"https:\/\/www.pruvost-sports.com\/boutique\/wp-content\/uploads\/2024\/04\/bluone-siege-elevateur.webp","contentUrl":"https:\/\/www.pruvost-sports.com\/boutique\/wp-content\/uploads\/2024\/04\/bluone-siege-elevateur.webp","width":350,"height":301},{"@type":"BreadcrumbList","@id":"https:\/\/www.pruvost-sports.com\/boutique\/produit\/elevateur-mobile-sur-batterie-bluone\/#breadcrumb","itemListElement":[{"@type":"ListItem","position":1,"name":"Accueil","item":"https:\/\/www.pruvost-sports.com\/boutique\/"},{"@type":"ListItem","position":2,"name":"Boutique","item":"https:\/\/www.pruvost-sports.com\/boutique\/boutique\/"},{"@type":"ListItem","position":3,"name":"\u00c9l\u00e9vateur mobile sur batterie &#8211; BluOne"}]},{"@type":"WebSite","@id":"https:\/\/www.pruvost-sports.com\/boutique\/#website","url":"https:\/\/www.pruvost-sports.com\/boutique\/","name":"Pruvost sport piscine","description":"","potentialAction":[{"@type":"SearchAction","target":{"@type":"EntryPoint","urlTemplate":"https:\/\/www.pruvost-sports.com\/boutique\/?s={search_term_string}"},"query-input":{"@type":"PropertyValueSpecification","valueRequired":true,"valueName":"search_term_string"}}],"inLanguage":"fr-FR"}]}},"_links":{"self":[{"href":"https:\/\/www.pruvost-sports.com\/boutique\/wp-json\/wp\/v2\/product\/7915","targetHints":{"allow":["GET"]}}],"collection":[{"href":"https:\/\/www.pruvost-sports.com\/boutique\/wp-json\/wp\/v2\/product"}],"about":[{"href":"https:\/\/www.pruvost-sports.com\/boutique\/wp-json\/wp\/v2\/types\/product"}],"wp:featuredmedia":[{"embeddable":true,"href":"https:\/\/www.pruvost-sports.com\/boutique\/wp-json\/wp\/v2\/media\/7916"}],"wp:attachment":[{"href":"https:\/\/www.pruvost-sports.com\/boutique\/wp-json\/wp\/v2\/media?parent=7915"}],"wp:term":[{"taxonomy":"product_brand","embeddable":true,"href":"https:\/\/www.pruvost-sports.com\/boutique\/wp-json\/wp\/v2\/product_brand?post=7915"},{"taxonomy":"product_cat","embeddable":true,"href":"https:\/\/www.pruvost-sports.com\/boutique\/wp-json\/wp\/v2\/product_cat?post=7915"},{"taxonomy":"product_tag","embeddable":true,"href":"https:\/\/www.pruvost-sports.com\/boutique\/wp-json\/wp\/v2\/product_tag?post=7915"}],"curies":[{"name":"wp","href":"https:\/\/api.w.org\/{rel}","templated":true}]}}