{"id":7902,"date":"2024-04-09T09:12:23","date_gmt":"2024-04-09T07:12:23","guid":{"rendered":"https:\/\/www.pruvost-sports.com\/boutique\/?post_type=product&#038;p=7902"},"modified":"2025-11-07T11:31:15","modified_gmt":"2025-11-07T10:31:15","slug":"le-petit-grimpeur","status":"publish","type":"product","link":"https:\/\/www.pruvost-sports.com\/boutique\/produit\/le-petit-grimpeur\/","title":{"rendered":"Le petit Grimpeur"},"content":{"rendered":"<p>Compos\u00e9 des \u00e9l\u00e9ments suivants :<\/p>\n<ul>\n<li><a href=\"https:\/\/www.pruvost-sports.com\/boutique\/produit\/raccord-mixte-femelle\/\">R21-1 : Raccord mixte femelle<\/a><\/li>\n<li><a href=\"https:\/\/www.pruvost-sports.com\/boutique\/produit\/module-petit-tapis-simple\/\">R21-3 : Module Petit tapis simple<\/a><\/li>\n<li><a href=\"https:\/\/www.pruvost-sports.com\/boutique\/produit\/module-grand-tapis-simple\/\">R25-1 : Module Grand tapis simple<\/a><\/li>\n<li><a href=\"https:\/\/www.pruvost-sports.com\/boutique\/produit\/module-tapis-a-pois\/\">R22-4 : Module Tapis \u00e0 pois<\/a><\/li>\n<li><a href=\"https:\/\/www.pruvost-sports.com\/boutique\/produit\/module-labyrinthe\/\">R21-6 : Module Labyrinthe<\/a><\/li>\n<li><a href=\"https:\/\/www.pruvost-sports.com\/boutique\/produit\/module-pataugeoire-flottante-mini\/\">R25-2 : Module Pataugeoire flottante mini<\/a><\/li>\n<li><a href=\"https:\/\/www.pruvost-sports.com\/boutique\/produit\/module-la-maison-avec-toit-4-directions\/\">R25-3 : Module La maison avec toit 4 directions<\/a><\/li>\n<li><a href=\"https:\/\/www.pruvost-sports.com\/boutique\/produit\/module-mur-descalade-flottant\/\">R22-1 : Module Le mur d&rsquo;escalade flottant<\/a><\/li>\n<li><a href=\"https:\/\/www.pruvost-sports.com\/boutique\/produit\/module-escalado\/\">R21-4 : Module L&rsquo;escalad&rsquo;O<\/a><\/li>\n<li><a href=\"https:\/\/www.pruvost-sports.com\/boutique\/produit\/module-toboggan-baleino\/\">R22-5 : Module Le toboggan Balein&rsquo;O<\/a><\/li>\n<\/ul>\n","protected":false},"excerpt":{"rendered":"<p>Structure en mousse pour les enfants comportant 11 \u00e9l\u00e9ments d&rsquo;une dimensions 10&#215;10 m\u00e8tres.<\/p>\n","protected":false},"featured_media":7903,"template":"","meta":[],"product_brand":[],"product_cat":[48,21,66],"product_tag":[],"class_list":{"0":"post-7902","1":"product","2":"type-product","3":"status-publish","4":"has-post-thumbnail","6":"product_cat-animation","7":"product_cat-jeux-et-animations","8":"product_cat-parcours","10":"entry","11":"has-media","13":"first","14":"instock","15":"shipping-taxable","16":"purchasable","17":"product-type-simple","18":"col","19":"span_1_of_4","20":"owp-content-center","21":"owp-thumbs-layout-horizontal","22":"owp-btn-normal","23":"owp-tabs-layout-horizontal","24":"has-no-thumbnails"},"yoast_head":"<!-- This site is optimized with the Yoast SEO plugin v27.5 - https:\/\/yoast.com\/product\/yoast-seo-wordpress\/ -->\n<title>Le petit Grimpeur - Pruvost sport piscine<\/title>\n<meta name=\"robots\" content=\"index, follow, max-snippet:-1, max-image-preview:large, max-video-preview:-1\" \/>\n<link rel=\"canonical\" href=\"https:\/\/www.pruvost-sports.com\/boutique\/produit\/le-petit-grimpeur\/\" \/>\n<meta property=\"og:locale\" content=\"fr_FR\" \/>\n<meta property=\"og:type\" content=\"article\" \/>\n<meta property=\"og:title\" content=\"Le petit Grimpeur - Pruvost sport piscine\" \/>\n<meta property=\"og:description\" content=\"Structure en mousse pour les enfants comportant 11 \u00e9l\u00e9ments d&#039;une dimensions 10x10 m\u00e8tres.\" \/>\n<meta property=\"og:url\" content=\"https:\/\/www.pruvost-sports.com\/boutique\/produit\/le-petit-grimpeur\/\" \/>\n<meta property=\"og:site_name\" content=\"Pruvost sport piscine\" \/>\n<meta property=\"article:modified_time\" content=\"2025-11-07T10:31:15+00:00\" \/>\n<meta property=\"og:image\" content=\"https:\/\/www.pruvost-sports.com\/boutique\/wp-content\/uploads\/2024\/04\/Le-Petit-Grimpeur.png\" \/>\n\t<meta property=\"og:image:width\" content=\"1122\" \/>\n\t<meta property=\"og:image:height\" content=\"1122\" \/>\n\t<meta property=\"og:image:type\" content=\"image\/png\" \/>\n<meta name=\"twitter:card\" content=\"summary_large_image\" \/>\n<meta name=\"twitter:label1\" content=\"Dur\u00e9e de lecture estim\u00e9e\" \/>\n\t<meta name=\"twitter:data1\" content=\"1 minute\" \/>\n<script type=\"application\/ld+json\" class=\"yoast-schema-graph\">{\"@context\":\"https:\\\/\\\/schema.org\",\"@graph\":[{\"@type\":\"WebPage\",\"@id\":\"https:\\\/\\\/www.pruvost-sports.com\\\/boutique\\\/produit\\\/le-petit-grimpeur\\\/\",\"url\":\"https:\\\/\\\/www.pruvost-sports.com\\\/boutique\\\/produit\\\/le-petit-grimpeur\\\/\",\"name\":\"Le petit Grimpeur - Pruvost sport piscine\",\"isPartOf\":{\"@id\":\"https:\\\/\\\/www.pruvost-sports.com\\\/boutique\\\/#website\"},\"primaryImageOfPage\":{\"@id\":\"https:\\\/\\\/www.pruvost-sports.com\\\/boutique\\\/produit\\\/le-petit-grimpeur\\\/#primaryimage\"},\"image\":{\"@id\":\"https:\\\/\\\/www.pruvost-sports.com\\\/boutique\\\/produit\\\/le-petit-grimpeur\\\/#primaryimage\"},\"thumbnailUrl\":\"https:\\\/\\\/www.pruvost-sports.com\\\/boutique\\\/wp-content\\\/uploads\\\/2024\\\/04\\\/Le-Petit-Grimpeur.png\",\"datePublished\":\"2024-04-09T07:12:23+00:00\",\"dateModified\":\"2025-11-07T10:31:15+00:00\",\"breadcrumb\":{\"@id\":\"https:\\\/\\\/www.pruvost-sports.com\\\/boutique\\\/produit\\\/le-petit-grimpeur\\\/#breadcrumb\"},\"inLanguage\":\"fr-FR\",\"potentialAction\":[{\"@type\":\"ReadAction\",\"target\":[\"https:\\\/\\\/www.pruvost-sports.com\\\/boutique\\\/produit\\\/le-petit-grimpeur\\\/\"]}]},{\"@type\":\"ImageObject\",\"inLanguage\":\"fr-FR\",\"@id\":\"https:\\\/\\\/www.pruvost-sports.com\\\/boutique\\\/produit\\\/le-petit-grimpeur\\\/#primaryimage\",\"url\":\"https:\\\/\\\/www.pruvost-sports.com\\\/boutique\\\/wp-content\\\/uploads\\\/2024\\\/04\\\/Le-Petit-Grimpeur.png\",\"contentUrl\":\"https:\\\/\\\/www.pruvost-sports.com\\\/boutique\\\/wp-content\\\/uploads\\\/2024\\\/04\\\/Le-Petit-Grimpeur.png\",\"width\":1122,\"height\":1122},{\"@type\":\"BreadcrumbList\",\"@id\":\"https:\\\/\\\/www.pruvost-sports.com\\\/boutique\\\/produit\\\/le-petit-grimpeur\\\/#breadcrumb\",\"itemListElement\":[{\"@type\":\"ListItem\",\"position\":1,\"name\":\"Accueil\",\"item\":\"https:\\\/\\\/www.pruvost-sports.com\\\/boutique\\\/\"},{\"@type\":\"ListItem\",\"position\":2,\"name\":\"Boutique\",\"item\":\"https:\\\/\\\/www.pruvost-sports.com\\\/boutique\\\/boutique\\\/\"},{\"@type\":\"ListItem\",\"position\":3,\"name\":\"Le petit Grimpeur\"}]},{\"@type\":\"WebSite\",\"@id\":\"https:\\\/\\\/www.pruvost-sports.com\\\/boutique\\\/#website\",\"url\":\"https:\\\/\\\/www.pruvost-sports.com\\\/boutique\\\/\",\"name\":\"Pruvost sport piscine\",\"description\":\"\",\"potentialAction\":[{\"@type\":\"SearchAction\",\"target\":{\"@type\":\"EntryPoint\",\"urlTemplate\":\"https:\\\/\\\/www.pruvost-sports.com\\\/boutique\\\/?s={search_term_string}\"},\"query-input\":{\"@type\":\"PropertyValueSpecification\",\"valueRequired\":true,\"valueName\":\"search_term_string\"}}],\"inLanguage\":\"fr-FR\"}]}<\/script>\n<!-- \/ Yoast SEO plugin. -->","yoast_head_json":{"title":"Le petit Grimpeur - Pruvost sport piscine","robots":{"index":"index","follow":"follow","max-snippet":"max-snippet:-1","max-image-preview":"max-image-preview:large","max-video-preview":"max-video-preview:-1"},"canonical":"https:\/\/www.pruvost-sports.com\/boutique\/produit\/le-petit-grimpeur\/","og_locale":"fr_FR","og_type":"article","og_title":"Le petit Grimpeur - Pruvost sport piscine","og_description":"Structure en mousse pour les enfants comportant 11 \u00e9l\u00e9ments d'une dimensions 10x10 m\u00e8tres.","og_url":"https:\/\/www.pruvost-sports.com\/boutique\/produit\/le-petit-grimpeur\/","og_site_name":"Pruvost sport piscine","article_modified_time":"2025-11-07T10:31:15+00:00","og_image":[{"width":1122,"height":1122,"url":"https:\/\/www.pruvost-sports.com\/boutique\/wp-content\/uploads\/2024\/04\/Le-Petit-Grimpeur.png","type":"image\/png"}],"twitter_card":"summary_large_image","twitter_misc":{"Dur\u00e9e de lecture estim\u00e9e":"1 minute"},"schema":{"@context":"https:\/\/schema.org","@graph":[{"@type":"WebPage","@id":"https:\/\/www.pruvost-sports.com\/boutique\/produit\/le-petit-grimpeur\/","url":"https:\/\/www.pruvost-sports.com\/boutique\/produit\/le-petit-grimpeur\/","name":"Le petit Grimpeur - Pruvost sport piscine","isPartOf":{"@id":"https:\/\/www.pruvost-sports.com\/boutique\/#website"},"primaryImageOfPage":{"@id":"https:\/\/www.pruvost-sports.com\/boutique\/produit\/le-petit-grimpeur\/#primaryimage"},"image":{"@id":"https:\/\/www.pruvost-sports.com\/boutique\/produit\/le-petit-grimpeur\/#primaryimage"},"thumbnailUrl":"https:\/\/www.pruvost-sports.com\/boutique\/wp-content\/uploads\/2024\/04\/Le-Petit-Grimpeur.png","datePublished":"2024-04-09T07:12:23+00:00","dateModified":"2025-11-07T10:31:15+00:00","breadcrumb":{"@id":"https:\/\/www.pruvost-sports.com\/boutique\/produit\/le-petit-grimpeur\/#breadcrumb"},"inLanguage":"fr-FR","potentialAction":[{"@type":"ReadAction","target":["https:\/\/www.pruvost-sports.com\/boutique\/produit\/le-petit-grimpeur\/"]}]},{"@type":"ImageObject","inLanguage":"fr-FR","@id":"https:\/\/www.pruvost-sports.com\/boutique\/produit\/le-petit-grimpeur\/#primaryimage","url":"https:\/\/www.pruvost-sports.com\/boutique\/wp-content\/uploads\/2024\/04\/Le-Petit-Grimpeur.png","contentUrl":"https:\/\/www.pruvost-sports.com\/boutique\/wp-content\/uploads\/2024\/04\/Le-Petit-Grimpeur.png","width":1122,"height":1122},{"@type":"BreadcrumbList","@id":"https:\/\/www.pruvost-sports.com\/boutique\/produit\/le-petit-grimpeur\/#breadcrumb","itemListElement":[{"@type":"ListItem","position":1,"name":"Accueil","item":"https:\/\/www.pruvost-sports.com\/boutique\/"},{"@type":"ListItem","position":2,"name":"Boutique","item":"https:\/\/www.pruvost-sports.com\/boutique\/boutique\/"},{"@type":"ListItem","position":3,"name":"Le petit Grimpeur"}]},{"@type":"WebSite","@id":"https:\/\/www.pruvost-sports.com\/boutique\/#website","url":"https:\/\/www.pruvost-sports.com\/boutique\/","name":"Pruvost sport piscine","description":"","potentialAction":[{"@type":"SearchAction","target":{"@type":"EntryPoint","urlTemplate":"https:\/\/www.pruvost-sports.com\/boutique\/?s={search_term_string}"},"query-input":{"@type":"PropertyValueSpecification","valueRequired":true,"valueName":"search_term_string"}}],"inLanguage":"fr-FR"}]}},"_links":{"self":[{"href":"https:\/\/www.pruvost-sports.com\/boutique\/wp-json\/wp\/v2\/product\/7902","targetHints":{"allow":["GET"]}}],"collection":[{"href":"https:\/\/www.pruvost-sports.com\/boutique\/wp-json\/wp\/v2\/product"}],"about":[{"href":"https:\/\/www.pruvost-sports.com\/boutique\/wp-json\/wp\/v2\/types\/product"}],"wp:featuredmedia":[{"embeddable":true,"href":"https:\/\/www.pruvost-sports.com\/boutique\/wp-json\/wp\/v2\/media\/7903"}],"wp:attachment":[{"href":"https:\/\/www.pruvost-sports.com\/boutique\/wp-json\/wp\/v2\/media?parent=7902"}],"wp:term":[{"taxonomy":"product_brand","embeddable":true,"href":"https:\/\/www.pruvost-sports.com\/boutique\/wp-json\/wp\/v2\/product_brand?post=7902"},{"taxonomy":"product_cat","embeddable":true,"href":"https:\/\/www.pruvost-sports.com\/boutique\/wp-json\/wp\/v2\/product_cat?post=7902"},{"taxonomy":"product_tag","embeddable":true,"href":"https:\/\/www.pruvost-sports.com\/boutique\/wp-json\/wp\/v2\/product_tag?post=7902"}],"curies":[{"name":"wp","href":"https:\/\/api.w.org\/{rel}","templated":true}]}}