{"id":7897,"date":"2024-04-09T08:58:58","date_gmt":"2024-04-09T06:58:58","guid":{"rendered":"https:\/\/www.pruvost-sports.com\/boutique\/?post_type=product&#038;p=7897"},"modified":"2025-11-07T11:30:16","modified_gmt":"2025-11-07T10:30:16","slug":"le-parc-des-bambins-1","status":"publish","type":"product","link":"https:\/\/www.pruvost-sports.com\/boutique\/produit\/le-parc-des-bambins-1\/","title":{"rendered":"Le Parc des Bambins 1"},"content":{"rendered":"<p>Compos\u00e9 des \u00e9l\u00e9ments suivants :<\/p>\n<ul>\n<li><a href=\"https:\/\/www.pruvost-sports.com\/boutique\/produit\/raccord-mixte-male\/\">R23-1 : Raccord mixte\u00a0m\u00e2le<\/a><\/li>\n<li><a href=\"https:\/\/www.pruvost-sports.com\/boutique\/produit\/module-petit-tapis-simple\/\">R21-3 : Module Petit Tapis simple<\/a><\/li>\n<li><a href=\"https:\/\/www.pruvost-sports.com\/boutique\/produit\/module-petit-tapis-simple-2\/\">R23-3 : Module Pataugeoire flottante maxi<\/a><\/li>\n<li><a href=\"https:\/\/www.pruvost-sports.com\/boutique\/produit\/module-tapis-toutes-directions\/\">R23-4 : Module Tapis toutes directions<\/a><\/li>\n<li><a href=\"https:\/\/www.pruvost-sports.com\/boutique\/produit\/module-le-bebe-ranch\/\">R23-5 : Module Le b\u00e9b\u00e9 Ranch<\/a><\/li>\n<li><a href=\"https:\/\/www.pruvost-sports.com\/boutique\/produit\/module-la-hutte-de-bebe\/\">R23-6 : Module La hutte de b\u00e9b\u00e9 Robinson<\/a><\/li>\n<li><a href=\"https:\/\/www.pruvost-sports.com\/boutique\/produit\/module-la-maison-bebe-robinson\/\">R23-7 : Module La maison b\u00e9b\u00e9 Robinson<\/a><\/li>\n<li><a href=\"https:\/\/www.pruvost-sports.com\/boutique\/produit\/raccord-articule-male-male\/\">R23-8 : Raccord articul\u00e9 m\u00e2le \/ m\u00e2le<\/a><\/li>\n<\/ul>\n","protected":false},"excerpt":{"rendered":"<p>Structure en mousse pour les enfants comportant 6 \u00e9l\u00e9ments d&rsquo;une dimensions de 5&#215;5 m\u00e8tres.<\/p>\n","protected":false},"featured_media":7898,"template":"","meta":[],"product_brand":[],"product_cat":[48,66],"product_tag":[],"class_list":{"0":"post-7897","1":"product","2":"type-product","3":"status-publish","4":"has-post-thumbnail","6":"product_cat-animation","7":"product_cat-parcours","9":"entry","10":"has-media","12":"first","13":"instock","14":"shipping-taxable","15":"purchasable","16":"product-type-simple","17":"col","18":"span_1_of_4","19":"owp-content-center","20":"owp-thumbs-layout-horizontal","21":"owp-btn-normal","22":"owp-tabs-layout-horizontal","23":"has-no-thumbnails"},"yoast_head":"<!-- This site is optimized with the Yoast SEO plugin v27.5 - https:\/\/yoast.com\/product\/yoast-seo-wordpress\/ -->\n<title>Le Parc des Bambins 1 - Pruvost sport piscine<\/title>\n<meta name=\"robots\" content=\"index, follow, max-snippet:-1, max-image-preview:large, max-video-preview:-1\" \/>\n<link rel=\"canonical\" href=\"https:\/\/www.pruvost-sports.com\/boutique\/produit\/le-parc-des-bambins-1\/\" \/>\n<meta property=\"og:locale\" content=\"fr_FR\" \/>\n<meta property=\"og:type\" content=\"article\" \/>\n<meta property=\"og:title\" content=\"Le Parc des Bambins 1 - Pruvost sport piscine\" \/>\n<meta property=\"og:description\" content=\"Structure en mousse pour les enfants comportant 6 \u00e9l\u00e9ments d&#039;une dimensions de 5x5 m\u00e8tres.\" \/>\n<meta property=\"og:url\" content=\"https:\/\/www.pruvost-sports.com\/boutique\/produit\/le-parc-des-bambins-1\/\" \/>\n<meta property=\"og:site_name\" content=\"Pruvost sport piscine\" \/>\n<meta property=\"article:modified_time\" content=\"2025-11-07T10:30:16+00:00\" \/>\n<meta property=\"og:image\" content=\"https:\/\/www.pruvost-sports.com\/boutique\/wp-content\/uploads\/2024\/04\/Le-Parc-des-Bambins-1.png\" \/>\n\t<meta property=\"og:image:width\" content=\"1122\" \/>\n\t<meta property=\"og:image:height\" content=\"1122\" \/>\n\t<meta property=\"og:image:type\" content=\"image\/png\" \/>\n<meta name=\"twitter:card\" content=\"summary_large_image\" \/>\n<meta name=\"twitter:label1\" content=\"Dur\u00e9e de lecture estim\u00e9e\" \/>\n\t<meta name=\"twitter:data1\" content=\"1 minute\" \/>\n<script type=\"application\/ld+json\" class=\"yoast-schema-graph\">{\"@context\":\"https:\\\/\\\/schema.org\",\"@graph\":[{\"@type\":\"WebPage\",\"@id\":\"https:\\\/\\\/www.pruvost-sports.com\\\/boutique\\\/produit\\\/le-parc-des-bambins-1\\\/\",\"url\":\"https:\\\/\\\/www.pruvost-sports.com\\\/boutique\\\/produit\\\/le-parc-des-bambins-1\\\/\",\"name\":\"Le Parc des Bambins 1 - Pruvost sport piscine\",\"isPartOf\":{\"@id\":\"https:\\\/\\\/www.pruvost-sports.com\\\/boutique\\\/#website\"},\"primaryImageOfPage\":{\"@id\":\"https:\\\/\\\/www.pruvost-sports.com\\\/boutique\\\/produit\\\/le-parc-des-bambins-1\\\/#primaryimage\"},\"image\":{\"@id\":\"https:\\\/\\\/www.pruvost-sports.com\\\/boutique\\\/produit\\\/le-parc-des-bambins-1\\\/#primaryimage\"},\"thumbnailUrl\":\"https:\\\/\\\/www.pruvost-sports.com\\\/boutique\\\/wp-content\\\/uploads\\\/2024\\\/04\\\/Le-Parc-des-Bambins-1.png\",\"datePublished\":\"2024-04-09T06:58:58+00:00\",\"dateModified\":\"2025-11-07T10:30:16+00:00\",\"breadcrumb\":{\"@id\":\"https:\\\/\\\/www.pruvost-sports.com\\\/boutique\\\/produit\\\/le-parc-des-bambins-1\\\/#breadcrumb\"},\"inLanguage\":\"fr-FR\",\"potentialAction\":[{\"@type\":\"ReadAction\",\"target\":[\"https:\\\/\\\/www.pruvost-sports.com\\\/boutique\\\/produit\\\/le-parc-des-bambins-1\\\/\"]}]},{\"@type\":\"ImageObject\",\"inLanguage\":\"fr-FR\",\"@id\":\"https:\\\/\\\/www.pruvost-sports.com\\\/boutique\\\/produit\\\/le-parc-des-bambins-1\\\/#primaryimage\",\"url\":\"https:\\\/\\\/www.pruvost-sports.com\\\/boutique\\\/wp-content\\\/uploads\\\/2024\\\/04\\\/Le-Parc-des-Bambins-1.png\",\"contentUrl\":\"https:\\\/\\\/www.pruvost-sports.com\\\/boutique\\\/wp-content\\\/uploads\\\/2024\\\/04\\\/Le-Parc-des-Bambins-1.png\",\"width\":1122,\"height\":1122},{\"@type\":\"BreadcrumbList\",\"@id\":\"https:\\\/\\\/www.pruvost-sports.com\\\/boutique\\\/produit\\\/le-parc-des-bambins-1\\\/#breadcrumb\",\"itemListElement\":[{\"@type\":\"ListItem\",\"position\":1,\"name\":\"Accueil\",\"item\":\"https:\\\/\\\/www.pruvost-sports.com\\\/boutique\\\/\"},{\"@type\":\"ListItem\",\"position\":2,\"name\":\"Boutique\",\"item\":\"https:\\\/\\\/www.pruvost-sports.com\\\/boutique\\\/boutique\\\/\"},{\"@type\":\"ListItem\",\"position\":3,\"name\":\"Le Parc des Bambins 1\"}]},{\"@type\":\"WebSite\",\"@id\":\"https:\\\/\\\/www.pruvost-sports.com\\\/boutique\\\/#website\",\"url\":\"https:\\\/\\\/www.pruvost-sports.com\\\/boutique\\\/\",\"name\":\"Pruvost sport piscine\",\"description\":\"\",\"potentialAction\":[{\"@type\":\"SearchAction\",\"target\":{\"@type\":\"EntryPoint\",\"urlTemplate\":\"https:\\\/\\\/www.pruvost-sports.com\\\/boutique\\\/?s={search_term_string}\"},\"query-input\":{\"@type\":\"PropertyValueSpecification\",\"valueRequired\":true,\"valueName\":\"search_term_string\"}}],\"inLanguage\":\"fr-FR\"}]}<\/script>\n<!-- \/ Yoast SEO plugin. -->","yoast_head_json":{"title":"Le Parc des Bambins 1 - Pruvost sport piscine","robots":{"index":"index","follow":"follow","max-snippet":"max-snippet:-1","max-image-preview":"max-image-preview:large","max-video-preview":"max-video-preview:-1"},"canonical":"https:\/\/www.pruvost-sports.com\/boutique\/produit\/le-parc-des-bambins-1\/","og_locale":"fr_FR","og_type":"article","og_title":"Le Parc des Bambins 1 - Pruvost sport piscine","og_description":"Structure en mousse pour les enfants comportant 6 \u00e9l\u00e9ments d'une dimensions de 5x5 m\u00e8tres.","og_url":"https:\/\/www.pruvost-sports.com\/boutique\/produit\/le-parc-des-bambins-1\/","og_site_name":"Pruvost sport piscine","article_modified_time":"2025-11-07T10:30:16+00:00","og_image":[{"width":1122,"height":1122,"url":"https:\/\/www.pruvost-sports.com\/boutique\/wp-content\/uploads\/2024\/04\/Le-Parc-des-Bambins-1.png","type":"image\/png"}],"twitter_card":"summary_large_image","twitter_misc":{"Dur\u00e9e de lecture estim\u00e9e":"1 minute"},"schema":{"@context":"https:\/\/schema.org","@graph":[{"@type":"WebPage","@id":"https:\/\/www.pruvost-sports.com\/boutique\/produit\/le-parc-des-bambins-1\/","url":"https:\/\/www.pruvost-sports.com\/boutique\/produit\/le-parc-des-bambins-1\/","name":"Le Parc des Bambins 1 - Pruvost sport piscine","isPartOf":{"@id":"https:\/\/www.pruvost-sports.com\/boutique\/#website"},"primaryImageOfPage":{"@id":"https:\/\/www.pruvost-sports.com\/boutique\/produit\/le-parc-des-bambins-1\/#primaryimage"},"image":{"@id":"https:\/\/www.pruvost-sports.com\/boutique\/produit\/le-parc-des-bambins-1\/#primaryimage"},"thumbnailUrl":"https:\/\/www.pruvost-sports.com\/boutique\/wp-content\/uploads\/2024\/04\/Le-Parc-des-Bambins-1.png","datePublished":"2024-04-09T06:58:58+00:00","dateModified":"2025-11-07T10:30:16+00:00","breadcrumb":{"@id":"https:\/\/www.pruvost-sports.com\/boutique\/produit\/le-parc-des-bambins-1\/#breadcrumb"},"inLanguage":"fr-FR","potentialAction":[{"@type":"ReadAction","target":["https:\/\/www.pruvost-sports.com\/boutique\/produit\/le-parc-des-bambins-1\/"]}]},{"@type":"ImageObject","inLanguage":"fr-FR","@id":"https:\/\/www.pruvost-sports.com\/boutique\/produit\/le-parc-des-bambins-1\/#primaryimage","url":"https:\/\/www.pruvost-sports.com\/boutique\/wp-content\/uploads\/2024\/04\/Le-Parc-des-Bambins-1.png","contentUrl":"https:\/\/www.pruvost-sports.com\/boutique\/wp-content\/uploads\/2024\/04\/Le-Parc-des-Bambins-1.png","width":1122,"height":1122},{"@type":"BreadcrumbList","@id":"https:\/\/www.pruvost-sports.com\/boutique\/produit\/le-parc-des-bambins-1\/#breadcrumb","itemListElement":[{"@type":"ListItem","position":1,"name":"Accueil","item":"https:\/\/www.pruvost-sports.com\/boutique\/"},{"@type":"ListItem","position":2,"name":"Boutique","item":"https:\/\/www.pruvost-sports.com\/boutique\/boutique\/"},{"@type":"ListItem","position":3,"name":"Le Parc des Bambins 1"}]},{"@type":"WebSite","@id":"https:\/\/www.pruvost-sports.com\/boutique\/#website","url":"https:\/\/www.pruvost-sports.com\/boutique\/","name":"Pruvost sport piscine","description":"","potentialAction":[{"@type":"SearchAction","target":{"@type":"EntryPoint","urlTemplate":"https:\/\/www.pruvost-sports.com\/boutique\/?s={search_term_string}"},"query-input":{"@type":"PropertyValueSpecification","valueRequired":true,"valueName":"search_term_string"}}],"inLanguage":"fr-FR"}]}},"_links":{"self":[{"href":"https:\/\/www.pruvost-sports.com\/boutique\/wp-json\/wp\/v2\/product\/7897","targetHints":{"allow":["GET"]}}],"collection":[{"href":"https:\/\/www.pruvost-sports.com\/boutique\/wp-json\/wp\/v2\/product"}],"about":[{"href":"https:\/\/www.pruvost-sports.com\/boutique\/wp-json\/wp\/v2\/types\/product"}],"wp:featuredmedia":[{"embeddable":true,"href":"https:\/\/www.pruvost-sports.com\/boutique\/wp-json\/wp\/v2\/media\/7898"}],"wp:attachment":[{"href":"https:\/\/www.pruvost-sports.com\/boutique\/wp-json\/wp\/v2\/media?parent=7897"}],"wp:term":[{"taxonomy":"product_brand","embeddable":true,"href":"https:\/\/www.pruvost-sports.com\/boutique\/wp-json\/wp\/v2\/product_brand?post=7897"},{"taxonomy":"product_cat","embeddable":true,"href":"https:\/\/www.pruvost-sports.com\/boutique\/wp-json\/wp\/v2\/product_cat?post=7897"},{"taxonomy":"product_tag","embeddable":true,"href":"https:\/\/www.pruvost-sports.com\/boutique\/wp-json\/wp\/v2\/product_tag?post=7897"}],"curies":[{"name":"wp","href":"https:\/\/api.w.org\/{rel}","templated":true}]}}