{"id":779,"date":"2014-05-13T11:43:17","date_gmt":"2014-05-13T09:43:17","guid":{"rendered":"https:\/\/www.pruvost-sports.com\/boutique\/?product=siege-de-transfert-pmr-2"},"modified":"2024-04-09T12:17:23","modified_gmt":"2024-04-09T10:17:23","slug":"siege-de-transfert-pmr-2","status":"publish","type":"product","link":"https:\/\/www.pruvost-sports.com\/boutique\/produit\/siege-de-transfert-pmr-2\/","title":{"rendered":"Si\u00e8ge de transfert  PMR &#8211; Splash!"},"content":{"rendered":"<p><strong><br \/>\n<\/strong><span style=\"text-decoration: underline;\">Informations techniques <\/span>:<\/p>\n<p>Capacit\u00e9 de levage : 136 Kg.<\/p>\n<p>Fonctionne sur batterie 24 V rechargeable : autonomie d\u2019environ 30 cycles.<\/p>\n<p>T\u00e9l\u00e9commande et structure r\u00e9sistants \u00e0 la corrosion.<\/p>\n<p>Rayon de pivotement \u00e0 359\u00b0 pour un transfert en toute s\u00e9curit\u00e9.<\/p>\n<p>Ceinture, repose-pieds et accoudoirs fournis.<strong><br \/>\n<\/strong><\/p>\n","protected":false},"excerpt":{"rendered":"<p>Si\u00e8ge semi-portatif d\u00e9di\u00e9 aux personnes \u00e0 mobilit\u00e9 r\u00e9duite.<\/p>\n<p>Mobile : Fourni avec un chariot pour transporter, d\u00e9placer et faciliter l\u2019installation du si\u00e8ge \u00e0 diff\u00e9rents endroits.<br \/>\nFixation au sol \u00e0 l\u2019aide d\u2019un ancrage.<strong><br \/>\n<\/strong><\/p>\n","protected":false},"featured_media":778,"template":"","meta":[],"product_brand":[],"product_cat":[81],"product_tag":[748,746,747,749],"class_list":{"0":"post-779","1":"product","2":"type-product","3":"status-publish","4":"has-post-thumbnail","6":"product_cat-aide-aux-pmr","7":"product_tag-aide-mise-a-leau","8":"product_tag-fauteuil-de-mise-a-leau","9":"product_tag-mise-a-leau-pmr","10":"product_tag-siege-de-transfert-pmr","12":"entry","13":"has-media","15":"first","16":"instock","17":"shipping-taxable","18":"purchasable","19":"product-type-simple","20":"col","21":"span_1_of_4","22":"owp-content-center","23":"owp-thumbs-layout-horizontal","24":"owp-btn-normal","25":"owp-tabs-layout-horizontal","26":"has-no-thumbnails"},"yoast_head":"<!-- This site is optimized with the Yoast SEO plugin v27.5 - https:\/\/yoast.com\/product\/yoast-seo-wordpress\/ -->\n<title>fauteuil de mise \u00e0 l&#039;eau aide mise a l&#039;eau PMR si\u00e8ge de transfert<\/title>\n<meta name=\"description\" content=\"Si\u00e8ge de transfert PMR\" \/>\n<meta name=\"robots\" content=\"index, follow, max-snippet:-1, max-image-preview:large, max-video-preview:-1\" \/>\n<link rel=\"canonical\" href=\"https:\/\/www.pruvost-sports.com\/boutique\/produit\/siege-de-transfert-pmr-2\/\" \/>\n<meta property=\"og:locale\" content=\"fr_FR\" \/>\n<meta property=\"og:type\" content=\"article\" \/>\n<meta property=\"og:title\" content=\"fauteuil de mise \u00e0 l&#039;eau aide mise a l&#039;eau PMR si\u00e8ge de transfert\" \/>\n<meta property=\"og:description\" content=\"Si\u00e8ge de transfert PMR\" \/>\n<meta property=\"og:url\" content=\"https:\/\/www.pruvost-sports.com\/boutique\/produit\/siege-de-transfert-pmr-2\/\" \/>\n<meta property=\"og:site_name\" content=\"Pruvost sport piscine\" \/>\n<meta property=\"article:modified_time\" content=\"2024-04-09T10:17:23+00:00\" \/>\n<meta property=\"og:image\" content=\"https:\/\/www.pruvost-sports.com\/boutique\/wp-content\/uploads\/2014\/05\/271-Siege-de-transfert-PMR.jpg\" \/>\n\t<meta property=\"og:image:width\" content=\"858\" \/>\n\t<meta property=\"og:image:height\" content=\"668\" \/>\n\t<meta property=\"og:image:type\" content=\"image\/jpeg\" \/>\n<meta name=\"twitter:card\" content=\"summary_large_image\" \/>\n<meta name=\"twitter:label1\" content=\"Dur\u00e9e de lecture estim\u00e9e\" \/>\n\t<meta name=\"twitter:data1\" content=\"1 minute\" \/>\n<script type=\"application\/ld+json\" class=\"yoast-schema-graph\">{\"@context\":\"https:\\\/\\\/schema.org\",\"@graph\":[{\"@type\":\"WebPage\",\"@id\":\"https:\\\/\\\/www.pruvost-sports.com\\\/boutique\\\/produit\\\/siege-de-transfert-pmr-2\\\/\",\"url\":\"https:\\\/\\\/www.pruvost-sports.com\\\/boutique\\\/produit\\\/siege-de-transfert-pmr-2\\\/\",\"name\":\"fauteuil de mise \u00e0 l'eau aide mise a l'eau PMR si\u00e8ge de transfert\",\"isPartOf\":{\"@id\":\"https:\\\/\\\/www.pruvost-sports.com\\\/boutique\\\/#website\"},\"primaryImageOfPage\":{\"@id\":\"https:\\\/\\\/www.pruvost-sports.com\\\/boutique\\\/produit\\\/siege-de-transfert-pmr-2\\\/#primaryimage\"},\"image\":{\"@id\":\"https:\\\/\\\/www.pruvost-sports.com\\\/boutique\\\/produit\\\/siege-de-transfert-pmr-2\\\/#primaryimage\"},\"thumbnailUrl\":\"https:\\\/\\\/www.pruvost-sports.com\\\/boutique\\\/wp-content\\\/uploads\\\/2014\\\/05\\\/271-Siege-de-transfert-PMR.jpg\",\"datePublished\":\"2014-05-13T09:43:17+00:00\",\"dateModified\":\"2024-04-09T10:17:23+00:00\",\"description\":\"Si\u00e8ge de transfert PMR\",\"breadcrumb\":{\"@id\":\"https:\\\/\\\/www.pruvost-sports.com\\\/boutique\\\/produit\\\/siege-de-transfert-pmr-2\\\/#breadcrumb\"},\"inLanguage\":\"fr-FR\",\"potentialAction\":[{\"@type\":\"ReadAction\",\"target\":[\"https:\\\/\\\/www.pruvost-sports.com\\\/boutique\\\/produit\\\/siege-de-transfert-pmr-2\\\/\"]}]},{\"@type\":\"ImageObject\",\"inLanguage\":\"fr-FR\",\"@id\":\"https:\\\/\\\/www.pruvost-sports.com\\\/boutique\\\/produit\\\/siege-de-transfert-pmr-2\\\/#primaryimage\",\"url\":\"https:\\\/\\\/www.pruvost-sports.com\\\/boutique\\\/wp-content\\\/uploads\\\/2014\\\/05\\\/271-Siege-de-transfert-PMR.jpg\",\"contentUrl\":\"https:\\\/\\\/www.pruvost-sports.com\\\/boutique\\\/wp-content\\\/uploads\\\/2014\\\/05\\\/271-Siege-de-transfert-PMR.jpg\",\"width\":858,\"height\":668,\"caption\":\"Si\u00e8ge de transfert PMR\"},{\"@type\":\"BreadcrumbList\",\"@id\":\"https:\\\/\\\/www.pruvost-sports.com\\\/boutique\\\/produit\\\/siege-de-transfert-pmr-2\\\/#breadcrumb\",\"itemListElement\":[{\"@type\":\"ListItem\",\"position\":1,\"name\":\"Accueil\",\"item\":\"https:\\\/\\\/www.pruvost-sports.com\\\/boutique\\\/\"},{\"@type\":\"ListItem\",\"position\":2,\"name\":\"Boutique\",\"item\":\"https:\\\/\\\/www.pruvost-sports.com\\\/boutique\\\/boutique\\\/\"},{\"@type\":\"ListItem\",\"position\":3,\"name\":\"Si\u00e8ge de transfert PMR &#8211; Splash!\"}]},{\"@type\":\"WebSite\",\"@id\":\"https:\\\/\\\/www.pruvost-sports.com\\\/boutique\\\/#website\",\"url\":\"https:\\\/\\\/www.pruvost-sports.com\\\/boutique\\\/\",\"name\":\"Pruvost sport piscine\",\"description\":\"\",\"potentialAction\":[{\"@type\":\"SearchAction\",\"target\":{\"@type\":\"EntryPoint\",\"urlTemplate\":\"https:\\\/\\\/www.pruvost-sports.com\\\/boutique\\\/?s={search_term_string}\"},\"query-input\":{\"@type\":\"PropertyValueSpecification\",\"valueRequired\":true,\"valueName\":\"search_term_string\"}}],\"inLanguage\":\"fr-FR\"}]}<\/script>\n<!-- \/ Yoast SEO plugin. -->","yoast_head_json":{"title":"fauteuil de mise \u00e0 l'eau aide mise a l'eau PMR si\u00e8ge de transfert","description":"Si\u00e8ge de transfert PMR","robots":{"index":"index","follow":"follow","max-snippet":"max-snippet:-1","max-image-preview":"max-image-preview:large","max-video-preview":"max-video-preview:-1"},"canonical":"https:\/\/www.pruvost-sports.com\/boutique\/produit\/siege-de-transfert-pmr-2\/","og_locale":"fr_FR","og_type":"article","og_title":"fauteuil de mise \u00e0 l'eau aide mise a l'eau PMR si\u00e8ge de transfert","og_description":"Si\u00e8ge de transfert PMR","og_url":"https:\/\/www.pruvost-sports.com\/boutique\/produit\/siege-de-transfert-pmr-2\/","og_site_name":"Pruvost sport piscine","article_modified_time":"2024-04-09T10:17:23+00:00","og_image":[{"width":858,"height":668,"url":"https:\/\/www.pruvost-sports.com\/boutique\/wp-content\/uploads\/2014\/05\/271-Siege-de-transfert-PMR.jpg","type":"image\/jpeg"}],"twitter_card":"summary_large_image","twitter_misc":{"Dur\u00e9e de lecture estim\u00e9e":"1 minute"},"schema":{"@context":"https:\/\/schema.org","@graph":[{"@type":"WebPage","@id":"https:\/\/www.pruvost-sports.com\/boutique\/produit\/siege-de-transfert-pmr-2\/","url":"https:\/\/www.pruvost-sports.com\/boutique\/produit\/siege-de-transfert-pmr-2\/","name":"fauteuil de mise \u00e0 l'eau aide mise a l'eau PMR si\u00e8ge de transfert","isPartOf":{"@id":"https:\/\/www.pruvost-sports.com\/boutique\/#website"},"primaryImageOfPage":{"@id":"https:\/\/www.pruvost-sports.com\/boutique\/produit\/siege-de-transfert-pmr-2\/#primaryimage"},"image":{"@id":"https:\/\/www.pruvost-sports.com\/boutique\/produit\/siege-de-transfert-pmr-2\/#primaryimage"},"thumbnailUrl":"https:\/\/www.pruvost-sports.com\/boutique\/wp-content\/uploads\/2014\/05\/271-Siege-de-transfert-PMR.jpg","datePublished":"2014-05-13T09:43:17+00:00","dateModified":"2024-04-09T10:17:23+00:00","description":"Si\u00e8ge de transfert PMR","breadcrumb":{"@id":"https:\/\/www.pruvost-sports.com\/boutique\/produit\/siege-de-transfert-pmr-2\/#breadcrumb"},"inLanguage":"fr-FR","potentialAction":[{"@type":"ReadAction","target":["https:\/\/www.pruvost-sports.com\/boutique\/produit\/siege-de-transfert-pmr-2\/"]}]},{"@type":"ImageObject","inLanguage":"fr-FR","@id":"https:\/\/www.pruvost-sports.com\/boutique\/produit\/siege-de-transfert-pmr-2\/#primaryimage","url":"https:\/\/www.pruvost-sports.com\/boutique\/wp-content\/uploads\/2014\/05\/271-Siege-de-transfert-PMR.jpg","contentUrl":"https:\/\/www.pruvost-sports.com\/boutique\/wp-content\/uploads\/2014\/05\/271-Siege-de-transfert-PMR.jpg","width":858,"height":668,"caption":"Si\u00e8ge de transfert PMR"},{"@type":"BreadcrumbList","@id":"https:\/\/www.pruvost-sports.com\/boutique\/produit\/siege-de-transfert-pmr-2\/#breadcrumb","itemListElement":[{"@type":"ListItem","position":1,"name":"Accueil","item":"https:\/\/www.pruvost-sports.com\/boutique\/"},{"@type":"ListItem","position":2,"name":"Boutique","item":"https:\/\/www.pruvost-sports.com\/boutique\/boutique\/"},{"@type":"ListItem","position":3,"name":"Si\u00e8ge de transfert PMR &#8211; Splash!"}]},{"@type":"WebSite","@id":"https:\/\/www.pruvost-sports.com\/boutique\/#website","url":"https:\/\/www.pruvost-sports.com\/boutique\/","name":"Pruvost sport piscine","description":"","potentialAction":[{"@type":"SearchAction","target":{"@type":"EntryPoint","urlTemplate":"https:\/\/www.pruvost-sports.com\/boutique\/?s={search_term_string}"},"query-input":{"@type":"PropertyValueSpecification","valueRequired":true,"valueName":"search_term_string"}}],"inLanguage":"fr-FR"}]}},"_links":{"self":[{"href":"https:\/\/www.pruvost-sports.com\/boutique\/wp-json\/wp\/v2\/product\/779","targetHints":{"allow":["GET"]}}],"collection":[{"href":"https:\/\/www.pruvost-sports.com\/boutique\/wp-json\/wp\/v2\/product"}],"about":[{"href":"https:\/\/www.pruvost-sports.com\/boutique\/wp-json\/wp\/v2\/types\/product"}],"wp:featuredmedia":[{"embeddable":true,"href":"https:\/\/www.pruvost-sports.com\/boutique\/wp-json\/wp\/v2\/media\/778"}],"wp:attachment":[{"href":"https:\/\/www.pruvost-sports.com\/boutique\/wp-json\/wp\/v2\/media?parent=779"}],"wp:term":[{"taxonomy":"product_brand","embeddable":true,"href":"https:\/\/www.pruvost-sports.com\/boutique\/wp-json\/wp\/v2\/product_brand?post=779"},{"taxonomy":"product_cat","embeddable":true,"href":"https:\/\/www.pruvost-sports.com\/boutique\/wp-json\/wp\/v2\/product_cat?post=779"},{"taxonomy":"product_tag","embeddable":true,"href":"https:\/\/www.pruvost-sports.com\/boutique\/wp-json\/wp\/v2\/product_tag?post=779"}],"curies":[{"name":"wp","href":"https:\/\/api.w.org\/{rel}","templated":true}]}}