{"id":777,"date":"2014-05-13T11:33:08","date_gmt":"2014-05-13T09:33:08","guid":{"rendered":"https:\/\/www.pruvost-sports.com\/boutique\/?product=siege-de-transfert-pmr"},"modified":"2014-05-13T11:33:08","modified_gmt":"2014-05-13T09:33:08","slug":"siege-de-transfert-pmr","status":"publish","type":"product","link":"https:\/\/www.pruvost-sports.com\/boutique\/produit\/siege-de-transfert-pmr\/","title":{"rendered":"Si\u00e8ge de transfert  PMR"},"content":{"rendered":"<p><strong><br \/> <span style=\"text-decoration: underline;\">Informations techniques <\/span>:<br \/> Hauteur : 211 cm<br \/> Hauteur de la base : 60 cm<br \/> Longueur de la base : 89 cm<br \/> Poids total : 385 kg<br \/> Longueur d&eacute;ploy&eacute; : 264 cm<br \/> Longueur pli&eacute; : 140 cm<br \/> Puissance : 24 V<br \/> Autonomie batterie : 30 cycles environ<br \/>Rayon de pivotement &agrave; 240&deg; pour un transfert en toute s&eacute;curit&eacute; &agrave; l&rsquo;&eacute;cart des rebords de la piscine.<br \/><strong>Ceinture, repose-pieds et accoudoirs fournis.<\/strong><br \/><\/strong><\/p>\n","protected":false},"excerpt":{"rendered":"<p>Si&egrave;ge semi-portatif pour les personnes &agrave; mobilit&eacute; r&eacute;duite. Ne n&eacute;cessite aucun montage fixe. Capacit&eacute; de levage : <strong>136 Kg<\/strong>. Fonctionne sur batterie 24 V rechargeable.<br \/> S&rsquo;utilise et se dirige en totale autonomie &agrave; l&rsquo;aide de la t&eacute;l&eacute;commande ou avec l&rsquo;aide d&rsquo;une tierce personne. Il suffit de le faire rouler jusqu&rsquo;au bord de la piscine, de verrouiller les roues et de placer les stabilisateurs.<strong><br \/> <\/strong><\/p>\n","protected":false},"featured_media":776,"template":"","meta":[],"product_brand":[],"product_cat":[81,17],"product_tag":[748,746,747,749],"class_list":{"0":"post-777","1":"product","2":"type-product","3":"status-publish","4":"has-post-thumbnail","6":"product_cat-aide-aux-pmr","7":"product_cat-equipement-de-bassin","8":"product_tag-aide-mise-a-leau","9":"product_tag-fauteuil-de-mise-a-leau","10":"product_tag-mise-a-leau-pmr","11":"product_tag-siege-de-transfert-pmr","13":"entry","14":"has-media","16":"first","17":"instock","18":"shipping-taxable","19":"purchasable","20":"product-type-simple","21":"col","22":"span_1_of_4","23":"owp-content-center","24":"owp-thumbs-layout-horizontal","25":"owp-btn-normal","26":"owp-tabs-layout-horizontal","27":"has-no-thumbnails"},"yoast_head":"<!-- This site is optimized with the Yoast SEO plugin v27.5 - https:\/\/yoast.com\/product\/yoast-seo-wordpress\/ -->\n<title>fauteuil de mise \u00e0 l&#039;eau aide mise a l&#039;eau PMR si\u00e8ge de transfert<\/title>\n<meta name=\"description\" content=\"Si\u00e8ge de transfert PMR\" \/>\n<meta name=\"robots\" content=\"index, follow, max-snippet:-1, max-image-preview:large, max-video-preview:-1\" \/>\n<link rel=\"canonical\" href=\"https:\/\/www.pruvost-sports.com\/boutique\/produit\/siege-de-transfert-pmr\/\" \/>\n<meta property=\"og:locale\" content=\"fr_FR\" \/>\n<meta property=\"og:type\" content=\"article\" \/>\n<meta property=\"og:title\" content=\"fauteuil de mise \u00e0 l&#039;eau aide mise a l&#039;eau PMR si\u00e8ge de transfert\" \/>\n<meta property=\"og:description\" content=\"Si\u00e8ge de transfert PMR\" \/>\n<meta property=\"og:url\" content=\"https:\/\/www.pruvost-sports.com\/boutique\/produit\/siege-de-transfert-pmr\/\" \/>\n<meta property=\"og:site_name\" content=\"Pruvost sport piscine\" \/>\n<meta property=\"og:image\" content=\"https:\/\/www.pruvost-sports.com\/boutique\/wp-content\/uploads\/2014\/05\/270-Siege-de-transfert-PMR.jpg\" \/>\n\t<meta property=\"og:image:width\" content=\"607\" \/>\n\t<meta property=\"og:image:height\" content=\"662\" \/>\n\t<meta property=\"og:image:type\" content=\"image\/jpeg\" \/>\n<meta name=\"twitter:card\" content=\"summary_large_image\" \/>\n<script type=\"application\/ld+json\" class=\"yoast-schema-graph\">{\"@context\":\"https:\\\/\\\/schema.org\",\"@graph\":[{\"@type\":\"WebPage\",\"@id\":\"https:\\\/\\\/www.pruvost-sports.com\\\/boutique\\\/produit\\\/siege-de-transfert-pmr\\\/\",\"url\":\"https:\\\/\\\/www.pruvost-sports.com\\\/boutique\\\/produit\\\/siege-de-transfert-pmr\\\/\",\"name\":\"fauteuil de mise \u00e0 l'eau aide mise a l'eau PMR si\u00e8ge de transfert\",\"isPartOf\":{\"@id\":\"https:\\\/\\\/www.pruvost-sports.com\\\/boutique\\\/#website\"},\"primaryImageOfPage\":{\"@id\":\"https:\\\/\\\/www.pruvost-sports.com\\\/boutique\\\/produit\\\/siege-de-transfert-pmr\\\/#primaryimage\"},\"image\":{\"@id\":\"https:\\\/\\\/www.pruvost-sports.com\\\/boutique\\\/produit\\\/siege-de-transfert-pmr\\\/#primaryimage\"},\"thumbnailUrl\":\"https:\\\/\\\/www.pruvost-sports.com\\\/boutique\\\/wp-content\\\/uploads\\\/2014\\\/05\\\/270-Siege-de-transfert-PMR.jpg\",\"datePublished\":\"2014-05-13T09:33:08+00:00\",\"description\":\"Si\u00e8ge de transfert PMR\",\"breadcrumb\":{\"@id\":\"https:\\\/\\\/www.pruvost-sports.com\\\/boutique\\\/produit\\\/siege-de-transfert-pmr\\\/#breadcrumb\"},\"inLanguage\":\"fr-FR\",\"potentialAction\":[{\"@type\":\"ReadAction\",\"target\":[\"https:\\\/\\\/www.pruvost-sports.com\\\/boutique\\\/produit\\\/siege-de-transfert-pmr\\\/\"]}]},{\"@type\":\"ImageObject\",\"inLanguage\":\"fr-FR\",\"@id\":\"https:\\\/\\\/www.pruvost-sports.com\\\/boutique\\\/produit\\\/siege-de-transfert-pmr\\\/#primaryimage\",\"url\":\"https:\\\/\\\/www.pruvost-sports.com\\\/boutique\\\/wp-content\\\/uploads\\\/2014\\\/05\\\/270-Siege-de-transfert-PMR.jpg\",\"contentUrl\":\"https:\\\/\\\/www.pruvost-sports.com\\\/boutique\\\/wp-content\\\/uploads\\\/2014\\\/05\\\/270-Siege-de-transfert-PMR.jpg\",\"width\":607,\"height\":662,\"caption\":\"Si\u00e8ge de transfert PMR\"},{\"@type\":\"BreadcrumbList\",\"@id\":\"https:\\\/\\\/www.pruvost-sports.com\\\/boutique\\\/produit\\\/siege-de-transfert-pmr\\\/#breadcrumb\",\"itemListElement\":[{\"@type\":\"ListItem\",\"position\":1,\"name\":\"Accueil\",\"item\":\"https:\\\/\\\/www.pruvost-sports.com\\\/boutique\\\/\"},{\"@type\":\"ListItem\",\"position\":2,\"name\":\"Boutique\",\"item\":\"https:\\\/\\\/www.pruvost-sports.com\\\/boutique\\\/boutique\\\/\"},{\"@type\":\"ListItem\",\"position\":3,\"name\":\"Si\u00e8ge de transfert PMR\"}]},{\"@type\":\"WebSite\",\"@id\":\"https:\\\/\\\/www.pruvost-sports.com\\\/boutique\\\/#website\",\"url\":\"https:\\\/\\\/www.pruvost-sports.com\\\/boutique\\\/\",\"name\":\"Pruvost sport piscine\",\"description\":\"\",\"potentialAction\":[{\"@type\":\"SearchAction\",\"target\":{\"@type\":\"EntryPoint\",\"urlTemplate\":\"https:\\\/\\\/www.pruvost-sports.com\\\/boutique\\\/?s={search_term_string}\"},\"query-input\":{\"@type\":\"PropertyValueSpecification\",\"valueRequired\":true,\"valueName\":\"search_term_string\"}}],\"inLanguage\":\"fr-FR\"}]}<\/script>\n<!-- \/ Yoast SEO plugin. -->","yoast_head_json":{"title":"fauteuil de mise \u00e0 l'eau aide mise a l'eau PMR si\u00e8ge de transfert","description":"Si\u00e8ge de transfert PMR","robots":{"index":"index","follow":"follow","max-snippet":"max-snippet:-1","max-image-preview":"max-image-preview:large","max-video-preview":"max-video-preview:-1"},"canonical":"https:\/\/www.pruvost-sports.com\/boutique\/produit\/siege-de-transfert-pmr\/","og_locale":"fr_FR","og_type":"article","og_title":"fauteuil de mise \u00e0 l'eau aide mise a l'eau PMR si\u00e8ge de transfert","og_description":"Si\u00e8ge de transfert PMR","og_url":"https:\/\/www.pruvost-sports.com\/boutique\/produit\/siege-de-transfert-pmr\/","og_site_name":"Pruvost sport piscine","og_image":[{"width":607,"height":662,"url":"https:\/\/www.pruvost-sports.com\/boutique\/wp-content\/uploads\/2014\/05\/270-Siege-de-transfert-PMR.jpg","type":"image\/jpeg"}],"twitter_card":"summary_large_image","schema":{"@context":"https:\/\/schema.org","@graph":[{"@type":"WebPage","@id":"https:\/\/www.pruvost-sports.com\/boutique\/produit\/siege-de-transfert-pmr\/","url":"https:\/\/www.pruvost-sports.com\/boutique\/produit\/siege-de-transfert-pmr\/","name":"fauteuil de mise \u00e0 l'eau aide mise a l'eau PMR si\u00e8ge de transfert","isPartOf":{"@id":"https:\/\/www.pruvost-sports.com\/boutique\/#website"},"primaryImageOfPage":{"@id":"https:\/\/www.pruvost-sports.com\/boutique\/produit\/siege-de-transfert-pmr\/#primaryimage"},"image":{"@id":"https:\/\/www.pruvost-sports.com\/boutique\/produit\/siege-de-transfert-pmr\/#primaryimage"},"thumbnailUrl":"https:\/\/www.pruvost-sports.com\/boutique\/wp-content\/uploads\/2014\/05\/270-Siege-de-transfert-PMR.jpg","datePublished":"2014-05-13T09:33:08+00:00","description":"Si\u00e8ge de transfert PMR","breadcrumb":{"@id":"https:\/\/www.pruvost-sports.com\/boutique\/produit\/siege-de-transfert-pmr\/#breadcrumb"},"inLanguage":"fr-FR","potentialAction":[{"@type":"ReadAction","target":["https:\/\/www.pruvost-sports.com\/boutique\/produit\/siege-de-transfert-pmr\/"]}]},{"@type":"ImageObject","inLanguage":"fr-FR","@id":"https:\/\/www.pruvost-sports.com\/boutique\/produit\/siege-de-transfert-pmr\/#primaryimage","url":"https:\/\/www.pruvost-sports.com\/boutique\/wp-content\/uploads\/2014\/05\/270-Siege-de-transfert-PMR.jpg","contentUrl":"https:\/\/www.pruvost-sports.com\/boutique\/wp-content\/uploads\/2014\/05\/270-Siege-de-transfert-PMR.jpg","width":607,"height":662,"caption":"Si\u00e8ge de transfert PMR"},{"@type":"BreadcrumbList","@id":"https:\/\/www.pruvost-sports.com\/boutique\/produit\/siege-de-transfert-pmr\/#breadcrumb","itemListElement":[{"@type":"ListItem","position":1,"name":"Accueil","item":"https:\/\/www.pruvost-sports.com\/boutique\/"},{"@type":"ListItem","position":2,"name":"Boutique","item":"https:\/\/www.pruvost-sports.com\/boutique\/boutique\/"},{"@type":"ListItem","position":3,"name":"Si\u00e8ge de transfert PMR"}]},{"@type":"WebSite","@id":"https:\/\/www.pruvost-sports.com\/boutique\/#website","url":"https:\/\/www.pruvost-sports.com\/boutique\/","name":"Pruvost sport piscine","description":"","potentialAction":[{"@type":"SearchAction","target":{"@type":"EntryPoint","urlTemplate":"https:\/\/www.pruvost-sports.com\/boutique\/?s={search_term_string}"},"query-input":{"@type":"PropertyValueSpecification","valueRequired":true,"valueName":"search_term_string"}}],"inLanguage":"fr-FR"}]}},"_links":{"self":[{"href":"https:\/\/www.pruvost-sports.com\/boutique\/wp-json\/wp\/v2\/product\/777","targetHints":{"allow":["GET"]}}],"collection":[{"href":"https:\/\/www.pruvost-sports.com\/boutique\/wp-json\/wp\/v2\/product"}],"about":[{"href":"https:\/\/www.pruvost-sports.com\/boutique\/wp-json\/wp\/v2\/types\/product"}],"wp:featuredmedia":[{"embeddable":true,"href":"https:\/\/www.pruvost-sports.com\/boutique\/wp-json\/wp\/v2\/media\/776"}],"wp:attachment":[{"href":"https:\/\/www.pruvost-sports.com\/boutique\/wp-json\/wp\/v2\/media?parent=777"}],"wp:term":[{"taxonomy":"product_brand","embeddable":true,"href":"https:\/\/www.pruvost-sports.com\/boutique\/wp-json\/wp\/v2\/product_brand?post=777"},{"taxonomy":"product_cat","embeddable":true,"href":"https:\/\/www.pruvost-sports.com\/boutique\/wp-json\/wp\/v2\/product_cat?post=777"},{"taxonomy":"product_tag","embeddable":true,"href":"https:\/\/www.pruvost-sports.com\/boutique\/wp-json\/wp\/v2\/product_tag?post=777"}],"curies":[{"name":"wp","href":"https:\/\/api.w.org\/{rel}","templated":true}]}}