{"id":775,"date":"2014-05-13T11:26:53","date_gmt":"2014-05-13T09:26:53","guid":{"rendered":"https:\/\/www.pruvost-sports.com\/boutique\/?product=fauteuil-de-mise-a-l-eau-waterlift-2"},"modified":"2024-09-30T14:42:25","modified_gmt":"2024-09-30T12:42:25","slug":"fauteuil-de-mise-a-l-eau-waterlift-2","status":"publish","type":"product","link":"https:\/\/www.pruvost-sports.com\/boutique\/produit\/fauteuil-de-mise-a-l-eau-waterlift-2\/","title":{"rendered":"Fauteuil de mise \u00e0 l&rsquo;eau"},"content":{"rendered":"<p>Fixation ext\u00e9rieure avec deux ancrages (livr\u00e9s) et alimentation de l&rsquo;\u00e9l\u00e9vateur par raccordement au r\u00e9seau d&rsquo;eau.<br \/>\nPression minimum de 3,5 kg\/cm2.<br \/>\n<strong>INSTALLATION<\/strong> :Fixation ext\u00e9rieure par ancrages m\u00e9talliques (<em>livr\u00e9e avec l\u2019article<\/em>) et deux supports avant r\u00e9glables.<\/p>\n","protected":false},"excerpt":{"rendered":"<p><strong>Fauteuil de mise \u00e0 l&rsquo;eau<\/strong><br \/>\nCompos\u00e9 d&rsquo;une structure en acier inox AISI-316 et d&rsquo;une \u00e9chelle pour le moniteur.<br \/>\nUn syst\u00e8me hydraulique supporte le fauteuil et permet les op\u00e9rations d&rsquo;entr\u00e9e et de sortie de bain.<\/p>\n","protected":false},"featured_media":773,"template":"","meta":[],"product_brand":[],"product_cat":[81],"product_tag":[748,746,747],"class_list":{"0":"post-775","1":"product","2":"type-product","3":"status-publish","4":"has-post-thumbnail","6":"product_cat-aide-aux-pmr","7":"product_tag-aide-mise-a-leau","8":"product_tag-fauteuil-de-mise-a-leau","9":"product_tag-mise-a-leau-pmr","11":"entry","12":"has-media","14":"first","15":"instock","16":"shipping-taxable","17":"purchasable","18":"product-type-simple","19":"col","20":"span_1_of_4","21":"owp-content-center","22":"owp-thumbs-layout-horizontal","23":"owp-btn-normal","24":"owp-tabs-layout-horizontal"},"yoast_head":"<!-- This site is optimized with the Yoast SEO plugin v27.5 - https:\/\/yoast.com\/product\/yoast-seo-wordpress\/ -->\n<title>fauteuil de mise \u00e0 l&#039;eau aide mise a l&#039;eau PMR<\/title>\n<meta name=\"description\" content=\"Fauteuil de mise \u00e0 l&#039;eau PMR\" \/>\n<meta name=\"robots\" content=\"index, follow, max-snippet:-1, max-image-preview:large, max-video-preview:-1\" \/>\n<link rel=\"canonical\" href=\"https:\/\/www.pruvost-sports.com\/boutique\/produit\/fauteuil-de-mise-a-l-eau-waterlift-2\/\" \/>\n<meta property=\"og:locale\" content=\"fr_FR\" \/>\n<meta property=\"og:type\" content=\"article\" \/>\n<meta property=\"og:title\" content=\"fauteuil de mise \u00e0 l&#039;eau aide mise a l&#039;eau PMR\" \/>\n<meta property=\"og:description\" content=\"Fauteuil de mise \u00e0 l&#039;eau PMR\" \/>\n<meta property=\"og:url\" content=\"https:\/\/www.pruvost-sports.com\/boutique\/produit\/fauteuil-de-mise-a-l-eau-waterlift-2\/\" \/>\n<meta property=\"og:site_name\" content=\"Pruvost sport piscine\" \/>\n<meta property=\"article:modified_time\" content=\"2024-09-30T12:42:25+00:00\" \/>\n<meta property=\"og:image\" content=\"https:\/\/www.pruvost-sports.com\/boutique\/wp-content\/uploads\/2014\/05\/268-Fauteuil-de-mise-a-leau.jpg\" \/>\n\t<meta property=\"og:image:width\" content=\"360\" \/>\n\t<meta property=\"og:image:height\" content=\"395\" \/>\n\t<meta property=\"og:image:type\" content=\"image\/jpeg\" \/>\n<meta name=\"twitter:card\" content=\"summary_large_image\" \/>\n<meta name=\"twitter:label1\" content=\"Dur\u00e9e de lecture estim\u00e9e\" \/>\n\t<meta name=\"twitter:data1\" content=\"1 minute\" \/>\n<script type=\"application\/ld+json\" class=\"yoast-schema-graph\">{\"@context\":\"https:\\\/\\\/schema.org\",\"@graph\":[{\"@type\":\"WebPage\",\"@id\":\"https:\\\/\\\/www.pruvost-sports.com\\\/boutique\\\/produit\\\/fauteuil-de-mise-a-l-eau-waterlift-2\\\/\",\"url\":\"https:\\\/\\\/www.pruvost-sports.com\\\/boutique\\\/produit\\\/fauteuil-de-mise-a-l-eau-waterlift-2\\\/\",\"name\":\"fauteuil de mise \u00e0 l'eau aide mise a l'eau PMR\",\"isPartOf\":{\"@id\":\"https:\\\/\\\/www.pruvost-sports.com\\\/boutique\\\/#website\"},\"primaryImageOfPage\":{\"@id\":\"https:\\\/\\\/www.pruvost-sports.com\\\/boutique\\\/produit\\\/fauteuil-de-mise-a-l-eau-waterlift-2\\\/#primaryimage\"},\"image\":{\"@id\":\"https:\\\/\\\/www.pruvost-sports.com\\\/boutique\\\/produit\\\/fauteuil-de-mise-a-l-eau-waterlift-2\\\/#primaryimage\"},\"thumbnailUrl\":\"https:\\\/\\\/www.pruvost-sports.com\\\/boutique\\\/wp-content\\\/uploads\\\/2014\\\/05\\\/268-Fauteuil-de-mise-a-leau.jpg\",\"datePublished\":\"2014-05-13T09:26:53+00:00\",\"dateModified\":\"2024-09-30T12:42:25+00:00\",\"description\":\"Fauteuil de mise \u00e0 l'eau PMR\",\"breadcrumb\":{\"@id\":\"https:\\\/\\\/www.pruvost-sports.com\\\/boutique\\\/produit\\\/fauteuil-de-mise-a-l-eau-waterlift-2\\\/#breadcrumb\"},\"inLanguage\":\"fr-FR\",\"potentialAction\":[{\"@type\":\"ReadAction\",\"target\":[\"https:\\\/\\\/www.pruvost-sports.com\\\/boutique\\\/produit\\\/fauteuil-de-mise-a-l-eau-waterlift-2\\\/\"]}]},{\"@type\":\"ImageObject\",\"inLanguage\":\"fr-FR\",\"@id\":\"https:\\\/\\\/www.pruvost-sports.com\\\/boutique\\\/produit\\\/fauteuil-de-mise-a-l-eau-waterlift-2\\\/#primaryimage\",\"url\":\"https:\\\/\\\/www.pruvost-sports.com\\\/boutique\\\/wp-content\\\/uploads\\\/2014\\\/05\\\/268-Fauteuil-de-mise-a-leau.jpg\",\"contentUrl\":\"https:\\\/\\\/www.pruvost-sports.com\\\/boutique\\\/wp-content\\\/uploads\\\/2014\\\/05\\\/268-Fauteuil-de-mise-a-leau.jpg\",\"width\":360,\"height\":395,\"caption\":\"Fauteuil de mise \u00e0 l'eau\"},{\"@type\":\"BreadcrumbList\",\"@id\":\"https:\\\/\\\/www.pruvost-sports.com\\\/boutique\\\/produit\\\/fauteuil-de-mise-a-l-eau-waterlift-2\\\/#breadcrumb\",\"itemListElement\":[{\"@type\":\"ListItem\",\"position\":1,\"name\":\"Accueil\",\"item\":\"https:\\\/\\\/www.pruvost-sports.com\\\/boutique\\\/\"},{\"@type\":\"ListItem\",\"position\":2,\"name\":\"Boutique\",\"item\":\"https:\\\/\\\/www.pruvost-sports.com\\\/boutique\\\/boutique\\\/\"},{\"@type\":\"ListItem\",\"position\":3,\"name\":\"Fauteuil de mise \u00e0 l&rsquo;eau\"}]},{\"@type\":\"WebSite\",\"@id\":\"https:\\\/\\\/www.pruvost-sports.com\\\/boutique\\\/#website\",\"url\":\"https:\\\/\\\/www.pruvost-sports.com\\\/boutique\\\/\",\"name\":\"Pruvost sport piscine\",\"description\":\"\",\"potentialAction\":[{\"@type\":\"SearchAction\",\"target\":{\"@type\":\"EntryPoint\",\"urlTemplate\":\"https:\\\/\\\/www.pruvost-sports.com\\\/boutique\\\/?s={search_term_string}\"},\"query-input\":{\"@type\":\"PropertyValueSpecification\",\"valueRequired\":true,\"valueName\":\"search_term_string\"}}],\"inLanguage\":\"fr-FR\"}]}<\/script>\n<!-- \/ Yoast SEO plugin. -->","yoast_head_json":{"title":"fauteuil de mise \u00e0 l'eau aide mise a l'eau PMR","description":"Fauteuil de mise \u00e0 l'eau PMR","robots":{"index":"index","follow":"follow","max-snippet":"max-snippet:-1","max-image-preview":"max-image-preview:large","max-video-preview":"max-video-preview:-1"},"canonical":"https:\/\/www.pruvost-sports.com\/boutique\/produit\/fauteuil-de-mise-a-l-eau-waterlift-2\/","og_locale":"fr_FR","og_type":"article","og_title":"fauteuil de mise \u00e0 l'eau aide mise a l'eau PMR","og_description":"Fauteuil de mise \u00e0 l'eau PMR","og_url":"https:\/\/www.pruvost-sports.com\/boutique\/produit\/fauteuil-de-mise-a-l-eau-waterlift-2\/","og_site_name":"Pruvost sport piscine","article_modified_time":"2024-09-30T12:42:25+00:00","og_image":[{"width":360,"height":395,"url":"https:\/\/www.pruvost-sports.com\/boutique\/wp-content\/uploads\/2014\/05\/268-Fauteuil-de-mise-a-leau.jpg","type":"image\/jpeg"}],"twitter_card":"summary_large_image","twitter_misc":{"Dur\u00e9e de lecture estim\u00e9e":"1 minute"},"schema":{"@context":"https:\/\/schema.org","@graph":[{"@type":"WebPage","@id":"https:\/\/www.pruvost-sports.com\/boutique\/produit\/fauteuil-de-mise-a-l-eau-waterlift-2\/","url":"https:\/\/www.pruvost-sports.com\/boutique\/produit\/fauteuil-de-mise-a-l-eau-waterlift-2\/","name":"fauteuil de mise \u00e0 l'eau aide mise a l'eau PMR","isPartOf":{"@id":"https:\/\/www.pruvost-sports.com\/boutique\/#website"},"primaryImageOfPage":{"@id":"https:\/\/www.pruvost-sports.com\/boutique\/produit\/fauteuil-de-mise-a-l-eau-waterlift-2\/#primaryimage"},"image":{"@id":"https:\/\/www.pruvost-sports.com\/boutique\/produit\/fauteuil-de-mise-a-l-eau-waterlift-2\/#primaryimage"},"thumbnailUrl":"https:\/\/www.pruvost-sports.com\/boutique\/wp-content\/uploads\/2014\/05\/268-Fauteuil-de-mise-a-leau.jpg","datePublished":"2014-05-13T09:26:53+00:00","dateModified":"2024-09-30T12:42:25+00:00","description":"Fauteuil de mise \u00e0 l'eau PMR","breadcrumb":{"@id":"https:\/\/www.pruvost-sports.com\/boutique\/produit\/fauteuil-de-mise-a-l-eau-waterlift-2\/#breadcrumb"},"inLanguage":"fr-FR","potentialAction":[{"@type":"ReadAction","target":["https:\/\/www.pruvost-sports.com\/boutique\/produit\/fauteuil-de-mise-a-l-eau-waterlift-2\/"]}]},{"@type":"ImageObject","inLanguage":"fr-FR","@id":"https:\/\/www.pruvost-sports.com\/boutique\/produit\/fauteuil-de-mise-a-l-eau-waterlift-2\/#primaryimage","url":"https:\/\/www.pruvost-sports.com\/boutique\/wp-content\/uploads\/2014\/05\/268-Fauteuil-de-mise-a-leau.jpg","contentUrl":"https:\/\/www.pruvost-sports.com\/boutique\/wp-content\/uploads\/2014\/05\/268-Fauteuil-de-mise-a-leau.jpg","width":360,"height":395,"caption":"Fauteuil de mise \u00e0 l'eau"},{"@type":"BreadcrumbList","@id":"https:\/\/www.pruvost-sports.com\/boutique\/produit\/fauteuil-de-mise-a-l-eau-waterlift-2\/#breadcrumb","itemListElement":[{"@type":"ListItem","position":1,"name":"Accueil","item":"https:\/\/www.pruvost-sports.com\/boutique\/"},{"@type":"ListItem","position":2,"name":"Boutique","item":"https:\/\/www.pruvost-sports.com\/boutique\/boutique\/"},{"@type":"ListItem","position":3,"name":"Fauteuil de mise \u00e0 l&rsquo;eau"}]},{"@type":"WebSite","@id":"https:\/\/www.pruvost-sports.com\/boutique\/#website","url":"https:\/\/www.pruvost-sports.com\/boutique\/","name":"Pruvost sport piscine","description":"","potentialAction":[{"@type":"SearchAction","target":{"@type":"EntryPoint","urlTemplate":"https:\/\/www.pruvost-sports.com\/boutique\/?s={search_term_string}"},"query-input":{"@type":"PropertyValueSpecification","valueRequired":true,"valueName":"search_term_string"}}],"inLanguage":"fr-FR"}]}},"_links":{"self":[{"href":"https:\/\/www.pruvost-sports.com\/boutique\/wp-json\/wp\/v2\/product\/775","targetHints":{"allow":["GET"]}}],"collection":[{"href":"https:\/\/www.pruvost-sports.com\/boutique\/wp-json\/wp\/v2\/product"}],"about":[{"href":"https:\/\/www.pruvost-sports.com\/boutique\/wp-json\/wp\/v2\/types\/product"}],"wp:featuredmedia":[{"embeddable":true,"href":"https:\/\/www.pruvost-sports.com\/boutique\/wp-json\/wp\/v2\/media\/773"}],"wp:attachment":[{"href":"https:\/\/www.pruvost-sports.com\/boutique\/wp-json\/wp\/v2\/media?parent=775"}],"wp:term":[{"taxonomy":"product_brand","embeddable":true,"href":"https:\/\/www.pruvost-sports.com\/boutique\/wp-json\/wp\/v2\/product_brand?post=775"},{"taxonomy":"product_cat","embeddable":true,"href":"https:\/\/www.pruvost-sports.com\/boutique\/wp-json\/wp\/v2\/product_cat?post=775"},{"taxonomy":"product_tag","embeddable":true,"href":"https:\/\/www.pruvost-sports.com\/boutique\/wp-json\/wp\/v2\/product_tag?post=775"}],"curies":[{"name":"wp","href":"https:\/\/api.w.org\/{rel}","templated":true}]}}