{"id":7687,"date":"2024-01-30T12:10:18","date_gmt":"2024-01-30T11:10:18","guid":{"rendered":"https:\/\/www.pruvost-sports.com\/boutique\/?post_type=product&#038;p=7687"},"modified":"2024-09-13T09:49:23","modified_gmt":"2024-09-13T07:49:23","slug":"catalogue-arena","status":"publish","type":"product","link":"https:\/\/www.pruvost-sports.com\/boutique\/produit\/catalogue-arena\/","title":{"rendered":"Catalogue Arena"},"content":{"rendered":"","protected":false},"excerpt":{"rendered":"<p>T\u00e9l\u00e9chargez le Catalogue Arena Winter\u00a0 2024 \u00e0 l&rsquo;aide du lien ci contre : <a href=\"https:\/\/arena.picturepark.com\/WorldPort\/public\/7GxKJyVy\">Catalogue Winter 2024\u00a0<\/a><\/p>\n<p>Merci de nous faire parvenir par mail , r\u00e9f\u00e9rences et quantit\u00e9s des produits souhait\u00e9s<\/p>\n<p>adufauxps@gmail.com<\/p>\n<p>&nbsp;<\/p>\n","protected":false},"featured_media":8290,"template":"","meta":[],"product_brand":[],"product_cat":[50,41,67],"product_tag":[642,641],"class_list":{"0":"post-7687","1":"product","2":"type-product","3":"status-publish","4":"has-post-thumbnail","6":"product_cat-accessoires-individuels","7":"product_cat-lunettes-et-masques","8":"product_cat-natation-sportive","9":"product_tag-polo","10":"product_tag-polo-arena","12":"entry","13":"has-media","15":"first","16":"instock","17":"virtual","18":"purchasable","19":"product-type-simple","20":"col","21":"span_1_of_4","22":"owp-content-center","23":"owp-thumbs-layout-horizontal","24":"owp-btn-normal","25":"owp-tabs-layout-horizontal","26":"has-no-thumbnails"},"yoast_head":"<!-- This site is optimized with the Yoast SEO plugin v27.5 - https:\/\/yoast.com\/product\/yoast-seo-wordpress\/ -->\n<title>Polo arena polo piscine arena t-shirt arena catalogue arena<\/title>\n<meta name=\"description\" content=\"Polo Arena catalogue\" \/>\n<meta name=\"robots\" content=\"index, follow, max-snippet:-1, max-image-preview:large, max-video-preview:-1\" \/>\n<link rel=\"canonical\" href=\"https:\/\/www.pruvost-sports.com\/boutique\/produit\/catalogue-arena\/\" \/>\n<meta property=\"og:locale\" content=\"fr_FR\" \/>\n<meta property=\"og:type\" content=\"article\" \/>\n<meta property=\"og:title\" content=\"Polo arena polo piscine arena t-shirt arena catalogue arena\" \/>\n<meta property=\"og:description\" content=\"Polo Arena catalogue\" \/>\n<meta property=\"og:url\" content=\"https:\/\/www.pruvost-sports.com\/boutique\/produit\/catalogue-arena\/\" \/>\n<meta property=\"og:site_name\" content=\"Pruvost sport piscine\" \/>\n<meta property=\"article:modified_time\" content=\"2024-09-13T07:49:23+00:00\" \/>\n<meta property=\"og:image\" content=\"https:\/\/www.pruvost-sports.com\/boutique\/wp-content\/uploads\/2024\/01\/Couverture-Arena-winter-24.jpg\" \/>\n\t<meta property=\"og:image:width\" content=\"789\" \/>\n\t<meta property=\"og:image:height\" content=\"1127\" \/>\n\t<meta property=\"og:image:type\" content=\"image\/jpeg\" \/>\n<meta name=\"twitter:card\" content=\"summary_large_image\" \/>\n<meta name=\"twitter:label1\" content=\"Dur\u00e9e de lecture estim\u00e9e\" \/>\n\t<meta name=\"twitter:data1\" content=\"1 minute\" \/>\n<script type=\"application\/ld+json\" class=\"yoast-schema-graph\">{\"@context\":\"https:\\\/\\\/schema.org\",\"@graph\":[{\"@type\":\"WebPage\",\"@id\":\"https:\\\/\\\/www.pruvost-sports.com\\\/boutique\\\/produit\\\/catalogue-arena\\\/\",\"url\":\"https:\\\/\\\/www.pruvost-sports.com\\\/boutique\\\/produit\\\/catalogue-arena\\\/\",\"name\":\"Polo arena polo piscine arena t-shirt arena catalogue arena\",\"isPartOf\":{\"@id\":\"https:\\\/\\\/www.pruvost-sports.com\\\/boutique\\\/#website\"},\"primaryImageOfPage\":{\"@id\":\"https:\\\/\\\/www.pruvost-sports.com\\\/boutique\\\/produit\\\/catalogue-arena\\\/#primaryimage\"},\"image\":{\"@id\":\"https:\\\/\\\/www.pruvost-sports.com\\\/boutique\\\/produit\\\/catalogue-arena\\\/#primaryimage\"},\"thumbnailUrl\":\"https:\\\/\\\/www.pruvost-sports.com\\\/boutique\\\/wp-content\\\/uploads\\\/2024\\\/01\\\/Couverture-Arena-winter-24.jpg\",\"datePublished\":\"2024-01-30T11:10:18+00:00\",\"dateModified\":\"2024-09-13T07:49:23+00:00\",\"description\":\"Polo Arena catalogue\",\"breadcrumb\":{\"@id\":\"https:\\\/\\\/www.pruvost-sports.com\\\/boutique\\\/produit\\\/catalogue-arena\\\/#breadcrumb\"},\"inLanguage\":\"fr-FR\",\"potentialAction\":[{\"@type\":\"ReadAction\",\"target\":[\"https:\\\/\\\/www.pruvost-sports.com\\\/boutique\\\/produit\\\/catalogue-arena\\\/\"]}]},{\"@type\":\"ImageObject\",\"inLanguage\":\"fr-FR\",\"@id\":\"https:\\\/\\\/www.pruvost-sports.com\\\/boutique\\\/produit\\\/catalogue-arena\\\/#primaryimage\",\"url\":\"https:\\\/\\\/www.pruvost-sports.com\\\/boutique\\\/wp-content\\\/uploads\\\/2024\\\/01\\\/Couverture-Arena-winter-24.jpg\",\"contentUrl\":\"https:\\\/\\\/www.pruvost-sports.com\\\/boutique\\\/wp-content\\\/uploads\\\/2024\\\/01\\\/Couverture-Arena-winter-24.jpg\",\"width\":789,\"height\":1127},{\"@type\":\"BreadcrumbList\",\"@id\":\"https:\\\/\\\/www.pruvost-sports.com\\\/boutique\\\/produit\\\/catalogue-arena\\\/#breadcrumb\",\"itemListElement\":[{\"@type\":\"ListItem\",\"position\":1,\"name\":\"Accueil\",\"item\":\"https:\\\/\\\/www.pruvost-sports.com\\\/boutique\\\/\"},{\"@type\":\"ListItem\",\"position\":2,\"name\":\"Boutique\",\"item\":\"https:\\\/\\\/www.pruvost-sports.com\\\/boutique\\\/boutique\\\/\"},{\"@type\":\"ListItem\",\"position\":3,\"name\":\"Catalogue Arena\"}]},{\"@type\":\"WebSite\",\"@id\":\"https:\\\/\\\/www.pruvost-sports.com\\\/boutique\\\/#website\",\"url\":\"https:\\\/\\\/www.pruvost-sports.com\\\/boutique\\\/\",\"name\":\"Pruvost sport piscine\",\"description\":\"\",\"potentialAction\":[{\"@type\":\"SearchAction\",\"target\":{\"@type\":\"EntryPoint\",\"urlTemplate\":\"https:\\\/\\\/www.pruvost-sports.com\\\/boutique\\\/?s={search_term_string}\"},\"query-input\":{\"@type\":\"PropertyValueSpecification\",\"valueRequired\":true,\"valueName\":\"search_term_string\"}}],\"inLanguage\":\"fr-FR\"}]}<\/script>\n<!-- \/ Yoast SEO plugin. -->","yoast_head_json":{"title":"Polo arena polo piscine arena t-shirt arena catalogue arena","description":"Polo Arena catalogue","robots":{"index":"index","follow":"follow","max-snippet":"max-snippet:-1","max-image-preview":"max-image-preview:large","max-video-preview":"max-video-preview:-1"},"canonical":"https:\/\/www.pruvost-sports.com\/boutique\/produit\/catalogue-arena\/","og_locale":"fr_FR","og_type":"article","og_title":"Polo arena polo piscine arena t-shirt arena catalogue arena","og_description":"Polo Arena catalogue","og_url":"https:\/\/www.pruvost-sports.com\/boutique\/produit\/catalogue-arena\/","og_site_name":"Pruvost sport piscine","article_modified_time":"2024-09-13T07:49:23+00:00","og_image":[{"width":789,"height":1127,"url":"https:\/\/www.pruvost-sports.com\/boutique\/wp-content\/uploads\/2024\/01\/Couverture-Arena-winter-24.jpg","type":"image\/jpeg"}],"twitter_card":"summary_large_image","twitter_misc":{"Dur\u00e9e de lecture estim\u00e9e":"1 minute"},"schema":{"@context":"https:\/\/schema.org","@graph":[{"@type":"WebPage","@id":"https:\/\/www.pruvost-sports.com\/boutique\/produit\/catalogue-arena\/","url":"https:\/\/www.pruvost-sports.com\/boutique\/produit\/catalogue-arena\/","name":"Polo arena polo piscine arena t-shirt arena catalogue arena","isPartOf":{"@id":"https:\/\/www.pruvost-sports.com\/boutique\/#website"},"primaryImageOfPage":{"@id":"https:\/\/www.pruvost-sports.com\/boutique\/produit\/catalogue-arena\/#primaryimage"},"image":{"@id":"https:\/\/www.pruvost-sports.com\/boutique\/produit\/catalogue-arena\/#primaryimage"},"thumbnailUrl":"https:\/\/www.pruvost-sports.com\/boutique\/wp-content\/uploads\/2024\/01\/Couverture-Arena-winter-24.jpg","datePublished":"2024-01-30T11:10:18+00:00","dateModified":"2024-09-13T07:49:23+00:00","description":"Polo Arena catalogue","breadcrumb":{"@id":"https:\/\/www.pruvost-sports.com\/boutique\/produit\/catalogue-arena\/#breadcrumb"},"inLanguage":"fr-FR","potentialAction":[{"@type":"ReadAction","target":["https:\/\/www.pruvost-sports.com\/boutique\/produit\/catalogue-arena\/"]}]},{"@type":"ImageObject","inLanguage":"fr-FR","@id":"https:\/\/www.pruvost-sports.com\/boutique\/produit\/catalogue-arena\/#primaryimage","url":"https:\/\/www.pruvost-sports.com\/boutique\/wp-content\/uploads\/2024\/01\/Couverture-Arena-winter-24.jpg","contentUrl":"https:\/\/www.pruvost-sports.com\/boutique\/wp-content\/uploads\/2024\/01\/Couverture-Arena-winter-24.jpg","width":789,"height":1127},{"@type":"BreadcrumbList","@id":"https:\/\/www.pruvost-sports.com\/boutique\/produit\/catalogue-arena\/#breadcrumb","itemListElement":[{"@type":"ListItem","position":1,"name":"Accueil","item":"https:\/\/www.pruvost-sports.com\/boutique\/"},{"@type":"ListItem","position":2,"name":"Boutique","item":"https:\/\/www.pruvost-sports.com\/boutique\/boutique\/"},{"@type":"ListItem","position":3,"name":"Catalogue Arena"}]},{"@type":"WebSite","@id":"https:\/\/www.pruvost-sports.com\/boutique\/#website","url":"https:\/\/www.pruvost-sports.com\/boutique\/","name":"Pruvost sport piscine","description":"","potentialAction":[{"@type":"SearchAction","target":{"@type":"EntryPoint","urlTemplate":"https:\/\/www.pruvost-sports.com\/boutique\/?s={search_term_string}"},"query-input":{"@type":"PropertyValueSpecification","valueRequired":true,"valueName":"search_term_string"}}],"inLanguage":"fr-FR"}]}},"_links":{"self":[{"href":"https:\/\/www.pruvost-sports.com\/boutique\/wp-json\/wp\/v2\/product\/7687","targetHints":{"allow":["GET"]}}],"collection":[{"href":"https:\/\/www.pruvost-sports.com\/boutique\/wp-json\/wp\/v2\/product"}],"about":[{"href":"https:\/\/www.pruvost-sports.com\/boutique\/wp-json\/wp\/v2\/types\/product"}],"wp:featuredmedia":[{"embeddable":true,"href":"https:\/\/www.pruvost-sports.com\/boutique\/wp-json\/wp\/v2\/media\/8290"}],"wp:attachment":[{"href":"https:\/\/www.pruvost-sports.com\/boutique\/wp-json\/wp\/v2\/media?parent=7687"}],"wp:term":[{"taxonomy":"product_brand","embeddable":true,"href":"https:\/\/www.pruvost-sports.com\/boutique\/wp-json\/wp\/v2\/product_brand?post=7687"},{"taxonomy":"product_cat","embeddable":true,"href":"https:\/\/www.pruvost-sports.com\/boutique\/wp-json\/wp\/v2\/product_cat?post=7687"},{"taxonomy":"product_tag","embeddable":true,"href":"https:\/\/www.pruvost-sports.com\/boutique\/wp-json\/wp\/v2\/product_tag?post=7687"}],"curies":[{"name":"wp","href":"https:\/\/api.w.org\/{rel}","templated":true}]}}