{"id":7681,"date":"2024-01-26T15:44:43","date_gmt":"2024-01-26T14:44:43","guid":{"rendered":"https:\/\/www.pruvost-sports.com\/boutique\/?post_type=product&#038;p=7681"},"modified":"2024-01-26T15:56:30","modified_gmt":"2024-01-26T14:56:30","slug":"thermometrehygrometre","status":"publish","type":"product","link":"https:\/\/www.pruvost-sports.com\/boutique\/produit\/thermometrehygrometre\/","title":{"rendered":"Thermom\u00e8tre \/ Hygrom\u00e8tre \u00e0 sonde inox"},"content":{"rendered":"<p>-Temp\u00e9rature int\u00e9rieure \/ ext\u00e9rieure : -50\u00b0 \u00e0 +70\u00b0C<br \/>\n-Hygrom\u00e9trie int\u00e9rieure : 20% \u00e0 100%RH<br \/>\n-R\u00e9solution : 0,1\u00b0 \/ 1%<br \/>\n-Pr\u00e9cision : \u00b11\u00b0C \/ \u00b13%<br \/>\n-Fonction Maxi\/Mini \/ Indice de confort<br \/>\n-Horloge 12\/24h \/ Alarme (fonction snooze)<br \/>\n-Sonde \u00e9tanche \u00d8 5,5&#215;10 mm \/ Jonction ABS \u00d8 7,8&#215;25 mm \/ C\u00e2ble \u00e9tanche 3 m<br \/>\n-Grand \u00e9cran LCD 72x61mm \/ Chiffres 18mm<br \/>\n-B\u00e9quille \/ Fixation murale<br \/>\n-Dim : 125x90x37mm \/ 150g<br \/>\n&#8211; Al. :\u00a0Pile AAA<\/p>\n","protected":false},"excerpt":{"rendered":"<p>Thermom\u00e8tre \/ Hygrom\u00e8tre digital \u00e0 sonde inox<\/p>\n","protected":false},"featured_media":7682,"template":"","meta":[],"product_brand":[],"product_cat":[85],"product_tag":[1788,1789,468],"class_list":{"0":"post-7681","1":"product","2":"type-product","3":"status-publish","4":"has-post-thumbnail","6":"product_cat-horloges-et-thermometres","7":"product_tag-thermometre-a-sonde","8":"product_tag-thermometre-digital","9":"product_tag-thermometre-piscine","11":"entry","12":"has-media","14":"first","15":"instock","16":"shipping-taxable","17":"purchasable","18":"product-type-simple","19":"col","20":"span_1_of_4","21":"owp-content-center","22":"owp-thumbs-layout-horizontal","23":"owp-btn-normal","24":"owp-tabs-layout-horizontal"},"yoast_head":"<!-- This site is optimized with the Yoast SEO plugin v27.5 - https:\/\/yoast.com\/product\/yoast-seo-wordpress\/ -->\n<title>thermom\u00e8tre sonde thermom\u00e8tre digital thermom\u00e8tre piscine<\/title>\n<meta name=\"description\" content=\"Thermom\u00e8tre \u00e0 sonde digital\" \/>\n<meta name=\"robots\" content=\"index, follow, max-snippet:-1, max-image-preview:large, max-video-preview:-1\" \/>\n<link rel=\"canonical\" href=\"https:\/\/www.pruvost-sports.com\/boutique\/produit\/thermometrehygrometre\/\" \/>\n<meta property=\"og:locale\" content=\"fr_FR\" \/>\n<meta property=\"og:type\" content=\"article\" \/>\n<meta property=\"og:title\" content=\"thermom\u00e8tre sonde thermom\u00e8tre digital thermom\u00e8tre piscine\" \/>\n<meta property=\"og:description\" content=\"Thermom\u00e8tre \u00e0 sonde digital\" \/>\n<meta property=\"og:url\" content=\"https:\/\/www.pruvost-sports.com\/boutique\/produit\/thermometrehygrometre\/\" \/>\n<meta property=\"og:site_name\" content=\"Pruvost sport piscine\" \/>\n<meta property=\"article:modified_time\" content=\"2024-01-26T14:56:30+00:00\" \/>\n<meta property=\"og:image\" content=\"https:\/\/www.pruvost-sports.com\/boutique\/wp-content\/uploads\/2024\/01\/double-thermometre-hygrometre-horloge-grand-affichage.jpg\" \/>\n\t<meta property=\"og:image:width\" content=\"600\" \/>\n\t<meta property=\"og:image:height\" content=\"600\" \/>\n\t<meta property=\"og:image:type\" content=\"image\/jpeg\" \/>\n<meta name=\"twitter:card\" content=\"summary_large_image\" \/>\n<meta name=\"twitter:label1\" content=\"Dur\u00e9e de lecture estim\u00e9e\" \/>\n\t<meta name=\"twitter:data1\" content=\"1 minute\" \/>\n<script type=\"application\/ld+json\" class=\"yoast-schema-graph\">{\"@context\":\"https:\\\/\\\/schema.org\",\"@graph\":[{\"@type\":\"WebPage\",\"@id\":\"https:\\\/\\\/www.pruvost-sports.com\\\/boutique\\\/produit\\\/thermometrehygrometre\\\/\",\"url\":\"https:\\\/\\\/www.pruvost-sports.com\\\/boutique\\\/produit\\\/thermometrehygrometre\\\/\",\"name\":\"thermom\u00e8tre sonde thermom\u00e8tre digital thermom\u00e8tre piscine\",\"isPartOf\":{\"@id\":\"https:\\\/\\\/www.pruvost-sports.com\\\/boutique\\\/#website\"},\"primaryImageOfPage\":{\"@id\":\"https:\\\/\\\/www.pruvost-sports.com\\\/boutique\\\/produit\\\/thermometrehygrometre\\\/#primaryimage\"},\"image\":{\"@id\":\"https:\\\/\\\/www.pruvost-sports.com\\\/boutique\\\/produit\\\/thermometrehygrometre\\\/#primaryimage\"},\"thumbnailUrl\":\"https:\\\/\\\/www.pruvost-sports.com\\\/boutique\\\/wp-content\\\/uploads\\\/2024\\\/01\\\/double-thermometre-hygrometre-horloge-grand-affichage.jpg\",\"datePublished\":\"2024-01-26T14:44:43+00:00\",\"dateModified\":\"2024-01-26T14:56:30+00:00\",\"description\":\"Thermom\u00e8tre \u00e0 sonde digital\",\"breadcrumb\":{\"@id\":\"https:\\\/\\\/www.pruvost-sports.com\\\/boutique\\\/produit\\\/thermometrehygrometre\\\/#breadcrumb\"},\"inLanguage\":\"fr-FR\",\"potentialAction\":[{\"@type\":\"ReadAction\",\"target\":[\"https:\\\/\\\/www.pruvost-sports.com\\\/boutique\\\/produit\\\/thermometrehygrometre\\\/\"]}]},{\"@type\":\"ImageObject\",\"inLanguage\":\"fr-FR\",\"@id\":\"https:\\\/\\\/www.pruvost-sports.com\\\/boutique\\\/produit\\\/thermometrehygrometre\\\/#primaryimage\",\"url\":\"https:\\\/\\\/www.pruvost-sports.com\\\/boutique\\\/wp-content\\\/uploads\\\/2024\\\/01\\\/double-thermometre-hygrometre-horloge-grand-affichage.jpg\",\"contentUrl\":\"https:\\\/\\\/www.pruvost-sports.com\\\/boutique\\\/wp-content\\\/uploads\\\/2024\\\/01\\\/double-thermometre-hygrometre-horloge-grand-affichage.jpg\",\"width\":600,\"height\":600},{\"@type\":\"BreadcrumbList\",\"@id\":\"https:\\\/\\\/www.pruvost-sports.com\\\/boutique\\\/produit\\\/thermometrehygrometre\\\/#breadcrumb\",\"itemListElement\":[{\"@type\":\"ListItem\",\"position\":1,\"name\":\"Accueil\",\"item\":\"https:\\\/\\\/www.pruvost-sports.com\\\/boutique\\\/\"},{\"@type\":\"ListItem\",\"position\":2,\"name\":\"Boutique\",\"item\":\"https:\\\/\\\/www.pruvost-sports.com\\\/boutique\\\/boutique\\\/\"},{\"@type\":\"ListItem\",\"position\":3,\"name\":\"Thermom\u00e8tre \\\/ Hygrom\u00e8tre \u00e0 sonde inox\"}]},{\"@type\":\"WebSite\",\"@id\":\"https:\\\/\\\/www.pruvost-sports.com\\\/boutique\\\/#website\",\"url\":\"https:\\\/\\\/www.pruvost-sports.com\\\/boutique\\\/\",\"name\":\"Pruvost sport piscine\",\"description\":\"\",\"potentialAction\":[{\"@type\":\"SearchAction\",\"target\":{\"@type\":\"EntryPoint\",\"urlTemplate\":\"https:\\\/\\\/www.pruvost-sports.com\\\/boutique\\\/?s={search_term_string}\"},\"query-input\":{\"@type\":\"PropertyValueSpecification\",\"valueRequired\":true,\"valueName\":\"search_term_string\"}}],\"inLanguage\":\"fr-FR\"}]}<\/script>\n<!-- \/ Yoast SEO plugin. -->","yoast_head_json":{"title":"thermom\u00e8tre sonde thermom\u00e8tre digital thermom\u00e8tre piscine","description":"Thermom\u00e8tre \u00e0 sonde digital","robots":{"index":"index","follow":"follow","max-snippet":"max-snippet:-1","max-image-preview":"max-image-preview:large","max-video-preview":"max-video-preview:-1"},"canonical":"https:\/\/www.pruvost-sports.com\/boutique\/produit\/thermometrehygrometre\/","og_locale":"fr_FR","og_type":"article","og_title":"thermom\u00e8tre sonde thermom\u00e8tre digital thermom\u00e8tre piscine","og_description":"Thermom\u00e8tre \u00e0 sonde digital","og_url":"https:\/\/www.pruvost-sports.com\/boutique\/produit\/thermometrehygrometre\/","og_site_name":"Pruvost sport piscine","article_modified_time":"2024-01-26T14:56:30+00:00","og_image":[{"width":600,"height":600,"url":"https:\/\/www.pruvost-sports.com\/boutique\/wp-content\/uploads\/2024\/01\/double-thermometre-hygrometre-horloge-grand-affichage.jpg","type":"image\/jpeg"}],"twitter_card":"summary_large_image","twitter_misc":{"Dur\u00e9e de lecture estim\u00e9e":"1 minute"},"schema":{"@context":"https:\/\/schema.org","@graph":[{"@type":"WebPage","@id":"https:\/\/www.pruvost-sports.com\/boutique\/produit\/thermometrehygrometre\/","url":"https:\/\/www.pruvost-sports.com\/boutique\/produit\/thermometrehygrometre\/","name":"thermom\u00e8tre sonde thermom\u00e8tre digital thermom\u00e8tre piscine","isPartOf":{"@id":"https:\/\/www.pruvost-sports.com\/boutique\/#website"},"primaryImageOfPage":{"@id":"https:\/\/www.pruvost-sports.com\/boutique\/produit\/thermometrehygrometre\/#primaryimage"},"image":{"@id":"https:\/\/www.pruvost-sports.com\/boutique\/produit\/thermometrehygrometre\/#primaryimage"},"thumbnailUrl":"https:\/\/www.pruvost-sports.com\/boutique\/wp-content\/uploads\/2024\/01\/double-thermometre-hygrometre-horloge-grand-affichage.jpg","datePublished":"2024-01-26T14:44:43+00:00","dateModified":"2024-01-26T14:56:30+00:00","description":"Thermom\u00e8tre \u00e0 sonde digital","breadcrumb":{"@id":"https:\/\/www.pruvost-sports.com\/boutique\/produit\/thermometrehygrometre\/#breadcrumb"},"inLanguage":"fr-FR","potentialAction":[{"@type":"ReadAction","target":["https:\/\/www.pruvost-sports.com\/boutique\/produit\/thermometrehygrometre\/"]}]},{"@type":"ImageObject","inLanguage":"fr-FR","@id":"https:\/\/www.pruvost-sports.com\/boutique\/produit\/thermometrehygrometre\/#primaryimage","url":"https:\/\/www.pruvost-sports.com\/boutique\/wp-content\/uploads\/2024\/01\/double-thermometre-hygrometre-horloge-grand-affichage.jpg","contentUrl":"https:\/\/www.pruvost-sports.com\/boutique\/wp-content\/uploads\/2024\/01\/double-thermometre-hygrometre-horloge-grand-affichage.jpg","width":600,"height":600},{"@type":"BreadcrumbList","@id":"https:\/\/www.pruvost-sports.com\/boutique\/produit\/thermometrehygrometre\/#breadcrumb","itemListElement":[{"@type":"ListItem","position":1,"name":"Accueil","item":"https:\/\/www.pruvost-sports.com\/boutique\/"},{"@type":"ListItem","position":2,"name":"Boutique","item":"https:\/\/www.pruvost-sports.com\/boutique\/boutique\/"},{"@type":"ListItem","position":3,"name":"Thermom\u00e8tre \/ Hygrom\u00e8tre \u00e0 sonde inox"}]},{"@type":"WebSite","@id":"https:\/\/www.pruvost-sports.com\/boutique\/#website","url":"https:\/\/www.pruvost-sports.com\/boutique\/","name":"Pruvost sport piscine","description":"","potentialAction":[{"@type":"SearchAction","target":{"@type":"EntryPoint","urlTemplate":"https:\/\/www.pruvost-sports.com\/boutique\/?s={search_term_string}"},"query-input":{"@type":"PropertyValueSpecification","valueRequired":true,"valueName":"search_term_string"}}],"inLanguage":"fr-FR"}]}},"_links":{"self":[{"href":"https:\/\/www.pruvost-sports.com\/boutique\/wp-json\/wp\/v2\/product\/7681","targetHints":{"allow":["GET"]}}],"collection":[{"href":"https:\/\/www.pruvost-sports.com\/boutique\/wp-json\/wp\/v2\/product"}],"about":[{"href":"https:\/\/www.pruvost-sports.com\/boutique\/wp-json\/wp\/v2\/types\/product"}],"wp:featuredmedia":[{"embeddable":true,"href":"https:\/\/www.pruvost-sports.com\/boutique\/wp-json\/wp\/v2\/media\/7682"}],"wp:attachment":[{"href":"https:\/\/www.pruvost-sports.com\/boutique\/wp-json\/wp\/v2\/media?parent=7681"}],"wp:term":[{"taxonomy":"product_brand","embeddable":true,"href":"https:\/\/www.pruvost-sports.com\/boutique\/wp-json\/wp\/v2\/product_brand?post=7681"},{"taxonomy":"product_cat","embeddable":true,"href":"https:\/\/www.pruvost-sports.com\/boutique\/wp-json\/wp\/v2\/product_cat?post=7681"},{"taxonomy":"product_tag","embeddable":true,"href":"https:\/\/www.pruvost-sports.com\/boutique\/wp-json\/wp\/v2\/product_tag?post=7681"}],"curies":[{"name":"wp","href":"https:\/\/api.w.org\/{rel}","templated":true}]}}