{"id":7118,"date":"2023-09-25T15:43:02","date_gmt":"2023-09-25T13:43:02","guid":{"rendered":"https:\/\/www.pruvost-sports.com\/boutique\/?product=box-de-rangement-perfore"},"modified":"2023-09-25T15:43:02","modified_gmt":"2023-09-25T13:43:02","slug":"box-de-rangement-perfore","status":"publish","type":"product","link":"https:\/\/www.pruvost-sports.com\/boutique\/produit\/box-de-rangement-perfore\/","title":{"rendered":"Box de rangement perfor\u00e9"},"content":{"rendered":"<p>Article fourni <span style=\"text-decoration: underline;\"><em><strong>SANS ROULETTES.<\/p>\n<p><\/strong><\/em><\/span>Roulettes disponibles sous la r&eacute;f&eacute;rence <a href=\"\/boutique\/mobilier-et-rangement-\/1384-kit-4-roulettes.html\"><strong><em><span style=\"text-decoration: underline;\">J49.<\/span><\/em><\/strong><\/a><\/p><\/p>\n","protected":false},"excerpt":{"rendered":"<p>Box de rangement perfor&eacute; en poly&eacute;thyl&egrave;ne.<\/p>\n<p>Dimensions : 80 x 60 x 45 cm.<\/p>\n","protected":false},"featured_media":7116,"template":"","meta":[],"product_brand":[],"product_cat":[78],"product_tag":[2729,2731,2733],"class_list":{"0":"post-7118","1":"product","2":"type-product","3":"status-publish","4":"has-post-thumbnail","6":"product_cat-mobilier-et-rangement","7":"product_tag-box-de-rangement","8":"product_tag-box-de-rangement-perfore","9":"product_tag-box-de-rangement-piscine","11":"entry","12":"has-media","14":"first","15":"instock","16":"shipping-taxable","17":"purchasable","18":"product-type-simple","19":"col","20":"span_1_of_4","21":"owp-content-center","22":"owp-thumbs-layout-horizontal","23":"owp-btn-normal","24":"owp-tabs-layout-horizontal","25":"has-no-thumbnails"},"yoast_head":"<!-- This site is optimized with the Yoast SEO plugin v27.5 - https:\/\/yoast.com\/product\/yoast-seo-wordpress\/ -->\n<title>Box de rangement perfor\u00e9<\/title>\n<meta name=\"description\" content=\"Box de rangement perfor\u00e9 en poly\u00e9thyl\u00e8ne\" \/>\n<meta name=\"robots\" content=\"index, follow, max-snippet:-1, max-image-preview:large, max-video-preview:-1\" \/>\n<link rel=\"canonical\" href=\"https:\/\/www.pruvost-sports.com\/boutique\/produit\/box-de-rangement-perfore\/\" \/>\n<meta property=\"og:locale\" content=\"fr_FR\" \/>\n<meta property=\"og:type\" content=\"article\" \/>\n<meta property=\"og:title\" content=\"Box de rangement perfor\u00e9\" \/>\n<meta property=\"og:description\" content=\"Box de rangement perfor\u00e9 en poly\u00e9thyl\u00e8ne\" \/>\n<meta property=\"og:url\" content=\"https:\/\/www.pruvost-sports.com\/boutique\/produit\/box-de-rangement-perfore\/\" \/>\n<meta property=\"og:site_name\" content=\"Pruvost sport piscine\" \/>\n<meta property=\"og:image\" content=\"https:\/\/www.pruvost-sports.com\/boutique\/wp-content\/uploads\/2023\/09\/2060-Box-de-rangement-perfore.jpg\" \/>\n\t<meta property=\"og:image:width\" content=\"477\" \/>\n\t<meta property=\"og:image:height\" content=\"580\" \/>\n\t<meta property=\"og:image:type\" content=\"image\/jpeg\" \/>\n<meta name=\"twitter:card\" content=\"summary_large_image\" \/>\n<script type=\"application\/ld+json\" class=\"yoast-schema-graph\">{\"@context\":\"https:\\\/\\\/schema.org\",\"@graph\":[{\"@type\":\"WebPage\",\"@id\":\"https:\\\/\\\/www.pruvost-sports.com\\\/boutique\\\/produit\\\/box-de-rangement-perfore\\\/\",\"url\":\"https:\\\/\\\/www.pruvost-sports.com\\\/boutique\\\/produit\\\/box-de-rangement-perfore\\\/\",\"name\":\"Box de rangement perfor\u00e9\",\"isPartOf\":{\"@id\":\"https:\\\/\\\/www.pruvost-sports.com\\\/boutique\\\/#website\"},\"primaryImageOfPage\":{\"@id\":\"https:\\\/\\\/www.pruvost-sports.com\\\/boutique\\\/produit\\\/box-de-rangement-perfore\\\/#primaryimage\"},\"image\":{\"@id\":\"https:\\\/\\\/www.pruvost-sports.com\\\/boutique\\\/produit\\\/box-de-rangement-perfore\\\/#primaryimage\"},\"thumbnailUrl\":\"https:\\\/\\\/www.pruvost-sports.com\\\/boutique\\\/wp-content\\\/uploads\\\/2023\\\/09\\\/2060-Box-de-rangement-perfore.jpg\",\"datePublished\":\"2023-09-25T13:43:02+00:00\",\"description\":\"Box de rangement perfor\u00e9 en poly\u00e9thyl\u00e8ne\",\"breadcrumb\":{\"@id\":\"https:\\\/\\\/www.pruvost-sports.com\\\/boutique\\\/produit\\\/box-de-rangement-perfore\\\/#breadcrumb\"},\"inLanguage\":\"fr-FR\",\"potentialAction\":[{\"@type\":\"ReadAction\",\"target\":[\"https:\\\/\\\/www.pruvost-sports.com\\\/boutique\\\/produit\\\/box-de-rangement-perfore\\\/\"]}]},{\"@type\":\"ImageObject\",\"inLanguage\":\"fr-FR\",\"@id\":\"https:\\\/\\\/www.pruvost-sports.com\\\/boutique\\\/produit\\\/box-de-rangement-perfore\\\/#primaryimage\",\"url\":\"https:\\\/\\\/www.pruvost-sports.com\\\/boutique\\\/wp-content\\\/uploads\\\/2023\\\/09\\\/2060-Box-de-rangement-perfore.jpg\",\"contentUrl\":\"https:\\\/\\\/www.pruvost-sports.com\\\/boutique\\\/wp-content\\\/uploads\\\/2023\\\/09\\\/2060-Box-de-rangement-perfore.jpg\",\"width\":477,\"height\":580,\"caption\":\"Box de rangement perfor\u00e9\"},{\"@type\":\"BreadcrumbList\",\"@id\":\"https:\\\/\\\/www.pruvost-sports.com\\\/boutique\\\/produit\\\/box-de-rangement-perfore\\\/#breadcrumb\",\"itemListElement\":[{\"@type\":\"ListItem\",\"position\":1,\"name\":\"Accueil\",\"item\":\"https:\\\/\\\/www.pruvost-sports.com\\\/boutique\\\/\"},{\"@type\":\"ListItem\",\"position\":2,\"name\":\"Boutique\",\"item\":\"https:\\\/\\\/www.pruvost-sports.com\\\/boutique\\\/boutique\\\/\"},{\"@type\":\"ListItem\",\"position\":3,\"name\":\"Box de rangement perfor\u00e9\"}]},{\"@type\":\"WebSite\",\"@id\":\"https:\\\/\\\/www.pruvost-sports.com\\\/boutique\\\/#website\",\"url\":\"https:\\\/\\\/www.pruvost-sports.com\\\/boutique\\\/\",\"name\":\"Pruvost sport piscine\",\"description\":\"\",\"potentialAction\":[{\"@type\":\"SearchAction\",\"target\":{\"@type\":\"EntryPoint\",\"urlTemplate\":\"https:\\\/\\\/www.pruvost-sports.com\\\/boutique\\\/?s={search_term_string}\"},\"query-input\":{\"@type\":\"PropertyValueSpecification\",\"valueRequired\":true,\"valueName\":\"search_term_string\"}}],\"inLanguage\":\"fr-FR\"}]}<\/script>\n<!-- \/ Yoast SEO plugin. -->","yoast_head_json":{"title":"Box de rangement perfor\u00e9","description":"Box de rangement perfor\u00e9 en poly\u00e9thyl\u00e8ne","robots":{"index":"index","follow":"follow","max-snippet":"max-snippet:-1","max-image-preview":"max-image-preview:large","max-video-preview":"max-video-preview:-1"},"canonical":"https:\/\/www.pruvost-sports.com\/boutique\/produit\/box-de-rangement-perfore\/","og_locale":"fr_FR","og_type":"article","og_title":"Box de rangement perfor\u00e9","og_description":"Box de rangement perfor\u00e9 en poly\u00e9thyl\u00e8ne","og_url":"https:\/\/www.pruvost-sports.com\/boutique\/produit\/box-de-rangement-perfore\/","og_site_name":"Pruvost sport piscine","og_image":[{"width":477,"height":580,"url":"https:\/\/www.pruvost-sports.com\/boutique\/wp-content\/uploads\/2023\/09\/2060-Box-de-rangement-perfore.jpg","type":"image\/jpeg"}],"twitter_card":"summary_large_image","schema":{"@context":"https:\/\/schema.org","@graph":[{"@type":"WebPage","@id":"https:\/\/www.pruvost-sports.com\/boutique\/produit\/box-de-rangement-perfore\/","url":"https:\/\/www.pruvost-sports.com\/boutique\/produit\/box-de-rangement-perfore\/","name":"Box de rangement perfor\u00e9","isPartOf":{"@id":"https:\/\/www.pruvost-sports.com\/boutique\/#website"},"primaryImageOfPage":{"@id":"https:\/\/www.pruvost-sports.com\/boutique\/produit\/box-de-rangement-perfore\/#primaryimage"},"image":{"@id":"https:\/\/www.pruvost-sports.com\/boutique\/produit\/box-de-rangement-perfore\/#primaryimage"},"thumbnailUrl":"https:\/\/www.pruvost-sports.com\/boutique\/wp-content\/uploads\/2023\/09\/2060-Box-de-rangement-perfore.jpg","datePublished":"2023-09-25T13:43:02+00:00","description":"Box de rangement perfor\u00e9 en poly\u00e9thyl\u00e8ne","breadcrumb":{"@id":"https:\/\/www.pruvost-sports.com\/boutique\/produit\/box-de-rangement-perfore\/#breadcrumb"},"inLanguage":"fr-FR","potentialAction":[{"@type":"ReadAction","target":["https:\/\/www.pruvost-sports.com\/boutique\/produit\/box-de-rangement-perfore\/"]}]},{"@type":"ImageObject","inLanguage":"fr-FR","@id":"https:\/\/www.pruvost-sports.com\/boutique\/produit\/box-de-rangement-perfore\/#primaryimage","url":"https:\/\/www.pruvost-sports.com\/boutique\/wp-content\/uploads\/2023\/09\/2060-Box-de-rangement-perfore.jpg","contentUrl":"https:\/\/www.pruvost-sports.com\/boutique\/wp-content\/uploads\/2023\/09\/2060-Box-de-rangement-perfore.jpg","width":477,"height":580,"caption":"Box de rangement perfor\u00e9"},{"@type":"BreadcrumbList","@id":"https:\/\/www.pruvost-sports.com\/boutique\/produit\/box-de-rangement-perfore\/#breadcrumb","itemListElement":[{"@type":"ListItem","position":1,"name":"Accueil","item":"https:\/\/www.pruvost-sports.com\/boutique\/"},{"@type":"ListItem","position":2,"name":"Boutique","item":"https:\/\/www.pruvost-sports.com\/boutique\/boutique\/"},{"@type":"ListItem","position":3,"name":"Box de rangement perfor\u00e9"}]},{"@type":"WebSite","@id":"https:\/\/www.pruvost-sports.com\/boutique\/#website","url":"https:\/\/www.pruvost-sports.com\/boutique\/","name":"Pruvost sport piscine","description":"","potentialAction":[{"@type":"SearchAction","target":{"@type":"EntryPoint","urlTemplate":"https:\/\/www.pruvost-sports.com\/boutique\/?s={search_term_string}"},"query-input":{"@type":"PropertyValueSpecification","valueRequired":true,"valueName":"search_term_string"}}],"inLanguage":"fr-FR"}]}},"_links":{"self":[{"href":"https:\/\/www.pruvost-sports.com\/boutique\/wp-json\/wp\/v2\/product\/7118","targetHints":{"allow":["GET"]}}],"collection":[{"href":"https:\/\/www.pruvost-sports.com\/boutique\/wp-json\/wp\/v2\/product"}],"about":[{"href":"https:\/\/www.pruvost-sports.com\/boutique\/wp-json\/wp\/v2\/types\/product"}],"wp:featuredmedia":[{"embeddable":true,"href":"https:\/\/www.pruvost-sports.com\/boutique\/wp-json\/wp\/v2\/media\/7116"}],"wp:attachment":[{"href":"https:\/\/www.pruvost-sports.com\/boutique\/wp-json\/wp\/v2\/media?parent=7118"}],"wp:term":[{"taxonomy":"product_brand","embeddable":true,"href":"https:\/\/www.pruvost-sports.com\/boutique\/wp-json\/wp\/v2\/product_brand?post=7118"},{"taxonomy":"product_cat","embeddable":true,"href":"https:\/\/www.pruvost-sports.com\/boutique\/wp-json\/wp\/v2\/product_cat?post=7118"},{"taxonomy":"product_tag","embeddable":true,"href":"https:\/\/www.pruvost-sports.com\/boutique\/wp-json\/wp\/v2\/product_tag?post=7118"}],"curies":[{"name":"wp","href":"https:\/\/api.w.org\/{rel}","templated":true}]}}