{"id":7114,"date":"2023-09-25T11:10:04","date_gmt":"2023-09-25T09:10:04","guid":{"rendered":"https:\/\/www.pruvost-sports.com\/boutique\/?product=bac-a-frites-perfores-avec-roulettes"},"modified":"2023-09-25T11:10:04","modified_gmt":"2023-09-25T09:10:04","slug":"bac-a-frites-perfores-avec-roulettes","status":"publish","type":"product","link":"https:\/\/www.pruvost-sports.com\/boutique\/produit\/bac-a-frites-perfores-avec-roulettes\/","title":{"rendered":"Bac \u00e0 frites perfor\u00e9s avec roulettes"},"content":{"rendered":"","protected":false},"excerpt":{"rendered":"<p>Bac &agrave; frites perfor&eacute;s en poly&eacute;thyl&egrave;ne avec roulettes.<\/p>\n<p>Dimensions : 80 x 40 x 130 cm.<\/p>\n","protected":false},"featured_media":7112,"template":"","meta":[],"product_brand":[],"product_cat":[78],"product_tag":[849,2726,2727],"class_list":{"0":"post-7114","1":"product","2":"type-product","3":"status-publish","4":"has-post-thumbnail","6":"product_cat-mobilier-et-rangement","7":"product_tag-bac-a-frites","8":"product_tag-bac-a-frites-pe","9":"product_tag-bac-a-frites-polyethylene","11":"entry","12":"has-media","14":"first","15":"instock","16":"shipping-taxable","17":"purchasable","18":"product-type-simple","19":"col","20":"span_1_of_4","21":"owp-content-center","22":"owp-thumbs-layout-horizontal","23":"owp-btn-normal","24":"owp-tabs-layout-horizontal","25":"has-no-thumbnails"},"yoast_head":"<!-- This site is optimized with the Yoast SEO plugin v27.5 - https:\/\/yoast.com\/product\/yoast-seo-wordpress\/ -->\n<title>Bac \u00e0 frites perfor\u00e9s \u00e0 roulettes<\/title>\n<meta name=\"description\" content=\"Bac \u00e0 frites perfor\u00e9 en poly\u00e9thyl\u00e8ne avec roulettes\" \/>\n<meta name=\"robots\" content=\"index, follow, max-snippet:-1, max-image-preview:large, max-video-preview:-1\" \/>\n<link rel=\"canonical\" href=\"https:\/\/www.pruvost-sports.com\/boutique\/produit\/bac-a-frites-perfores-avec-roulettes\/\" \/>\n<meta property=\"og:locale\" content=\"fr_FR\" \/>\n<meta property=\"og:type\" content=\"article\" \/>\n<meta property=\"og:title\" content=\"Bac \u00e0 frites perfor\u00e9s \u00e0 roulettes\" \/>\n<meta property=\"og:description\" content=\"Bac \u00e0 frites perfor\u00e9 en poly\u00e9thyl\u00e8ne avec roulettes\" \/>\n<meta property=\"og:url\" content=\"https:\/\/www.pruvost-sports.com\/boutique\/produit\/bac-a-frites-perfores-avec-roulettes\/\" \/>\n<meta property=\"og:site_name\" content=\"Pruvost sport piscine\" \/>\n<meta property=\"og:image\" content=\"https:\/\/www.pruvost-sports.com\/boutique\/wp-content\/uploads\/2023\/09\/2059-Bac-a-frites-perfores-avec-roulettes.jpg\" \/>\n\t<meta property=\"og:image:width\" content=\"447\" \/>\n\t<meta property=\"og:image:height\" content=\"708\" \/>\n\t<meta property=\"og:image:type\" content=\"image\/jpeg\" \/>\n<meta name=\"twitter:card\" content=\"summary_large_image\" \/>\n<script type=\"application\/ld+json\" class=\"yoast-schema-graph\">{\"@context\":\"https:\\\/\\\/schema.org\",\"@graph\":[{\"@type\":\"WebPage\",\"@id\":\"https:\\\/\\\/www.pruvost-sports.com\\\/boutique\\\/produit\\\/bac-a-frites-perfores-avec-roulettes\\\/\",\"url\":\"https:\\\/\\\/www.pruvost-sports.com\\\/boutique\\\/produit\\\/bac-a-frites-perfores-avec-roulettes\\\/\",\"name\":\"Bac \u00e0 frites perfor\u00e9s \u00e0 roulettes\",\"isPartOf\":{\"@id\":\"https:\\\/\\\/www.pruvost-sports.com\\\/boutique\\\/#website\"},\"primaryImageOfPage\":{\"@id\":\"https:\\\/\\\/www.pruvost-sports.com\\\/boutique\\\/produit\\\/bac-a-frites-perfores-avec-roulettes\\\/#primaryimage\"},\"image\":{\"@id\":\"https:\\\/\\\/www.pruvost-sports.com\\\/boutique\\\/produit\\\/bac-a-frites-perfores-avec-roulettes\\\/#primaryimage\"},\"thumbnailUrl\":\"https:\\\/\\\/www.pruvost-sports.com\\\/boutique\\\/wp-content\\\/uploads\\\/2023\\\/09\\\/2059-Bac-a-frites-perfores-avec-roulettes.jpg\",\"datePublished\":\"2023-09-25T09:10:04+00:00\",\"description\":\"Bac \u00e0 frites perfor\u00e9 en poly\u00e9thyl\u00e8ne avec roulettes\",\"breadcrumb\":{\"@id\":\"https:\\\/\\\/www.pruvost-sports.com\\\/boutique\\\/produit\\\/bac-a-frites-perfores-avec-roulettes\\\/#breadcrumb\"},\"inLanguage\":\"fr-FR\",\"potentialAction\":[{\"@type\":\"ReadAction\",\"target\":[\"https:\\\/\\\/www.pruvost-sports.com\\\/boutique\\\/produit\\\/bac-a-frites-perfores-avec-roulettes\\\/\"]}]},{\"@type\":\"ImageObject\",\"inLanguage\":\"fr-FR\",\"@id\":\"https:\\\/\\\/www.pruvost-sports.com\\\/boutique\\\/produit\\\/bac-a-frites-perfores-avec-roulettes\\\/#primaryimage\",\"url\":\"https:\\\/\\\/www.pruvost-sports.com\\\/boutique\\\/wp-content\\\/uploads\\\/2023\\\/09\\\/2059-Bac-a-frites-perfores-avec-roulettes.jpg\",\"contentUrl\":\"https:\\\/\\\/www.pruvost-sports.com\\\/boutique\\\/wp-content\\\/uploads\\\/2023\\\/09\\\/2059-Bac-a-frites-perfores-avec-roulettes.jpg\",\"width\":447,\"height\":708,\"caption\":\"Bac \u00e0 frites perfor\u00e9s avec roulettes\"},{\"@type\":\"BreadcrumbList\",\"@id\":\"https:\\\/\\\/www.pruvost-sports.com\\\/boutique\\\/produit\\\/bac-a-frites-perfores-avec-roulettes\\\/#breadcrumb\",\"itemListElement\":[{\"@type\":\"ListItem\",\"position\":1,\"name\":\"Accueil\",\"item\":\"https:\\\/\\\/www.pruvost-sports.com\\\/boutique\\\/\"},{\"@type\":\"ListItem\",\"position\":2,\"name\":\"Boutique\",\"item\":\"https:\\\/\\\/www.pruvost-sports.com\\\/boutique\\\/boutique\\\/\"},{\"@type\":\"ListItem\",\"position\":3,\"name\":\"Bac \u00e0 frites perfor\u00e9s avec roulettes\"}]},{\"@type\":\"WebSite\",\"@id\":\"https:\\\/\\\/www.pruvost-sports.com\\\/boutique\\\/#website\",\"url\":\"https:\\\/\\\/www.pruvost-sports.com\\\/boutique\\\/\",\"name\":\"Pruvost sport piscine\",\"description\":\"\",\"potentialAction\":[{\"@type\":\"SearchAction\",\"target\":{\"@type\":\"EntryPoint\",\"urlTemplate\":\"https:\\\/\\\/www.pruvost-sports.com\\\/boutique\\\/?s={search_term_string}\"},\"query-input\":{\"@type\":\"PropertyValueSpecification\",\"valueRequired\":true,\"valueName\":\"search_term_string\"}}],\"inLanguage\":\"fr-FR\"}]}<\/script>\n<!-- \/ Yoast SEO plugin. -->","yoast_head_json":{"title":"Bac \u00e0 frites perfor\u00e9s \u00e0 roulettes","description":"Bac \u00e0 frites perfor\u00e9 en poly\u00e9thyl\u00e8ne avec roulettes","robots":{"index":"index","follow":"follow","max-snippet":"max-snippet:-1","max-image-preview":"max-image-preview:large","max-video-preview":"max-video-preview:-1"},"canonical":"https:\/\/www.pruvost-sports.com\/boutique\/produit\/bac-a-frites-perfores-avec-roulettes\/","og_locale":"fr_FR","og_type":"article","og_title":"Bac \u00e0 frites perfor\u00e9s \u00e0 roulettes","og_description":"Bac \u00e0 frites perfor\u00e9 en poly\u00e9thyl\u00e8ne avec roulettes","og_url":"https:\/\/www.pruvost-sports.com\/boutique\/produit\/bac-a-frites-perfores-avec-roulettes\/","og_site_name":"Pruvost sport piscine","og_image":[{"width":447,"height":708,"url":"https:\/\/www.pruvost-sports.com\/boutique\/wp-content\/uploads\/2023\/09\/2059-Bac-a-frites-perfores-avec-roulettes.jpg","type":"image\/jpeg"}],"twitter_card":"summary_large_image","schema":{"@context":"https:\/\/schema.org","@graph":[{"@type":"WebPage","@id":"https:\/\/www.pruvost-sports.com\/boutique\/produit\/bac-a-frites-perfores-avec-roulettes\/","url":"https:\/\/www.pruvost-sports.com\/boutique\/produit\/bac-a-frites-perfores-avec-roulettes\/","name":"Bac \u00e0 frites perfor\u00e9s \u00e0 roulettes","isPartOf":{"@id":"https:\/\/www.pruvost-sports.com\/boutique\/#website"},"primaryImageOfPage":{"@id":"https:\/\/www.pruvost-sports.com\/boutique\/produit\/bac-a-frites-perfores-avec-roulettes\/#primaryimage"},"image":{"@id":"https:\/\/www.pruvost-sports.com\/boutique\/produit\/bac-a-frites-perfores-avec-roulettes\/#primaryimage"},"thumbnailUrl":"https:\/\/www.pruvost-sports.com\/boutique\/wp-content\/uploads\/2023\/09\/2059-Bac-a-frites-perfores-avec-roulettes.jpg","datePublished":"2023-09-25T09:10:04+00:00","description":"Bac \u00e0 frites perfor\u00e9 en poly\u00e9thyl\u00e8ne avec roulettes","breadcrumb":{"@id":"https:\/\/www.pruvost-sports.com\/boutique\/produit\/bac-a-frites-perfores-avec-roulettes\/#breadcrumb"},"inLanguage":"fr-FR","potentialAction":[{"@type":"ReadAction","target":["https:\/\/www.pruvost-sports.com\/boutique\/produit\/bac-a-frites-perfores-avec-roulettes\/"]}]},{"@type":"ImageObject","inLanguage":"fr-FR","@id":"https:\/\/www.pruvost-sports.com\/boutique\/produit\/bac-a-frites-perfores-avec-roulettes\/#primaryimage","url":"https:\/\/www.pruvost-sports.com\/boutique\/wp-content\/uploads\/2023\/09\/2059-Bac-a-frites-perfores-avec-roulettes.jpg","contentUrl":"https:\/\/www.pruvost-sports.com\/boutique\/wp-content\/uploads\/2023\/09\/2059-Bac-a-frites-perfores-avec-roulettes.jpg","width":447,"height":708,"caption":"Bac \u00e0 frites perfor\u00e9s avec roulettes"},{"@type":"BreadcrumbList","@id":"https:\/\/www.pruvost-sports.com\/boutique\/produit\/bac-a-frites-perfores-avec-roulettes\/#breadcrumb","itemListElement":[{"@type":"ListItem","position":1,"name":"Accueil","item":"https:\/\/www.pruvost-sports.com\/boutique\/"},{"@type":"ListItem","position":2,"name":"Boutique","item":"https:\/\/www.pruvost-sports.com\/boutique\/boutique\/"},{"@type":"ListItem","position":3,"name":"Bac \u00e0 frites perfor\u00e9s avec roulettes"}]},{"@type":"WebSite","@id":"https:\/\/www.pruvost-sports.com\/boutique\/#website","url":"https:\/\/www.pruvost-sports.com\/boutique\/","name":"Pruvost sport piscine","description":"","potentialAction":[{"@type":"SearchAction","target":{"@type":"EntryPoint","urlTemplate":"https:\/\/www.pruvost-sports.com\/boutique\/?s={search_term_string}"},"query-input":{"@type":"PropertyValueSpecification","valueRequired":true,"valueName":"search_term_string"}}],"inLanguage":"fr-FR"}]}},"_links":{"self":[{"href":"https:\/\/www.pruvost-sports.com\/boutique\/wp-json\/wp\/v2\/product\/7114","targetHints":{"allow":["GET"]}}],"collection":[{"href":"https:\/\/www.pruvost-sports.com\/boutique\/wp-json\/wp\/v2\/product"}],"about":[{"href":"https:\/\/www.pruvost-sports.com\/boutique\/wp-json\/wp\/v2\/types\/product"}],"wp:featuredmedia":[{"embeddable":true,"href":"https:\/\/www.pruvost-sports.com\/boutique\/wp-json\/wp\/v2\/media\/7112"}],"wp:attachment":[{"href":"https:\/\/www.pruvost-sports.com\/boutique\/wp-json\/wp\/v2\/media?parent=7114"}],"wp:term":[{"taxonomy":"product_brand","embeddable":true,"href":"https:\/\/www.pruvost-sports.com\/boutique\/wp-json\/wp\/v2\/product_brand?post=7114"},{"taxonomy":"product_cat","embeddable":true,"href":"https:\/\/www.pruvost-sports.com\/boutique\/wp-json\/wp\/v2\/product_cat?post=7114"},{"taxonomy":"product_tag","embeddable":true,"href":"https:\/\/www.pruvost-sports.com\/boutique\/wp-json\/wp\/v2\/product_tag?post=7114"}],"curies":[{"name":"wp","href":"https:\/\/api.w.org\/{rel}","templated":true}]}}