{"id":6852,"date":"2023-08-25T11:10:35","date_gmt":"2023-08-25T09:10:35","guid":{"rendered":"https:\/\/www.pruvost-sports.com\/boutique\/?product=but-de-water-polo-a-fixation-sur-plage"},"modified":"2024-12-13T15:35:29","modified_gmt":"2024-12-13T14:35:29","slug":"but-de-water-polo-a-fixation-sur-plage","status":"publish","type":"product","link":"https:\/\/www.pruvost-sports.com\/boutique\/produit\/but-de-water-polo-a-fixation-sur-plage\/","title":{"rendered":"But de Water-Polo \u00e0 fixation sur plage"},"content":{"rendered":"<div id=\"tw-target-text-container\" class=\"tw-ta-container F0azHf tw-nfl\" tabindex=\"0\">\n<p id=\"tw-target-text\" class=\"tw-data-text tw-text-large tw-ta\" dir=\"ltr\" style=\"text-align: left;\" data-placeholder=\"Traduction\"><span class=\"Y2IQFc\" lang=\"fr\">Dimensions : 300 x 90 cm.<\/span><\/p>\n<p>R\u00e9glable en hauteur et profondeur pour une parfaite adaptation quel que soit le type de bassin.<\/p>\n<p>Le diam\u00e8tre ext\u00e9rieur de la tige horizontale est de 40\u00a0mm.<\/p>\n<p>Il s&rsquo;agit d&rsquo;un tube en aluminium commun de 40 x 4 mm.<\/p>\n<p>Le diam\u00e8tre int\u00e9rieur de la douille de terre doit donc \u00eatre de 42 mm.<\/p>\n<p>Les prises peuvent \u00eatre situ\u00e9es \u00e0 100 &#8211; 500 mm du bord de la piscine le long d&rsquo;une ligne imaginaire derri\u00e8re les montants.<\/p>\n<p>La distance entre les deux manchons doit \u00eatre approximativement \u00e9gale \u00e0 la largeur du but\u00a0qui est de\u00a03\u00a0000\u00a0mm.<\/p>\n<\/div>\n<div id=\"tw-target-rmn-container\" class=\"tw-target-rmn tw-ta-container F0azHf tw-nfl\"><\/div>\n","protected":false},"excerpt":{"rendered":"<p>But de Water-Polo en Aluminium non flottant \u00e0 fixation sur plage de bassin.<\/p>\n","protected":false},"featured_media":6851,"template":"","meta":[],"product_brand":[],"product_cat":[53],"product_tag":[510,2694,2062,2494],"class_list":{"0":"post-6852","1":"product","2":"type-product","3":"status-publish","4":"has-post-thumbnail","6":"product_cat-buts-de-water-polo","7":"product_tag-but-de-water-polo","8":"product_tag-but-de-water-polo-a-fixation","9":"product_tag-but-water-polo-alu","10":"product_tag-water-polo","12":"entry","13":"has-media","15":"first","16":"instock","17":"shipping-taxable","18":"purchasable","19":"product-type-simple","20":"col","21":"span_1_of_4","22":"owp-content-center","23":"owp-thumbs-layout-horizontal","24":"owp-btn-normal","25":"owp-tabs-layout-horizontal","26":"has-no-thumbnails"},"yoast_head":"<!-- This site is optimized with the Yoast SEO plugin v27.5 - https:\/\/yoast.com\/product\/yoast-seo-wordpress\/ -->\n<title>But de Water-Polo \u00e0 fixation sur plage<\/title>\n<meta name=\"description\" content=\"But de Water-Polo \u00e0 fixation sur plage\" \/>\n<meta name=\"robots\" content=\"index, follow, max-snippet:-1, max-image-preview:large, max-video-preview:-1\" \/>\n<link rel=\"canonical\" href=\"https:\/\/www.pruvost-sports.com\/boutique\/produit\/but-de-water-polo-a-fixation-sur-plage\/\" \/>\n<meta property=\"og:locale\" content=\"fr_FR\" \/>\n<meta property=\"og:type\" content=\"article\" \/>\n<meta property=\"og:title\" content=\"But de Water-Polo \u00e0 fixation sur plage\" \/>\n<meta property=\"og:description\" content=\"But de Water-Polo \u00e0 fixation sur plage\" \/>\n<meta property=\"og:url\" content=\"https:\/\/www.pruvost-sports.com\/boutique\/produit\/but-de-water-polo-a-fixation-sur-plage\/\" \/>\n<meta property=\"og:site_name\" content=\"Pruvost sport piscine\" \/>\n<meta property=\"article:modified_time\" content=\"2024-12-13T14:35:29+00:00\" \/>\n<meta property=\"og:image\" content=\"https:\/\/www.pruvost-sports.com\/boutique\/wp-content\/uploads\/2023\/08\/2005-But-de-Water-Polo-a-fixation-sur-plage.jpg\" \/>\n\t<meta property=\"og:image:width\" content=\"548\" \/>\n\t<meta property=\"og:image:height\" content=\"270\" \/>\n\t<meta property=\"og:image:type\" content=\"image\/jpeg\" \/>\n<meta name=\"twitter:card\" content=\"summary_large_image\" \/>\n<meta name=\"twitter:label1\" content=\"Dur\u00e9e de lecture estim\u00e9e\" \/>\n\t<meta name=\"twitter:data1\" content=\"1 minute\" \/>\n<script type=\"application\/ld+json\" class=\"yoast-schema-graph\">{\"@context\":\"https:\\\/\\\/schema.org\",\"@graph\":[{\"@type\":\"WebPage\",\"@id\":\"https:\\\/\\\/www.pruvost-sports.com\\\/boutique\\\/produit\\\/but-de-water-polo-a-fixation-sur-plage\\\/\",\"url\":\"https:\\\/\\\/www.pruvost-sports.com\\\/boutique\\\/produit\\\/but-de-water-polo-a-fixation-sur-plage\\\/\",\"name\":\"But de Water-Polo \u00e0 fixation sur plage\",\"isPartOf\":{\"@id\":\"https:\\\/\\\/www.pruvost-sports.com\\\/boutique\\\/#website\"},\"primaryImageOfPage\":{\"@id\":\"https:\\\/\\\/www.pruvost-sports.com\\\/boutique\\\/produit\\\/but-de-water-polo-a-fixation-sur-plage\\\/#primaryimage\"},\"image\":{\"@id\":\"https:\\\/\\\/www.pruvost-sports.com\\\/boutique\\\/produit\\\/but-de-water-polo-a-fixation-sur-plage\\\/#primaryimage\"},\"thumbnailUrl\":\"https:\\\/\\\/www.pruvost-sports.com\\\/boutique\\\/wp-content\\\/uploads\\\/2023\\\/08\\\/2005-But-de-Water-Polo-a-fixation-sur-plage.jpg\",\"datePublished\":\"2023-08-25T09:10:35+00:00\",\"dateModified\":\"2024-12-13T14:35:29+00:00\",\"description\":\"But de Water-Polo \u00e0 fixation sur plage\",\"breadcrumb\":{\"@id\":\"https:\\\/\\\/www.pruvost-sports.com\\\/boutique\\\/produit\\\/but-de-water-polo-a-fixation-sur-plage\\\/#breadcrumb\"},\"inLanguage\":\"fr-FR\",\"potentialAction\":[{\"@type\":\"ReadAction\",\"target\":[\"https:\\\/\\\/www.pruvost-sports.com\\\/boutique\\\/produit\\\/but-de-water-polo-a-fixation-sur-plage\\\/\"]}]},{\"@type\":\"ImageObject\",\"inLanguage\":\"fr-FR\",\"@id\":\"https:\\\/\\\/www.pruvost-sports.com\\\/boutique\\\/produit\\\/but-de-water-polo-a-fixation-sur-plage\\\/#primaryimage\",\"url\":\"https:\\\/\\\/www.pruvost-sports.com\\\/boutique\\\/wp-content\\\/uploads\\\/2023\\\/08\\\/2005-But-de-Water-Polo-a-fixation-sur-plage.jpg\",\"contentUrl\":\"https:\\\/\\\/www.pruvost-sports.com\\\/boutique\\\/wp-content\\\/uploads\\\/2023\\\/08\\\/2005-But-de-Water-Polo-a-fixation-sur-plage.jpg\",\"width\":548,\"height\":270,\"caption\":\"But de Water-Polo \u00e0 fixation sur plage\"},{\"@type\":\"BreadcrumbList\",\"@id\":\"https:\\\/\\\/www.pruvost-sports.com\\\/boutique\\\/produit\\\/but-de-water-polo-a-fixation-sur-plage\\\/#breadcrumb\",\"itemListElement\":[{\"@type\":\"ListItem\",\"position\":1,\"name\":\"Accueil\",\"item\":\"https:\\\/\\\/www.pruvost-sports.com\\\/boutique\\\/\"},{\"@type\":\"ListItem\",\"position\":2,\"name\":\"Boutique\",\"item\":\"https:\\\/\\\/www.pruvost-sports.com\\\/boutique\\\/boutique\\\/\"},{\"@type\":\"ListItem\",\"position\":3,\"name\":\"But de Water-Polo \u00e0 fixation sur plage\"}]},{\"@type\":\"WebSite\",\"@id\":\"https:\\\/\\\/www.pruvost-sports.com\\\/boutique\\\/#website\",\"url\":\"https:\\\/\\\/www.pruvost-sports.com\\\/boutique\\\/\",\"name\":\"Pruvost sport piscine\",\"description\":\"\",\"potentialAction\":[{\"@type\":\"SearchAction\",\"target\":{\"@type\":\"EntryPoint\",\"urlTemplate\":\"https:\\\/\\\/www.pruvost-sports.com\\\/boutique\\\/?s={search_term_string}\"},\"query-input\":{\"@type\":\"PropertyValueSpecification\",\"valueRequired\":true,\"valueName\":\"search_term_string\"}}],\"inLanguage\":\"fr-FR\"}]}<\/script>\n<!-- \/ Yoast SEO plugin. -->","yoast_head_json":{"title":"But de Water-Polo \u00e0 fixation sur plage","description":"But de Water-Polo \u00e0 fixation sur plage","robots":{"index":"index","follow":"follow","max-snippet":"max-snippet:-1","max-image-preview":"max-image-preview:large","max-video-preview":"max-video-preview:-1"},"canonical":"https:\/\/www.pruvost-sports.com\/boutique\/produit\/but-de-water-polo-a-fixation-sur-plage\/","og_locale":"fr_FR","og_type":"article","og_title":"But de Water-Polo \u00e0 fixation sur plage","og_description":"But de Water-Polo \u00e0 fixation sur plage","og_url":"https:\/\/www.pruvost-sports.com\/boutique\/produit\/but-de-water-polo-a-fixation-sur-plage\/","og_site_name":"Pruvost sport piscine","article_modified_time":"2024-12-13T14:35:29+00:00","og_image":[{"width":548,"height":270,"url":"https:\/\/www.pruvost-sports.com\/boutique\/wp-content\/uploads\/2023\/08\/2005-But-de-Water-Polo-a-fixation-sur-plage.jpg","type":"image\/jpeg"}],"twitter_card":"summary_large_image","twitter_misc":{"Dur\u00e9e de lecture estim\u00e9e":"1 minute"},"schema":{"@context":"https:\/\/schema.org","@graph":[{"@type":"WebPage","@id":"https:\/\/www.pruvost-sports.com\/boutique\/produit\/but-de-water-polo-a-fixation-sur-plage\/","url":"https:\/\/www.pruvost-sports.com\/boutique\/produit\/but-de-water-polo-a-fixation-sur-plage\/","name":"But de Water-Polo \u00e0 fixation sur plage","isPartOf":{"@id":"https:\/\/www.pruvost-sports.com\/boutique\/#website"},"primaryImageOfPage":{"@id":"https:\/\/www.pruvost-sports.com\/boutique\/produit\/but-de-water-polo-a-fixation-sur-plage\/#primaryimage"},"image":{"@id":"https:\/\/www.pruvost-sports.com\/boutique\/produit\/but-de-water-polo-a-fixation-sur-plage\/#primaryimage"},"thumbnailUrl":"https:\/\/www.pruvost-sports.com\/boutique\/wp-content\/uploads\/2023\/08\/2005-But-de-Water-Polo-a-fixation-sur-plage.jpg","datePublished":"2023-08-25T09:10:35+00:00","dateModified":"2024-12-13T14:35:29+00:00","description":"But de Water-Polo \u00e0 fixation sur plage","breadcrumb":{"@id":"https:\/\/www.pruvost-sports.com\/boutique\/produit\/but-de-water-polo-a-fixation-sur-plage\/#breadcrumb"},"inLanguage":"fr-FR","potentialAction":[{"@type":"ReadAction","target":["https:\/\/www.pruvost-sports.com\/boutique\/produit\/but-de-water-polo-a-fixation-sur-plage\/"]}]},{"@type":"ImageObject","inLanguage":"fr-FR","@id":"https:\/\/www.pruvost-sports.com\/boutique\/produit\/but-de-water-polo-a-fixation-sur-plage\/#primaryimage","url":"https:\/\/www.pruvost-sports.com\/boutique\/wp-content\/uploads\/2023\/08\/2005-But-de-Water-Polo-a-fixation-sur-plage.jpg","contentUrl":"https:\/\/www.pruvost-sports.com\/boutique\/wp-content\/uploads\/2023\/08\/2005-But-de-Water-Polo-a-fixation-sur-plage.jpg","width":548,"height":270,"caption":"But de Water-Polo \u00e0 fixation sur plage"},{"@type":"BreadcrumbList","@id":"https:\/\/www.pruvost-sports.com\/boutique\/produit\/but-de-water-polo-a-fixation-sur-plage\/#breadcrumb","itemListElement":[{"@type":"ListItem","position":1,"name":"Accueil","item":"https:\/\/www.pruvost-sports.com\/boutique\/"},{"@type":"ListItem","position":2,"name":"Boutique","item":"https:\/\/www.pruvost-sports.com\/boutique\/boutique\/"},{"@type":"ListItem","position":3,"name":"But de Water-Polo \u00e0 fixation sur plage"}]},{"@type":"WebSite","@id":"https:\/\/www.pruvost-sports.com\/boutique\/#website","url":"https:\/\/www.pruvost-sports.com\/boutique\/","name":"Pruvost sport piscine","description":"","potentialAction":[{"@type":"SearchAction","target":{"@type":"EntryPoint","urlTemplate":"https:\/\/www.pruvost-sports.com\/boutique\/?s={search_term_string}"},"query-input":{"@type":"PropertyValueSpecification","valueRequired":true,"valueName":"search_term_string"}}],"inLanguage":"fr-FR"}]}},"_links":{"self":[{"href":"https:\/\/www.pruvost-sports.com\/boutique\/wp-json\/wp\/v2\/product\/6852","targetHints":{"allow":["GET"]}}],"collection":[{"href":"https:\/\/www.pruvost-sports.com\/boutique\/wp-json\/wp\/v2\/product"}],"about":[{"href":"https:\/\/www.pruvost-sports.com\/boutique\/wp-json\/wp\/v2\/types\/product"}],"wp:featuredmedia":[{"embeddable":true,"href":"https:\/\/www.pruvost-sports.com\/boutique\/wp-json\/wp\/v2\/media\/6851"}],"wp:attachment":[{"href":"https:\/\/www.pruvost-sports.com\/boutique\/wp-json\/wp\/v2\/media?parent=6852"}],"wp:term":[{"taxonomy":"product_brand","embeddable":true,"href":"https:\/\/www.pruvost-sports.com\/boutique\/wp-json\/wp\/v2\/product_brand?post=6852"},{"taxonomy":"product_cat","embeddable":true,"href":"https:\/\/www.pruvost-sports.com\/boutique\/wp-json\/wp\/v2\/product_cat?post=6852"},{"taxonomy":"product_tag","embeddable":true,"href":"https:\/\/www.pruvost-sports.com\/boutique\/wp-json\/wp\/v2\/product_tag?post=6852"}],"curies":[{"name":"wp","href":"https:\/\/api.w.org\/{rel}","templated":true}]}}