{"id":6778,"date":"2023-08-18T15:16:15","date_gmt":"2023-08-18T13:16:15","guid":{"rendered":"https:\/\/www.pruvost-sports.com\/boutique\/?product=chaise-murale-en-polyethylene-blanc"},"modified":"2024-12-13T15:36:44","modified_gmt":"2024-12-13T14:36:44","slug":"chaise-murale-en-polyethylene-blanc","status":"publish","type":"product","link":"https:\/\/www.pruvost-sports.com\/boutique\/produit\/chaise-murale-en-polyethylene-blanc\/","title":{"rendered":"Chaise murale en Poly\u00e9thyl\u00e8ne blanc"},"content":{"rendered":"<p>Chaise murale en poly\u00e9thyl\u00e8ne blanc avec une charni\u00e8re en acier renforc\u00e9 incluse dans les plateaux.<\/p>\n<p>Elle permet aux parents d\u2019installer leurs enfants en toute s\u00e9curit\u00e9 \u00e0 c\u00f4t\u00e9 d\u2019eux dans des lieux publics comme vestiaires, toilettes, etc\u2026<\/p>\n<p>Chaise robuste convenant \u00e0 un usage collectif (ERP), \u00e9quip\u00e9e d\u2019une sangle de s\u00e9curit\u00e9 3 points en nylon, enti\u00e8rement ajustable, et fermeture par clips (disponible en pi\u00e8ces d\u00e9tach\u00e9es).<\/p>\n<p>Pr\u00e9vue pour supporter un poids maximal de 20 kg ;<\/p>\n<p>Faible encombrement \u2013 Distance au sol recommand\u00e9e pour l\u2019installation : 50cm ;<\/p>\n<p>Facilit\u00e9 d\u2019entretien : elle ne pr\u00e9sente aucune asp\u00e9rit\u00e9 pour faciliter son entretien et \u00e9viter tout risque de blessure ;<\/p>\n<p>Montage tr\u00e8s simple, notice et outils de montage fournis.<\/p>\n<p>Conforme aux normes en vigueur.<\/p>\n<p>Poids Net : 2,5 kg.<\/p>\n<p>Dimensions hors tout (LxPxH) : 34,4 x 29,7 x 52,7cm (ouverte) \/ 34,4 x 10,2 x 52,7cm (ferm\u00e9e)<\/p>\n","protected":false},"excerpt":{"rendered":"<p>Chaise murale en poly\u00e9thyl\u00e8ne blanc.<\/p>\n<p>Peu encombrante gr\u00e2ce \u00e0 son design compact.<\/p>\n","protected":false},"featured_media":6777,"template":"","meta":[],"product_brand":[],"product_cat":[83],"product_tag":[2668,2669,2670],"class_list":{"0":"post-6778","1":"product","2":"type-product","3":"status-publish","4":"has-post-thumbnail","6":"product_cat-table-a-langer","7":"product_tag-chaise-murale-enfant","8":"product_tag-chaise-murale-pisicine","9":"product_tag-chaise-murale-toilette","11":"entry","12":"has-media","14":"first","15":"instock","16":"shipping-taxable","17":"purchasable","18":"product-type-simple","19":"col","20":"span_1_of_4","21":"owp-content-center","22":"owp-thumbs-layout-horizontal","23":"owp-btn-normal","24":"owp-tabs-layout-horizontal","25":"has-no-thumbnails"},"yoast_head":"<!-- This site is optimized with the Yoast SEO plugin v27.5 - https:\/\/yoast.com\/product\/yoast-seo-wordpress\/ -->\n<title>Chaise Murale<\/title>\n<meta name=\"description\" content=\"Chaise murale Poly\u00e9thyl\u00e8ne blanc\" \/>\n<meta name=\"robots\" content=\"index, follow, max-snippet:-1, max-image-preview:large, max-video-preview:-1\" \/>\n<link rel=\"canonical\" href=\"https:\/\/www.pruvost-sports.com\/boutique\/produit\/chaise-murale-en-polyethylene-blanc\/\" \/>\n<meta property=\"og:locale\" content=\"fr_FR\" \/>\n<meta property=\"og:type\" content=\"article\" \/>\n<meta property=\"og:title\" content=\"Chaise Murale\" \/>\n<meta property=\"og:description\" content=\"Chaise murale Poly\u00e9thyl\u00e8ne blanc\" \/>\n<meta property=\"og:url\" content=\"https:\/\/www.pruvost-sports.com\/boutique\/produit\/chaise-murale-en-polyethylene-blanc\/\" \/>\n<meta property=\"og:site_name\" content=\"Pruvost sport piscine\" \/>\n<meta property=\"article:modified_time\" content=\"2024-12-13T14:36:44+00:00\" \/>\n<meta property=\"og:image\" content=\"https:\/\/www.pruvost-sports.com\/boutique\/wp-content\/uploads\/2023\/08\/1973-Chaise-murale-en-Polyethylene-blanc.jpg\" \/>\n\t<meta property=\"og:image:width\" content=\"800\" \/>\n\t<meta property=\"og:image:height\" content=\"800\" \/>\n\t<meta property=\"og:image:type\" content=\"image\/jpeg\" \/>\n<meta name=\"twitter:card\" content=\"summary_large_image\" \/>\n<meta name=\"twitter:label1\" content=\"Dur\u00e9e de lecture estim\u00e9e\" \/>\n\t<meta name=\"twitter:data1\" content=\"1 minute\" \/>\n<script type=\"application\/ld+json\" class=\"yoast-schema-graph\">{\"@context\":\"https:\\\/\\\/schema.org\",\"@graph\":[{\"@type\":\"WebPage\",\"@id\":\"https:\\\/\\\/www.pruvost-sports.com\\\/boutique\\\/produit\\\/chaise-murale-en-polyethylene-blanc\\\/\",\"url\":\"https:\\\/\\\/www.pruvost-sports.com\\\/boutique\\\/produit\\\/chaise-murale-en-polyethylene-blanc\\\/\",\"name\":\"Chaise Murale\",\"isPartOf\":{\"@id\":\"https:\\\/\\\/www.pruvost-sports.com\\\/boutique\\\/#website\"},\"primaryImageOfPage\":{\"@id\":\"https:\\\/\\\/www.pruvost-sports.com\\\/boutique\\\/produit\\\/chaise-murale-en-polyethylene-blanc\\\/#primaryimage\"},\"image\":{\"@id\":\"https:\\\/\\\/www.pruvost-sports.com\\\/boutique\\\/produit\\\/chaise-murale-en-polyethylene-blanc\\\/#primaryimage\"},\"thumbnailUrl\":\"https:\\\/\\\/www.pruvost-sports.com\\\/boutique\\\/wp-content\\\/uploads\\\/2023\\\/08\\\/1973-Chaise-murale-en-Polyethylene-blanc.jpg\",\"datePublished\":\"2023-08-18T13:16:15+00:00\",\"dateModified\":\"2024-12-13T14:36:44+00:00\",\"description\":\"Chaise murale Poly\u00e9thyl\u00e8ne blanc\",\"breadcrumb\":{\"@id\":\"https:\\\/\\\/www.pruvost-sports.com\\\/boutique\\\/produit\\\/chaise-murale-en-polyethylene-blanc\\\/#breadcrumb\"},\"inLanguage\":\"fr-FR\",\"potentialAction\":[{\"@type\":\"ReadAction\",\"target\":[\"https:\\\/\\\/www.pruvost-sports.com\\\/boutique\\\/produit\\\/chaise-murale-en-polyethylene-blanc\\\/\"]}]},{\"@type\":\"ImageObject\",\"inLanguage\":\"fr-FR\",\"@id\":\"https:\\\/\\\/www.pruvost-sports.com\\\/boutique\\\/produit\\\/chaise-murale-en-polyethylene-blanc\\\/#primaryimage\",\"url\":\"https:\\\/\\\/www.pruvost-sports.com\\\/boutique\\\/wp-content\\\/uploads\\\/2023\\\/08\\\/1973-Chaise-murale-en-Polyethylene-blanc.jpg\",\"contentUrl\":\"https:\\\/\\\/www.pruvost-sports.com\\\/boutique\\\/wp-content\\\/uploads\\\/2023\\\/08\\\/1973-Chaise-murale-en-Polyethylene-blanc.jpg\",\"width\":800,\"height\":800,\"caption\":\"Chaise murale en Poly\u00e9thyl\u00e8ne blanc\"},{\"@type\":\"BreadcrumbList\",\"@id\":\"https:\\\/\\\/www.pruvost-sports.com\\\/boutique\\\/produit\\\/chaise-murale-en-polyethylene-blanc\\\/#breadcrumb\",\"itemListElement\":[{\"@type\":\"ListItem\",\"position\":1,\"name\":\"Accueil\",\"item\":\"https:\\\/\\\/www.pruvost-sports.com\\\/boutique\\\/\"},{\"@type\":\"ListItem\",\"position\":2,\"name\":\"Boutique\",\"item\":\"https:\\\/\\\/www.pruvost-sports.com\\\/boutique\\\/boutique\\\/\"},{\"@type\":\"ListItem\",\"position\":3,\"name\":\"Chaise murale en Poly\u00e9thyl\u00e8ne blanc\"}]},{\"@type\":\"WebSite\",\"@id\":\"https:\\\/\\\/www.pruvost-sports.com\\\/boutique\\\/#website\",\"url\":\"https:\\\/\\\/www.pruvost-sports.com\\\/boutique\\\/\",\"name\":\"Pruvost sport piscine\",\"description\":\"\",\"potentialAction\":[{\"@type\":\"SearchAction\",\"target\":{\"@type\":\"EntryPoint\",\"urlTemplate\":\"https:\\\/\\\/www.pruvost-sports.com\\\/boutique\\\/?s={search_term_string}\"},\"query-input\":{\"@type\":\"PropertyValueSpecification\",\"valueRequired\":true,\"valueName\":\"search_term_string\"}}],\"inLanguage\":\"fr-FR\"}]}<\/script>\n<!-- \/ Yoast SEO plugin. -->","yoast_head_json":{"title":"Chaise Murale","description":"Chaise murale Poly\u00e9thyl\u00e8ne blanc","robots":{"index":"index","follow":"follow","max-snippet":"max-snippet:-1","max-image-preview":"max-image-preview:large","max-video-preview":"max-video-preview:-1"},"canonical":"https:\/\/www.pruvost-sports.com\/boutique\/produit\/chaise-murale-en-polyethylene-blanc\/","og_locale":"fr_FR","og_type":"article","og_title":"Chaise Murale","og_description":"Chaise murale Poly\u00e9thyl\u00e8ne blanc","og_url":"https:\/\/www.pruvost-sports.com\/boutique\/produit\/chaise-murale-en-polyethylene-blanc\/","og_site_name":"Pruvost sport piscine","article_modified_time":"2024-12-13T14:36:44+00:00","og_image":[{"width":800,"height":800,"url":"https:\/\/www.pruvost-sports.com\/boutique\/wp-content\/uploads\/2023\/08\/1973-Chaise-murale-en-Polyethylene-blanc.jpg","type":"image\/jpeg"}],"twitter_card":"summary_large_image","twitter_misc":{"Dur\u00e9e de lecture estim\u00e9e":"1 minute"},"schema":{"@context":"https:\/\/schema.org","@graph":[{"@type":"WebPage","@id":"https:\/\/www.pruvost-sports.com\/boutique\/produit\/chaise-murale-en-polyethylene-blanc\/","url":"https:\/\/www.pruvost-sports.com\/boutique\/produit\/chaise-murale-en-polyethylene-blanc\/","name":"Chaise Murale","isPartOf":{"@id":"https:\/\/www.pruvost-sports.com\/boutique\/#website"},"primaryImageOfPage":{"@id":"https:\/\/www.pruvost-sports.com\/boutique\/produit\/chaise-murale-en-polyethylene-blanc\/#primaryimage"},"image":{"@id":"https:\/\/www.pruvost-sports.com\/boutique\/produit\/chaise-murale-en-polyethylene-blanc\/#primaryimage"},"thumbnailUrl":"https:\/\/www.pruvost-sports.com\/boutique\/wp-content\/uploads\/2023\/08\/1973-Chaise-murale-en-Polyethylene-blanc.jpg","datePublished":"2023-08-18T13:16:15+00:00","dateModified":"2024-12-13T14:36:44+00:00","description":"Chaise murale Poly\u00e9thyl\u00e8ne blanc","breadcrumb":{"@id":"https:\/\/www.pruvost-sports.com\/boutique\/produit\/chaise-murale-en-polyethylene-blanc\/#breadcrumb"},"inLanguage":"fr-FR","potentialAction":[{"@type":"ReadAction","target":["https:\/\/www.pruvost-sports.com\/boutique\/produit\/chaise-murale-en-polyethylene-blanc\/"]}]},{"@type":"ImageObject","inLanguage":"fr-FR","@id":"https:\/\/www.pruvost-sports.com\/boutique\/produit\/chaise-murale-en-polyethylene-blanc\/#primaryimage","url":"https:\/\/www.pruvost-sports.com\/boutique\/wp-content\/uploads\/2023\/08\/1973-Chaise-murale-en-Polyethylene-blanc.jpg","contentUrl":"https:\/\/www.pruvost-sports.com\/boutique\/wp-content\/uploads\/2023\/08\/1973-Chaise-murale-en-Polyethylene-blanc.jpg","width":800,"height":800,"caption":"Chaise murale en Poly\u00e9thyl\u00e8ne blanc"},{"@type":"BreadcrumbList","@id":"https:\/\/www.pruvost-sports.com\/boutique\/produit\/chaise-murale-en-polyethylene-blanc\/#breadcrumb","itemListElement":[{"@type":"ListItem","position":1,"name":"Accueil","item":"https:\/\/www.pruvost-sports.com\/boutique\/"},{"@type":"ListItem","position":2,"name":"Boutique","item":"https:\/\/www.pruvost-sports.com\/boutique\/boutique\/"},{"@type":"ListItem","position":3,"name":"Chaise murale en Poly\u00e9thyl\u00e8ne blanc"}]},{"@type":"WebSite","@id":"https:\/\/www.pruvost-sports.com\/boutique\/#website","url":"https:\/\/www.pruvost-sports.com\/boutique\/","name":"Pruvost sport piscine","description":"","potentialAction":[{"@type":"SearchAction","target":{"@type":"EntryPoint","urlTemplate":"https:\/\/www.pruvost-sports.com\/boutique\/?s={search_term_string}"},"query-input":{"@type":"PropertyValueSpecification","valueRequired":true,"valueName":"search_term_string"}}],"inLanguage":"fr-FR"}]}},"_links":{"self":[{"href":"https:\/\/www.pruvost-sports.com\/boutique\/wp-json\/wp\/v2\/product\/6778","targetHints":{"allow":["GET"]}}],"collection":[{"href":"https:\/\/www.pruvost-sports.com\/boutique\/wp-json\/wp\/v2\/product"}],"about":[{"href":"https:\/\/www.pruvost-sports.com\/boutique\/wp-json\/wp\/v2\/types\/product"}],"wp:featuredmedia":[{"embeddable":true,"href":"https:\/\/www.pruvost-sports.com\/boutique\/wp-json\/wp\/v2\/media\/6777"}],"wp:attachment":[{"href":"https:\/\/www.pruvost-sports.com\/boutique\/wp-json\/wp\/v2\/media?parent=6778"}],"wp:term":[{"taxonomy":"product_brand","embeddable":true,"href":"https:\/\/www.pruvost-sports.com\/boutique\/wp-json\/wp\/v2\/product_brand?post=6778"},{"taxonomy":"product_cat","embeddable":true,"href":"https:\/\/www.pruvost-sports.com\/boutique\/wp-json\/wp\/v2\/product_cat?post=6778"},{"taxonomy":"product_tag","embeddable":true,"href":"https:\/\/www.pruvost-sports.com\/boutique\/wp-json\/wp\/v2\/product_tag?post=6778"}],"curies":[{"name":"wp","href":"https:\/\/api.w.org\/{rel}","templated":true}]}}