{"id":6775,"date":"2023-08-18T14:55:04","date_gmt":"2023-08-18T12:55:04","guid":{"rendered":"https:\/\/www.pruvost-sports.com\/boutique\/?product=table-a-langer-horizontale"},"modified":"2024-12-16T15:21:31","modified_gmt":"2024-12-16T14:21:31","slug":"table-a-langer-horizontale","status":"publish","type":"product","link":"https:\/\/www.pruvost-sports.com\/boutique\/produit\/table-a-langer-horizontale\/","title":{"rendered":"Table \u00e0 langer horizontale"},"content":{"rendered":"<p>Table \u00e0 langer horizontale ovale KOALA.<\/p>\n<p>Table \u00e0 langer murale horizontale en poly\u00e9thyl\u00e8ne roto moul\u00e9 haute densit\u00e9.<\/p>\n<p>Couleur disponible: gris granit\u00e9.<\/p>\n<p>Age maximal d\u2019utilisation : 12 mois \u2013 Poids maximal d\u2019utilisation conseill\u00e9 : 11 kg.<\/p>\n<p>Design \u00e9l\u00e9gant s\u2019int\u00e9grant dans un d\u00e9cor moderne.<\/p>\n<p>Absence de sangle pour \u00eatre en conformit\u00e9 avec les directives Fran\u00e7aises<\/p>\n<p>Charni\u00e8re roto moul\u00e9e inclus un v\u00e9rin cylindrique pneumatique permettant une ouverture et fermeture en douceur.<\/p>\n<p>Taille r\u00e9duite et forme ovale permettent un placement facile pour les endroits o\u00f9 le passage est \u00e9troit puisqu\u2019elle n\u2019occupe que 53 cm \u00e0 partir du mur quand elle est ouverte, et seulement 10 cm quand elle est ferm\u00e9e pour une largeur sur le mur de 86 cm.<\/p>\n<p>Plan \u00e0 langer contenant du Microban\u00ae antimicrobien r\u00e9ducteur de bact\u00e9ries causant les mauvaises odeurs.<\/p>\n<p>Construit \u00e0 partir de mat\u00e9riaux recycl\u00e9s \u00e0 16%.<\/p>\n<p>Ce produit convient \u00e0 un usage professionnel et r\u00e9pond aux normes europ\u00e9ennes en vigueur.<\/p>\n<p>Dimensions hors tout: 86 cm x 53 cm. Profondeur d&rsquo;ouverture :53 cm<\/p>\n<p>Poids Brut: 9 kg \/ Poids Net : 8 kg<\/p>\n","protected":false},"excerpt":{"rendered":"<p>Table \u00e0 langer horizontale ovale KOALA.<\/p>\n<p>Coque en poly\u00e9thyl\u00e8ne roto moul\u00e9 haute densit\u00e9.<\/p>\n<p>Ouverte sur 3 cot\u00e9s.<\/p>\n","protected":false},"featured_media":6773,"template":"","meta":[],"product_brand":[],"product_cat":[83],"product_tag":[486,2666,2667],"class_list":{"0":"post-6775","1":"product","2":"type-product","3":"status-publish","4":"has-post-thumbnail","6":"product_cat-table-a-langer","7":"product_tag-table-a-langer-horizontale","8":"product_tag-table-a-langer-pisicine","9":"product_tag-table-a-langer-toilettes","11":"entry","12":"has-media","14":"first","15":"instock","16":"shipping-taxable","17":"purchasable","18":"product-type-simple","19":"col","20":"span_1_of_4","21":"owp-content-center","22":"owp-thumbs-layout-horizontal","23":"owp-btn-normal","24":"owp-tabs-layout-horizontal"},"yoast_head":"<!-- This site is optimized with the Yoast SEO plugin v27.5 - https:\/\/yoast.com\/product\/yoast-seo-wordpress\/ -->\n<title>Table \u00e0 Langer Horizontale<\/title>\n<meta name=\"description\" content=\"Table \u00e0 langer horizontale Koala\" \/>\n<meta name=\"robots\" content=\"index, follow, max-snippet:-1, max-image-preview:large, max-video-preview:-1\" \/>\n<link rel=\"canonical\" href=\"https:\/\/www.pruvost-sports.com\/boutique\/produit\/table-a-langer-horizontale\/\" \/>\n<meta property=\"og:locale\" content=\"fr_FR\" \/>\n<meta property=\"og:type\" content=\"article\" \/>\n<meta property=\"og:title\" content=\"Table \u00e0 Langer Horizontale\" \/>\n<meta property=\"og:description\" content=\"Table \u00e0 langer horizontale Koala\" \/>\n<meta property=\"og:url\" content=\"https:\/\/www.pruvost-sports.com\/boutique\/produit\/table-a-langer-horizontale\/\" \/>\n<meta property=\"og:site_name\" content=\"Pruvost sport piscine\" \/>\n<meta property=\"article:modified_time\" content=\"2024-12-16T14:21:31+00:00\" \/>\n<meta property=\"og:image\" content=\"https:\/\/www.pruvost-sports.com\/boutique\/wp-content\/uploads\/2023\/08\/1972-Table-a-langer-horizontale.jpg\" \/>\n\t<meta property=\"og:image:width\" content=\"800\" \/>\n\t<meta property=\"og:image:height\" content=\"800\" \/>\n\t<meta property=\"og:image:type\" content=\"image\/jpeg\" \/>\n<meta name=\"twitter:card\" content=\"summary_large_image\" \/>\n<meta name=\"twitter:label1\" content=\"Dur\u00e9e de lecture estim\u00e9e\" \/>\n\t<meta name=\"twitter:data1\" content=\"2 minutes\" \/>\n<script type=\"application\/ld+json\" class=\"yoast-schema-graph\">{\"@context\":\"https:\\\/\\\/schema.org\",\"@graph\":[{\"@type\":\"WebPage\",\"@id\":\"https:\\\/\\\/www.pruvost-sports.com\\\/boutique\\\/produit\\\/table-a-langer-horizontale\\\/\",\"url\":\"https:\\\/\\\/www.pruvost-sports.com\\\/boutique\\\/produit\\\/table-a-langer-horizontale\\\/\",\"name\":\"Table \u00e0 Langer Horizontale\",\"isPartOf\":{\"@id\":\"https:\\\/\\\/www.pruvost-sports.com\\\/boutique\\\/#website\"},\"primaryImageOfPage\":{\"@id\":\"https:\\\/\\\/www.pruvost-sports.com\\\/boutique\\\/produit\\\/table-a-langer-horizontale\\\/#primaryimage\"},\"image\":{\"@id\":\"https:\\\/\\\/www.pruvost-sports.com\\\/boutique\\\/produit\\\/table-a-langer-horizontale\\\/#primaryimage\"},\"thumbnailUrl\":\"https:\\\/\\\/www.pruvost-sports.com\\\/boutique\\\/wp-content\\\/uploads\\\/2023\\\/08\\\/1972-Table-a-langer-horizontale.jpg\",\"datePublished\":\"2023-08-18T12:55:04+00:00\",\"dateModified\":\"2024-12-16T14:21:31+00:00\",\"description\":\"Table \u00e0 langer horizontale Koala\",\"breadcrumb\":{\"@id\":\"https:\\\/\\\/www.pruvost-sports.com\\\/boutique\\\/produit\\\/table-a-langer-horizontale\\\/#breadcrumb\"},\"inLanguage\":\"fr-FR\",\"potentialAction\":[{\"@type\":\"ReadAction\",\"target\":[\"https:\\\/\\\/www.pruvost-sports.com\\\/boutique\\\/produit\\\/table-a-langer-horizontale\\\/\"]}]},{\"@type\":\"ImageObject\",\"inLanguage\":\"fr-FR\",\"@id\":\"https:\\\/\\\/www.pruvost-sports.com\\\/boutique\\\/produit\\\/table-a-langer-horizontale\\\/#primaryimage\",\"url\":\"https:\\\/\\\/www.pruvost-sports.com\\\/boutique\\\/wp-content\\\/uploads\\\/2023\\\/08\\\/1972-Table-a-langer-horizontale.jpg\",\"contentUrl\":\"https:\\\/\\\/www.pruvost-sports.com\\\/boutique\\\/wp-content\\\/uploads\\\/2023\\\/08\\\/1972-Table-a-langer-horizontale.jpg\",\"width\":800,\"height\":800,\"caption\":\"Table \u00e0 langer horizontale\"},{\"@type\":\"BreadcrumbList\",\"@id\":\"https:\\\/\\\/www.pruvost-sports.com\\\/boutique\\\/produit\\\/table-a-langer-horizontale\\\/#breadcrumb\",\"itemListElement\":[{\"@type\":\"ListItem\",\"position\":1,\"name\":\"Accueil\",\"item\":\"https:\\\/\\\/www.pruvost-sports.com\\\/boutique\\\/\"},{\"@type\":\"ListItem\",\"position\":2,\"name\":\"Boutique\",\"item\":\"https:\\\/\\\/www.pruvost-sports.com\\\/boutique\\\/boutique\\\/\"},{\"@type\":\"ListItem\",\"position\":3,\"name\":\"Table \u00e0 langer horizontale\"}]},{\"@type\":\"WebSite\",\"@id\":\"https:\\\/\\\/www.pruvost-sports.com\\\/boutique\\\/#website\",\"url\":\"https:\\\/\\\/www.pruvost-sports.com\\\/boutique\\\/\",\"name\":\"Pruvost sport piscine\",\"description\":\"\",\"potentialAction\":[{\"@type\":\"SearchAction\",\"target\":{\"@type\":\"EntryPoint\",\"urlTemplate\":\"https:\\\/\\\/www.pruvost-sports.com\\\/boutique\\\/?s={search_term_string}\"},\"query-input\":{\"@type\":\"PropertyValueSpecification\",\"valueRequired\":true,\"valueName\":\"search_term_string\"}}],\"inLanguage\":\"fr-FR\"}]}<\/script>\n<!-- \/ Yoast SEO plugin. -->","yoast_head_json":{"title":"Table \u00e0 Langer Horizontale","description":"Table \u00e0 langer horizontale Koala","robots":{"index":"index","follow":"follow","max-snippet":"max-snippet:-1","max-image-preview":"max-image-preview:large","max-video-preview":"max-video-preview:-1"},"canonical":"https:\/\/www.pruvost-sports.com\/boutique\/produit\/table-a-langer-horizontale\/","og_locale":"fr_FR","og_type":"article","og_title":"Table \u00e0 Langer Horizontale","og_description":"Table \u00e0 langer horizontale Koala","og_url":"https:\/\/www.pruvost-sports.com\/boutique\/produit\/table-a-langer-horizontale\/","og_site_name":"Pruvost sport piscine","article_modified_time":"2024-12-16T14:21:31+00:00","og_image":[{"width":800,"height":800,"url":"https:\/\/www.pruvost-sports.com\/boutique\/wp-content\/uploads\/2023\/08\/1972-Table-a-langer-horizontale.jpg","type":"image\/jpeg"}],"twitter_card":"summary_large_image","twitter_misc":{"Dur\u00e9e de lecture estim\u00e9e":"2 minutes"},"schema":{"@context":"https:\/\/schema.org","@graph":[{"@type":"WebPage","@id":"https:\/\/www.pruvost-sports.com\/boutique\/produit\/table-a-langer-horizontale\/","url":"https:\/\/www.pruvost-sports.com\/boutique\/produit\/table-a-langer-horizontale\/","name":"Table \u00e0 Langer Horizontale","isPartOf":{"@id":"https:\/\/www.pruvost-sports.com\/boutique\/#website"},"primaryImageOfPage":{"@id":"https:\/\/www.pruvost-sports.com\/boutique\/produit\/table-a-langer-horizontale\/#primaryimage"},"image":{"@id":"https:\/\/www.pruvost-sports.com\/boutique\/produit\/table-a-langer-horizontale\/#primaryimage"},"thumbnailUrl":"https:\/\/www.pruvost-sports.com\/boutique\/wp-content\/uploads\/2023\/08\/1972-Table-a-langer-horizontale.jpg","datePublished":"2023-08-18T12:55:04+00:00","dateModified":"2024-12-16T14:21:31+00:00","description":"Table \u00e0 langer horizontale Koala","breadcrumb":{"@id":"https:\/\/www.pruvost-sports.com\/boutique\/produit\/table-a-langer-horizontale\/#breadcrumb"},"inLanguage":"fr-FR","potentialAction":[{"@type":"ReadAction","target":["https:\/\/www.pruvost-sports.com\/boutique\/produit\/table-a-langer-horizontale\/"]}]},{"@type":"ImageObject","inLanguage":"fr-FR","@id":"https:\/\/www.pruvost-sports.com\/boutique\/produit\/table-a-langer-horizontale\/#primaryimage","url":"https:\/\/www.pruvost-sports.com\/boutique\/wp-content\/uploads\/2023\/08\/1972-Table-a-langer-horizontale.jpg","contentUrl":"https:\/\/www.pruvost-sports.com\/boutique\/wp-content\/uploads\/2023\/08\/1972-Table-a-langer-horizontale.jpg","width":800,"height":800,"caption":"Table \u00e0 langer horizontale"},{"@type":"BreadcrumbList","@id":"https:\/\/www.pruvost-sports.com\/boutique\/produit\/table-a-langer-horizontale\/#breadcrumb","itemListElement":[{"@type":"ListItem","position":1,"name":"Accueil","item":"https:\/\/www.pruvost-sports.com\/boutique\/"},{"@type":"ListItem","position":2,"name":"Boutique","item":"https:\/\/www.pruvost-sports.com\/boutique\/boutique\/"},{"@type":"ListItem","position":3,"name":"Table \u00e0 langer horizontale"}]},{"@type":"WebSite","@id":"https:\/\/www.pruvost-sports.com\/boutique\/#website","url":"https:\/\/www.pruvost-sports.com\/boutique\/","name":"Pruvost sport piscine","description":"","potentialAction":[{"@type":"SearchAction","target":{"@type":"EntryPoint","urlTemplate":"https:\/\/www.pruvost-sports.com\/boutique\/?s={search_term_string}"},"query-input":{"@type":"PropertyValueSpecification","valueRequired":true,"valueName":"search_term_string"}}],"inLanguage":"fr-FR"}]}},"_links":{"self":[{"href":"https:\/\/www.pruvost-sports.com\/boutique\/wp-json\/wp\/v2\/product\/6775","targetHints":{"allow":["GET"]}}],"collection":[{"href":"https:\/\/www.pruvost-sports.com\/boutique\/wp-json\/wp\/v2\/product"}],"about":[{"href":"https:\/\/www.pruvost-sports.com\/boutique\/wp-json\/wp\/v2\/types\/product"}],"wp:featuredmedia":[{"embeddable":true,"href":"https:\/\/www.pruvost-sports.com\/boutique\/wp-json\/wp\/v2\/media\/6773"}],"wp:attachment":[{"href":"https:\/\/www.pruvost-sports.com\/boutique\/wp-json\/wp\/v2\/media?parent=6775"}],"wp:term":[{"taxonomy":"product_brand","embeddable":true,"href":"https:\/\/www.pruvost-sports.com\/boutique\/wp-json\/wp\/v2\/product_brand?post=6775"},{"taxonomy":"product_cat","embeddable":true,"href":"https:\/\/www.pruvost-sports.com\/boutique\/wp-json\/wp\/v2\/product_cat?post=6775"},{"taxonomy":"product_tag","embeddable":true,"href":"https:\/\/www.pruvost-sports.com\/boutique\/wp-json\/wp\/v2\/product_tag?post=6775"}],"curies":[{"name":"wp","href":"https:\/\/api.w.org\/{rel}","templated":true}]}}