{"id":6765,"date":"2023-08-18T14:36:22","date_gmt":"2023-08-18T12:36:22","guid":{"rendered":"https:\/\/www.pruvost-sports.com\/boutique\/?product=poubelle-a-couches"},"modified":"2024-12-13T15:36:11","modified_gmt":"2024-12-13T14:36:11","slug":"poubelle-a-couches","status":"publish","type":"product","link":"https:\/\/www.pruvost-sports.com\/boutique\/produit\/poubelle-a-couches\/","title":{"rendered":"Poubelle \u00e0 couches"},"content":{"rendered":"<p>Large capacit\u00e9 de 60 litres s\u2019adaptant \u00e0 des cycles de maintenance vari\u00e9s.<\/p>\n<p>La large capacit\u00e9 en fait un \u00e9l\u00e9ment id\u00e9al pour les sanitaires \u00e0 fort trafic.<\/p>\n<p>Design contemporain, facilitant le nettoyage.<\/p>\n<p>Con\u00e7ue pour \u00eatre robuste et fiable.<\/p>\n<p>Couvercle inclin\u00e9 emp\u00eachant les objets lourds d\u2019\u00eatre pos\u00e9s sur celui-ci, r\u00e9duisant les risques de casse.<\/p>\n<p>Mod\u00e8le \u00e0 p\u00e9dale pour une utilisation hygi\u00e9nique.<\/p>\n<p>Rabat discret emp\u00eachant une visibilit\u00e9 directe avec le contenu de la poubelle.<\/p>\n<p>Con\u00e7ue en solide plastique ABS.<\/p>\n<p>Crochets de maintien du sac plastique afin d\u2019\u00e9viter tout glissement.<\/p>\n<p>Acc\u00e8s facile et sans outils.<\/p>\n<p>Dimensions:<\/p>\n<p>763 x 440 x 416 (mm)<\/p>\n<p>Poids net : 6.3 kg<\/p>\n<p>Existe en coloris:<br \/>\nBlanc.<br \/>\nGris.<br \/>\nJaune.<\/p>\n","protected":false},"excerpt":{"rendered":"<p>La poubelle \u00e0 couche, au design tr\u00e8s robuste a une large capacit\u00e9 de 60 litres et des caract\u00e9ristiques facilitant l\u2019entretien et la maintenance.<\/p>\n<p>Avec sa large p\u00e9dale et son design contemporain, elle offre \u00e9galement une solution simple et hygi\u00e9nique aux utilisateurs pour les d\u00e9barrasser des couches usag\u00e9es.<\/p>\n","protected":false},"featured_media":6762,"template":"","meta":[],"product_brand":[],"product_cat":[83],"product_tag":[2663,2665,1302,2664],"class_list":{"0":"post-6765","1":"product","2":"type-product","3":"status-publish","4":"has-post-thumbnail","6":"product_cat-table-a-langer","7":"product_tag-poubelle-a-couches","8":"product_tag-poubelle-a-trappe","9":"product_tag-poubelle-piscine","10":"product_tag-poubelle-toilettes","11":"pa_couleur-blanc","12":"pa_couleur-gris","13":"pa_couleur-jaune","15":"entry","16":"has-media","18":"first","19":"instock","20":"shipping-taxable","21":"purchasable","22":"product-type-variable","23":"has-default-attributes","24":"col","25":"span_1_of_4","26":"owp-content-center","27":"owp-thumbs-layout-horizontal","28":"owp-btn-normal","29":"owp-tabs-layout-horizontal"},"yoast_head":"<!-- This site is optimized with the Yoast SEO plugin v27.5 - https:\/\/yoast.com\/product\/yoast-seo-wordpress\/ -->\n<title>Poubelle \u00e0 couches<\/title>\n<meta name=\"description\" content=\"Poubelle \u00e0 couches\" \/>\n<meta name=\"robots\" content=\"index, follow, max-snippet:-1, max-image-preview:large, max-video-preview:-1\" \/>\n<link rel=\"canonical\" href=\"https:\/\/www.pruvost-sports.com\/boutique\/produit\/poubelle-a-couches\/\" \/>\n<meta property=\"og:locale\" content=\"fr_FR\" \/>\n<meta property=\"og:type\" content=\"article\" \/>\n<meta property=\"og:title\" content=\"Poubelle \u00e0 couches\" \/>\n<meta property=\"og:description\" content=\"Poubelle \u00e0 couches\" \/>\n<meta property=\"og:url\" content=\"https:\/\/www.pruvost-sports.com\/boutique\/produit\/poubelle-a-couches\/\" \/>\n<meta property=\"og:site_name\" content=\"Pruvost sport piscine\" \/>\n<meta property=\"article:modified_time\" content=\"2024-12-13T14:36:11+00:00\" \/>\n<meta property=\"og:image\" content=\"https:\/\/www.pruvost-sports.com\/boutique\/wp-content\/uploads\/2023\/08\/1968-Poubelle-a-couches.jpg\" \/>\n\t<meta property=\"og:image:width\" content=\"800\" \/>\n\t<meta property=\"og:image:height\" content=\"800\" \/>\n\t<meta property=\"og:image:type\" content=\"image\/jpeg\" \/>\n<meta name=\"twitter:card\" content=\"summary_large_image\" \/>\n<meta name=\"twitter:label1\" content=\"Dur\u00e9e de lecture estim\u00e9e\" \/>\n\t<meta name=\"twitter:data1\" content=\"1 minute\" \/>\n<script type=\"application\/ld+json\" class=\"yoast-schema-graph\">{\"@context\":\"https:\\\/\\\/schema.org\",\"@graph\":[{\"@type\":\"WebPage\",\"@id\":\"https:\\\/\\\/www.pruvost-sports.com\\\/boutique\\\/produit\\\/poubelle-a-couches\\\/\",\"url\":\"https:\\\/\\\/www.pruvost-sports.com\\\/boutique\\\/produit\\\/poubelle-a-couches\\\/\",\"name\":\"Poubelle \u00e0 couches\",\"isPartOf\":{\"@id\":\"https:\\\/\\\/www.pruvost-sports.com\\\/boutique\\\/#website\"},\"primaryImageOfPage\":{\"@id\":\"https:\\\/\\\/www.pruvost-sports.com\\\/boutique\\\/produit\\\/poubelle-a-couches\\\/#primaryimage\"},\"image\":{\"@id\":\"https:\\\/\\\/www.pruvost-sports.com\\\/boutique\\\/produit\\\/poubelle-a-couches\\\/#primaryimage\"},\"thumbnailUrl\":\"https:\\\/\\\/www.pruvost-sports.com\\\/boutique\\\/wp-content\\\/uploads\\\/2023\\\/08\\\/1968-Poubelle-a-couches.jpg\",\"datePublished\":\"2023-08-18T12:36:22+00:00\",\"dateModified\":\"2024-12-13T14:36:11+00:00\",\"description\":\"Poubelle \u00e0 couches\",\"breadcrumb\":{\"@id\":\"https:\\\/\\\/www.pruvost-sports.com\\\/boutique\\\/produit\\\/poubelle-a-couches\\\/#breadcrumb\"},\"inLanguage\":\"fr-FR\",\"potentialAction\":[{\"@type\":\"ReadAction\",\"target\":[\"https:\\\/\\\/www.pruvost-sports.com\\\/boutique\\\/produit\\\/poubelle-a-couches\\\/\"]}]},{\"@type\":\"ImageObject\",\"inLanguage\":\"fr-FR\",\"@id\":\"https:\\\/\\\/www.pruvost-sports.com\\\/boutique\\\/produit\\\/poubelle-a-couches\\\/#primaryimage\",\"url\":\"https:\\\/\\\/www.pruvost-sports.com\\\/boutique\\\/wp-content\\\/uploads\\\/2023\\\/08\\\/1968-Poubelle-a-couches.jpg\",\"contentUrl\":\"https:\\\/\\\/www.pruvost-sports.com\\\/boutique\\\/wp-content\\\/uploads\\\/2023\\\/08\\\/1968-Poubelle-a-couches.jpg\",\"width\":800,\"height\":800,\"caption\":\"Poubelle \u00e0 couches\"},{\"@type\":\"BreadcrumbList\",\"@id\":\"https:\\\/\\\/www.pruvost-sports.com\\\/boutique\\\/produit\\\/poubelle-a-couches\\\/#breadcrumb\",\"itemListElement\":[{\"@type\":\"ListItem\",\"position\":1,\"name\":\"Accueil\",\"item\":\"https:\\\/\\\/www.pruvost-sports.com\\\/boutique\\\/\"},{\"@type\":\"ListItem\",\"position\":2,\"name\":\"Boutique\",\"item\":\"https:\\\/\\\/www.pruvost-sports.com\\\/boutique\\\/boutique\\\/\"},{\"@type\":\"ListItem\",\"position\":3,\"name\":\"Poubelle \u00e0 couches\"}]},{\"@type\":\"WebSite\",\"@id\":\"https:\\\/\\\/www.pruvost-sports.com\\\/boutique\\\/#website\",\"url\":\"https:\\\/\\\/www.pruvost-sports.com\\\/boutique\\\/\",\"name\":\"Pruvost sport piscine\",\"description\":\"\",\"potentialAction\":[{\"@type\":\"SearchAction\",\"target\":{\"@type\":\"EntryPoint\",\"urlTemplate\":\"https:\\\/\\\/www.pruvost-sports.com\\\/boutique\\\/?s={search_term_string}\"},\"query-input\":{\"@type\":\"PropertyValueSpecification\",\"valueRequired\":true,\"valueName\":\"search_term_string\"}}],\"inLanguage\":\"fr-FR\"}]}<\/script>\n<!-- \/ Yoast SEO plugin. -->","yoast_head_json":{"title":"Poubelle \u00e0 couches","description":"Poubelle \u00e0 couches","robots":{"index":"index","follow":"follow","max-snippet":"max-snippet:-1","max-image-preview":"max-image-preview:large","max-video-preview":"max-video-preview:-1"},"canonical":"https:\/\/www.pruvost-sports.com\/boutique\/produit\/poubelle-a-couches\/","og_locale":"fr_FR","og_type":"article","og_title":"Poubelle \u00e0 couches","og_description":"Poubelle \u00e0 couches","og_url":"https:\/\/www.pruvost-sports.com\/boutique\/produit\/poubelle-a-couches\/","og_site_name":"Pruvost sport piscine","article_modified_time":"2024-12-13T14:36:11+00:00","og_image":[{"width":800,"height":800,"url":"https:\/\/www.pruvost-sports.com\/boutique\/wp-content\/uploads\/2023\/08\/1968-Poubelle-a-couches.jpg","type":"image\/jpeg"}],"twitter_card":"summary_large_image","twitter_misc":{"Dur\u00e9e de lecture estim\u00e9e":"1 minute"},"schema":{"@context":"https:\/\/schema.org","@graph":[{"@type":"WebPage","@id":"https:\/\/www.pruvost-sports.com\/boutique\/produit\/poubelle-a-couches\/","url":"https:\/\/www.pruvost-sports.com\/boutique\/produit\/poubelle-a-couches\/","name":"Poubelle \u00e0 couches","isPartOf":{"@id":"https:\/\/www.pruvost-sports.com\/boutique\/#website"},"primaryImageOfPage":{"@id":"https:\/\/www.pruvost-sports.com\/boutique\/produit\/poubelle-a-couches\/#primaryimage"},"image":{"@id":"https:\/\/www.pruvost-sports.com\/boutique\/produit\/poubelle-a-couches\/#primaryimage"},"thumbnailUrl":"https:\/\/www.pruvost-sports.com\/boutique\/wp-content\/uploads\/2023\/08\/1968-Poubelle-a-couches.jpg","datePublished":"2023-08-18T12:36:22+00:00","dateModified":"2024-12-13T14:36:11+00:00","description":"Poubelle \u00e0 couches","breadcrumb":{"@id":"https:\/\/www.pruvost-sports.com\/boutique\/produit\/poubelle-a-couches\/#breadcrumb"},"inLanguage":"fr-FR","potentialAction":[{"@type":"ReadAction","target":["https:\/\/www.pruvost-sports.com\/boutique\/produit\/poubelle-a-couches\/"]}]},{"@type":"ImageObject","inLanguage":"fr-FR","@id":"https:\/\/www.pruvost-sports.com\/boutique\/produit\/poubelle-a-couches\/#primaryimage","url":"https:\/\/www.pruvost-sports.com\/boutique\/wp-content\/uploads\/2023\/08\/1968-Poubelle-a-couches.jpg","contentUrl":"https:\/\/www.pruvost-sports.com\/boutique\/wp-content\/uploads\/2023\/08\/1968-Poubelle-a-couches.jpg","width":800,"height":800,"caption":"Poubelle \u00e0 couches"},{"@type":"BreadcrumbList","@id":"https:\/\/www.pruvost-sports.com\/boutique\/produit\/poubelle-a-couches\/#breadcrumb","itemListElement":[{"@type":"ListItem","position":1,"name":"Accueil","item":"https:\/\/www.pruvost-sports.com\/boutique\/"},{"@type":"ListItem","position":2,"name":"Boutique","item":"https:\/\/www.pruvost-sports.com\/boutique\/boutique\/"},{"@type":"ListItem","position":3,"name":"Poubelle \u00e0 couches"}]},{"@type":"WebSite","@id":"https:\/\/www.pruvost-sports.com\/boutique\/#website","url":"https:\/\/www.pruvost-sports.com\/boutique\/","name":"Pruvost sport piscine","description":"","potentialAction":[{"@type":"SearchAction","target":{"@type":"EntryPoint","urlTemplate":"https:\/\/www.pruvost-sports.com\/boutique\/?s={search_term_string}"},"query-input":{"@type":"PropertyValueSpecification","valueRequired":true,"valueName":"search_term_string"}}],"inLanguage":"fr-FR"}]}},"_links":{"self":[{"href":"https:\/\/www.pruvost-sports.com\/boutique\/wp-json\/wp\/v2\/product\/6765","targetHints":{"allow":["GET"]}}],"collection":[{"href":"https:\/\/www.pruvost-sports.com\/boutique\/wp-json\/wp\/v2\/product"}],"about":[{"href":"https:\/\/www.pruvost-sports.com\/boutique\/wp-json\/wp\/v2\/types\/product"}],"wp:featuredmedia":[{"embeddable":true,"href":"https:\/\/www.pruvost-sports.com\/boutique\/wp-json\/wp\/v2\/media\/6762"}],"wp:attachment":[{"href":"https:\/\/www.pruvost-sports.com\/boutique\/wp-json\/wp\/v2\/media?parent=6765"}],"wp:term":[{"taxonomy":"product_brand","embeddable":true,"href":"https:\/\/www.pruvost-sports.com\/boutique\/wp-json\/wp\/v2\/product_brand?post=6765"},{"taxonomy":"product_cat","embeddable":true,"href":"https:\/\/www.pruvost-sports.com\/boutique\/wp-json\/wp\/v2\/product_cat?post=6765"},{"taxonomy":"product_tag","embeddable":true,"href":"https:\/\/www.pruvost-sports.com\/boutique\/wp-json\/wp\/v2\/product_tag?post=6765"}],"curies":[{"name":"wp","href":"https:\/\/api.w.org\/{rel}","templated":true}]}}