{"id":670,"date":"2014-05-06T14:36:41","date_gmt":"2014-05-06T12:36:41","guid":{"rendered":"https:\/\/www.pruvost-sports.com\/boutique\/?product=chariot-rangement-ligne-de-nage"},"modified":"2023-12-12T15:00:20","modified_gmt":"2023-12-12T14:00:20","slug":"chariot-rangement-ligne-de-nage","status":"publish","type":"product","link":"https:\/\/www.pruvost-sports.com\/boutique\/produit\/chariot-rangement-ligne-de-nage\/","title":{"rendered":"Chariot rangement ligne de nage"},"content":{"rendered":"<p><span style=\"font-size: 14px;\">D&rsquo;un format discret, il s&rsquo;utilise tr\u00e8s facilement. Fabriqu\u00e9 en tube d&rsquo;acier inoxydable AISI-316, contient un sac en PVC pour recueillir l&rsquo;eau qui reste dans les lignes de nage. Gr\u00e2ce \u00e0 la sortie d&rsquo;eau sur la partie inf\u00e9rieure du sac, celui-ci se vide de fa\u00e7on contr\u00f4l\u00e9e en \u00e9vitant que l&rsquo;eau ne se r\u00e9pande. Pour optimiser la mobilit\u00e9 du chariot, celui-ci est \u00e9quip\u00e9 de quatre roues giratoires, deux d&rsquo;entre elles \u00e9tant dot\u00e9es d&rsquo;un frein. Peut \u00eatre utilis\u00e9 avec tous les mod\u00e8les de lignes de nage jusqu&rsquo;\u00e0 50 m\u00e8tres de longueur.<\/span><\/p>\n","protected":false},"excerpt":{"rendered":"<p><span style=\"font-size: 14px;\">Chariot pour ramasser les lignes de nage, con\u00e7u pour transporter et stocker les lignes de nage apr\u00e8s son utilisation dans la piscine.<br \/>\n<\/span><\/p>\n","protected":false},"featured_media":669,"template":"","meta":[],"product_brand":[],"product_cat":[2767],"product_tag":[692,690,691],"class_list":{"0":"post-670","1":"product","2":"type-product","3":"status-publish","4":"has-post-thumbnail","6":"product_cat-accessoire-ligne-de-nage","7":"product_tag-chariot-ramasse-ligne-de-nage","8":"product_tag-chariot-rangement-ligne-de-nage","9":"product_tag-rangement-ligne-de-nage","11":"entry","12":"has-media","14":"first","15":"instock","16":"shipping-taxable","17":"purchasable","18":"product-type-simple","19":"col","20":"span_1_of_4","21":"owp-content-center","22":"owp-thumbs-layout-horizontal","23":"owp-btn-normal","24":"owp-tabs-layout-horizontal","25":"has-no-thumbnails"},"yoast_head":"<!-- This site is optimized with the Yoast SEO plugin v27.5 - https:\/\/yoast.com\/product\/yoast-seo-wordpress\/ -->\n<title>chariot rangement ligne de nage chariot ramasse ligne de nage<\/title>\n<meta name=\"description\" content=\"Chariot de rangement ligne de nage\" \/>\n<meta name=\"robots\" content=\"index, follow, max-snippet:-1, max-image-preview:large, max-video-preview:-1\" \/>\n<link rel=\"canonical\" href=\"https:\/\/www.pruvost-sports.com\/boutique\/produit\/chariot-rangement-ligne-de-nage\/\" \/>\n<meta property=\"og:locale\" content=\"fr_FR\" \/>\n<meta property=\"og:type\" content=\"article\" \/>\n<meta property=\"og:title\" content=\"chariot rangement ligne de nage chariot ramasse ligne de nage\" \/>\n<meta property=\"og:description\" content=\"Chariot de rangement ligne de nage\" \/>\n<meta property=\"og:url\" content=\"https:\/\/www.pruvost-sports.com\/boutique\/produit\/chariot-rangement-ligne-de-nage\/\" \/>\n<meta property=\"og:site_name\" content=\"Pruvost sport piscine\" \/>\n<meta property=\"article:modified_time\" content=\"2023-12-12T14:00:20+00:00\" \/>\n<meta property=\"og:image\" content=\"https:\/\/www.pruvost-sports.com\/boutique\/wp-content\/uploads\/2014\/05\/242-Chariot-rangement-ligne-de-nage.jpg\" \/>\n\t<meta property=\"og:image:width\" content=\"215\" \/>\n\t<meta property=\"og:image:height\" content=\"188\" \/>\n\t<meta property=\"og:image:type\" content=\"image\/jpeg\" \/>\n<meta name=\"twitter:card\" content=\"summary_large_image\" \/>\n<meta name=\"twitter:label1\" content=\"Dur\u00e9e de lecture estim\u00e9e\" \/>\n\t<meta name=\"twitter:data1\" content=\"1 minute\" \/>\n<script type=\"application\/ld+json\" class=\"yoast-schema-graph\">{\"@context\":\"https:\\\/\\\/schema.org\",\"@graph\":[{\"@type\":\"WebPage\",\"@id\":\"https:\\\/\\\/www.pruvost-sports.com\\\/boutique\\\/produit\\\/chariot-rangement-ligne-de-nage\\\/\",\"url\":\"https:\\\/\\\/www.pruvost-sports.com\\\/boutique\\\/produit\\\/chariot-rangement-ligne-de-nage\\\/\",\"name\":\"chariot rangement ligne de nage chariot ramasse ligne de nage\",\"isPartOf\":{\"@id\":\"https:\\\/\\\/www.pruvost-sports.com\\\/boutique\\\/#website\"},\"primaryImageOfPage\":{\"@id\":\"https:\\\/\\\/www.pruvost-sports.com\\\/boutique\\\/produit\\\/chariot-rangement-ligne-de-nage\\\/#primaryimage\"},\"image\":{\"@id\":\"https:\\\/\\\/www.pruvost-sports.com\\\/boutique\\\/produit\\\/chariot-rangement-ligne-de-nage\\\/#primaryimage\"},\"thumbnailUrl\":\"https:\\\/\\\/www.pruvost-sports.com\\\/boutique\\\/wp-content\\\/uploads\\\/2014\\\/05\\\/242-Chariot-rangement-ligne-de-nage.jpg\",\"datePublished\":\"2014-05-06T12:36:41+00:00\",\"dateModified\":\"2023-12-12T14:00:20+00:00\",\"description\":\"Chariot de rangement ligne de nage\",\"breadcrumb\":{\"@id\":\"https:\\\/\\\/www.pruvost-sports.com\\\/boutique\\\/produit\\\/chariot-rangement-ligne-de-nage\\\/#breadcrumb\"},\"inLanguage\":\"fr-FR\",\"potentialAction\":[{\"@type\":\"ReadAction\",\"target\":[\"https:\\\/\\\/www.pruvost-sports.com\\\/boutique\\\/produit\\\/chariot-rangement-ligne-de-nage\\\/\"]}]},{\"@type\":\"ImageObject\",\"inLanguage\":\"fr-FR\",\"@id\":\"https:\\\/\\\/www.pruvost-sports.com\\\/boutique\\\/produit\\\/chariot-rangement-ligne-de-nage\\\/#primaryimage\",\"url\":\"https:\\\/\\\/www.pruvost-sports.com\\\/boutique\\\/wp-content\\\/uploads\\\/2014\\\/05\\\/242-Chariot-rangement-ligne-de-nage.jpg\",\"contentUrl\":\"https:\\\/\\\/www.pruvost-sports.com\\\/boutique\\\/wp-content\\\/uploads\\\/2014\\\/05\\\/242-Chariot-rangement-ligne-de-nage.jpg\",\"width\":215,\"height\":188,\"caption\":\"Chariot rangement ligne de nage\"},{\"@type\":\"BreadcrumbList\",\"@id\":\"https:\\\/\\\/www.pruvost-sports.com\\\/boutique\\\/produit\\\/chariot-rangement-ligne-de-nage\\\/#breadcrumb\",\"itemListElement\":[{\"@type\":\"ListItem\",\"position\":1,\"name\":\"Accueil\",\"item\":\"https:\\\/\\\/www.pruvost-sports.com\\\/boutique\\\/\"},{\"@type\":\"ListItem\",\"position\":2,\"name\":\"Boutique\",\"item\":\"https:\\\/\\\/www.pruvost-sports.com\\\/boutique\\\/boutique\\\/\"},{\"@type\":\"ListItem\",\"position\":3,\"name\":\"Chariot rangement ligne de nage\"}]},{\"@type\":\"WebSite\",\"@id\":\"https:\\\/\\\/www.pruvost-sports.com\\\/boutique\\\/#website\",\"url\":\"https:\\\/\\\/www.pruvost-sports.com\\\/boutique\\\/\",\"name\":\"Pruvost sport piscine\",\"description\":\"\",\"potentialAction\":[{\"@type\":\"SearchAction\",\"target\":{\"@type\":\"EntryPoint\",\"urlTemplate\":\"https:\\\/\\\/www.pruvost-sports.com\\\/boutique\\\/?s={search_term_string}\"},\"query-input\":{\"@type\":\"PropertyValueSpecification\",\"valueRequired\":true,\"valueName\":\"search_term_string\"}}],\"inLanguage\":\"fr-FR\"}]}<\/script>\n<!-- \/ Yoast SEO plugin. -->","yoast_head_json":{"title":"chariot rangement ligne de nage chariot ramasse ligne de nage","description":"Chariot de rangement ligne de nage","robots":{"index":"index","follow":"follow","max-snippet":"max-snippet:-1","max-image-preview":"max-image-preview:large","max-video-preview":"max-video-preview:-1"},"canonical":"https:\/\/www.pruvost-sports.com\/boutique\/produit\/chariot-rangement-ligne-de-nage\/","og_locale":"fr_FR","og_type":"article","og_title":"chariot rangement ligne de nage chariot ramasse ligne de nage","og_description":"Chariot de rangement ligne de nage","og_url":"https:\/\/www.pruvost-sports.com\/boutique\/produit\/chariot-rangement-ligne-de-nage\/","og_site_name":"Pruvost sport piscine","article_modified_time":"2023-12-12T14:00:20+00:00","og_image":[{"width":215,"height":188,"url":"https:\/\/www.pruvost-sports.com\/boutique\/wp-content\/uploads\/2014\/05\/242-Chariot-rangement-ligne-de-nage.jpg","type":"image\/jpeg"}],"twitter_card":"summary_large_image","twitter_misc":{"Dur\u00e9e de lecture estim\u00e9e":"1 minute"},"schema":{"@context":"https:\/\/schema.org","@graph":[{"@type":"WebPage","@id":"https:\/\/www.pruvost-sports.com\/boutique\/produit\/chariot-rangement-ligne-de-nage\/","url":"https:\/\/www.pruvost-sports.com\/boutique\/produit\/chariot-rangement-ligne-de-nage\/","name":"chariot rangement ligne de nage chariot ramasse ligne de nage","isPartOf":{"@id":"https:\/\/www.pruvost-sports.com\/boutique\/#website"},"primaryImageOfPage":{"@id":"https:\/\/www.pruvost-sports.com\/boutique\/produit\/chariot-rangement-ligne-de-nage\/#primaryimage"},"image":{"@id":"https:\/\/www.pruvost-sports.com\/boutique\/produit\/chariot-rangement-ligne-de-nage\/#primaryimage"},"thumbnailUrl":"https:\/\/www.pruvost-sports.com\/boutique\/wp-content\/uploads\/2014\/05\/242-Chariot-rangement-ligne-de-nage.jpg","datePublished":"2014-05-06T12:36:41+00:00","dateModified":"2023-12-12T14:00:20+00:00","description":"Chariot de rangement ligne de nage","breadcrumb":{"@id":"https:\/\/www.pruvost-sports.com\/boutique\/produit\/chariot-rangement-ligne-de-nage\/#breadcrumb"},"inLanguage":"fr-FR","potentialAction":[{"@type":"ReadAction","target":["https:\/\/www.pruvost-sports.com\/boutique\/produit\/chariot-rangement-ligne-de-nage\/"]}]},{"@type":"ImageObject","inLanguage":"fr-FR","@id":"https:\/\/www.pruvost-sports.com\/boutique\/produit\/chariot-rangement-ligne-de-nage\/#primaryimage","url":"https:\/\/www.pruvost-sports.com\/boutique\/wp-content\/uploads\/2014\/05\/242-Chariot-rangement-ligne-de-nage.jpg","contentUrl":"https:\/\/www.pruvost-sports.com\/boutique\/wp-content\/uploads\/2014\/05\/242-Chariot-rangement-ligne-de-nage.jpg","width":215,"height":188,"caption":"Chariot rangement ligne de nage"},{"@type":"BreadcrumbList","@id":"https:\/\/www.pruvost-sports.com\/boutique\/produit\/chariot-rangement-ligne-de-nage\/#breadcrumb","itemListElement":[{"@type":"ListItem","position":1,"name":"Accueil","item":"https:\/\/www.pruvost-sports.com\/boutique\/"},{"@type":"ListItem","position":2,"name":"Boutique","item":"https:\/\/www.pruvost-sports.com\/boutique\/boutique\/"},{"@type":"ListItem","position":3,"name":"Chariot rangement ligne de nage"}]},{"@type":"WebSite","@id":"https:\/\/www.pruvost-sports.com\/boutique\/#website","url":"https:\/\/www.pruvost-sports.com\/boutique\/","name":"Pruvost sport piscine","description":"","potentialAction":[{"@type":"SearchAction","target":{"@type":"EntryPoint","urlTemplate":"https:\/\/www.pruvost-sports.com\/boutique\/?s={search_term_string}"},"query-input":{"@type":"PropertyValueSpecification","valueRequired":true,"valueName":"search_term_string"}}],"inLanguage":"fr-FR"}]}},"_links":{"self":[{"href":"https:\/\/www.pruvost-sports.com\/boutique\/wp-json\/wp\/v2\/product\/670","targetHints":{"allow":["GET"]}}],"collection":[{"href":"https:\/\/www.pruvost-sports.com\/boutique\/wp-json\/wp\/v2\/product"}],"about":[{"href":"https:\/\/www.pruvost-sports.com\/boutique\/wp-json\/wp\/v2\/types\/product"}],"wp:featuredmedia":[{"embeddable":true,"href":"https:\/\/www.pruvost-sports.com\/boutique\/wp-json\/wp\/v2\/media\/669"}],"wp:attachment":[{"href":"https:\/\/www.pruvost-sports.com\/boutique\/wp-json\/wp\/v2\/media?parent=670"}],"wp:term":[{"taxonomy":"product_brand","embeddable":true,"href":"https:\/\/www.pruvost-sports.com\/boutique\/wp-json\/wp\/v2\/product_brand?post=670"},{"taxonomy":"product_cat","embeddable":true,"href":"https:\/\/www.pruvost-sports.com\/boutique\/wp-json\/wp\/v2\/product_cat?post=670"},{"taxonomy":"product_tag","embeddable":true,"href":"https:\/\/www.pruvost-sports.com\/boutique\/wp-json\/wp\/v2\/product_tag?post=670"}],"curies":[{"name":"wp","href":"https:\/\/api.w.org\/{rel}","templated":true}]}}