{"id":6637,"date":"2023-08-10T09:55:29","date_gmt":"2023-08-10T07:55:29","guid":{"rendered":"https:\/\/www.pruvost-sports.com\/boutique\/?product=trepied-de-fixation-pour-horloge-a-diodes"},"modified":"2024-12-16T16:51:59","modified_gmt":"2024-12-16T15:51:59","slug":"trepied-de-fixation-pour-horloge-a-diodes","status":"publish","type":"product","link":"https:\/\/www.pruvost-sports.com\/boutique\/produit\/trepied-de-fixation-pour-horloge-a-diodes\/","title":{"rendered":"Tr\u00e9pied de fixation pour horloge \u00e0 diodes"},"content":{"rendered":"<p>Hauteur : 113 \u00e0 200cm.<\/p>\n<p>Tige diam\u00e8tre 35mm.<\/p>\n<p>Livr\u00e9 avec une corni\u00e8re pour renvoi \u00e0 90\u00b0.<\/p>\n<p>Compatible avec les horloges <em><span style=\"text-decoration: underline;\"><strong><a href=\"\/boutique\/horloges-et-thermometres\/1025-horloge-de-piscine-a-diodes.html\">S40<\/a>.<\/strong><\/span><\/em><\/p>\n<p>Poids : 3,25kg.<\/p>\n","protected":false},"excerpt":{"rendered":"<p>Tr\u00e9pieds de fixation pour horloge \u00e0 diodes.<\/p>\n","protected":false},"featured_media":6636,"template":"","meta":[],"product_brand":[],"product_cat":[85],"product_tag":[2638,2639,2637],"class_list":{"0":"post-6637","1":"product","2":"type-product","3":"status-publish","4":"has-post-thumbnail","6":"product_cat-horloges-et-thermometres","7":"product_tag-trepied-pour-horloge-a-diodes","8":"product_tag-trepied-pour-horloge-competition","9":"product_tag-trepied-pour-horloge-natation","11":"entry","12":"has-media","14":"first","15":"instock","16":"shipping-taxable","17":"purchasable","18":"product-type-simple","19":"col","20":"span_1_of_4","21":"owp-content-center","22":"owp-thumbs-layout-horizontal","23":"owp-btn-normal","24":"owp-tabs-layout-horizontal","25":"has-no-thumbnails"},"yoast_head":"<!-- This site is optimized with the Yoast SEO plugin v27.5 - https:\/\/yoast.com\/product\/yoast-seo-wordpress\/ -->\n<title>tr\u00e9pied de fixation pour horloge \u00e0 diodes<\/title>\n<meta name=\"description\" content=\"tr\u00e9pied de fixation pour horloge \u00e0 diodes\" \/>\n<meta name=\"robots\" content=\"index, follow, max-snippet:-1, max-image-preview:large, max-video-preview:-1\" \/>\n<link rel=\"canonical\" href=\"https:\/\/www.pruvost-sports.com\/boutique\/produit\/trepied-de-fixation-pour-horloge-a-diodes\/\" \/>\n<meta property=\"og:locale\" content=\"fr_FR\" \/>\n<meta property=\"og:type\" content=\"article\" \/>\n<meta property=\"og:title\" content=\"tr\u00e9pied de fixation pour horloge \u00e0 diodes\" \/>\n<meta property=\"og:description\" content=\"tr\u00e9pied de fixation pour horloge \u00e0 diodes\" \/>\n<meta property=\"og:url\" content=\"https:\/\/www.pruvost-sports.com\/boutique\/produit\/trepied-de-fixation-pour-horloge-a-diodes\/\" \/>\n<meta property=\"og:site_name\" content=\"Pruvost sport piscine\" \/>\n<meta property=\"article:modified_time\" content=\"2024-12-16T15:51:59+00:00\" \/>\n<meta property=\"og:image\" content=\"https:\/\/www.pruvost-sports.com\/boutique\/wp-content\/uploads\/2023\/08\/1939-Trepied-de-fixation-pour-horloge-a-diodes.jpg\" \/>\n\t<meta property=\"og:image:width\" content=\"800\" \/>\n\t<meta property=\"og:image:height\" content=\"800\" \/>\n\t<meta property=\"og:image:type\" content=\"image\/jpeg\" \/>\n<meta name=\"twitter:card\" content=\"summary_large_image\" \/>\n<meta name=\"twitter:label1\" content=\"Dur\u00e9e de lecture estim\u00e9e\" \/>\n\t<meta name=\"twitter:data1\" content=\"1 minute\" \/>\n<script type=\"application\/ld+json\" class=\"yoast-schema-graph\">{\"@context\":\"https:\\\/\\\/schema.org\",\"@graph\":[{\"@type\":\"WebPage\",\"@id\":\"https:\\\/\\\/www.pruvost-sports.com\\\/boutique\\\/produit\\\/trepied-de-fixation-pour-horloge-a-diodes\\\/\",\"url\":\"https:\\\/\\\/www.pruvost-sports.com\\\/boutique\\\/produit\\\/trepied-de-fixation-pour-horloge-a-diodes\\\/\",\"name\":\"tr\u00e9pied de fixation pour horloge \u00e0 diodes\",\"isPartOf\":{\"@id\":\"https:\\\/\\\/www.pruvost-sports.com\\\/boutique\\\/#website\"},\"primaryImageOfPage\":{\"@id\":\"https:\\\/\\\/www.pruvost-sports.com\\\/boutique\\\/produit\\\/trepied-de-fixation-pour-horloge-a-diodes\\\/#primaryimage\"},\"image\":{\"@id\":\"https:\\\/\\\/www.pruvost-sports.com\\\/boutique\\\/produit\\\/trepied-de-fixation-pour-horloge-a-diodes\\\/#primaryimage\"},\"thumbnailUrl\":\"https:\\\/\\\/www.pruvost-sports.com\\\/boutique\\\/wp-content\\\/uploads\\\/2023\\\/08\\\/1939-Trepied-de-fixation-pour-horloge-a-diodes.jpg\",\"datePublished\":\"2023-08-10T07:55:29+00:00\",\"dateModified\":\"2024-12-16T15:51:59+00:00\",\"description\":\"tr\u00e9pied de fixation pour horloge \u00e0 diodes\",\"breadcrumb\":{\"@id\":\"https:\\\/\\\/www.pruvost-sports.com\\\/boutique\\\/produit\\\/trepied-de-fixation-pour-horloge-a-diodes\\\/#breadcrumb\"},\"inLanguage\":\"fr-FR\",\"potentialAction\":[{\"@type\":\"ReadAction\",\"target\":[\"https:\\\/\\\/www.pruvost-sports.com\\\/boutique\\\/produit\\\/trepied-de-fixation-pour-horloge-a-diodes\\\/\"]}]},{\"@type\":\"ImageObject\",\"inLanguage\":\"fr-FR\",\"@id\":\"https:\\\/\\\/www.pruvost-sports.com\\\/boutique\\\/produit\\\/trepied-de-fixation-pour-horloge-a-diodes\\\/#primaryimage\",\"url\":\"https:\\\/\\\/www.pruvost-sports.com\\\/boutique\\\/wp-content\\\/uploads\\\/2023\\\/08\\\/1939-Trepied-de-fixation-pour-horloge-a-diodes.jpg\",\"contentUrl\":\"https:\\\/\\\/www.pruvost-sports.com\\\/boutique\\\/wp-content\\\/uploads\\\/2023\\\/08\\\/1939-Trepied-de-fixation-pour-horloge-a-diodes.jpg\",\"width\":800,\"height\":800,\"caption\":\"Tr\u00e9pied de fixation pour horloge \u00e0 diodes\"},{\"@type\":\"BreadcrumbList\",\"@id\":\"https:\\\/\\\/www.pruvost-sports.com\\\/boutique\\\/produit\\\/trepied-de-fixation-pour-horloge-a-diodes\\\/#breadcrumb\",\"itemListElement\":[{\"@type\":\"ListItem\",\"position\":1,\"name\":\"Accueil\",\"item\":\"https:\\\/\\\/www.pruvost-sports.com\\\/boutique\\\/\"},{\"@type\":\"ListItem\",\"position\":2,\"name\":\"Boutique\",\"item\":\"https:\\\/\\\/www.pruvost-sports.com\\\/boutique\\\/boutique\\\/\"},{\"@type\":\"ListItem\",\"position\":3,\"name\":\"Tr\u00e9pied de fixation pour horloge \u00e0 diodes\"}]},{\"@type\":\"WebSite\",\"@id\":\"https:\\\/\\\/www.pruvost-sports.com\\\/boutique\\\/#website\",\"url\":\"https:\\\/\\\/www.pruvost-sports.com\\\/boutique\\\/\",\"name\":\"Pruvost sport piscine\",\"description\":\"\",\"potentialAction\":[{\"@type\":\"SearchAction\",\"target\":{\"@type\":\"EntryPoint\",\"urlTemplate\":\"https:\\\/\\\/www.pruvost-sports.com\\\/boutique\\\/?s={search_term_string}\"},\"query-input\":{\"@type\":\"PropertyValueSpecification\",\"valueRequired\":true,\"valueName\":\"search_term_string\"}}],\"inLanguage\":\"fr-FR\"}]}<\/script>\n<!-- \/ Yoast SEO plugin. -->","yoast_head_json":{"title":"tr\u00e9pied de fixation pour horloge \u00e0 diodes","description":"tr\u00e9pied de fixation pour horloge \u00e0 diodes","robots":{"index":"index","follow":"follow","max-snippet":"max-snippet:-1","max-image-preview":"max-image-preview:large","max-video-preview":"max-video-preview:-1"},"canonical":"https:\/\/www.pruvost-sports.com\/boutique\/produit\/trepied-de-fixation-pour-horloge-a-diodes\/","og_locale":"fr_FR","og_type":"article","og_title":"tr\u00e9pied de fixation pour horloge \u00e0 diodes","og_description":"tr\u00e9pied de fixation pour horloge \u00e0 diodes","og_url":"https:\/\/www.pruvost-sports.com\/boutique\/produit\/trepied-de-fixation-pour-horloge-a-diodes\/","og_site_name":"Pruvost sport piscine","article_modified_time":"2024-12-16T15:51:59+00:00","og_image":[{"width":800,"height":800,"url":"https:\/\/www.pruvost-sports.com\/boutique\/wp-content\/uploads\/2023\/08\/1939-Trepied-de-fixation-pour-horloge-a-diodes.jpg","type":"image\/jpeg"}],"twitter_card":"summary_large_image","twitter_misc":{"Dur\u00e9e de lecture estim\u00e9e":"1 minute"},"schema":{"@context":"https:\/\/schema.org","@graph":[{"@type":"WebPage","@id":"https:\/\/www.pruvost-sports.com\/boutique\/produit\/trepied-de-fixation-pour-horloge-a-diodes\/","url":"https:\/\/www.pruvost-sports.com\/boutique\/produit\/trepied-de-fixation-pour-horloge-a-diodes\/","name":"tr\u00e9pied de fixation pour horloge \u00e0 diodes","isPartOf":{"@id":"https:\/\/www.pruvost-sports.com\/boutique\/#website"},"primaryImageOfPage":{"@id":"https:\/\/www.pruvost-sports.com\/boutique\/produit\/trepied-de-fixation-pour-horloge-a-diodes\/#primaryimage"},"image":{"@id":"https:\/\/www.pruvost-sports.com\/boutique\/produit\/trepied-de-fixation-pour-horloge-a-diodes\/#primaryimage"},"thumbnailUrl":"https:\/\/www.pruvost-sports.com\/boutique\/wp-content\/uploads\/2023\/08\/1939-Trepied-de-fixation-pour-horloge-a-diodes.jpg","datePublished":"2023-08-10T07:55:29+00:00","dateModified":"2024-12-16T15:51:59+00:00","description":"tr\u00e9pied de fixation pour horloge \u00e0 diodes","breadcrumb":{"@id":"https:\/\/www.pruvost-sports.com\/boutique\/produit\/trepied-de-fixation-pour-horloge-a-diodes\/#breadcrumb"},"inLanguage":"fr-FR","potentialAction":[{"@type":"ReadAction","target":["https:\/\/www.pruvost-sports.com\/boutique\/produit\/trepied-de-fixation-pour-horloge-a-diodes\/"]}]},{"@type":"ImageObject","inLanguage":"fr-FR","@id":"https:\/\/www.pruvost-sports.com\/boutique\/produit\/trepied-de-fixation-pour-horloge-a-diodes\/#primaryimage","url":"https:\/\/www.pruvost-sports.com\/boutique\/wp-content\/uploads\/2023\/08\/1939-Trepied-de-fixation-pour-horloge-a-diodes.jpg","contentUrl":"https:\/\/www.pruvost-sports.com\/boutique\/wp-content\/uploads\/2023\/08\/1939-Trepied-de-fixation-pour-horloge-a-diodes.jpg","width":800,"height":800,"caption":"Tr\u00e9pied de fixation pour horloge \u00e0 diodes"},{"@type":"BreadcrumbList","@id":"https:\/\/www.pruvost-sports.com\/boutique\/produit\/trepied-de-fixation-pour-horloge-a-diodes\/#breadcrumb","itemListElement":[{"@type":"ListItem","position":1,"name":"Accueil","item":"https:\/\/www.pruvost-sports.com\/boutique\/"},{"@type":"ListItem","position":2,"name":"Boutique","item":"https:\/\/www.pruvost-sports.com\/boutique\/boutique\/"},{"@type":"ListItem","position":3,"name":"Tr\u00e9pied de fixation pour horloge \u00e0 diodes"}]},{"@type":"WebSite","@id":"https:\/\/www.pruvost-sports.com\/boutique\/#website","url":"https:\/\/www.pruvost-sports.com\/boutique\/","name":"Pruvost sport piscine","description":"","potentialAction":[{"@type":"SearchAction","target":{"@type":"EntryPoint","urlTemplate":"https:\/\/www.pruvost-sports.com\/boutique\/?s={search_term_string}"},"query-input":{"@type":"PropertyValueSpecification","valueRequired":true,"valueName":"search_term_string"}}],"inLanguage":"fr-FR"}]}},"_links":{"self":[{"href":"https:\/\/www.pruvost-sports.com\/boutique\/wp-json\/wp\/v2\/product\/6637","targetHints":{"allow":["GET"]}}],"collection":[{"href":"https:\/\/www.pruvost-sports.com\/boutique\/wp-json\/wp\/v2\/product"}],"about":[{"href":"https:\/\/www.pruvost-sports.com\/boutique\/wp-json\/wp\/v2\/types\/product"}],"wp:featuredmedia":[{"embeddable":true,"href":"https:\/\/www.pruvost-sports.com\/boutique\/wp-json\/wp\/v2\/media\/6636"}],"wp:attachment":[{"href":"https:\/\/www.pruvost-sports.com\/boutique\/wp-json\/wp\/v2\/media?parent=6637"}],"wp:term":[{"taxonomy":"product_brand","embeddable":true,"href":"https:\/\/www.pruvost-sports.com\/boutique\/wp-json\/wp\/v2\/product_brand?post=6637"},{"taxonomy":"product_cat","embeddable":true,"href":"https:\/\/www.pruvost-sports.com\/boutique\/wp-json\/wp\/v2\/product_cat?post=6637"},{"taxonomy":"product_tag","embeddable":true,"href":"https:\/\/www.pruvost-sports.com\/boutique\/wp-json\/wp\/v2\/product_tag?post=6637"}],"curies":[{"name":"wp","href":"https:\/\/api.w.org\/{rel}","templated":true}]}}