{"id":6185,"date":"2023-07-24T16:06:36","date_gmt":"2023-07-24T14:06:36","guid":{"rendered":"https:\/\/www.pruvost-sports.com\/boutique\/?product=barre-aquafitness-elastique"},"modified":"2024-01-31T15:57:34","modified_gmt":"2024-01-31T14:57:34","slug":"barre-aquafitness-elastique","status":"publish","type":"product","link":"https:\/\/www.pruvost-sports.com\/boutique\/produit\/barre-aquafitness-elastique\/","title":{"rendered":"Barre Aquafitness \u00e9lastique"},"content":{"rendered":"<p>Barre Aquafitness fabriqu\u00e9 en PVC avec tube en caoutchouc et sangle en polypropyl\u00e8ne.<\/p>\n<p>Diff\u00e9rents coloris selon le niveau de r\u00e9sistance.<\/p>\n<p>Longueur : 100cm.<\/p>\n","protected":false},"excerpt":{"rendered":"<p>Barre Aquafitness avec \u00e9lastique pour entra\u00eenement.<\/p>\n","protected":false},"featured_media":6181,"template":"","meta":[],"product_brand":[],"product_cat":[2769],"product_tag":[2549,2543,2553],"class_list":{"0":"post-6185","1":"product","2":"type-product","3":"status-publish","4":"has-post-thumbnail","6":"product_cat-divers-aquagym","7":"product_tag-aquafitness","8":"product_tag-aquagym","9":"product_tag-haltere-piscine","10":"pa_forcederesistance-light","11":"pa_forcederesistance-medium","12":"pa_forcederesistance-strong","14":"entry","15":"has-media","17":"first","18":"instock","19":"shipping-taxable","20":"purchasable","21":"product-type-variable","22":"has-default-attributes","23":"col","24":"span_1_of_4","25":"owp-content-center","26":"owp-thumbs-layout-horizontal","27":"owp-btn-normal","28":"owp-tabs-layout-horizontal"},"yoast_head":"<!-- This site is optimized with the Yoast SEO plugin v27.5 - https:\/\/yoast.com\/product\/yoast-seo-wordpress\/ -->\n<title>Barre Aquafitness \u00e9lastique<\/title>\n<meta name=\"description\" content=\"Barre Aquafitness \u00e9lastique\" \/>\n<meta name=\"robots\" content=\"index, follow, max-snippet:-1, max-image-preview:large, max-video-preview:-1\" \/>\n<link rel=\"canonical\" href=\"https:\/\/www.pruvost-sports.com\/boutique\/produit\/barre-aquafitness-elastique\/\" \/>\n<meta property=\"og:locale\" content=\"fr_FR\" \/>\n<meta property=\"og:type\" content=\"article\" \/>\n<meta property=\"og:title\" content=\"Barre Aquafitness \u00e9lastique\" \/>\n<meta property=\"og:description\" content=\"Barre Aquafitness \u00e9lastique\" \/>\n<meta property=\"og:url\" content=\"https:\/\/www.pruvost-sports.com\/boutique\/produit\/barre-aquafitness-elastique\/\" \/>\n<meta property=\"og:site_name\" content=\"Pruvost sport piscine\" \/>\n<meta property=\"article:modified_time\" content=\"2024-01-31T14:57:34+00:00\" \/>\n<meta property=\"og:image\" content=\"https:\/\/www.pruvost-sports.com\/boutique\/wp-content\/uploads\/2023\/07\/1827-Barre-Aquafitness-elastique.jpg\" \/>\n\t<meta property=\"og:image:width\" content=\"900\" \/>\n\t<meta property=\"og:image:height\" content=\"600\" \/>\n\t<meta property=\"og:image:type\" content=\"image\/jpeg\" \/>\n<meta name=\"twitter:card\" content=\"summary_large_image\" \/>\n<meta name=\"twitter:label1\" content=\"Dur\u00e9e de lecture estim\u00e9e\" \/>\n\t<meta name=\"twitter:data1\" content=\"1 minute\" \/>\n<script type=\"application\/ld+json\" class=\"yoast-schema-graph\">{\"@context\":\"https:\\\/\\\/schema.org\",\"@graph\":[{\"@type\":\"WebPage\",\"@id\":\"https:\\\/\\\/www.pruvost-sports.com\\\/boutique\\\/produit\\\/barre-aquafitness-elastique\\\/\",\"url\":\"https:\\\/\\\/www.pruvost-sports.com\\\/boutique\\\/produit\\\/barre-aquafitness-elastique\\\/\",\"name\":\"Barre Aquafitness \u00e9lastique\",\"isPartOf\":{\"@id\":\"https:\\\/\\\/www.pruvost-sports.com\\\/boutique\\\/#website\"},\"primaryImageOfPage\":{\"@id\":\"https:\\\/\\\/www.pruvost-sports.com\\\/boutique\\\/produit\\\/barre-aquafitness-elastique\\\/#primaryimage\"},\"image\":{\"@id\":\"https:\\\/\\\/www.pruvost-sports.com\\\/boutique\\\/produit\\\/barre-aquafitness-elastique\\\/#primaryimage\"},\"thumbnailUrl\":\"https:\\\/\\\/www.pruvost-sports.com\\\/boutique\\\/wp-content\\\/uploads\\\/2023\\\/07\\\/1827-Barre-Aquafitness-elastique.jpg\",\"datePublished\":\"2023-07-24T14:06:36+00:00\",\"dateModified\":\"2024-01-31T14:57:34+00:00\",\"description\":\"Barre Aquafitness \u00e9lastique\",\"breadcrumb\":{\"@id\":\"https:\\\/\\\/www.pruvost-sports.com\\\/boutique\\\/produit\\\/barre-aquafitness-elastique\\\/#breadcrumb\"},\"inLanguage\":\"fr-FR\",\"potentialAction\":[{\"@type\":\"ReadAction\",\"target\":[\"https:\\\/\\\/www.pruvost-sports.com\\\/boutique\\\/produit\\\/barre-aquafitness-elastique\\\/\"]}]},{\"@type\":\"ImageObject\",\"inLanguage\":\"fr-FR\",\"@id\":\"https:\\\/\\\/www.pruvost-sports.com\\\/boutique\\\/produit\\\/barre-aquafitness-elastique\\\/#primaryimage\",\"url\":\"https:\\\/\\\/www.pruvost-sports.com\\\/boutique\\\/wp-content\\\/uploads\\\/2023\\\/07\\\/1827-Barre-Aquafitness-elastique.jpg\",\"contentUrl\":\"https:\\\/\\\/www.pruvost-sports.com\\\/boutique\\\/wp-content\\\/uploads\\\/2023\\\/07\\\/1827-Barre-Aquafitness-elastique.jpg\",\"width\":900,\"height\":600,\"caption\":\"Barre Aquafitness \u00e9lastique\"},{\"@type\":\"BreadcrumbList\",\"@id\":\"https:\\\/\\\/www.pruvost-sports.com\\\/boutique\\\/produit\\\/barre-aquafitness-elastique\\\/#breadcrumb\",\"itemListElement\":[{\"@type\":\"ListItem\",\"position\":1,\"name\":\"Accueil\",\"item\":\"https:\\\/\\\/www.pruvost-sports.com\\\/boutique\\\/\"},{\"@type\":\"ListItem\",\"position\":2,\"name\":\"Boutique\",\"item\":\"https:\\\/\\\/www.pruvost-sports.com\\\/boutique\\\/boutique\\\/\"},{\"@type\":\"ListItem\",\"position\":3,\"name\":\"Barre Aquafitness \u00e9lastique\"}]},{\"@type\":\"WebSite\",\"@id\":\"https:\\\/\\\/www.pruvost-sports.com\\\/boutique\\\/#website\",\"url\":\"https:\\\/\\\/www.pruvost-sports.com\\\/boutique\\\/\",\"name\":\"Pruvost sport piscine\",\"description\":\"\",\"potentialAction\":[{\"@type\":\"SearchAction\",\"target\":{\"@type\":\"EntryPoint\",\"urlTemplate\":\"https:\\\/\\\/www.pruvost-sports.com\\\/boutique\\\/?s={search_term_string}\"},\"query-input\":{\"@type\":\"PropertyValueSpecification\",\"valueRequired\":true,\"valueName\":\"search_term_string\"}}],\"inLanguage\":\"fr-FR\"}]}<\/script>\n<!-- \/ Yoast SEO plugin. -->","yoast_head_json":{"title":"Barre Aquafitness \u00e9lastique","description":"Barre Aquafitness \u00e9lastique","robots":{"index":"index","follow":"follow","max-snippet":"max-snippet:-1","max-image-preview":"max-image-preview:large","max-video-preview":"max-video-preview:-1"},"canonical":"https:\/\/www.pruvost-sports.com\/boutique\/produit\/barre-aquafitness-elastique\/","og_locale":"fr_FR","og_type":"article","og_title":"Barre Aquafitness \u00e9lastique","og_description":"Barre Aquafitness \u00e9lastique","og_url":"https:\/\/www.pruvost-sports.com\/boutique\/produit\/barre-aquafitness-elastique\/","og_site_name":"Pruvost sport piscine","article_modified_time":"2024-01-31T14:57:34+00:00","og_image":[{"width":900,"height":600,"url":"https:\/\/www.pruvost-sports.com\/boutique\/wp-content\/uploads\/2023\/07\/1827-Barre-Aquafitness-elastique.jpg","type":"image\/jpeg"}],"twitter_card":"summary_large_image","twitter_misc":{"Dur\u00e9e de lecture estim\u00e9e":"1 minute"},"schema":{"@context":"https:\/\/schema.org","@graph":[{"@type":"WebPage","@id":"https:\/\/www.pruvost-sports.com\/boutique\/produit\/barre-aquafitness-elastique\/","url":"https:\/\/www.pruvost-sports.com\/boutique\/produit\/barre-aquafitness-elastique\/","name":"Barre Aquafitness \u00e9lastique","isPartOf":{"@id":"https:\/\/www.pruvost-sports.com\/boutique\/#website"},"primaryImageOfPage":{"@id":"https:\/\/www.pruvost-sports.com\/boutique\/produit\/barre-aquafitness-elastique\/#primaryimage"},"image":{"@id":"https:\/\/www.pruvost-sports.com\/boutique\/produit\/barre-aquafitness-elastique\/#primaryimage"},"thumbnailUrl":"https:\/\/www.pruvost-sports.com\/boutique\/wp-content\/uploads\/2023\/07\/1827-Barre-Aquafitness-elastique.jpg","datePublished":"2023-07-24T14:06:36+00:00","dateModified":"2024-01-31T14:57:34+00:00","description":"Barre Aquafitness \u00e9lastique","breadcrumb":{"@id":"https:\/\/www.pruvost-sports.com\/boutique\/produit\/barre-aquafitness-elastique\/#breadcrumb"},"inLanguage":"fr-FR","potentialAction":[{"@type":"ReadAction","target":["https:\/\/www.pruvost-sports.com\/boutique\/produit\/barre-aquafitness-elastique\/"]}]},{"@type":"ImageObject","inLanguage":"fr-FR","@id":"https:\/\/www.pruvost-sports.com\/boutique\/produit\/barre-aquafitness-elastique\/#primaryimage","url":"https:\/\/www.pruvost-sports.com\/boutique\/wp-content\/uploads\/2023\/07\/1827-Barre-Aquafitness-elastique.jpg","contentUrl":"https:\/\/www.pruvost-sports.com\/boutique\/wp-content\/uploads\/2023\/07\/1827-Barre-Aquafitness-elastique.jpg","width":900,"height":600,"caption":"Barre Aquafitness \u00e9lastique"},{"@type":"BreadcrumbList","@id":"https:\/\/www.pruvost-sports.com\/boutique\/produit\/barre-aquafitness-elastique\/#breadcrumb","itemListElement":[{"@type":"ListItem","position":1,"name":"Accueil","item":"https:\/\/www.pruvost-sports.com\/boutique\/"},{"@type":"ListItem","position":2,"name":"Boutique","item":"https:\/\/www.pruvost-sports.com\/boutique\/boutique\/"},{"@type":"ListItem","position":3,"name":"Barre Aquafitness \u00e9lastique"}]},{"@type":"WebSite","@id":"https:\/\/www.pruvost-sports.com\/boutique\/#website","url":"https:\/\/www.pruvost-sports.com\/boutique\/","name":"Pruvost sport piscine","description":"","potentialAction":[{"@type":"SearchAction","target":{"@type":"EntryPoint","urlTemplate":"https:\/\/www.pruvost-sports.com\/boutique\/?s={search_term_string}"},"query-input":{"@type":"PropertyValueSpecification","valueRequired":true,"valueName":"search_term_string"}}],"inLanguage":"fr-FR"}]}},"_links":{"self":[{"href":"https:\/\/www.pruvost-sports.com\/boutique\/wp-json\/wp\/v2\/product\/6185","targetHints":{"allow":["GET"]}}],"collection":[{"href":"https:\/\/www.pruvost-sports.com\/boutique\/wp-json\/wp\/v2\/product"}],"about":[{"href":"https:\/\/www.pruvost-sports.com\/boutique\/wp-json\/wp\/v2\/types\/product"}],"wp:featuredmedia":[{"embeddable":true,"href":"https:\/\/www.pruvost-sports.com\/boutique\/wp-json\/wp\/v2\/media\/6181"}],"wp:attachment":[{"href":"https:\/\/www.pruvost-sports.com\/boutique\/wp-json\/wp\/v2\/media?parent=6185"}],"wp:term":[{"taxonomy":"product_brand","embeddable":true,"href":"https:\/\/www.pruvost-sports.com\/boutique\/wp-json\/wp\/v2\/product_brand?post=6185"},{"taxonomy":"product_cat","embeddable":true,"href":"https:\/\/www.pruvost-sports.com\/boutique\/wp-json\/wp\/v2\/product_cat?post=6185"},{"taxonomy":"product_tag","embeddable":true,"href":"https:\/\/www.pruvost-sports.com\/boutique\/wp-json\/wp\/v2\/product_tag?post=6185"}],"curies":[{"name":"wp","href":"https:\/\/api.w.org\/{rel}","templated":true}]}}