{"id":6175,"date":"2023-07-24T15:53:14","date_gmt":"2023-07-24T13:53:14","guid":{"rendered":"https:\/\/www.pruvost-sports.com\/boutique\/?product=elastique-d-entrainement-a-poignees-avec-sangle"},"modified":"2024-01-31T15:57:44","modified_gmt":"2024-01-31T14:57:44","slug":"elastique-d-entrainement-a-poignees-avec-sangle","status":"publish","type":"product","link":"https:\/\/www.pruvost-sports.com\/boutique\/produit\/elastique-d-entrainement-a-poignees-avec-sangle\/","title":{"rendered":"Elastique d&rsquo;entra\u00eenement \u00e0 poign\u00e9es avec sangle"},"content":{"rendered":"<p>Fabriqu\u00e9 en caoutchouc et polypropyl\u00e8ne.<\/p>\n<p>Diff\u00e9rents coloris pour chaque niveau de r\u00e9sistance.<\/p>\n","protected":false},"excerpt":{"rendered":"<p>Elastique d&rsquo;entra\u00eenement \u00e0 poign\u00e9es avec sangle pour aquagym.<\/p>\n","protected":false},"featured_media":6173,"template":"","meta":[],"product_brand":[],"product_cat":[2769],"product_tag":[2549,2543,2551,2552],"class_list":{"0":"post-6175","1":"product","2":"type-product","3":"status-publish","4":"has-post-thumbnail","6":"product_cat-divers-aquagym","7":"product_tag-aquafitness","8":"product_tag-aquagym","9":"product_tag-elastique-dentrainement","10":"product_tag-halteres","11":"pa_forcederesistance-light","12":"pa_forcederesistance-medium","14":"entry","15":"has-media","17":"first","18":"instock","19":"shipping-taxable","20":"purchasable","21":"product-type-variable","22":"has-default-attributes","23":"col","24":"span_1_of_4","25":"owp-content-center","26":"owp-thumbs-layout-horizontal","27":"owp-btn-normal","28":"owp-tabs-layout-horizontal"},"yoast_head":"<!-- This site is optimized with the Yoast SEO plugin v27.5 - https:\/\/yoast.com\/product\/yoast-seo-wordpress\/ -->\n<title>Elastique d&#039;entra\u00eenement avec sangle aquagym<\/title>\n<meta name=\"description\" content=\"Elastique d&#039;entra\u00eenement avec sangle aquagym\" \/>\n<meta name=\"robots\" content=\"index, follow, max-snippet:-1, max-image-preview:large, max-video-preview:-1\" \/>\n<link rel=\"canonical\" href=\"https:\/\/www.pruvost-sports.com\/boutique\/produit\/elastique-d-entrainement-a-poignees-avec-sangle\/\" \/>\n<meta property=\"og:locale\" content=\"fr_FR\" \/>\n<meta property=\"og:type\" content=\"article\" \/>\n<meta property=\"og:title\" content=\"Elastique d&#039;entra\u00eenement avec sangle aquagym\" \/>\n<meta property=\"og:description\" content=\"Elastique d&#039;entra\u00eenement avec sangle aquagym\" \/>\n<meta property=\"og:url\" content=\"https:\/\/www.pruvost-sports.com\/boutique\/produit\/elastique-d-entrainement-a-poignees-avec-sangle\/\" \/>\n<meta property=\"og:site_name\" content=\"Pruvost sport piscine\" \/>\n<meta property=\"article:modified_time\" content=\"2024-01-31T14:57:44+00:00\" \/>\n<meta property=\"og:image\" content=\"https:\/\/www.pruvost-sports.com\/boutique\/wp-content\/uploads\/2023\/07\/1825-Elastique-dentrainement-a-poignees-avec-sangle.jpg\" \/>\n\t<meta property=\"og:image:width\" content=\"900\" \/>\n\t<meta property=\"og:image:height\" content=\"600\" \/>\n\t<meta property=\"og:image:type\" content=\"image\/jpeg\" \/>\n<meta name=\"twitter:card\" content=\"summary_large_image\" \/>\n<meta name=\"twitter:label1\" content=\"Dur\u00e9e de lecture estim\u00e9e\" \/>\n\t<meta name=\"twitter:data1\" content=\"1 minute\" \/>\n<script type=\"application\/ld+json\" class=\"yoast-schema-graph\">{\"@context\":\"https:\\\/\\\/schema.org\",\"@graph\":[{\"@type\":\"WebPage\",\"@id\":\"https:\\\/\\\/www.pruvost-sports.com\\\/boutique\\\/produit\\\/elastique-d-entrainement-a-poignees-avec-sangle\\\/\",\"url\":\"https:\\\/\\\/www.pruvost-sports.com\\\/boutique\\\/produit\\\/elastique-d-entrainement-a-poignees-avec-sangle\\\/\",\"name\":\"Elastique d'entra\u00eenement avec sangle aquagym\",\"isPartOf\":{\"@id\":\"https:\\\/\\\/www.pruvost-sports.com\\\/boutique\\\/#website\"},\"primaryImageOfPage\":{\"@id\":\"https:\\\/\\\/www.pruvost-sports.com\\\/boutique\\\/produit\\\/elastique-d-entrainement-a-poignees-avec-sangle\\\/#primaryimage\"},\"image\":{\"@id\":\"https:\\\/\\\/www.pruvost-sports.com\\\/boutique\\\/produit\\\/elastique-d-entrainement-a-poignees-avec-sangle\\\/#primaryimage\"},\"thumbnailUrl\":\"https:\\\/\\\/www.pruvost-sports.com\\\/boutique\\\/wp-content\\\/uploads\\\/2023\\\/07\\\/1825-Elastique-dentrainement-a-poignees-avec-sangle.jpg\",\"datePublished\":\"2023-07-24T13:53:14+00:00\",\"dateModified\":\"2024-01-31T14:57:44+00:00\",\"description\":\"Elastique d'entra\u00eenement avec sangle aquagym\",\"breadcrumb\":{\"@id\":\"https:\\\/\\\/www.pruvost-sports.com\\\/boutique\\\/produit\\\/elastique-d-entrainement-a-poignees-avec-sangle\\\/#breadcrumb\"},\"inLanguage\":\"fr-FR\",\"potentialAction\":[{\"@type\":\"ReadAction\",\"target\":[\"https:\\\/\\\/www.pruvost-sports.com\\\/boutique\\\/produit\\\/elastique-d-entrainement-a-poignees-avec-sangle\\\/\"]}]},{\"@type\":\"ImageObject\",\"inLanguage\":\"fr-FR\",\"@id\":\"https:\\\/\\\/www.pruvost-sports.com\\\/boutique\\\/produit\\\/elastique-d-entrainement-a-poignees-avec-sangle\\\/#primaryimage\",\"url\":\"https:\\\/\\\/www.pruvost-sports.com\\\/boutique\\\/wp-content\\\/uploads\\\/2023\\\/07\\\/1825-Elastique-dentrainement-a-poignees-avec-sangle.jpg\",\"contentUrl\":\"https:\\\/\\\/www.pruvost-sports.com\\\/boutique\\\/wp-content\\\/uploads\\\/2023\\\/07\\\/1825-Elastique-dentrainement-a-poignees-avec-sangle.jpg\",\"width\":900,\"height\":600,\"caption\":\"Elastique d'entra\u00eenement \u00e0 poign\u00e9es avec sangle\"},{\"@type\":\"BreadcrumbList\",\"@id\":\"https:\\\/\\\/www.pruvost-sports.com\\\/boutique\\\/produit\\\/elastique-d-entrainement-a-poignees-avec-sangle\\\/#breadcrumb\",\"itemListElement\":[{\"@type\":\"ListItem\",\"position\":1,\"name\":\"Accueil\",\"item\":\"https:\\\/\\\/www.pruvost-sports.com\\\/boutique\\\/\"},{\"@type\":\"ListItem\",\"position\":2,\"name\":\"Boutique\",\"item\":\"https:\\\/\\\/www.pruvost-sports.com\\\/boutique\\\/boutique\\\/\"},{\"@type\":\"ListItem\",\"position\":3,\"name\":\"Elastique d&rsquo;entra\u00eenement \u00e0 poign\u00e9es avec sangle\"}]},{\"@type\":\"WebSite\",\"@id\":\"https:\\\/\\\/www.pruvost-sports.com\\\/boutique\\\/#website\",\"url\":\"https:\\\/\\\/www.pruvost-sports.com\\\/boutique\\\/\",\"name\":\"Pruvost sport piscine\",\"description\":\"\",\"potentialAction\":[{\"@type\":\"SearchAction\",\"target\":{\"@type\":\"EntryPoint\",\"urlTemplate\":\"https:\\\/\\\/www.pruvost-sports.com\\\/boutique\\\/?s={search_term_string}\"},\"query-input\":{\"@type\":\"PropertyValueSpecification\",\"valueRequired\":true,\"valueName\":\"search_term_string\"}}],\"inLanguage\":\"fr-FR\"}]}<\/script>\n<!-- \/ Yoast SEO plugin. -->","yoast_head_json":{"title":"Elastique d'entra\u00eenement avec sangle aquagym","description":"Elastique d'entra\u00eenement avec sangle aquagym","robots":{"index":"index","follow":"follow","max-snippet":"max-snippet:-1","max-image-preview":"max-image-preview:large","max-video-preview":"max-video-preview:-1"},"canonical":"https:\/\/www.pruvost-sports.com\/boutique\/produit\/elastique-d-entrainement-a-poignees-avec-sangle\/","og_locale":"fr_FR","og_type":"article","og_title":"Elastique d'entra\u00eenement avec sangle aquagym","og_description":"Elastique d'entra\u00eenement avec sangle aquagym","og_url":"https:\/\/www.pruvost-sports.com\/boutique\/produit\/elastique-d-entrainement-a-poignees-avec-sangle\/","og_site_name":"Pruvost sport piscine","article_modified_time":"2024-01-31T14:57:44+00:00","og_image":[{"width":900,"height":600,"url":"https:\/\/www.pruvost-sports.com\/boutique\/wp-content\/uploads\/2023\/07\/1825-Elastique-dentrainement-a-poignees-avec-sangle.jpg","type":"image\/jpeg"}],"twitter_card":"summary_large_image","twitter_misc":{"Dur\u00e9e de lecture estim\u00e9e":"1 minute"},"schema":{"@context":"https:\/\/schema.org","@graph":[{"@type":"WebPage","@id":"https:\/\/www.pruvost-sports.com\/boutique\/produit\/elastique-d-entrainement-a-poignees-avec-sangle\/","url":"https:\/\/www.pruvost-sports.com\/boutique\/produit\/elastique-d-entrainement-a-poignees-avec-sangle\/","name":"Elastique d'entra\u00eenement avec sangle aquagym","isPartOf":{"@id":"https:\/\/www.pruvost-sports.com\/boutique\/#website"},"primaryImageOfPage":{"@id":"https:\/\/www.pruvost-sports.com\/boutique\/produit\/elastique-d-entrainement-a-poignees-avec-sangle\/#primaryimage"},"image":{"@id":"https:\/\/www.pruvost-sports.com\/boutique\/produit\/elastique-d-entrainement-a-poignees-avec-sangle\/#primaryimage"},"thumbnailUrl":"https:\/\/www.pruvost-sports.com\/boutique\/wp-content\/uploads\/2023\/07\/1825-Elastique-dentrainement-a-poignees-avec-sangle.jpg","datePublished":"2023-07-24T13:53:14+00:00","dateModified":"2024-01-31T14:57:44+00:00","description":"Elastique d'entra\u00eenement avec sangle aquagym","breadcrumb":{"@id":"https:\/\/www.pruvost-sports.com\/boutique\/produit\/elastique-d-entrainement-a-poignees-avec-sangle\/#breadcrumb"},"inLanguage":"fr-FR","potentialAction":[{"@type":"ReadAction","target":["https:\/\/www.pruvost-sports.com\/boutique\/produit\/elastique-d-entrainement-a-poignees-avec-sangle\/"]}]},{"@type":"ImageObject","inLanguage":"fr-FR","@id":"https:\/\/www.pruvost-sports.com\/boutique\/produit\/elastique-d-entrainement-a-poignees-avec-sangle\/#primaryimage","url":"https:\/\/www.pruvost-sports.com\/boutique\/wp-content\/uploads\/2023\/07\/1825-Elastique-dentrainement-a-poignees-avec-sangle.jpg","contentUrl":"https:\/\/www.pruvost-sports.com\/boutique\/wp-content\/uploads\/2023\/07\/1825-Elastique-dentrainement-a-poignees-avec-sangle.jpg","width":900,"height":600,"caption":"Elastique d'entra\u00eenement \u00e0 poign\u00e9es avec sangle"},{"@type":"BreadcrumbList","@id":"https:\/\/www.pruvost-sports.com\/boutique\/produit\/elastique-d-entrainement-a-poignees-avec-sangle\/#breadcrumb","itemListElement":[{"@type":"ListItem","position":1,"name":"Accueil","item":"https:\/\/www.pruvost-sports.com\/boutique\/"},{"@type":"ListItem","position":2,"name":"Boutique","item":"https:\/\/www.pruvost-sports.com\/boutique\/boutique\/"},{"@type":"ListItem","position":3,"name":"Elastique d&rsquo;entra\u00eenement \u00e0 poign\u00e9es avec sangle"}]},{"@type":"WebSite","@id":"https:\/\/www.pruvost-sports.com\/boutique\/#website","url":"https:\/\/www.pruvost-sports.com\/boutique\/","name":"Pruvost sport piscine","description":"","potentialAction":[{"@type":"SearchAction","target":{"@type":"EntryPoint","urlTemplate":"https:\/\/www.pruvost-sports.com\/boutique\/?s={search_term_string}"},"query-input":{"@type":"PropertyValueSpecification","valueRequired":true,"valueName":"search_term_string"}}],"inLanguage":"fr-FR"}]}},"_links":{"self":[{"href":"https:\/\/www.pruvost-sports.com\/boutique\/wp-json\/wp\/v2\/product\/6175","targetHints":{"allow":["GET"]}}],"collection":[{"href":"https:\/\/www.pruvost-sports.com\/boutique\/wp-json\/wp\/v2\/product"}],"about":[{"href":"https:\/\/www.pruvost-sports.com\/boutique\/wp-json\/wp\/v2\/types\/product"}],"wp:featuredmedia":[{"embeddable":true,"href":"https:\/\/www.pruvost-sports.com\/boutique\/wp-json\/wp\/v2\/media\/6173"}],"wp:attachment":[{"href":"https:\/\/www.pruvost-sports.com\/boutique\/wp-json\/wp\/v2\/media?parent=6175"}],"wp:term":[{"taxonomy":"product_brand","embeddable":true,"href":"https:\/\/www.pruvost-sports.com\/boutique\/wp-json\/wp\/v2\/product_brand?post=6175"},{"taxonomy":"product_cat","embeddable":true,"href":"https:\/\/www.pruvost-sports.com\/boutique\/wp-json\/wp\/v2\/product_cat?post=6175"},{"taxonomy":"product_tag","embeddable":true,"href":"https:\/\/www.pruvost-sports.com\/boutique\/wp-json\/wp\/v2\/product_tag?post=6175"}],"curies":[{"name":"wp","href":"https:\/\/api.w.org\/{rel}","templated":true}]}}