{"id":6108,"date":"2023-07-21T10:43:04","date_gmt":"2023-07-21T08:43:04","guid":{"rendered":"https:\/\/www.pruvost-sports.com\/boutique\/?product=aquabike-happy-bike"},"modified":"2024-11-27T11:34:37","modified_gmt":"2024-11-27T10:34:37","slug":"aquabike-happy-bike","status":"publish","type":"product","link":"https:\/\/www.pruvost-sports.com\/boutique\/produit\/aquabike-happy-bike\/","title":{"rendered":"Aquabike Happy Bike"},"content":{"rendered":"<p>V\u00e9ritable centre de remise en forme chez soi<\/p>\n<p>Transformez votre piscine en v\u00e9ritable centre de remise en forme avec le v\u00e9lo aquatique Happy Bike.<\/p>\n<p>Les p\u00e9dales AHP cr\u00e9ent une r\u00e9sistance hydraulique douce qui vous invite \u00e0 profiter d\u2019un entra\u00eenement cardio en p\u00e9dalant tout \u00e0 votre rythme.<\/p>\n<p>Le cadre de le Happy Bike a \u00e9t\u00e9 \u00e9tudi\u00e9 pour facilement pouvoir d\u00e9placer son v\u00e9lo de piscine. Gr\u00e2ce aux r\u00e9glages en hauteur de la selle et du guidon, le Happy bike s\u2019adapte \u00e0 toutes les morphologies.<\/p>\n<p>La forme sp\u00e9cifique des p\u00e9dales AquaSpeed accentue l\u2019effet de r\u00e9sistance de l\u2019eau tout en conservant un mouvement fluide et agr\u00e9able.<\/p>\n<p>Dimensions min. ferm\u00e9 : L 97 x l 60\u00a0x H 114\u00a0cm.<\/p>\n<p>Charge max. : 150kg.<\/p>\n<p>Poids : 17kg.<\/p>\n<p>Fabriqu\u00e9 en Inox AISI 316L qualit\u00e9 marine.<\/p>\n<p>Profondeur d&rsquo;eau : 1m10 \u00e0 1m60.<\/p>\n","protected":false},"excerpt":{"rendered":"<p>Un Aquabike de type Cardio.<\/p>\n<p>Les aquabikes de cat\u00e9gorie Cardio comportent une r\u00e9sistance hydraulique au niveau des p\u00e9dales.<\/p>\n<p>Dot\u00e9s de p\u00e9dales Aqua Happy Pedal, ces v\u00e9los de piscine \u00e0 la r\u00e9sistance douce s&rsquo;adaptent parfaitement au particulier qui souhaite pratiquer un sport au quotidien tout en pr\u00e9servant ses articulations.<\/p>\n","protected":false},"featured_media":6107,"template":"","meta":[],"product_brand":[],"product_cat":[62],"product_tag":[2532,754,2530,2531,2513],"class_list":{"0":"post-6108","1":"product","2":"type-product","3":"status-publish","4":"has-post-thumbnail","6":"product_cat-aquabike","7":"product_tag-aqua-fitness","8":"product_tag-aquabike","9":"product_tag-cardio","10":"product_tag-home-training","11":"product_tag-reeducation","13":"entry","14":"has-media","16":"first","17":"instock","18":"shipping-taxable","19":"purchasable","20":"product-type-simple","21":"col","22":"span_1_of_4","23":"owp-content-center","24":"owp-thumbs-layout-horizontal","25":"owp-btn-normal","26":"owp-tabs-layout-horizontal","27":"has-no-thumbnails"},"yoast_head":"<!-- This site is optimized with the Yoast SEO plugin v27.5 - https:\/\/yoast.com\/product\/yoast-seo-wordpress\/ -->\n<title>Aquabike Happy Bike<\/title>\n<meta name=\"description\" content=\"Aquabike Happy Bike v\u00e9lo piscine cardio\" \/>\n<meta name=\"robots\" content=\"index, follow, max-snippet:-1, max-image-preview:large, max-video-preview:-1\" \/>\n<link rel=\"canonical\" href=\"https:\/\/www.pruvost-sports.com\/boutique\/produit\/aquabike-happy-bike\/\" \/>\n<meta property=\"og:locale\" content=\"fr_FR\" \/>\n<meta property=\"og:type\" content=\"article\" \/>\n<meta property=\"og:title\" content=\"Aquabike Happy Bike\" \/>\n<meta property=\"og:description\" content=\"Aquabike Happy Bike v\u00e9lo piscine cardio\" \/>\n<meta property=\"og:url\" content=\"https:\/\/www.pruvost-sports.com\/boutique\/produit\/aquabike-happy-bike\/\" \/>\n<meta property=\"og:site_name\" content=\"Pruvost sport piscine\" \/>\n<meta property=\"article:modified_time\" content=\"2024-11-27T10:34:37+00:00\" \/>\n<meta property=\"og:image\" content=\"https:\/\/www.pruvost-sports.com\/boutique\/wp-content\/uploads\/2023\/07\/1809-Aquabike-Happy-Bike.jpg\" \/>\n\t<meta property=\"og:image:width\" content=\"1500\" \/>\n\t<meta property=\"og:image:height\" content=\"1500\" \/>\n\t<meta property=\"og:image:type\" content=\"image\/jpeg\" \/>\n<meta name=\"twitter:card\" content=\"summary_large_image\" \/>\n<meta name=\"twitter:label1\" content=\"Dur\u00e9e de lecture estim\u00e9e\" \/>\n\t<meta name=\"twitter:data1\" content=\"1 minute\" \/>\n<script type=\"application\/ld+json\" class=\"yoast-schema-graph\">{\"@context\":\"https:\\\/\\\/schema.org\",\"@graph\":[{\"@type\":\"WebPage\",\"@id\":\"https:\\\/\\\/www.pruvost-sports.com\\\/boutique\\\/produit\\\/aquabike-happy-bike\\\/\",\"url\":\"https:\\\/\\\/www.pruvost-sports.com\\\/boutique\\\/produit\\\/aquabike-happy-bike\\\/\",\"name\":\"Aquabike Happy Bike\",\"isPartOf\":{\"@id\":\"https:\\\/\\\/www.pruvost-sports.com\\\/boutique\\\/#website\"},\"primaryImageOfPage\":{\"@id\":\"https:\\\/\\\/www.pruvost-sports.com\\\/boutique\\\/produit\\\/aquabike-happy-bike\\\/#primaryimage\"},\"image\":{\"@id\":\"https:\\\/\\\/www.pruvost-sports.com\\\/boutique\\\/produit\\\/aquabike-happy-bike\\\/#primaryimage\"},\"thumbnailUrl\":\"https:\\\/\\\/www.pruvost-sports.com\\\/boutique\\\/wp-content\\\/uploads\\\/2023\\\/07\\\/1809-Aquabike-Happy-Bike.jpg\",\"datePublished\":\"2023-07-21T08:43:04+00:00\",\"dateModified\":\"2024-11-27T10:34:37+00:00\",\"description\":\"Aquabike Happy Bike v\u00e9lo piscine cardio\",\"breadcrumb\":{\"@id\":\"https:\\\/\\\/www.pruvost-sports.com\\\/boutique\\\/produit\\\/aquabike-happy-bike\\\/#breadcrumb\"},\"inLanguage\":\"fr-FR\",\"potentialAction\":[{\"@type\":\"ReadAction\",\"target\":[\"https:\\\/\\\/www.pruvost-sports.com\\\/boutique\\\/produit\\\/aquabike-happy-bike\\\/\"]}]},{\"@type\":\"ImageObject\",\"inLanguage\":\"fr-FR\",\"@id\":\"https:\\\/\\\/www.pruvost-sports.com\\\/boutique\\\/produit\\\/aquabike-happy-bike\\\/#primaryimage\",\"url\":\"https:\\\/\\\/www.pruvost-sports.com\\\/boutique\\\/wp-content\\\/uploads\\\/2023\\\/07\\\/1809-Aquabike-Happy-Bike.jpg\",\"contentUrl\":\"https:\\\/\\\/www.pruvost-sports.com\\\/boutique\\\/wp-content\\\/uploads\\\/2023\\\/07\\\/1809-Aquabike-Happy-Bike.jpg\",\"width\":1500,\"height\":1500,\"caption\":\"Aquabike Happy Bike\"},{\"@type\":\"BreadcrumbList\",\"@id\":\"https:\\\/\\\/www.pruvost-sports.com\\\/boutique\\\/produit\\\/aquabike-happy-bike\\\/#breadcrumb\",\"itemListElement\":[{\"@type\":\"ListItem\",\"position\":1,\"name\":\"Accueil\",\"item\":\"https:\\\/\\\/www.pruvost-sports.com\\\/boutique\\\/\"},{\"@type\":\"ListItem\",\"position\":2,\"name\":\"Boutique\",\"item\":\"https:\\\/\\\/www.pruvost-sports.com\\\/boutique\\\/boutique\\\/\"},{\"@type\":\"ListItem\",\"position\":3,\"name\":\"Aquabike Happy Bike\"}]},{\"@type\":\"WebSite\",\"@id\":\"https:\\\/\\\/www.pruvost-sports.com\\\/boutique\\\/#website\",\"url\":\"https:\\\/\\\/www.pruvost-sports.com\\\/boutique\\\/\",\"name\":\"Pruvost sport piscine\",\"description\":\"\",\"potentialAction\":[{\"@type\":\"SearchAction\",\"target\":{\"@type\":\"EntryPoint\",\"urlTemplate\":\"https:\\\/\\\/www.pruvost-sports.com\\\/boutique\\\/?s={search_term_string}\"},\"query-input\":{\"@type\":\"PropertyValueSpecification\",\"valueRequired\":true,\"valueName\":\"search_term_string\"}}],\"inLanguage\":\"fr-FR\"}]}<\/script>\n<!-- \/ Yoast SEO plugin. -->","yoast_head_json":{"title":"Aquabike Happy Bike","description":"Aquabike Happy Bike v\u00e9lo piscine cardio","robots":{"index":"index","follow":"follow","max-snippet":"max-snippet:-1","max-image-preview":"max-image-preview:large","max-video-preview":"max-video-preview:-1"},"canonical":"https:\/\/www.pruvost-sports.com\/boutique\/produit\/aquabike-happy-bike\/","og_locale":"fr_FR","og_type":"article","og_title":"Aquabike Happy Bike","og_description":"Aquabike Happy Bike v\u00e9lo piscine cardio","og_url":"https:\/\/www.pruvost-sports.com\/boutique\/produit\/aquabike-happy-bike\/","og_site_name":"Pruvost sport piscine","article_modified_time":"2024-11-27T10:34:37+00:00","og_image":[{"width":1500,"height":1500,"url":"https:\/\/www.pruvost-sports.com\/boutique\/wp-content\/uploads\/2023\/07\/1809-Aquabike-Happy-Bike.jpg","type":"image\/jpeg"}],"twitter_card":"summary_large_image","twitter_misc":{"Dur\u00e9e de lecture estim\u00e9e":"1 minute"},"schema":{"@context":"https:\/\/schema.org","@graph":[{"@type":"WebPage","@id":"https:\/\/www.pruvost-sports.com\/boutique\/produit\/aquabike-happy-bike\/","url":"https:\/\/www.pruvost-sports.com\/boutique\/produit\/aquabike-happy-bike\/","name":"Aquabike Happy Bike","isPartOf":{"@id":"https:\/\/www.pruvost-sports.com\/boutique\/#website"},"primaryImageOfPage":{"@id":"https:\/\/www.pruvost-sports.com\/boutique\/produit\/aquabike-happy-bike\/#primaryimage"},"image":{"@id":"https:\/\/www.pruvost-sports.com\/boutique\/produit\/aquabike-happy-bike\/#primaryimage"},"thumbnailUrl":"https:\/\/www.pruvost-sports.com\/boutique\/wp-content\/uploads\/2023\/07\/1809-Aquabike-Happy-Bike.jpg","datePublished":"2023-07-21T08:43:04+00:00","dateModified":"2024-11-27T10:34:37+00:00","description":"Aquabike Happy Bike v\u00e9lo piscine cardio","breadcrumb":{"@id":"https:\/\/www.pruvost-sports.com\/boutique\/produit\/aquabike-happy-bike\/#breadcrumb"},"inLanguage":"fr-FR","potentialAction":[{"@type":"ReadAction","target":["https:\/\/www.pruvost-sports.com\/boutique\/produit\/aquabike-happy-bike\/"]}]},{"@type":"ImageObject","inLanguage":"fr-FR","@id":"https:\/\/www.pruvost-sports.com\/boutique\/produit\/aquabike-happy-bike\/#primaryimage","url":"https:\/\/www.pruvost-sports.com\/boutique\/wp-content\/uploads\/2023\/07\/1809-Aquabike-Happy-Bike.jpg","contentUrl":"https:\/\/www.pruvost-sports.com\/boutique\/wp-content\/uploads\/2023\/07\/1809-Aquabike-Happy-Bike.jpg","width":1500,"height":1500,"caption":"Aquabike Happy Bike"},{"@type":"BreadcrumbList","@id":"https:\/\/www.pruvost-sports.com\/boutique\/produit\/aquabike-happy-bike\/#breadcrumb","itemListElement":[{"@type":"ListItem","position":1,"name":"Accueil","item":"https:\/\/www.pruvost-sports.com\/boutique\/"},{"@type":"ListItem","position":2,"name":"Boutique","item":"https:\/\/www.pruvost-sports.com\/boutique\/boutique\/"},{"@type":"ListItem","position":3,"name":"Aquabike Happy Bike"}]},{"@type":"WebSite","@id":"https:\/\/www.pruvost-sports.com\/boutique\/#website","url":"https:\/\/www.pruvost-sports.com\/boutique\/","name":"Pruvost sport piscine","description":"","potentialAction":[{"@type":"SearchAction","target":{"@type":"EntryPoint","urlTemplate":"https:\/\/www.pruvost-sports.com\/boutique\/?s={search_term_string}"},"query-input":{"@type":"PropertyValueSpecification","valueRequired":true,"valueName":"search_term_string"}}],"inLanguage":"fr-FR"}]}},"_links":{"self":[{"href":"https:\/\/www.pruvost-sports.com\/boutique\/wp-json\/wp\/v2\/product\/6108","targetHints":{"allow":["GET"]}}],"collection":[{"href":"https:\/\/www.pruvost-sports.com\/boutique\/wp-json\/wp\/v2\/product"}],"about":[{"href":"https:\/\/www.pruvost-sports.com\/boutique\/wp-json\/wp\/v2\/types\/product"}],"wp:featuredmedia":[{"embeddable":true,"href":"https:\/\/www.pruvost-sports.com\/boutique\/wp-json\/wp\/v2\/media\/6107"}],"wp:attachment":[{"href":"https:\/\/www.pruvost-sports.com\/boutique\/wp-json\/wp\/v2\/media?parent=6108"}],"wp:term":[{"taxonomy":"product_brand","embeddable":true,"href":"https:\/\/www.pruvost-sports.com\/boutique\/wp-json\/wp\/v2\/product_brand?post=6108"},{"taxonomy":"product_cat","embeddable":true,"href":"https:\/\/www.pruvost-sports.com\/boutique\/wp-json\/wp\/v2\/product_cat?post=6108"},{"taxonomy":"product_tag","embeddable":true,"href":"https:\/\/www.pruvost-sports.com\/boutique\/wp-json\/wp\/v2\/product_tag?post=6108"}],"curies":[{"name":"wp","href":"https:\/\/api.w.org\/{rel}","templated":true}]}}