{"id":6004,"date":"2023-07-07T10:05:18","date_gmt":"2023-07-07T08:05:18","guid":{"rendered":"https:\/\/www.pruvost-sports.com\/boutique\/?product=jouets-aspergeurs-lot-de-12"},"modified":"2026-02-20T15:28:40","modified_gmt":"2026-02-20T14:28:40","slug":"jouets-aspergeurs-lot-de-12","status":"publish","type":"product","link":"https:\/\/www.pruvost-sports.com\/boutique\/produit\/jouets-aspergeurs-lot-de-12\/","title":{"rendered":"Jouets aspergeurs &#8211; Lot de 12"},"content":{"rendered":"<div id=\"description\" class=\"tab-pane__content active\">\n<div class=\"tab-pane__content-text\">\n<p>Les aspergeurs sont des petits jouets simples pour le bain aux jolies couleurs et aux personnages vari\u00e9s.<br \/>\nLeur design rigolo, sp\u00e9cialement con\u00e7u pour les petites mains, est r\u00e9alis\u00e9 en plastique doux et r\u00e9sistant pour masser les gencives de b\u00e9b\u00e9 qui aime les mordiller. Ils assurent la s\u00e9curit\u00e9 de B\u00e9b\u00e9 qui ne risquera pas d\u2019avaler des petites pi\u00e8ces.<\/p>\n<p>Dimensions d\u2019un aspergeur : 5 x 7 x 4 cm.<\/p>\n<p>Dimension de la trousse de rangement : 25 x 14,5 x 7 cm.<\/p>\n<p>Composition : 100% PVC (Polychlorure de Vinyle).<\/p>\n<p>Lavage : \u00c9goutter les jouets apr\u00e8s utilisation et rincer\/laver \u00e0 l\u2019eau claire r\u00e9guli\u00e8rement.<\/p>\n<\/div>\n<\/div>\n","protected":false},"excerpt":{"rendered":"<p>B\u00e9b\u00e9 va pouvoir se livrer \u00e0 une belle bataille d\u2019eau en d\u00e9couvrant les 12 animaux marins !<br \/>\nDes aspergeurs rang\u00e9s leur petite trousse de rangement \u00e0 zip.<\/p>\n","protected":false},"featured_media":6003,"template":"","meta":[],"product_brand":[],"product_cat":[2760,39],"product_tag":[2523,2266,1054,898],"class_list":{"0":"post-6004","1":"product","2":"type-product","3":"status-publish","4":"has-post-thumbnail","6":"product_cat-a-la-une","7":"product_cat-premiers-bains","8":"product_tag-aspergeur","9":"product_tag-bebe-nageur","10":"product_tag-bebe-piscine","11":"product_tag-jouet-de-bain","13":"entry","14":"has-media","16":"first","17":"instock","18":"shipping-taxable","19":"purchasable","20":"product-type-simple","21":"col","22":"span_1_of_4","23":"owp-content-center","24":"owp-thumbs-layout-horizontal","25":"owp-btn-normal","26":"owp-tabs-layout-horizontal","27":"has-no-thumbnails"},"yoast_head":"<!-- This site is optimized with the Yoast SEO plugin v27.5 - https:\/\/yoast.com\/product\/yoast-seo-wordpress\/ -->\n<title>Jouets aspergeurs - Lot de 12<\/title>\n<meta name=\"description\" content=\"Jouets aspergeurs lot de 12\" \/>\n<meta name=\"robots\" content=\"index, follow, max-snippet:-1, max-image-preview:large, max-video-preview:-1\" \/>\n<link rel=\"canonical\" href=\"https:\/\/www.pruvost-sports.com\/boutique\/produit\/jouets-aspergeurs-lot-de-12\/\" \/>\n<meta property=\"og:locale\" content=\"fr_FR\" \/>\n<meta property=\"og:type\" content=\"article\" \/>\n<meta property=\"og:title\" content=\"Jouets aspergeurs - Lot de 12\" \/>\n<meta property=\"og:description\" content=\"Jouets aspergeurs lot de 12\" \/>\n<meta property=\"og:url\" content=\"https:\/\/www.pruvost-sports.com\/boutique\/produit\/jouets-aspergeurs-lot-de-12\/\" \/>\n<meta property=\"og:site_name\" content=\"Pruvost sport piscine\" \/>\n<meta property=\"article:modified_time\" content=\"2026-02-20T14:28:40+00:00\" \/>\n<meta property=\"og:image\" content=\"https:\/\/www.pruvost-sports.com\/boutique\/wp-content\/uploads\/2023\/07\/1792-Aspergeurs-animaux-marins-12-pieces.jpg\" \/>\n\t<meta property=\"og:image:width\" content=\"500\" \/>\n\t<meta property=\"og:image:height\" content=\"500\" \/>\n\t<meta property=\"og:image:type\" content=\"image\/jpeg\" \/>\n<meta name=\"twitter:card\" content=\"summary_large_image\" \/>\n<meta name=\"twitter:label1\" content=\"Dur\u00e9e de lecture estim\u00e9e\" \/>\n\t<meta name=\"twitter:data1\" content=\"1 minute\" \/>\n<script type=\"application\/ld+json\" class=\"yoast-schema-graph\">{\"@context\":\"https:\\\/\\\/schema.org\",\"@graph\":[{\"@type\":\"WebPage\",\"@id\":\"https:\\\/\\\/www.pruvost-sports.com\\\/boutique\\\/produit\\\/jouets-aspergeurs-lot-de-12\\\/\",\"url\":\"https:\\\/\\\/www.pruvost-sports.com\\\/boutique\\\/produit\\\/jouets-aspergeurs-lot-de-12\\\/\",\"name\":\"Jouets aspergeurs - Lot de 12\",\"isPartOf\":{\"@id\":\"https:\\\/\\\/www.pruvost-sports.com\\\/boutique\\\/#website\"},\"primaryImageOfPage\":{\"@id\":\"https:\\\/\\\/www.pruvost-sports.com\\\/boutique\\\/produit\\\/jouets-aspergeurs-lot-de-12\\\/#primaryimage\"},\"image\":{\"@id\":\"https:\\\/\\\/www.pruvost-sports.com\\\/boutique\\\/produit\\\/jouets-aspergeurs-lot-de-12\\\/#primaryimage\"},\"thumbnailUrl\":\"https:\\\/\\\/www.pruvost-sports.com\\\/boutique\\\/wp-content\\\/uploads\\\/2023\\\/07\\\/1792-Aspergeurs-animaux-marins-12-pieces.jpg\",\"datePublished\":\"2023-07-07T08:05:18+00:00\",\"dateModified\":\"2026-02-20T14:28:40+00:00\",\"description\":\"Jouets aspergeurs lot de 12\",\"breadcrumb\":{\"@id\":\"https:\\\/\\\/www.pruvost-sports.com\\\/boutique\\\/produit\\\/jouets-aspergeurs-lot-de-12\\\/#breadcrumb\"},\"inLanguage\":\"fr-FR\",\"potentialAction\":[{\"@type\":\"ReadAction\",\"target\":[\"https:\\\/\\\/www.pruvost-sports.com\\\/boutique\\\/produit\\\/jouets-aspergeurs-lot-de-12\\\/\"]}]},{\"@type\":\"ImageObject\",\"inLanguage\":\"fr-FR\",\"@id\":\"https:\\\/\\\/www.pruvost-sports.com\\\/boutique\\\/produit\\\/jouets-aspergeurs-lot-de-12\\\/#primaryimage\",\"url\":\"https:\\\/\\\/www.pruvost-sports.com\\\/boutique\\\/wp-content\\\/uploads\\\/2023\\\/07\\\/1792-Aspergeurs-animaux-marins-12-pieces.jpg\",\"contentUrl\":\"https:\\\/\\\/www.pruvost-sports.com\\\/boutique\\\/wp-content\\\/uploads\\\/2023\\\/07\\\/1792-Aspergeurs-animaux-marins-12-pieces.jpg\",\"width\":500,\"height\":500,\"caption\":\"Aspergeurs animaux marins 12 pi\u00e8ces\"},{\"@type\":\"BreadcrumbList\",\"@id\":\"https:\\\/\\\/www.pruvost-sports.com\\\/boutique\\\/produit\\\/jouets-aspergeurs-lot-de-12\\\/#breadcrumb\",\"itemListElement\":[{\"@type\":\"ListItem\",\"position\":1,\"name\":\"Accueil\",\"item\":\"https:\\\/\\\/www.pruvost-sports.com\\\/boutique\\\/\"},{\"@type\":\"ListItem\",\"position\":2,\"name\":\"Boutique\",\"item\":\"https:\\\/\\\/www.pruvost-sports.com\\\/boutique\\\/boutique\\\/\"},{\"@type\":\"ListItem\",\"position\":3,\"name\":\"Jouets aspergeurs &#8211; Lot de 12\"}]},{\"@type\":\"WebSite\",\"@id\":\"https:\\\/\\\/www.pruvost-sports.com\\\/boutique\\\/#website\",\"url\":\"https:\\\/\\\/www.pruvost-sports.com\\\/boutique\\\/\",\"name\":\"Pruvost sport piscine\",\"description\":\"\",\"potentialAction\":[{\"@type\":\"SearchAction\",\"target\":{\"@type\":\"EntryPoint\",\"urlTemplate\":\"https:\\\/\\\/www.pruvost-sports.com\\\/boutique\\\/?s={search_term_string}\"},\"query-input\":{\"@type\":\"PropertyValueSpecification\",\"valueRequired\":true,\"valueName\":\"search_term_string\"}}],\"inLanguage\":\"fr-FR\"}]}<\/script>\n<!-- \/ Yoast SEO plugin. -->","yoast_head_json":{"title":"Jouets aspergeurs - Lot de 12","description":"Jouets aspergeurs lot de 12","robots":{"index":"index","follow":"follow","max-snippet":"max-snippet:-1","max-image-preview":"max-image-preview:large","max-video-preview":"max-video-preview:-1"},"canonical":"https:\/\/www.pruvost-sports.com\/boutique\/produit\/jouets-aspergeurs-lot-de-12\/","og_locale":"fr_FR","og_type":"article","og_title":"Jouets aspergeurs - Lot de 12","og_description":"Jouets aspergeurs lot de 12","og_url":"https:\/\/www.pruvost-sports.com\/boutique\/produit\/jouets-aspergeurs-lot-de-12\/","og_site_name":"Pruvost sport piscine","article_modified_time":"2026-02-20T14:28:40+00:00","og_image":[{"width":500,"height":500,"url":"https:\/\/www.pruvost-sports.com\/boutique\/wp-content\/uploads\/2023\/07\/1792-Aspergeurs-animaux-marins-12-pieces.jpg","type":"image\/jpeg"}],"twitter_card":"summary_large_image","twitter_misc":{"Dur\u00e9e de lecture estim\u00e9e":"1 minute"},"schema":{"@context":"https:\/\/schema.org","@graph":[{"@type":"WebPage","@id":"https:\/\/www.pruvost-sports.com\/boutique\/produit\/jouets-aspergeurs-lot-de-12\/","url":"https:\/\/www.pruvost-sports.com\/boutique\/produit\/jouets-aspergeurs-lot-de-12\/","name":"Jouets aspergeurs - Lot de 12","isPartOf":{"@id":"https:\/\/www.pruvost-sports.com\/boutique\/#website"},"primaryImageOfPage":{"@id":"https:\/\/www.pruvost-sports.com\/boutique\/produit\/jouets-aspergeurs-lot-de-12\/#primaryimage"},"image":{"@id":"https:\/\/www.pruvost-sports.com\/boutique\/produit\/jouets-aspergeurs-lot-de-12\/#primaryimage"},"thumbnailUrl":"https:\/\/www.pruvost-sports.com\/boutique\/wp-content\/uploads\/2023\/07\/1792-Aspergeurs-animaux-marins-12-pieces.jpg","datePublished":"2023-07-07T08:05:18+00:00","dateModified":"2026-02-20T14:28:40+00:00","description":"Jouets aspergeurs lot de 12","breadcrumb":{"@id":"https:\/\/www.pruvost-sports.com\/boutique\/produit\/jouets-aspergeurs-lot-de-12\/#breadcrumb"},"inLanguage":"fr-FR","potentialAction":[{"@type":"ReadAction","target":["https:\/\/www.pruvost-sports.com\/boutique\/produit\/jouets-aspergeurs-lot-de-12\/"]}]},{"@type":"ImageObject","inLanguage":"fr-FR","@id":"https:\/\/www.pruvost-sports.com\/boutique\/produit\/jouets-aspergeurs-lot-de-12\/#primaryimage","url":"https:\/\/www.pruvost-sports.com\/boutique\/wp-content\/uploads\/2023\/07\/1792-Aspergeurs-animaux-marins-12-pieces.jpg","contentUrl":"https:\/\/www.pruvost-sports.com\/boutique\/wp-content\/uploads\/2023\/07\/1792-Aspergeurs-animaux-marins-12-pieces.jpg","width":500,"height":500,"caption":"Aspergeurs animaux marins 12 pi\u00e8ces"},{"@type":"BreadcrumbList","@id":"https:\/\/www.pruvost-sports.com\/boutique\/produit\/jouets-aspergeurs-lot-de-12\/#breadcrumb","itemListElement":[{"@type":"ListItem","position":1,"name":"Accueil","item":"https:\/\/www.pruvost-sports.com\/boutique\/"},{"@type":"ListItem","position":2,"name":"Boutique","item":"https:\/\/www.pruvost-sports.com\/boutique\/boutique\/"},{"@type":"ListItem","position":3,"name":"Jouets aspergeurs &#8211; Lot de 12"}]},{"@type":"WebSite","@id":"https:\/\/www.pruvost-sports.com\/boutique\/#website","url":"https:\/\/www.pruvost-sports.com\/boutique\/","name":"Pruvost sport piscine","description":"","potentialAction":[{"@type":"SearchAction","target":{"@type":"EntryPoint","urlTemplate":"https:\/\/www.pruvost-sports.com\/boutique\/?s={search_term_string}"},"query-input":{"@type":"PropertyValueSpecification","valueRequired":true,"valueName":"search_term_string"}}],"inLanguage":"fr-FR"}]}},"_links":{"self":[{"href":"https:\/\/www.pruvost-sports.com\/boutique\/wp-json\/wp\/v2\/product\/6004","targetHints":{"allow":["GET"]}}],"collection":[{"href":"https:\/\/www.pruvost-sports.com\/boutique\/wp-json\/wp\/v2\/product"}],"about":[{"href":"https:\/\/www.pruvost-sports.com\/boutique\/wp-json\/wp\/v2\/types\/product"}],"wp:featuredmedia":[{"embeddable":true,"href":"https:\/\/www.pruvost-sports.com\/boutique\/wp-json\/wp\/v2\/media\/6003"}],"wp:attachment":[{"href":"https:\/\/www.pruvost-sports.com\/boutique\/wp-json\/wp\/v2\/media?parent=6004"}],"wp:term":[{"taxonomy":"product_brand","embeddable":true,"href":"https:\/\/www.pruvost-sports.com\/boutique\/wp-json\/wp\/v2\/product_brand?post=6004"},{"taxonomy":"product_cat","embeddable":true,"href":"https:\/\/www.pruvost-sports.com\/boutique\/wp-json\/wp\/v2\/product_cat?post=6004"},{"taxonomy":"product_tag","embeddable":true,"href":"https:\/\/www.pruvost-sports.com\/boutique\/wp-json\/wp\/v2\/product_tag?post=6004"}],"curies":[{"name":"wp","href":"https:\/\/api.w.org\/{rel}","templated":true}]}}