{"id":5944,"date":"2023-06-26T15:48:28","date_gmt":"2023-06-26T13:48:28","guid":{"rendered":"https:\/\/www.pruvost-sports.com\/boutique\/?product=aquabike-falcon-4-3"},"modified":"2025-06-30T15:27:40","modified_gmt":"2025-06-30T13:27:40","slug":"aquabike-wrmaxair","status":"publish","type":"product","link":"https:\/\/www.pruvost-sports.com\/boutique\/produit\/aquabike-wrmaxair\/","title":{"rendered":"Aquabike Athl\u00e9tique- WR Max"},"content":{"rendered":"<p>Mati\u00e8re : 100% aluminium tech 6<br \/>\nR\u00e9sistance : r\u00e9sistance hydraulique 5 ailettes<\/p>\n<p>M\u00e9canisme : Manivelle de haute performance avec roulements \u00e9tanches, pour une rotation parfaite<br \/>\nP\u00e9dales : P\u00e9dales aqua double speed<br \/>\nGuidon : Guidon sport multi position<br \/>\nRoues : Roue\u00a0 de transport + patins ventouses en silicone<br \/>\nProtection : Protection silicone anti-rayure aux extr\u00e9mit\u00e9s<br \/>\nStabilit\u00e9 : Patins ventouses de stabilit\u00e9, blancs<br \/>\nRev\u00eatement : Adapt\u00e9 \u00e0 tous rev\u00eatements (liner, PVC, carrelage, coque polyester&#8230;)<\/p>\n<p>pack sports inclus<\/p>\n<p>&nbsp;<\/p>\n<p>&nbsp;<\/p>\n","protected":false},"excerpt":{"rendered":"<p>Dot\u00e9s de p\u00e9dales Aqua double speed, L&rsquo;aquabike de cat\u00e9gorie athl\u00e9tique comportent un syst\u00e8me permettant gr\u00e2ce \u00e0 son clapet d&rsquo;augmenter le niveau d&rsquo;intensit\u00e9 simplement au niveau de la position assise.<\/p>\n<p>L&rsquo;aquabike athl\u00e9tique poss\u00e8de le syst\u00e8me hydraulique \u00e0 5 ailettes fixes log\u00e9es sur le p\u00e9dalier.<\/p>\n<div class=\"woocommerce-product-details__short-description\">\n<p>Fiche technique en t\u00e9l\u00e9chargement ci dessous.<\/p>\n<\/div>\n<form class=\"cart\" action=\"https:\/\/www.pruvost-sports.com\/boutique\/produit\/aquabike-wr4-air\/\" enctype=\"multipart\/form-data\" method=\"post\">\n<div class=\"quantity\"><\/div>\n<\/form>\n<p>&nbsp;<\/p>\n<p>Fiche technique en t\u00e9l\u00e9chargement ci dessous<\/p>\n","protected":false},"featured_media":5943,"template":"","meta":[],"product_brand":[],"product_cat":[62],"product_tag":[],"class_list":{"0":"post-5944","1":"product","2":"type-product","3":"status-publish","4":"has-post-thumbnail","6":"product_cat-aquabike","8":"entry","9":"has-media","11":"first","12":"instock","13":"shipping-taxable","14":"purchasable","15":"product-type-simple","16":"col","17":"span_1_of_4","18":"owp-content-center","19":"owp-thumbs-layout-horizontal","20":"owp-btn-normal","21":"owp-tabs-layout-horizontal","22":"has-no-thumbnails"},"yoast_head":"<!-- This site is optimized with the Yoast SEO plugin v27.5 - https:\/\/yoast.com\/product\/yoast-seo-wordpress\/ -->\n<title>Aquabike Athl\u00e9tique- WR Max - Pruvost sport piscine<\/title>\n<meta name=\"robots\" content=\"index, follow, max-snippet:-1, max-image-preview:large, max-video-preview:-1\" \/>\n<link rel=\"canonical\" href=\"https:\/\/www.pruvost-sports.com\/boutique\/produit\/aquabike-wrmaxair\/\" \/>\n<meta property=\"og:locale\" content=\"fr_FR\" \/>\n<meta property=\"og:type\" content=\"article\" \/>\n<meta property=\"og:title\" content=\"Aquabike Athl\u00e9tique- WR Max - Pruvost sport piscine\" \/>\n<meta property=\"og:description\" content=\"Dot\u00e9s de p\u00e9dales Aqua double speed, L&#039;aquabike de cat\u00e9gorie athl\u00e9tique comportent un syst\u00e8me permettant gr\u00e2ce \u00e0 son clapet d&#039;augmenter le niveau d&#039;intensit\u00e9 simplement au niveau de la position assise.  L&#039;aquabike athl\u00e9tique poss\u00e8de le syst\u00e8me hydraulique \u00e0 5 ailettes fixes log\u00e9es sur le p\u00e9dalier.   Fiche technique en t\u00e9l\u00e9chargement ci dessous.     &nbsp;  Fiche technique en t\u00e9l\u00e9chargement ci dessous\" \/>\n<meta property=\"og:url\" content=\"https:\/\/www.pruvost-sports.com\/boutique\/produit\/aquabike-wrmaxair\/\" \/>\n<meta property=\"og:site_name\" content=\"Pruvost sport piscine\" \/>\n<meta property=\"article:modified_time\" content=\"2025-06-30T13:27:40+00:00\" \/>\n<meta property=\"og:image\" content=\"https:\/\/www.pruvost-sports.com\/boutique\/wp-content\/uploads\/2023\/06\/1779-Aquabike-WR-Max.jpg\" \/>\n\t<meta property=\"og:image:width\" content=\"1500\" \/>\n\t<meta property=\"og:image:height\" content=\"1500\" \/>\n\t<meta property=\"og:image:type\" content=\"image\/jpeg\" \/>\n<meta name=\"twitter:card\" content=\"summary_large_image\" \/>\n<meta name=\"twitter:label1\" content=\"Dur\u00e9e de lecture estim\u00e9e\" \/>\n\t<meta name=\"twitter:data1\" content=\"1 minute\" \/>\n<script type=\"application\/ld+json\" class=\"yoast-schema-graph\">{\"@context\":\"https:\\\/\\\/schema.org\",\"@graph\":[{\"@type\":\"WebPage\",\"@id\":\"https:\\\/\\\/www.pruvost-sports.com\\\/boutique\\\/produit\\\/aquabike-wrmaxair\\\/\",\"url\":\"https:\\\/\\\/www.pruvost-sports.com\\\/boutique\\\/produit\\\/aquabike-wrmaxair\\\/\",\"name\":\"Aquabike Athl\u00e9tique- WR Max - Pruvost sport piscine\",\"isPartOf\":{\"@id\":\"https:\\\/\\\/www.pruvost-sports.com\\\/boutique\\\/#website\"},\"primaryImageOfPage\":{\"@id\":\"https:\\\/\\\/www.pruvost-sports.com\\\/boutique\\\/produit\\\/aquabike-wrmaxair\\\/#primaryimage\"},\"image\":{\"@id\":\"https:\\\/\\\/www.pruvost-sports.com\\\/boutique\\\/produit\\\/aquabike-wrmaxair\\\/#primaryimage\"},\"thumbnailUrl\":\"https:\\\/\\\/www.pruvost-sports.com\\\/boutique\\\/wp-content\\\/uploads\\\/2023\\\/06\\\/1779-Aquabike-WR-Max.jpg\",\"datePublished\":\"2023-06-26T13:48:28+00:00\",\"dateModified\":\"2025-06-30T13:27:40+00:00\",\"breadcrumb\":{\"@id\":\"https:\\\/\\\/www.pruvost-sports.com\\\/boutique\\\/produit\\\/aquabike-wrmaxair\\\/#breadcrumb\"},\"inLanguage\":\"fr-FR\",\"potentialAction\":[{\"@type\":\"ReadAction\",\"target\":[\"https:\\\/\\\/www.pruvost-sports.com\\\/boutique\\\/produit\\\/aquabike-wrmaxair\\\/\"]}]},{\"@type\":\"ImageObject\",\"inLanguage\":\"fr-FR\",\"@id\":\"https:\\\/\\\/www.pruvost-sports.com\\\/boutique\\\/produit\\\/aquabike-wrmaxair\\\/#primaryimage\",\"url\":\"https:\\\/\\\/www.pruvost-sports.com\\\/boutique\\\/wp-content\\\/uploads\\\/2023\\\/06\\\/1779-Aquabike-WR-Max.jpg\",\"contentUrl\":\"https:\\\/\\\/www.pruvost-sports.com\\\/boutique\\\/wp-content\\\/uploads\\\/2023\\\/06\\\/1779-Aquabike-WR-Max.jpg\",\"width\":1500,\"height\":1500,\"caption\":\"Aquabike - WR Max\"},{\"@type\":\"BreadcrumbList\",\"@id\":\"https:\\\/\\\/www.pruvost-sports.com\\\/boutique\\\/produit\\\/aquabike-wrmaxair\\\/#breadcrumb\",\"itemListElement\":[{\"@type\":\"ListItem\",\"position\":1,\"name\":\"Accueil\",\"item\":\"https:\\\/\\\/www.pruvost-sports.com\\\/boutique\\\/\"},{\"@type\":\"ListItem\",\"position\":2,\"name\":\"Boutique\",\"item\":\"https:\\\/\\\/www.pruvost-sports.com\\\/boutique\\\/boutique\\\/\"},{\"@type\":\"ListItem\",\"position\":3,\"name\":\"Aquabike Athl\u00e9tique- WR Max\"}]},{\"@type\":\"WebSite\",\"@id\":\"https:\\\/\\\/www.pruvost-sports.com\\\/boutique\\\/#website\",\"url\":\"https:\\\/\\\/www.pruvost-sports.com\\\/boutique\\\/\",\"name\":\"Pruvost sport piscine\",\"description\":\"\",\"potentialAction\":[{\"@type\":\"SearchAction\",\"target\":{\"@type\":\"EntryPoint\",\"urlTemplate\":\"https:\\\/\\\/www.pruvost-sports.com\\\/boutique\\\/?s={search_term_string}\"},\"query-input\":{\"@type\":\"PropertyValueSpecification\",\"valueRequired\":true,\"valueName\":\"search_term_string\"}}],\"inLanguage\":\"fr-FR\"}]}<\/script>\n<!-- \/ Yoast SEO plugin. -->","yoast_head_json":{"title":"Aquabike Athl\u00e9tique- WR Max - Pruvost sport piscine","robots":{"index":"index","follow":"follow","max-snippet":"max-snippet:-1","max-image-preview":"max-image-preview:large","max-video-preview":"max-video-preview:-1"},"canonical":"https:\/\/www.pruvost-sports.com\/boutique\/produit\/aquabike-wrmaxair\/","og_locale":"fr_FR","og_type":"article","og_title":"Aquabike Athl\u00e9tique- WR Max - Pruvost sport piscine","og_description":"Dot\u00e9s de p\u00e9dales Aqua double speed, L'aquabike de cat\u00e9gorie athl\u00e9tique comportent un syst\u00e8me permettant gr\u00e2ce \u00e0 son clapet d'augmenter le niveau d'intensit\u00e9 simplement au niveau de la position assise.  L'aquabike athl\u00e9tique poss\u00e8de le syst\u00e8me hydraulique \u00e0 5 ailettes fixes log\u00e9es sur le p\u00e9dalier.   Fiche technique en t\u00e9l\u00e9chargement ci dessous.     &nbsp;  Fiche technique en t\u00e9l\u00e9chargement ci dessous","og_url":"https:\/\/www.pruvost-sports.com\/boutique\/produit\/aquabike-wrmaxair\/","og_site_name":"Pruvost sport piscine","article_modified_time":"2025-06-30T13:27:40+00:00","og_image":[{"width":1500,"height":1500,"url":"https:\/\/www.pruvost-sports.com\/boutique\/wp-content\/uploads\/2023\/06\/1779-Aquabike-WR-Max.jpg","type":"image\/jpeg"}],"twitter_card":"summary_large_image","twitter_misc":{"Dur\u00e9e de lecture estim\u00e9e":"1 minute"},"schema":{"@context":"https:\/\/schema.org","@graph":[{"@type":"WebPage","@id":"https:\/\/www.pruvost-sports.com\/boutique\/produit\/aquabike-wrmaxair\/","url":"https:\/\/www.pruvost-sports.com\/boutique\/produit\/aquabike-wrmaxair\/","name":"Aquabike Athl\u00e9tique- WR Max - Pruvost sport piscine","isPartOf":{"@id":"https:\/\/www.pruvost-sports.com\/boutique\/#website"},"primaryImageOfPage":{"@id":"https:\/\/www.pruvost-sports.com\/boutique\/produit\/aquabike-wrmaxair\/#primaryimage"},"image":{"@id":"https:\/\/www.pruvost-sports.com\/boutique\/produit\/aquabike-wrmaxair\/#primaryimage"},"thumbnailUrl":"https:\/\/www.pruvost-sports.com\/boutique\/wp-content\/uploads\/2023\/06\/1779-Aquabike-WR-Max.jpg","datePublished":"2023-06-26T13:48:28+00:00","dateModified":"2025-06-30T13:27:40+00:00","breadcrumb":{"@id":"https:\/\/www.pruvost-sports.com\/boutique\/produit\/aquabike-wrmaxair\/#breadcrumb"},"inLanguage":"fr-FR","potentialAction":[{"@type":"ReadAction","target":["https:\/\/www.pruvost-sports.com\/boutique\/produit\/aquabike-wrmaxair\/"]}]},{"@type":"ImageObject","inLanguage":"fr-FR","@id":"https:\/\/www.pruvost-sports.com\/boutique\/produit\/aquabike-wrmaxair\/#primaryimage","url":"https:\/\/www.pruvost-sports.com\/boutique\/wp-content\/uploads\/2023\/06\/1779-Aquabike-WR-Max.jpg","contentUrl":"https:\/\/www.pruvost-sports.com\/boutique\/wp-content\/uploads\/2023\/06\/1779-Aquabike-WR-Max.jpg","width":1500,"height":1500,"caption":"Aquabike - WR Max"},{"@type":"BreadcrumbList","@id":"https:\/\/www.pruvost-sports.com\/boutique\/produit\/aquabike-wrmaxair\/#breadcrumb","itemListElement":[{"@type":"ListItem","position":1,"name":"Accueil","item":"https:\/\/www.pruvost-sports.com\/boutique\/"},{"@type":"ListItem","position":2,"name":"Boutique","item":"https:\/\/www.pruvost-sports.com\/boutique\/boutique\/"},{"@type":"ListItem","position":3,"name":"Aquabike Athl\u00e9tique- WR Max"}]},{"@type":"WebSite","@id":"https:\/\/www.pruvost-sports.com\/boutique\/#website","url":"https:\/\/www.pruvost-sports.com\/boutique\/","name":"Pruvost sport piscine","description":"","potentialAction":[{"@type":"SearchAction","target":{"@type":"EntryPoint","urlTemplate":"https:\/\/www.pruvost-sports.com\/boutique\/?s={search_term_string}"},"query-input":{"@type":"PropertyValueSpecification","valueRequired":true,"valueName":"search_term_string"}}],"inLanguage":"fr-FR"}]}},"_links":{"self":[{"href":"https:\/\/www.pruvost-sports.com\/boutique\/wp-json\/wp\/v2\/product\/5944","targetHints":{"allow":["GET"]}}],"collection":[{"href":"https:\/\/www.pruvost-sports.com\/boutique\/wp-json\/wp\/v2\/product"}],"about":[{"href":"https:\/\/www.pruvost-sports.com\/boutique\/wp-json\/wp\/v2\/types\/product"}],"wp:featuredmedia":[{"embeddable":true,"href":"https:\/\/www.pruvost-sports.com\/boutique\/wp-json\/wp\/v2\/media\/5943"}],"wp:attachment":[{"href":"https:\/\/www.pruvost-sports.com\/boutique\/wp-json\/wp\/v2\/media?parent=5944"}],"wp:term":[{"taxonomy":"product_brand","embeddable":true,"href":"https:\/\/www.pruvost-sports.com\/boutique\/wp-json\/wp\/v2\/product_brand?post=5944"},{"taxonomy":"product_cat","embeddable":true,"href":"https:\/\/www.pruvost-sports.com\/boutique\/wp-json\/wp\/v2\/product_cat?post=5944"},{"taxonomy":"product_tag","embeddable":true,"href":"https:\/\/www.pruvost-sports.com\/boutique\/wp-json\/wp\/v2\/product_tag?post=5944"}],"curies":[{"name":"wp","href":"https:\/\/api.w.org\/{rel}","templated":true}]}}