{"id":5941,"date":"2023-06-26T15:46:30","date_gmt":"2023-06-26T13:46:30","guid":{"rendered":"https:\/\/www.pruvost-sports.com\/boutique\/?product=aquabike-falcon-4"},"modified":"2025-04-28T12:08:16","modified_gmt":"2025-04-28T10:08:16","slug":"aquabike-falcon-4","status":"publish","type":"product","link":"https:\/\/www.pruvost-sports.com\/boutique\/produit\/aquabike-falcon-4\/","title":{"rendered":"Aquabike Falcon air &#8211; AR18AIR"},"content":{"rendered":"<p>Mati\u00e8re : 100% aluminium tech 6<\/p>\n<p>Finition :\u00a0 Anodisation 15um<\/p>\n<p>R\u00e9sistance : R\u00e9sistance hydraulique r\u00e9glable<\/p>\n<p>Selle : Selle confort, design anatomique, assise confort &amp; entretien facilit\u00e9.<\/p>\n<p>P\u00e9dales : Aluminium et inox, p\u00e9dales ADS int\u00e8grent un clapet rabattable. Sa mousse recouvre la p\u00e9dale ainsi que l\u2019int\u00e9rieur de la sangle.<\/p>\n<p>Guidon : Design ergonomique avec poign\u00e9es de protection anti-rayure.<\/p>\n<p>R\u00e9glables : Ses multiples r\u00e9glages offrent de nombreuses positions en fonction des exercices, son angle de 45\u00b0 permet une assise<br \/>\nplus droite afin de soulager les lombaires.<\/p>\n<p>Roues : Roue de transport<\/p>\n<p>Stabilit\u00e9 : Patins ventouses en silicone anti-trace.<\/p>\n<p>Rev\u00eatement : Adapt\u00e9 \u00e0 tous rev\u00eatements (liner, PVC, carrelage, coque, polyester\u2026).<\/p>\n<p>Type d\u2019eau : Convient aux eaux thermales, eau de mer et eau chlor\u00e9e.<\/p>\n<p>Serrage : Syst\u00e8me innovant <em>click &amp; turn<\/em>\u00a0pour une position verticale, \u00e9vite de se blesser.<\/p>\n<p>Poids : 15.8 kg.<\/p>\n<p>Dimensions ferm\u00e9 : L 94 x l 55 x H 116 cm.<\/p>\n<p>Dimensions ouvert : L 112 x l 55\u00a0x H 153\u00a0cm.<\/p>\n<p>Profondeur : 1,10 m \u00e0 1,60 m.<\/p>\n<div id=\"left-area\"><\/div>\n","protected":false},"excerpt":{"rendered":"<p>Cette version sportive, le FALCON, est destin\u00e9e \u00e0 ceux qui veulent associer le cardio-training au renforcement musculaire.<\/p>\n<p>Vous appr\u00e9cierez sa grande fluidit\u00e9 lors du p\u00e9dalage et son confort d\u2019utilisation pied-nu. Cet aquabike est le plus polyvalent de sa cat\u00e9gorie.<\/p>\n<p>Il est con\u00e7u pour un usage intensif en eau chlor\u00e9e comme en eau de mer, id\u00e9al pour de la remise en forme ou r\u00e9\u00e9ducation aquatique.<\/p>\n<p>Poids plume de 15.8 kg<\/p>\n<p>Fiche technique en t\u00e9l\u00e9chargement ci dessous.<\/p>\n","protected":false},"featured_media":8923,"template":"","meta":[],"product_brand":[],"product_cat":[62],"product_tag":[754,2516,2514,2513,2515,2496],"class_list":{"0":"post-5941","1":"product","2":"type-product","3":"status-publish","4":"has-post-thumbnail","6":"product_cat-aquabike","7":"product_tag-aquabike","8":"product_tag-cardio-training","9":"product_tag-falcon-4","10":"product_tag-reeducation","11":"product_tag-renforcement-musculaire","12":"product_tag-sport-aquatique","14":"entry","15":"has-media","17":"first","18":"instock","19":"shipping-taxable","20":"purchasable","21":"product-type-simple","22":"col","23":"span_1_of_4","24":"owp-content-center","25":"owp-thumbs-layout-horizontal","26":"owp-btn-normal","27":"owp-tabs-layout-horizontal","28":"has-no-thumbnails"},"yoast_head":"<!-- This site is optimized with the Yoast SEO plugin v27.5 - https:\/\/yoast.com\/product\/yoast-seo-wordpress\/ -->\n<title>Aquabike FALCON 4<\/title>\n<meta name=\"description\" content=\"Aquabike falcon 4\" \/>\n<meta name=\"robots\" content=\"index, follow, max-snippet:-1, max-image-preview:large, max-video-preview:-1\" \/>\n<link rel=\"canonical\" href=\"https:\/\/www.pruvost-sports.com\/boutique\/produit\/aquabike-falcon-4\/\" \/>\n<meta property=\"og:locale\" content=\"fr_FR\" \/>\n<meta property=\"og:type\" content=\"article\" \/>\n<meta property=\"og:title\" content=\"Aquabike FALCON 4\" \/>\n<meta property=\"og:description\" content=\"Aquabike falcon 4\" \/>\n<meta property=\"og:url\" content=\"https:\/\/www.pruvost-sports.com\/boutique\/produit\/aquabike-falcon-4\/\" \/>\n<meta property=\"og:site_name\" content=\"Pruvost sport piscine\" \/>\n<meta property=\"article:modified_time\" content=\"2025-04-28T10:08:16+00:00\" \/>\n<meta property=\"og:image\" content=\"https:\/\/www.pruvost-sports.com\/boutique\/wp-content\/uploads\/2023\/06\/AR18AIR.jpg\" \/>\n\t<meta property=\"og:image:width\" content=\"1145\" \/>\n\t<meta property=\"og:image:height\" content=\"1500\" \/>\n\t<meta property=\"og:image:type\" content=\"image\/jpeg\" \/>\n<meta name=\"twitter:card\" content=\"summary_large_image\" \/>\n<meta name=\"twitter:label1\" content=\"Dur\u00e9e de lecture estim\u00e9e\" \/>\n\t<meta name=\"twitter:data1\" content=\"2 minutes\" \/>\n<script type=\"application\/ld+json\" class=\"yoast-schema-graph\">{\"@context\":\"https:\\\/\\\/schema.org\",\"@graph\":[{\"@type\":\"WebPage\",\"@id\":\"https:\\\/\\\/www.pruvost-sports.com\\\/boutique\\\/produit\\\/aquabike-falcon-4\\\/\",\"url\":\"https:\\\/\\\/www.pruvost-sports.com\\\/boutique\\\/produit\\\/aquabike-falcon-4\\\/\",\"name\":\"Aquabike FALCON 4\",\"isPartOf\":{\"@id\":\"https:\\\/\\\/www.pruvost-sports.com\\\/boutique\\\/#website\"},\"primaryImageOfPage\":{\"@id\":\"https:\\\/\\\/www.pruvost-sports.com\\\/boutique\\\/produit\\\/aquabike-falcon-4\\\/#primaryimage\"},\"image\":{\"@id\":\"https:\\\/\\\/www.pruvost-sports.com\\\/boutique\\\/produit\\\/aquabike-falcon-4\\\/#primaryimage\"},\"thumbnailUrl\":\"https:\\\/\\\/www.pruvost-sports.com\\\/boutique\\\/wp-content\\\/uploads\\\/2023\\\/06\\\/AR18AIR.jpg\",\"datePublished\":\"2023-06-26T13:46:30+00:00\",\"dateModified\":\"2025-04-28T10:08:16+00:00\",\"description\":\"Aquabike falcon 4\",\"breadcrumb\":{\"@id\":\"https:\\\/\\\/www.pruvost-sports.com\\\/boutique\\\/produit\\\/aquabike-falcon-4\\\/#breadcrumb\"},\"inLanguage\":\"fr-FR\",\"potentialAction\":[{\"@type\":\"ReadAction\",\"target\":[\"https:\\\/\\\/www.pruvost-sports.com\\\/boutique\\\/produit\\\/aquabike-falcon-4\\\/\"]}]},{\"@type\":\"ImageObject\",\"inLanguage\":\"fr-FR\",\"@id\":\"https:\\\/\\\/www.pruvost-sports.com\\\/boutique\\\/produit\\\/aquabike-falcon-4\\\/#primaryimage\",\"url\":\"https:\\\/\\\/www.pruvost-sports.com\\\/boutique\\\/wp-content\\\/uploads\\\/2023\\\/06\\\/AR18AIR.jpg\",\"contentUrl\":\"https:\\\/\\\/www.pruvost-sports.com\\\/boutique\\\/wp-content\\\/uploads\\\/2023\\\/06\\\/AR18AIR.jpg\",\"width\":1145,\"height\":1500},{\"@type\":\"BreadcrumbList\",\"@id\":\"https:\\\/\\\/www.pruvost-sports.com\\\/boutique\\\/produit\\\/aquabike-falcon-4\\\/#breadcrumb\",\"itemListElement\":[{\"@type\":\"ListItem\",\"position\":1,\"name\":\"Accueil\",\"item\":\"https:\\\/\\\/www.pruvost-sports.com\\\/boutique\\\/\"},{\"@type\":\"ListItem\",\"position\":2,\"name\":\"Boutique\",\"item\":\"https:\\\/\\\/www.pruvost-sports.com\\\/boutique\\\/boutique\\\/\"},{\"@type\":\"ListItem\",\"position\":3,\"name\":\"Aquabike Falcon air &#8211; AR18AIR\"}]},{\"@type\":\"WebSite\",\"@id\":\"https:\\\/\\\/www.pruvost-sports.com\\\/boutique\\\/#website\",\"url\":\"https:\\\/\\\/www.pruvost-sports.com\\\/boutique\\\/\",\"name\":\"Pruvost sport piscine\",\"description\":\"\",\"potentialAction\":[{\"@type\":\"SearchAction\",\"target\":{\"@type\":\"EntryPoint\",\"urlTemplate\":\"https:\\\/\\\/www.pruvost-sports.com\\\/boutique\\\/?s={search_term_string}\"},\"query-input\":{\"@type\":\"PropertyValueSpecification\",\"valueRequired\":true,\"valueName\":\"search_term_string\"}}],\"inLanguage\":\"fr-FR\"}]}<\/script>\n<!-- \/ Yoast SEO plugin. -->","yoast_head_json":{"title":"Aquabike FALCON 4","description":"Aquabike falcon 4","robots":{"index":"index","follow":"follow","max-snippet":"max-snippet:-1","max-image-preview":"max-image-preview:large","max-video-preview":"max-video-preview:-1"},"canonical":"https:\/\/www.pruvost-sports.com\/boutique\/produit\/aquabike-falcon-4\/","og_locale":"fr_FR","og_type":"article","og_title":"Aquabike FALCON 4","og_description":"Aquabike falcon 4","og_url":"https:\/\/www.pruvost-sports.com\/boutique\/produit\/aquabike-falcon-4\/","og_site_name":"Pruvost sport piscine","article_modified_time":"2025-04-28T10:08:16+00:00","og_image":[{"width":1145,"height":1500,"url":"https:\/\/www.pruvost-sports.com\/boutique\/wp-content\/uploads\/2023\/06\/AR18AIR.jpg","type":"image\/jpeg"}],"twitter_card":"summary_large_image","twitter_misc":{"Dur\u00e9e de lecture estim\u00e9e":"2 minutes"},"schema":{"@context":"https:\/\/schema.org","@graph":[{"@type":"WebPage","@id":"https:\/\/www.pruvost-sports.com\/boutique\/produit\/aquabike-falcon-4\/","url":"https:\/\/www.pruvost-sports.com\/boutique\/produit\/aquabike-falcon-4\/","name":"Aquabike FALCON 4","isPartOf":{"@id":"https:\/\/www.pruvost-sports.com\/boutique\/#website"},"primaryImageOfPage":{"@id":"https:\/\/www.pruvost-sports.com\/boutique\/produit\/aquabike-falcon-4\/#primaryimage"},"image":{"@id":"https:\/\/www.pruvost-sports.com\/boutique\/produit\/aquabike-falcon-4\/#primaryimage"},"thumbnailUrl":"https:\/\/www.pruvost-sports.com\/boutique\/wp-content\/uploads\/2023\/06\/AR18AIR.jpg","datePublished":"2023-06-26T13:46:30+00:00","dateModified":"2025-04-28T10:08:16+00:00","description":"Aquabike falcon 4","breadcrumb":{"@id":"https:\/\/www.pruvost-sports.com\/boutique\/produit\/aquabike-falcon-4\/#breadcrumb"},"inLanguage":"fr-FR","potentialAction":[{"@type":"ReadAction","target":["https:\/\/www.pruvost-sports.com\/boutique\/produit\/aquabike-falcon-4\/"]}]},{"@type":"ImageObject","inLanguage":"fr-FR","@id":"https:\/\/www.pruvost-sports.com\/boutique\/produit\/aquabike-falcon-4\/#primaryimage","url":"https:\/\/www.pruvost-sports.com\/boutique\/wp-content\/uploads\/2023\/06\/AR18AIR.jpg","contentUrl":"https:\/\/www.pruvost-sports.com\/boutique\/wp-content\/uploads\/2023\/06\/AR18AIR.jpg","width":1145,"height":1500},{"@type":"BreadcrumbList","@id":"https:\/\/www.pruvost-sports.com\/boutique\/produit\/aquabike-falcon-4\/#breadcrumb","itemListElement":[{"@type":"ListItem","position":1,"name":"Accueil","item":"https:\/\/www.pruvost-sports.com\/boutique\/"},{"@type":"ListItem","position":2,"name":"Boutique","item":"https:\/\/www.pruvost-sports.com\/boutique\/boutique\/"},{"@type":"ListItem","position":3,"name":"Aquabike Falcon air &#8211; AR18AIR"}]},{"@type":"WebSite","@id":"https:\/\/www.pruvost-sports.com\/boutique\/#website","url":"https:\/\/www.pruvost-sports.com\/boutique\/","name":"Pruvost sport piscine","description":"","potentialAction":[{"@type":"SearchAction","target":{"@type":"EntryPoint","urlTemplate":"https:\/\/www.pruvost-sports.com\/boutique\/?s={search_term_string}"},"query-input":{"@type":"PropertyValueSpecification","valueRequired":true,"valueName":"search_term_string"}}],"inLanguage":"fr-FR"}]}},"_links":{"self":[{"href":"https:\/\/www.pruvost-sports.com\/boutique\/wp-json\/wp\/v2\/product\/5941","targetHints":{"allow":["GET"]}}],"collection":[{"href":"https:\/\/www.pruvost-sports.com\/boutique\/wp-json\/wp\/v2\/product"}],"about":[{"href":"https:\/\/www.pruvost-sports.com\/boutique\/wp-json\/wp\/v2\/types\/product"}],"wp:featuredmedia":[{"embeddable":true,"href":"https:\/\/www.pruvost-sports.com\/boutique\/wp-json\/wp\/v2\/media\/8923"}],"wp:attachment":[{"href":"https:\/\/www.pruvost-sports.com\/boutique\/wp-json\/wp\/v2\/media?parent=5941"}],"wp:term":[{"taxonomy":"product_brand","embeddable":true,"href":"https:\/\/www.pruvost-sports.com\/boutique\/wp-json\/wp\/v2\/product_brand?post=5941"},{"taxonomy":"product_cat","embeddable":true,"href":"https:\/\/www.pruvost-sports.com\/boutique\/wp-json\/wp\/v2\/product_cat?post=5941"},{"taxonomy":"product_tag","embeddable":true,"href":"https:\/\/www.pruvost-sports.com\/boutique\/wp-json\/wp\/v2\/product_tag?post=5941"}],"curies":[{"name":"wp","href":"https:\/\/api.w.org\/{rel}","templated":true}]}}