{"id":5906,"date":"2023-06-26T15:03:11","date_gmt":"2023-06-26T13:03:11","guid":{"rendered":"https:\/\/www.pruvost-sports.com\/boutique\/?product=champ-de-jeu-de-water-polo-homme"},"modified":"2024-12-10T11:57:37","modified_gmt":"2024-12-10T10:57:37","slug":"champ-de-jeu-de-water-polo-homme","status":"publish","type":"product","link":"https:\/\/www.pruvost-sports.com\/boutique\/produit\/champ-de-jeu-de-water-polo-homme\/","title":{"rendered":"Champs de jeu de water-polo &#8211; Homme \/ Femme"},"content":{"rendered":"<p>Taille adaptable \u00e0 votre bassin, indispensable pour la comp\u00e9tition et les entra\u00eenements.<\/p>\n<p>Pour plus de renseignement, merci de nous contacter au 02 32 57 03 52.<\/p>\n<p>Accessoires en lien :<\/p>\n<p><span style=\"text-decoration: underline;\"><em><a href=\"\/boutique\/lang\/1222-but-de-water-polo-flottant-.html\"><br \/>\nBut de Water-Polo<\/a><\/em><\/span><\/p>\n<p><em><a href=\"\/boutique\/lang\/1221-plateforme-d-arbitre-water-polo.html\">Plateforme d&rsquo;arbitre de Water-Polo<\/a><\/em><\/p>\n","protected":false},"excerpt":{"rendered":"<p>Ce champs de jeu officiel est id\u00e9al pour les clubs et les comp\u00e9titions.<\/p>\n","protected":false},"featured_media":5904,"template":"","meta":[],"product_brand":[],"product_cat":[19],"product_tag":[2503,2494],"class_list":{"0":"post-5906","1":"product","2":"type-product","3":"status-publish","4":"has-post-thumbnail","6":"product_cat-water-polo-et-aquasport","7":"product_tag-champs-de-jeu-water-polo","8":"product_tag-water-polo","10":"entry","11":"has-media","13":"first","14":"instock","15":"shipping-taxable","16":"purchasable","17":"product-type-simple","18":"col","19":"span_1_of_4","20":"owp-content-center","21":"owp-thumbs-layout-horizontal","22":"owp-btn-normal","23":"owp-tabs-layout-horizontal"},"yoast_head":"<!-- This site is optimized with the Yoast SEO plugin v27.5 - https:\/\/yoast.com\/product\/yoast-seo-wordpress\/ -->\n<title>Champs de jeu de water-polo - Homme \/ Femme - Pruvost sport piscine<\/title>\n<meta name=\"robots\" content=\"index, follow, max-snippet:-1, max-image-preview:large, max-video-preview:-1\" \/>\n<link rel=\"canonical\" href=\"https:\/\/www.pruvost-sports.com\/boutique\/produit\/champ-de-jeu-de-water-polo-homme\/\" \/>\n<meta property=\"og:locale\" content=\"fr_FR\" \/>\n<meta property=\"og:type\" content=\"article\" \/>\n<meta property=\"og:title\" content=\"Champs de jeu de water-polo - Homme \/ Femme - Pruvost sport piscine\" \/>\n<meta property=\"og:description\" content=\"Ce champs de jeu officiel est id\u00e9al pour les clubs et les comp\u00e9titions.\" \/>\n<meta property=\"og:url\" content=\"https:\/\/www.pruvost-sports.com\/boutique\/produit\/champ-de-jeu-de-water-polo-homme\/\" \/>\n<meta property=\"og:site_name\" content=\"Pruvost sport piscine\" \/>\n<meta property=\"article:modified_time\" content=\"2024-12-10T10:57:37+00:00\" \/>\n<meta property=\"og:image\" content=\"https:\/\/www.pruvost-sports.com\/boutique\/wp-content\/uploads\/2023\/06\/1760-Champ-de-jeu-de-water-polo-Homme.jpg\" \/>\n\t<meta property=\"og:image:width\" content=\"800\" \/>\n\t<meta property=\"og:image:height\" content=\"800\" \/>\n\t<meta property=\"og:image:type\" content=\"image\/jpeg\" \/>\n<meta name=\"twitter:card\" content=\"summary_large_image\" \/>\n<meta name=\"twitter:label1\" content=\"Dur\u00e9e de lecture estim\u00e9e\" \/>\n\t<meta name=\"twitter:data1\" content=\"1 minute\" \/>\n<script type=\"application\/ld+json\" class=\"yoast-schema-graph\">{\"@context\":\"https:\\\/\\\/schema.org\",\"@graph\":[{\"@type\":\"WebPage\",\"@id\":\"https:\\\/\\\/www.pruvost-sports.com\\\/boutique\\\/produit\\\/champ-de-jeu-de-water-polo-homme\\\/\",\"url\":\"https:\\\/\\\/www.pruvost-sports.com\\\/boutique\\\/produit\\\/champ-de-jeu-de-water-polo-homme\\\/\",\"name\":\"Champs de jeu de water-polo - Homme \\\/ Femme - Pruvost sport piscine\",\"isPartOf\":{\"@id\":\"https:\\\/\\\/www.pruvost-sports.com\\\/boutique\\\/#website\"},\"primaryImageOfPage\":{\"@id\":\"https:\\\/\\\/www.pruvost-sports.com\\\/boutique\\\/produit\\\/champ-de-jeu-de-water-polo-homme\\\/#primaryimage\"},\"image\":{\"@id\":\"https:\\\/\\\/www.pruvost-sports.com\\\/boutique\\\/produit\\\/champ-de-jeu-de-water-polo-homme\\\/#primaryimage\"},\"thumbnailUrl\":\"https:\\\/\\\/www.pruvost-sports.com\\\/boutique\\\/wp-content\\\/uploads\\\/2023\\\/06\\\/1760-Champ-de-jeu-de-water-polo-Homme.jpg\",\"datePublished\":\"2023-06-26T13:03:11+00:00\",\"dateModified\":\"2024-12-10T10:57:37+00:00\",\"breadcrumb\":{\"@id\":\"https:\\\/\\\/www.pruvost-sports.com\\\/boutique\\\/produit\\\/champ-de-jeu-de-water-polo-homme\\\/#breadcrumb\"},\"inLanguage\":\"fr-FR\",\"potentialAction\":[{\"@type\":\"ReadAction\",\"target\":[\"https:\\\/\\\/www.pruvost-sports.com\\\/boutique\\\/produit\\\/champ-de-jeu-de-water-polo-homme\\\/\"]}]},{\"@type\":\"ImageObject\",\"inLanguage\":\"fr-FR\",\"@id\":\"https:\\\/\\\/www.pruvost-sports.com\\\/boutique\\\/produit\\\/champ-de-jeu-de-water-polo-homme\\\/#primaryimage\",\"url\":\"https:\\\/\\\/www.pruvost-sports.com\\\/boutique\\\/wp-content\\\/uploads\\\/2023\\\/06\\\/1760-Champ-de-jeu-de-water-polo-Homme.jpg\",\"contentUrl\":\"https:\\\/\\\/www.pruvost-sports.com\\\/boutique\\\/wp-content\\\/uploads\\\/2023\\\/06\\\/1760-Champ-de-jeu-de-water-polo-Homme.jpg\",\"width\":800,\"height\":800,\"caption\":\"Champ de jeu de water-polo - Homme\"},{\"@type\":\"BreadcrumbList\",\"@id\":\"https:\\\/\\\/www.pruvost-sports.com\\\/boutique\\\/produit\\\/champ-de-jeu-de-water-polo-homme\\\/#breadcrumb\",\"itemListElement\":[{\"@type\":\"ListItem\",\"position\":1,\"name\":\"Accueil\",\"item\":\"https:\\\/\\\/www.pruvost-sports.com\\\/boutique\\\/\"},{\"@type\":\"ListItem\",\"position\":2,\"name\":\"Boutique\",\"item\":\"https:\\\/\\\/www.pruvost-sports.com\\\/boutique\\\/boutique\\\/\"},{\"@type\":\"ListItem\",\"position\":3,\"name\":\"Champs de jeu de water-polo &#8211; Homme \\\/ Femme\"}]},{\"@type\":\"WebSite\",\"@id\":\"https:\\\/\\\/www.pruvost-sports.com\\\/boutique\\\/#website\",\"url\":\"https:\\\/\\\/www.pruvost-sports.com\\\/boutique\\\/\",\"name\":\"Pruvost sport piscine\",\"description\":\"\",\"potentialAction\":[{\"@type\":\"SearchAction\",\"target\":{\"@type\":\"EntryPoint\",\"urlTemplate\":\"https:\\\/\\\/www.pruvost-sports.com\\\/boutique\\\/?s={search_term_string}\"},\"query-input\":{\"@type\":\"PropertyValueSpecification\",\"valueRequired\":true,\"valueName\":\"search_term_string\"}}],\"inLanguage\":\"fr-FR\"}]}<\/script>\n<!-- \/ Yoast SEO plugin. -->","yoast_head_json":{"title":"Champs de jeu de water-polo - Homme \/ Femme - Pruvost sport piscine","robots":{"index":"index","follow":"follow","max-snippet":"max-snippet:-1","max-image-preview":"max-image-preview:large","max-video-preview":"max-video-preview:-1"},"canonical":"https:\/\/www.pruvost-sports.com\/boutique\/produit\/champ-de-jeu-de-water-polo-homme\/","og_locale":"fr_FR","og_type":"article","og_title":"Champs de jeu de water-polo - Homme \/ Femme - Pruvost sport piscine","og_description":"Ce champs de jeu officiel est id\u00e9al pour les clubs et les comp\u00e9titions.","og_url":"https:\/\/www.pruvost-sports.com\/boutique\/produit\/champ-de-jeu-de-water-polo-homme\/","og_site_name":"Pruvost sport piscine","article_modified_time":"2024-12-10T10:57:37+00:00","og_image":[{"width":800,"height":800,"url":"https:\/\/www.pruvost-sports.com\/boutique\/wp-content\/uploads\/2023\/06\/1760-Champ-de-jeu-de-water-polo-Homme.jpg","type":"image\/jpeg"}],"twitter_card":"summary_large_image","twitter_misc":{"Dur\u00e9e de lecture estim\u00e9e":"1 minute"},"schema":{"@context":"https:\/\/schema.org","@graph":[{"@type":"WebPage","@id":"https:\/\/www.pruvost-sports.com\/boutique\/produit\/champ-de-jeu-de-water-polo-homme\/","url":"https:\/\/www.pruvost-sports.com\/boutique\/produit\/champ-de-jeu-de-water-polo-homme\/","name":"Champs de jeu de water-polo - Homme \/ Femme - Pruvost sport piscine","isPartOf":{"@id":"https:\/\/www.pruvost-sports.com\/boutique\/#website"},"primaryImageOfPage":{"@id":"https:\/\/www.pruvost-sports.com\/boutique\/produit\/champ-de-jeu-de-water-polo-homme\/#primaryimage"},"image":{"@id":"https:\/\/www.pruvost-sports.com\/boutique\/produit\/champ-de-jeu-de-water-polo-homme\/#primaryimage"},"thumbnailUrl":"https:\/\/www.pruvost-sports.com\/boutique\/wp-content\/uploads\/2023\/06\/1760-Champ-de-jeu-de-water-polo-Homme.jpg","datePublished":"2023-06-26T13:03:11+00:00","dateModified":"2024-12-10T10:57:37+00:00","breadcrumb":{"@id":"https:\/\/www.pruvost-sports.com\/boutique\/produit\/champ-de-jeu-de-water-polo-homme\/#breadcrumb"},"inLanguage":"fr-FR","potentialAction":[{"@type":"ReadAction","target":["https:\/\/www.pruvost-sports.com\/boutique\/produit\/champ-de-jeu-de-water-polo-homme\/"]}]},{"@type":"ImageObject","inLanguage":"fr-FR","@id":"https:\/\/www.pruvost-sports.com\/boutique\/produit\/champ-de-jeu-de-water-polo-homme\/#primaryimage","url":"https:\/\/www.pruvost-sports.com\/boutique\/wp-content\/uploads\/2023\/06\/1760-Champ-de-jeu-de-water-polo-Homme.jpg","contentUrl":"https:\/\/www.pruvost-sports.com\/boutique\/wp-content\/uploads\/2023\/06\/1760-Champ-de-jeu-de-water-polo-Homme.jpg","width":800,"height":800,"caption":"Champ de jeu de water-polo - Homme"},{"@type":"BreadcrumbList","@id":"https:\/\/www.pruvost-sports.com\/boutique\/produit\/champ-de-jeu-de-water-polo-homme\/#breadcrumb","itemListElement":[{"@type":"ListItem","position":1,"name":"Accueil","item":"https:\/\/www.pruvost-sports.com\/boutique\/"},{"@type":"ListItem","position":2,"name":"Boutique","item":"https:\/\/www.pruvost-sports.com\/boutique\/boutique\/"},{"@type":"ListItem","position":3,"name":"Champs de jeu de water-polo &#8211; Homme \/ Femme"}]},{"@type":"WebSite","@id":"https:\/\/www.pruvost-sports.com\/boutique\/#website","url":"https:\/\/www.pruvost-sports.com\/boutique\/","name":"Pruvost sport piscine","description":"","potentialAction":[{"@type":"SearchAction","target":{"@type":"EntryPoint","urlTemplate":"https:\/\/www.pruvost-sports.com\/boutique\/?s={search_term_string}"},"query-input":{"@type":"PropertyValueSpecification","valueRequired":true,"valueName":"search_term_string"}}],"inLanguage":"fr-FR"}]}},"_links":{"self":[{"href":"https:\/\/www.pruvost-sports.com\/boutique\/wp-json\/wp\/v2\/product\/5906","targetHints":{"allow":["GET"]}}],"collection":[{"href":"https:\/\/www.pruvost-sports.com\/boutique\/wp-json\/wp\/v2\/product"}],"about":[{"href":"https:\/\/www.pruvost-sports.com\/boutique\/wp-json\/wp\/v2\/types\/product"}],"wp:featuredmedia":[{"embeddable":true,"href":"https:\/\/www.pruvost-sports.com\/boutique\/wp-json\/wp\/v2\/media\/5904"}],"wp:attachment":[{"href":"https:\/\/www.pruvost-sports.com\/boutique\/wp-json\/wp\/v2\/media?parent=5906"}],"wp:term":[{"taxonomy":"product_brand","embeddable":true,"href":"https:\/\/www.pruvost-sports.com\/boutique\/wp-json\/wp\/v2\/product_brand?post=5906"},{"taxonomy":"product_cat","embeddable":true,"href":"https:\/\/www.pruvost-sports.com\/boutique\/wp-json\/wp\/v2\/product_cat?post=5906"},{"taxonomy":"product_tag","embeddable":true,"href":"https:\/\/www.pruvost-sports.com\/boutique\/wp-json\/wp\/v2\/product_tag?post=5906"}],"curies":[{"name":"wp","href":"https:\/\/api.w.org\/{rel}","templated":true}]}}