{"id":5897,"date":"2023-06-26T14:59:41","date_gmt":"2023-06-26T12:59:41","guid":{"rendered":"https:\/\/www.pruvost-sports.com\/boutique\/?product=lache-de-ballon-water-polo"},"modified":"2024-12-10T11:59:32","modified_gmt":"2024-12-10T10:59:32","slug":"lache-de-ballon-water-polo","status":"publish","type":"product","link":"https:\/\/www.pruvost-sports.com\/boutique\/produit\/lache-de-ballon-water-polo\/","title":{"rendered":"L\u00e2ch\u00e9 de ballon water-polo"},"content":{"rendered":"<p>Le l\u00e2ch\u00e9 de ballon permet de lancer le ballon de mani\u00e8re pr\u00e9cise au d\u00e9but des matchs de water-polo.<\/p>\n<p>Un incontournable pour les matchs et les entra\u00eenements.<\/p>\n","protected":false},"excerpt":{"rendered":"<p>L\u00e2ch\u00e9 de ballon de Water-Polo.<\/p>\n","protected":false},"featured_media":5895,"template":"","meta":[],"product_brand":[],"product_cat":[71],"product_tag":[2501,2502,2494],"class_list":{"0":"post-5897","1":"product","2":"type-product","3":"status-publish","4":"has-post-thumbnail","6":"product_cat-accessoires-water-polo","7":"product_tag-lache-de-ballon-water-polo","8":"product_tag-match-water-polo","9":"product_tag-water-polo","11":"entry","12":"has-media","14":"first","15":"instock","16":"shipping-taxable","17":"purchasable","18":"product-type-simple","19":"col","20":"span_1_of_4","21":"owp-content-center","22":"owp-thumbs-layout-horizontal","23":"owp-btn-normal","24":"owp-tabs-layout-horizontal","25":"has-no-thumbnails"},"yoast_head":"<!-- This site is optimized with the Yoast SEO plugin v27.5 - https:\/\/yoast.com\/product\/yoast-seo-wordpress\/ -->\n<title>L\u00e2ch\u00e9 de ballon de Water-Polo.<\/title>\n<meta name=\"description\" content=\"L\u00e2ch\u00e9 de balle ballon water-polo\" \/>\n<meta name=\"robots\" content=\"index, follow, max-snippet:-1, max-image-preview:large, max-video-preview:-1\" \/>\n<link rel=\"canonical\" href=\"https:\/\/www.pruvost-sports.com\/boutique\/produit\/lache-de-ballon-water-polo\/\" \/>\n<meta property=\"og:locale\" content=\"fr_FR\" \/>\n<meta property=\"og:type\" content=\"article\" \/>\n<meta property=\"og:title\" content=\"L\u00e2ch\u00e9 de ballon de Water-Polo.\" \/>\n<meta property=\"og:description\" content=\"L\u00e2ch\u00e9 de balle ballon water-polo\" \/>\n<meta property=\"og:url\" content=\"https:\/\/www.pruvost-sports.com\/boutique\/produit\/lache-de-ballon-water-polo\/\" \/>\n<meta property=\"og:site_name\" content=\"Pruvost sport piscine\" \/>\n<meta property=\"article:modified_time\" content=\"2024-12-10T10:59:32+00:00\" \/>\n<meta property=\"og:image\" content=\"https:\/\/www.pruvost-sports.com\/boutique\/wp-content\/uploads\/2023\/06\/1757-Lache-de-ballon-water-polo.jpg\" \/>\n\t<meta property=\"og:image:width\" content=\"1024\" \/>\n\t<meta property=\"og:image:height\" content=\"694\" \/>\n\t<meta property=\"og:image:type\" content=\"image\/jpeg\" \/>\n<meta name=\"twitter:card\" content=\"summary_large_image\" \/>\n<meta name=\"twitter:label1\" content=\"Dur\u00e9e de lecture estim\u00e9e\" \/>\n\t<meta name=\"twitter:data1\" content=\"1 minute\" \/>\n<script type=\"application\/ld+json\" class=\"yoast-schema-graph\">{\"@context\":\"https:\\\/\\\/schema.org\",\"@graph\":[{\"@type\":\"WebPage\",\"@id\":\"https:\\\/\\\/www.pruvost-sports.com\\\/boutique\\\/produit\\\/lache-de-ballon-water-polo\\\/\",\"url\":\"https:\\\/\\\/www.pruvost-sports.com\\\/boutique\\\/produit\\\/lache-de-ballon-water-polo\\\/\",\"name\":\"L\u00e2ch\u00e9 de ballon de Water-Polo.\",\"isPartOf\":{\"@id\":\"https:\\\/\\\/www.pruvost-sports.com\\\/boutique\\\/#website\"},\"primaryImageOfPage\":{\"@id\":\"https:\\\/\\\/www.pruvost-sports.com\\\/boutique\\\/produit\\\/lache-de-ballon-water-polo\\\/#primaryimage\"},\"image\":{\"@id\":\"https:\\\/\\\/www.pruvost-sports.com\\\/boutique\\\/produit\\\/lache-de-ballon-water-polo\\\/#primaryimage\"},\"thumbnailUrl\":\"https:\\\/\\\/www.pruvost-sports.com\\\/boutique\\\/wp-content\\\/uploads\\\/2023\\\/06\\\/1757-Lache-de-ballon-water-polo.jpg\",\"datePublished\":\"2023-06-26T12:59:41+00:00\",\"dateModified\":\"2024-12-10T10:59:32+00:00\",\"description\":\"L\u00e2ch\u00e9 de balle ballon water-polo\",\"breadcrumb\":{\"@id\":\"https:\\\/\\\/www.pruvost-sports.com\\\/boutique\\\/produit\\\/lache-de-ballon-water-polo\\\/#breadcrumb\"},\"inLanguage\":\"fr-FR\",\"potentialAction\":[{\"@type\":\"ReadAction\",\"target\":[\"https:\\\/\\\/www.pruvost-sports.com\\\/boutique\\\/produit\\\/lache-de-ballon-water-polo\\\/\"]}]},{\"@type\":\"ImageObject\",\"inLanguage\":\"fr-FR\",\"@id\":\"https:\\\/\\\/www.pruvost-sports.com\\\/boutique\\\/produit\\\/lache-de-ballon-water-polo\\\/#primaryimage\",\"url\":\"https:\\\/\\\/www.pruvost-sports.com\\\/boutique\\\/wp-content\\\/uploads\\\/2023\\\/06\\\/1757-Lache-de-ballon-water-polo.jpg\",\"contentUrl\":\"https:\\\/\\\/www.pruvost-sports.com\\\/boutique\\\/wp-content\\\/uploads\\\/2023\\\/06\\\/1757-Lache-de-ballon-water-polo.jpg\",\"width\":1024,\"height\":694,\"caption\":\"Lach\u00e9 de ballon water-polo\"},{\"@type\":\"BreadcrumbList\",\"@id\":\"https:\\\/\\\/www.pruvost-sports.com\\\/boutique\\\/produit\\\/lache-de-ballon-water-polo\\\/#breadcrumb\",\"itemListElement\":[{\"@type\":\"ListItem\",\"position\":1,\"name\":\"Accueil\",\"item\":\"https:\\\/\\\/www.pruvost-sports.com\\\/boutique\\\/\"},{\"@type\":\"ListItem\",\"position\":2,\"name\":\"Boutique\",\"item\":\"https:\\\/\\\/www.pruvost-sports.com\\\/boutique\\\/boutique\\\/\"},{\"@type\":\"ListItem\",\"position\":3,\"name\":\"L\u00e2ch\u00e9 de ballon water-polo\"}]},{\"@type\":\"WebSite\",\"@id\":\"https:\\\/\\\/www.pruvost-sports.com\\\/boutique\\\/#website\",\"url\":\"https:\\\/\\\/www.pruvost-sports.com\\\/boutique\\\/\",\"name\":\"Pruvost sport piscine\",\"description\":\"\",\"potentialAction\":[{\"@type\":\"SearchAction\",\"target\":{\"@type\":\"EntryPoint\",\"urlTemplate\":\"https:\\\/\\\/www.pruvost-sports.com\\\/boutique\\\/?s={search_term_string}\"},\"query-input\":{\"@type\":\"PropertyValueSpecification\",\"valueRequired\":true,\"valueName\":\"search_term_string\"}}],\"inLanguage\":\"fr-FR\"}]}<\/script>\n<!-- \/ Yoast SEO plugin. -->","yoast_head_json":{"title":"L\u00e2ch\u00e9 de ballon de Water-Polo.","description":"L\u00e2ch\u00e9 de balle ballon water-polo","robots":{"index":"index","follow":"follow","max-snippet":"max-snippet:-1","max-image-preview":"max-image-preview:large","max-video-preview":"max-video-preview:-1"},"canonical":"https:\/\/www.pruvost-sports.com\/boutique\/produit\/lache-de-ballon-water-polo\/","og_locale":"fr_FR","og_type":"article","og_title":"L\u00e2ch\u00e9 de ballon de Water-Polo.","og_description":"L\u00e2ch\u00e9 de balle ballon water-polo","og_url":"https:\/\/www.pruvost-sports.com\/boutique\/produit\/lache-de-ballon-water-polo\/","og_site_name":"Pruvost sport piscine","article_modified_time":"2024-12-10T10:59:32+00:00","og_image":[{"width":1024,"height":694,"url":"https:\/\/www.pruvost-sports.com\/boutique\/wp-content\/uploads\/2023\/06\/1757-Lache-de-ballon-water-polo.jpg","type":"image\/jpeg"}],"twitter_card":"summary_large_image","twitter_misc":{"Dur\u00e9e de lecture estim\u00e9e":"1 minute"},"schema":{"@context":"https:\/\/schema.org","@graph":[{"@type":"WebPage","@id":"https:\/\/www.pruvost-sports.com\/boutique\/produit\/lache-de-ballon-water-polo\/","url":"https:\/\/www.pruvost-sports.com\/boutique\/produit\/lache-de-ballon-water-polo\/","name":"L\u00e2ch\u00e9 de ballon de Water-Polo.","isPartOf":{"@id":"https:\/\/www.pruvost-sports.com\/boutique\/#website"},"primaryImageOfPage":{"@id":"https:\/\/www.pruvost-sports.com\/boutique\/produit\/lache-de-ballon-water-polo\/#primaryimage"},"image":{"@id":"https:\/\/www.pruvost-sports.com\/boutique\/produit\/lache-de-ballon-water-polo\/#primaryimage"},"thumbnailUrl":"https:\/\/www.pruvost-sports.com\/boutique\/wp-content\/uploads\/2023\/06\/1757-Lache-de-ballon-water-polo.jpg","datePublished":"2023-06-26T12:59:41+00:00","dateModified":"2024-12-10T10:59:32+00:00","description":"L\u00e2ch\u00e9 de balle ballon water-polo","breadcrumb":{"@id":"https:\/\/www.pruvost-sports.com\/boutique\/produit\/lache-de-ballon-water-polo\/#breadcrumb"},"inLanguage":"fr-FR","potentialAction":[{"@type":"ReadAction","target":["https:\/\/www.pruvost-sports.com\/boutique\/produit\/lache-de-ballon-water-polo\/"]}]},{"@type":"ImageObject","inLanguage":"fr-FR","@id":"https:\/\/www.pruvost-sports.com\/boutique\/produit\/lache-de-ballon-water-polo\/#primaryimage","url":"https:\/\/www.pruvost-sports.com\/boutique\/wp-content\/uploads\/2023\/06\/1757-Lache-de-ballon-water-polo.jpg","contentUrl":"https:\/\/www.pruvost-sports.com\/boutique\/wp-content\/uploads\/2023\/06\/1757-Lache-de-ballon-water-polo.jpg","width":1024,"height":694,"caption":"Lach\u00e9 de ballon water-polo"},{"@type":"BreadcrumbList","@id":"https:\/\/www.pruvost-sports.com\/boutique\/produit\/lache-de-ballon-water-polo\/#breadcrumb","itemListElement":[{"@type":"ListItem","position":1,"name":"Accueil","item":"https:\/\/www.pruvost-sports.com\/boutique\/"},{"@type":"ListItem","position":2,"name":"Boutique","item":"https:\/\/www.pruvost-sports.com\/boutique\/boutique\/"},{"@type":"ListItem","position":3,"name":"L\u00e2ch\u00e9 de ballon water-polo"}]},{"@type":"WebSite","@id":"https:\/\/www.pruvost-sports.com\/boutique\/#website","url":"https:\/\/www.pruvost-sports.com\/boutique\/","name":"Pruvost sport piscine","description":"","potentialAction":[{"@type":"SearchAction","target":{"@type":"EntryPoint","urlTemplate":"https:\/\/www.pruvost-sports.com\/boutique\/?s={search_term_string}"},"query-input":{"@type":"PropertyValueSpecification","valueRequired":true,"valueName":"search_term_string"}}],"inLanguage":"fr-FR"}]}},"_links":{"self":[{"href":"https:\/\/www.pruvost-sports.com\/boutique\/wp-json\/wp\/v2\/product\/5897","targetHints":{"allow":["GET"]}}],"collection":[{"href":"https:\/\/www.pruvost-sports.com\/boutique\/wp-json\/wp\/v2\/product"}],"about":[{"href":"https:\/\/www.pruvost-sports.com\/boutique\/wp-json\/wp\/v2\/types\/product"}],"wp:featuredmedia":[{"embeddable":true,"href":"https:\/\/www.pruvost-sports.com\/boutique\/wp-json\/wp\/v2\/media\/5895"}],"wp:attachment":[{"href":"https:\/\/www.pruvost-sports.com\/boutique\/wp-json\/wp\/v2\/media?parent=5897"}],"wp:term":[{"taxonomy":"product_brand","embeddable":true,"href":"https:\/\/www.pruvost-sports.com\/boutique\/wp-json\/wp\/v2\/product_brand?post=5897"},{"taxonomy":"product_cat","embeddable":true,"href":"https:\/\/www.pruvost-sports.com\/boutique\/wp-json\/wp\/v2\/product_cat?post=5897"},{"taxonomy":"product_tag","embeddable":true,"href":"https:\/\/www.pruvost-sports.com\/boutique\/wp-json\/wp\/v2\/product_tag?post=5897"}],"curies":[{"name":"wp","href":"https:\/\/api.w.org\/{rel}","templated":true}]}}