{"id":5859,"date":"2023-06-26T14:15:12","date_gmt":"2023-06-26T12:15:12","guid":{"rendered":"https:\/\/www.pruvost-sports.com\/boutique\/?product=ancrage-a-sceller-rectangulaire"},"modified":"2023-06-26T14:15:12","modified_gmt":"2023-06-26T12:15:12","slug":"ancrage-a-sceller-rectangulaire","status":"publish","type":"product","link":"https:\/\/www.pruvost-sports.com\/boutique\/produit\/ancrage-a-sceller-rectangulaire\/","title":{"rendered":"Ancrage \u00e0 sceller &#8211; R\u00e9ctangulaire"},"content":{"rendered":"<p>Un ancrage en acier inoxidable trait&eacute; sur lequel vous pourrez attacher solidement votre ligne de nage aux abords de votre bassin.<\/p>\n","protected":false},"excerpt":{"rendered":"<p>Ancrage &agrave; sceller r&eacute;ctangulaire pour ligne de nage.<\/p>\n","protected":false},"featured_media":5857,"template":"","meta":[],"product_brand":[],"product_cat":[65],"product_tag":[2483,2485,719,2484],"class_list":{"0":"post-5859","1":"product","2":"type-product","3":"status-publish","4":"has-post-thumbnail","6":"product_cat-ancrage-et-potelet","7":"product_tag-ancrage-a-sceller","8":"product_tag-equipement-bassin","9":"product_tag-ligne-de-nage","10":"product_tag-piscine","12":"entry","13":"has-media","15":"first","16":"instock","17":"shipping-taxable","18":"purchasable","19":"product-type-simple","20":"col","21":"span_1_of_4","22":"owp-content-center","23":"owp-thumbs-layout-horizontal","24":"owp-btn-normal","25":"owp-tabs-layout-horizontal","26":"has-no-thumbnails"},"yoast_head":"<!-- This site is optimized with the Yoast SEO plugin v27.5 - https:\/\/yoast.com\/product\/yoast-seo-wordpress\/ -->\n<title>ancrage \u00e0 sceller r\u00e9ctangulaire<\/title>\n<meta name=\"description\" content=\"ancrage \u00e0 sceller r\u00e9ctangulaire ligne de nage piscine\" \/>\n<meta name=\"robots\" content=\"index, follow, max-snippet:-1, max-image-preview:large, max-video-preview:-1\" \/>\n<link rel=\"canonical\" href=\"https:\/\/www.pruvost-sports.com\/boutique\/produit\/ancrage-a-sceller-rectangulaire\/\" \/>\n<meta property=\"og:locale\" content=\"fr_FR\" \/>\n<meta property=\"og:type\" content=\"article\" \/>\n<meta property=\"og:title\" content=\"ancrage \u00e0 sceller r\u00e9ctangulaire\" \/>\n<meta property=\"og:description\" content=\"ancrage \u00e0 sceller r\u00e9ctangulaire ligne de nage piscine\" \/>\n<meta property=\"og:url\" content=\"https:\/\/www.pruvost-sports.com\/boutique\/produit\/ancrage-a-sceller-rectangulaire\/\" \/>\n<meta property=\"og:site_name\" content=\"Pruvost sport piscine\" \/>\n<meta property=\"og:image\" content=\"https:\/\/www.pruvost-sports.com\/boutique\/wp-content\/uploads\/2023\/06\/1748-Ancrage-a-sceller-Rectangulaire.jpg\" \/>\n\t<meta property=\"og:image:width\" content=\"1181\" \/>\n\t<meta property=\"og:image:height\" content=\"893\" \/>\n\t<meta property=\"og:image:type\" content=\"image\/jpeg\" \/>\n<meta name=\"twitter:card\" content=\"summary_large_image\" \/>\n<script type=\"application\/ld+json\" class=\"yoast-schema-graph\">{\"@context\":\"https:\\\/\\\/schema.org\",\"@graph\":[{\"@type\":\"WebPage\",\"@id\":\"https:\\\/\\\/www.pruvost-sports.com\\\/boutique\\\/produit\\\/ancrage-a-sceller-rectangulaire\\\/\",\"url\":\"https:\\\/\\\/www.pruvost-sports.com\\\/boutique\\\/produit\\\/ancrage-a-sceller-rectangulaire\\\/\",\"name\":\"ancrage \u00e0 sceller r\u00e9ctangulaire\",\"isPartOf\":{\"@id\":\"https:\\\/\\\/www.pruvost-sports.com\\\/boutique\\\/#website\"},\"primaryImageOfPage\":{\"@id\":\"https:\\\/\\\/www.pruvost-sports.com\\\/boutique\\\/produit\\\/ancrage-a-sceller-rectangulaire\\\/#primaryimage\"},\"image\":{\"@id\":\"https:\\\/\\\/www.pruvost-sports.com\\\/boutique\\\/produit\\\/ancrage-a-sceller-rectangulaire\\\/#primaryimage\"},\"thumbnailUrl\":\"https:\\\/\\\/www.pruvost-sports.com\\\/boutique\\\/wp-content\\\/uploads\\\/2023\\\/06\\\/1748-Ancrage-a-sceller-Rectangulaire.jpg\",\"datePublished\":\"2023-06-26T12:15:12+00:00\",\"description\":\"ancrage \u00e0 sceller r\u00e9ctangulaire ligne de nage piscine\",\"breadcrumb\":{\"@id\":\"https:\\\/\\\/www.pruvost-sports.com\\\/boutique\\\/produit\\\/ancrage-a-sceller-rectangulaire\\\/#breadcrumb\"},\"inLanguage\":\"fr-FR\",\"potentialAction\":[{\"@type\":\"ReadAction\",\"target\":[\"https:\\\/\\\/www.pruvost-sports.com\\\/boutique\\\/produit\\\/ancrage-a-sceller-rectangulaire\\\/\"]}]},{\"@type\":\"ImageObject\",\"inLanguage\":\"fr-FR\",\"@id\":\"https:\\\/\\\/www.pruvost-sports.com\\\/boutique\\\/produit\\\/ancrage-a-sceller-rectangulaire\\\/#primaryimage\",\"url\":\"https:\\\/\\\/www.pruvost-sports.com\\\/boutique\\\/wp-content\\\/uploads\\\/2023\\\/06\\\/1748-Ancrage-a-sceller-Rectangulaire.jpg\",\"contentUrl\":\"https:\\\/\\\/www.pruvost-sports.com\\\/boutique\\\/wp-content\\\/uploads\\\/2023\\\/06\\\/1748-Ancrage-a-sceller-Rectangulaire.jpg\",\"width\":1181,\"height\":893,\"caption\":\"Ancrage \u00e0 sceller - R\u00e9ctangulaire\"},{\"@type\":\"BreadcrumbList\",\"@id\":\"https:\\\/\\\/www.pruvost-sports.com\\\/boutique\\\/produit\\\/ancrage-a-sceller-rectangulaire\\\/#breadcrumb\",\"itemListElement\":[{\"@type\":\"ListItem\",\"position\":1,\"name\":\"Accueil\",\"item\":\"https:\\\/\\\/www.pruvost-sports.com\\\/boutique\\\/\"},{\"@type\":\"ListItem\",\"position\":2,\"name\":\"Boutique\",\"item\":\"https:\\\/\\\/www.pruvost-sports.com\\\/boutique\\\/boutique\\\/\"},{\"@type\":\"ListItem\",\"position\":3,\"name\":\"Ancrage \u00e0 sceller &#8211; R\u00e9ctangulaire\"}]},{\"@type\":\"WebSite\",\"@id\":\"https:\\\/\\\/www.pruvost-sports.com\\\/boutique\\\/#website\",\"url\":\"https:\\\/\\\/www.pruvost-sports.com\\\/boutique\\\/\",\"name\":\"Pruvost sport piscine\",\"description\":\"\",\"potentialAction\":[{\"@type\":\"SearchAction\",\"target\":{\"@type\":\"EntryPoint\",\"urlTemplate\":\"https:\\\/\\\/www.pruvost-sports.com\\\/boutique\\\/?s={search_term_string}\"},\"query-input\":{\"@type\":\"PropertyValueSpecification\",\"valueRequired\":true,\"valueName\":\"search_term_string\"}}],\"inLanguage\":\"fr-FR\"}]}<\/script>\n<!-- \/ Yoast SEO plugin. -->","yoast_head_json":{"title":"ancrage \u00e0 sceller r\u00e9ctangulaire","description":"ancrage \u00e0 sceller r\u00e9ctangulaire ligne de nage piscine","robots":{"index":"index","follow":"follow","max-snippet":"max-snippet:-1","max-image-preview":"max-image-preview:large","max-video-preview":"max-video-preview:-1"},"canonical":"https:\/\/www.pruvost-sports.com\/boutique\/produit\/ancrage-a-sceller-rectangulaire\/","og_locale":"fr_FR","og_type":"article","og_title":"ancrage \u00e0 sceller r\u00e9ctangulaire","og_description":"ancrage \u00e0 sceller r\u00e9ctangulaire ligne de nage piscine","og_url":"https:\/\/www.pruvost-sports.com\/boutique\/produit\/ancrage-a-sceller-rectangulaire\/","og_site_name":"Pruvost sport piscine","og_image":[{"width":1181,"height":893,"url":"https:\/\/www.pruvost-sports.com\/boutique\/wp-content\/uploads\/2023\/06\/1748-Ancrage-a-sceller-Rectangulaire.jpg","type":"image\/jpeg"}],"twitter_card":"summary_large_image","schema":{"@context":"https:\/\/schema.org","@graph":[{"@type":"WebPage","@id":"https:\/\/www.pruvost-sports.com\/boutique\/produit\/ancrage-a-sceller-rectangulaire\/","url":"https:\/\/www.pruvost-sports.com\/boutique\/produit\/ancrage-a-sceller-rectangulaire\/","name":"ancrage \u00e0 sceller r\u00e9ctangulaire","isPartOf":{"@id":"https:\/\/www.pruvost-sports.com\/boutique\/#website"},"primaryImageOfPage":{"@id":"https:\/\/www.pruvost-sports.com\/boutique\/produit\/ancrage-a-sceller-rectangulaire\/#primaryimage"},"image":{"@id":"https:\/\/www.pruvost-sports.com\/boutique\/produit\/ancrage-a-sceller-rectangulaire\/#primaryimage"},"thumbnailUrl":"https:\/\/www.pruvost-sports.com\/boutique\/wp-content\/uploads\/2023\/06\/1748-Ancrage-a-sceller-Rectangulaire.jpg","datePublished":"2023-06-26T12:15:12+00:00","description":"ancrage \u00e0 sceller r\u00e9ctangulaire ligne de nage piscine","breadcrumb":{"@id":"https:\/\/www.pruvost-sports.com\/boutique\/produit\/ancrage-a-sceller-rectangulaire\/#breadcrumb"},"inLanguage":"fr-FR","potentialAction":[{"@type":"ReadAction","target":["https:\/\/www.pruvost-sports.com\/boutique\/produit\/ancrage-a-sceller-rectangulaire\/"]}]},{"@type":"ImageObject","inLanguage":"fr-FR","@id":"https:\/\/www.pruvost-sports.com\/boutique\/produit\/ancrage-a-sceller-rectangulaire\/#primaryimage","url":"https:\/\/www.pruvost-sports.com\/boutique\/wp-content\/uploads\/2023\/06\/1748-Ancrage-a-sceller-Rectangulaire.jpg","contentUrl":"https:\/\/www.pruvost-sports.com\/boutique\/wp-content\/uploads\/2023\/06\/1748-Ancrage-a-sceller-Rectangulaire.jpg","width":1181,"height":893,"caption":"Ancrage \u00e0 sceller - R\u00e9ctangulaire"},{"@type":"BreadcrumbList","@id":"https:\/\/www.pruvost-sports.com\/boutique\/produit\/ancrage-a-sceller-rectangulaire\/#breadcrumb","itemListElement":[{"@type":"ListItem","position":1,"name":"Accueil","item":"https:\/\/www.pruvost-sports.com\/boutique\/"},{"@type":"ListItem","position":2,"name":"Boutique","item":"https:\/\/www.pruvost-sports.com\/boutique\/boutique\/"},{"@type":"ListItem","position":3,"name":"Ancrage \u00e0 sceller &#8211; R\u00e9ctangulaire"}]},{"@type":"WebSite","@id":"https:\/\/www.pruvost-sports.com\/boutique\/#website","url":"https:\/\/www.pruvost-sports.com\/boutique\/","name":"Pruvost sport piscine","description":"","potentialAction":[{"@type":"SearchAction","target":{"@type":"EntryPoint","urlTemplate":"https:\/\/www.pruvost-sports.com\/boutique\/?s={search_term_string}"},"query-input":{"@type":"PropertyValueSpecification","valueRequired":true,"valueName":"search_term_string"}}],"inLanguage":"fr-FR"}]}},"_links":{"self":[{"href":"https:\/\/www.pruvost-sports.com\/boutique\/wp-json\/wp\/v2\/product\/5859","targetHints":{"allow":["GET"]}}],"collection":[{"href":"https:\/\/www.pruvost-sports.com\/boutique\/wp-json\/wp\/v2\/product"}],"about":[{"href":"https:\/\/www.pruvost-sports.com\/boutique\/wp-json\/wp\/v2\/types\/product"}],"wp:featuredmedia":[{"embeddable":true,"href":"https:\/\/www.pruvost-sports.com\/boutique\/wp-json\/wp\/v2\/media\/5857"}],"wp:attachment":[{"href":"https:\/\/www.pruvost-sports.com\/boutique\/wp-json\/wp\/v2\/media?parent=5859"}],"wp:term":[{"taxonomy":"product_brand","embeddable":true,"href":"https:\/\/www.pruvost-sports.com\/boutique\/wp-json\/wp\/v2\/product_brand?post=5859"},{"taxonomy":"product_cat","embeddable":true,"href":"https:\/\/www.pruvost-sports.com\/boutique\/wp-json\/wp\/v2\/product_cat?post=5859"},{"taxonomy":"product_tag","embeddable":true,"href":"https:\/\/www.pruvost-sports.com\/boutique\/wp-json\/wp\/v2\/product_tag?post=5859"}],"curies":[{"name":"wp","href":"https:\/\/api.w.org\/{rel}","templated":true}]}}