{"id":5387,"date":"2019-06-24T14:24:09","date_gmt":"2019-06-24T12:24:09","guid":{"rendered":"https:\/\/www.pruvost-sports.com\/boutique\/?product=horloge-leds-heure-min-sec-non-etanche"},"modified":"2024-12-16T16:51:02","modified_gmt":"2024-12-16T15:51:02","slug":"horloge-leds-heure-min-sec-non-etanche","status":"publish","type":"product","link":"https:\/\/www.pruvost-sports.com\/boutique\/produit\/horloge-leds-heure-min-sec-non-etanche\/","title":{"rendered":"Horloge Leds &#8211; Heure \/ Min \/ Sec &#8211; Non Etanche"},"content":{"rendered":"<p>&#8211; Lisibilit\u00e9 25 m \/ Ch. 53 mm<br \/>\n&#8211; Secondes d\u00e9roulantes<br \/>\n&#8211; Mode \u00e9co de 22 h \u00e0 7 h<br \/>\n&#8211; Alu \/ Verre min\u00e9ral noir<br \/>\n&#8211; Fixation murale<br \/>\n&#8211; D : 280x280x25 mm \/ 1 kg<br \/>\n&#8211; R\u00e9serve de marche 3 mois<br \/>\n&#8211; Al : 230 VAC<\/p>\n<p>NON ETANCHE<\/p>\n","protected":false},"excerpt":{"rendered":"<p>Horloge digitale \u00e0 LEDs avec des chiffres de 5.3 cm et les secondes d\u00e9roulantes.<br \/>\nElle est con\u00e7ue dans un bo\u00eetier en aluminium avec un verre min\u00e9ral noir en fa\u00e7ade.<br \/>\nAlimentation secteur 230VAC (transfo livr\u00e9) , poss\u00e8de une r\u00e9serve de marche de 3 mois en cas de coupure de courant.<br \/>\nId\u00e9al pour le hall d&rsquo;accueil, bureau, couloir &#8230;.<\/p>\n<p>NON ETANCHE<\/p>\n","protected":false},"featured_media":5386,"template":"","meta":[],"product_brand":[],"product_cat":[85],"product_tag":[2381,2383,2382,2379,2380],"class_list":{"0":"post-5387","1":"product","2":"type-product","3":"status-publish","4":"has-post-thumbnail","6":"product_cat-horloges-et-thermometres","7":"product_tag-horloge-calendrier-leds","8":"product_tag-horloge-date-digital","9":"product_tag-horloge-date-leds","10":"product_tag-horloge-digital","11":"product_tag-horloge-leds","13":"entry","14":"has-media","16":"first","17":"instock","18":"shipping-taxable","19":"purchasable","20":"product-type-simple","21":"col","22":"span_1_of_4","23":"owp-content-center","24":"owp-thumbs-layout-horizontal","25":"owp-btn-normal","26":"owp-tabs-layout-horizontal","27":"has-no-thumbnails"},"yoast_head":"<!-- This site is optimized with the Yoast SEO plugin v27.5 - https:\/\/yoast.com\/product\/yoast-seo-wordpress\/ -->\n<title>Horloge digital<\/title>\n<meta name=\"description\" content=\"Horloge digital\" \/>\n<meta name=\"robots\" content=\"index, follow, max-snippet:-1, max-image-preview:large, max-video-preview:-1\" \/>\n<link rel=\"canonical\" href=\"https:\/\/www.pruvost-sports.com\/boutique\/produit\/horloge-leds-heure-min-sec-non-etanche\/\" \/>\n<meta property=\"og:locale\" content=\"fr_FR\" \/>\n<meta property=\"og:type\" content=\"article\" \/>\n<meta property=\"og:title\" content=\"Horloge digital\" \/>\n<meta property=\"og:description\" content=\"Horloge digital\" \/>\n<meta property=\"og:url\" content=\"https:\/\/www.pruvost-sports.com\/boutique\/produit\/horloge-leds-heure-min-sec-non-etanche\/\" \/>\n<meta property=\"og:site_name\" content=\"Pruvost sport piscine\" \/>\n<meta property=\"article:modified_time\" content=\"2024-12-16T15:51:02+00:00\" \/>\n<meta property=\"og:image\" content=\"https:\/\/www.pruvost-sports.com\/boutique\/wp-content\/uploads\/2019\/06\/1608-Horloge-Leds-Heure-Min-Sec-Non-Etanche.jpg\" \/>\n\t<meta property=\"og:image:width\" content=\"600\" \/>\n\t<meta property=\"og:image:height\" content=\"600\" \/>\n\t<meta property=\"og:image:type\" content=\"image\/jpeg\" \/>\n<meta name=\"twitter:card\" content=\"summary_large_image\" \/>\n<meta name=\"twitter:label1\" content=\"Dur\u00e9e de lecture estim\u00e9e\" \/>\n\t<meta name=\"twitter:data1\" content=\"1 minute\" \/>\n<script type=\"application\/ld+json\" class=\"yoast-schema-graph\">{\"@context\":\"https:\\\/\\\/schema.org\",\"@graph\":[{\"@type\":\"WebPage\",\"@id\":\"https:\\\/\\\/www.pruvost-sports.com\\\/boutique\\\/produit\\\/horloge-leds-heure-min-sec-non-etanche\\\/\",\"url\":\"https:\\\/\\\/www.pruvost-sports.com\\\/boutique\\\/produit\\\/horloge-leds-heure-min-sec-non-etanche\\\/\",\"name\":\"Horloge digital\",\"isPartOf\":{\"@id\":\"https:\\\/\\\/www.pruvost-sports.com\\\/boutique\\\/#website\"},\"primaryImageOfPage\":{\"@id\":\"https:\\\/\\\/www.pruvost-sports.com\\\/boutique\\\/produit\\\/horloge-leds-heure-min-sec-non-etanche\\\/#primaryimage\"},\"image\":{\"@id\":\"https:\\\/\\\/www.pruvost-sports.com\\\/boutique\\\/produit\\\/horloge-leds-heure-min-sec-non-etanche\\\/#primaryimage\"},\"thumbnailUrl\":\"https:\\\/\\\/www.pruvost-sports.com\\\/boutique\\\/wp-content\\\/uploads\\\/2019\\\/06\\\/1608-Horloge-Leds-Heure-Min-Sec-Non-Etanche.jpg\",\"datePublished\":\"2019-06-24T12:24:09+00:00\",\"dateModified\":\"2024-12-16T15:51:02+00:00\",\"description\":\"Horloge digital\",\"breadcrumb\":{\"@id\":\"https:\\\/\\\/www.pruvost-sports.com\\\/boutique\\\/produit\\\/horloge-leds-heure-min-sec-non-etanche\\\/#breadcrumb\"},\"inLanguage\":\"fr-FR\",\"potentialAction\":[{\"@type\":\"ReadAction\",\"target\":[\"https:\\\/\\\/www.pruvost-sports.com\\\/boutique\\\/produit\\\/horloge-leds-heure-min-sec-non-etanche\\\/\"]}]},{\"@type\":\"ImageObject\",\"inLanguage\":\"fr-FR\",\"@id\":\"https:\\\/\\\/www.pruvost-sports.com\\\/boutique\\\/produit\\\/horloge-leds-heure-min-sec-non-etanche\\\/#primaryimage\",\"url\":\"https:\\\/\\\/www.pruvost-sports.com\\\/boutique\\\/wp-content\\\/uploads\\\/2019\\\/06\\\/1608-Horloge-Leds-Heure-Min-Sec-Non-Etanche.jpg\",\"contentUrl\":\"https:\\\/\\\/www.pruvost-sports.com\\\/boutique\\\/wp-content\\\/uploads\\\/2019\\\/06\\\/1608-Horloge-Leds-Heure-Min-Sec-Non-Etanche.jpg\",\"width\":600,\"height\":600,\"caption\":\"Horloge Leds - Heure \\\/ Min \\\/ Sec - Non Etanche\"},{\"@type\":\"BreadcrumbList\",\"@id\":\"https:\\\/\\\/www.pruvost-sports.com\\\/boutique\\\/produit\\\/horloge-leds-heure-min-sec-non-etanche\\\/#breadcrumb\",\"itemListElement\":[{\"@type\":\"ListItem\",\"position\":1,\"name\":\"Accueil\",\"item\":\"https:\\\/\\\/www.pruvost-sports.com\\\/boutique\\\/\"},{\"@type\":\"ListItem\",\"position\":2,\"name\":\"Boutique\",\"item\":\"https:\\\/\\\/www.pruvost-sports.com\\\/boutique\\\/boutique\\\/\"},{\"@type\":\"ListItem\",\"position\":3,\"name\":\"Horloge Leds &#8211; Heure \\\/ Min \\\/ Sec &#8211; Non Etanche\"}]},{\"@type\":\"WebSite\",\"@id\":\"https:\\\/\\\/www.pruvost-sports.com\\\/boutique\\\/#website\",\"url\":\"https:\\\/\\\/www.pruvost-sports.com\\\/boutique\\\/\",\"name\":\"Pruvost sport piscine\",\"description\":\"\",\"potentialAction\":[{\"@type\":\"SearchAction\",\"target\":{\"@type\":\"EntryPoint\",\"urlTemplate\":\"https:\\\/\\\/www.pruvost-sports.com\\\/boutique\\\/?s={search_term_string}\"},\"query-input\":{\"@type\":\"PropertyValueSpecification\",\"valueRequired\":true,\"valueName\":\"search_term_string\"}}],\"inLanguage\":\"fr-FR\"}]}<\/script>\n<!-- \/ Yoast SEO plugin. -->","yoast_head_json":{"title":"Horloge digital","description":"Horloge digital","robots":{"index":"index","follow":"follow","max-snippet":"max-snippet:-1","max-image-preview":"max-image-preview:large","max-video-preview":"max-video-preview:-1"},"canonical":"https:\/\/www.pruvost-sports.com\/boutique\/produit\/horloge-leds-heure-min-sec-non-etanche\/","og_locale":"fr_FR","og_type":"article","og_title":"Horloge digital","og_description":"Horloge digital","og_url":"https:\/\/www.pruvost-sports.com\/boutique\/produit\/horloge-leds-heure-min-sec-non-etanche\/","og_site_name":"Pruvost sport piscine","article_modified_time":"2024-12-16T15:51:02+00:00","og_image":[{"width":600,"height":600,"url":"https:\/\/www.pruvost-sports.com\/boutique\/wp-content\/uploads\/2019\/06\/1608-Horloge-Leds-Heure-Min-Sec-Non-Etanche.jpg","type":"image\/jpeg"}],"twitter_card":"summary_large_image","twitter_misc":{"Dur\u00e9e de lecture estim\u00e9e":"1 minute"},"schema":{"@context":"https:\/\/schema.org","@graph":[{"@type":"WebPage","@id":"https:\/\/www.pruvost-sports.com\/boutique\/produit\/horloge-leds-heure-min-sec-non-etanche\/","url":"https:\/\/www.pruvost-sports.com\/boutique\/produit\/horloge-leds-heure-min-sec-non-etanche\/","name":"Horloge digital","isPartOf":{"@id":"https:\/\/www.pruvost-sports.com\/boutique\/#website"},"primaryImageOfPage":{"@id":"https:\/\/www.pruvost-sports.com\/boutique\/produit\/horloge-leds-heure-min-sec-non-etanche\/#primaryimage"},"image":{"@id":"https:\/\/www.pruvost-sports.com\/boutique\/produit\/horloge-leds-heure-min-sec-non-etanche\/#primaryimage"},"thumbnailUrl":"https:\/\/www.pruvost-sports.com\/boutique\/wp-content\/uploads\/2019\/06\/1608-Horloge-Leds-Heure-Min-Sec-Non-Etanche.jpg","datePublished":"2019-06-24T12:24:09+00:00","dateModified":"2024-12-16T15:51:02+00:00","description":"Horloge digital","breadcrumb":{"@id":"https:\/\/www.pruvost-sports.com\/boutique\/produit\/horloge-leds-heure-min-sec-non-etanche\/#breadcrumb"},"inLanguage":"fr-FR","potentialAction":[{"@type":"ReadAction","target":["https:\/\/www.pruvost-sports.com\/boutique\/produit\/horloge-leds-heure-min-sec-non-etanche\/"]}]},{"@type":"ImageObject","inLanguage":"fr-FR","@id":"https:\/\/www.pruvost-sports.com\/boutique\/produit\/horloge-leds-heure-min-sec-non-etanche\/#primaryimage","url":"https:\/\/www.pruvost-sports.com\/boutique\/wp-content\/uploads\/2019\/06\/1608-Horloge-Leds-Heure-Min-Sec-Non-Etanche.jpg","contentUrl":"https:\/\/www.pruvost-sports.com\/boutique\/wp-content\/uploads\/2019\/06\/1608-Horloge-Leds-Heure-Min-Sec-Non-Etanche.jpg","width":600,"height":600,"caption":"Horloge Leds - Heure \/ Min \/ Sec - Non Etanche"},{"@type":"BreadcrumbList","@id":"https:\/\/www.pruvost-sports.com\/boutique\/produit\/horloge-leds-heure-min-sec-non-etanche\/#breadcrumb","itemListElement":[{"@type":"ListItem","position":1,"name":"Accueil","item":"https:\/\/www.pruvost-sports.com\/boutique\/"},{"@type":"ListItem","position":2,"name":"Boutique","item":"https:\/\/www.pruvost-sports.com\/boutique\/boutique\/"},{"@type":"ListItem","position":3,"name":"Horloge Leds &#8211; Heure \/ Min \/ Sec &#8211; Non Etanche"}]},{"@type":"WebSite","@id":"https:\/\/www.pruvost-sports.com\/boutique\/#website","url":"https:\/\/www.pruvost-sports.com\/boutique\/","name":"Pruvost sport piscine","description":"","potentialAction":[{"@type":"SearchAction","target":{"@type":"EntryPoint","urlTemplate":"https:\/\/www.pruvost-sports.com\/boutique\/?s={search_term_string}"},"query-input":{"@type":"PropertyValueSpecification","valueRequired":true,"valueName":"search_term_string"}}],"inLanguage":"fr-FR"}]}},"_links":{"self":[{"href":"https:\/\/www.pruvost-sports.com\/boutique\/wp-json\/wp\/v2\/product\/5387","targetHints":{"allow":["GET"]}}],"collection":[{"href":"https:\/\/www.pruvost-sports.com\/boutique\/wp-json\/wp\/v2\/product"}],"about":[{"href":"https:\/\/www.pruvost-sports.com\/boutique\/wp-json\/wp\/v2\/types\/product"}],"wp:featuredmedia":[{"embeddable":true,"href":"https:\/\/www.pruvost-sports.com\/boutique\/wp-json\/wp\/v2\/media\/5386"}],"wp:attachment":[{"href":"https:\/\/www.pruvost-sports.com\/boutique\/wp-json\/wp\/v2\/media?parent=5387"}],"wp:term":[{"taxonomy":"product_brand","embeddable":true,"href":"https:\/\/www.pruvost-sports.com\/boutique\/wp-json\/wp\/v2\/product_brand?post=5387"},{"taxonomy":"product_cat","embeddable":true,"href":"https:\/\/www.pruvost-sports.com\/boutique\/wp-json\/wp\/v2\/product_cat?post=5387"},{"taxonomy":"product_tag","embeddable":true,"href":"https:\/\/www.pruvost-sports.com\/boutique\/wp-json\/wp\/v2\/product_tag?post=5387"}],"curies":[{"name":"wp","href":"https:\/\/api.w.org\/{rel}","templated":true}]}}