{"id":4995,"date":"2018-07-10T11:25:15","date_gmt":"2018-07-10T09:25:15","guid":{"rendered":"https:\/\/www.pruvost-sports.com\/boutique\/?product=horloge-de-piscine-a-diodes-7"},"modified":"2024-01-09T11:42:48","modified_gmt":"2024-01-09T10:42:48","slug":"horloge-de-piscine-a-diodes-7","status":"publish","type":"product","link":"https:\/\/www.pruvost-sports.com\/boutique\/produit\/horloge-de-piscine-a-diodes-7\/","title":{"rendered":"Horloge de piscine \u00e0 LEDS &#8211; 4 Chiffres &#8211; Lisibilit\u00e9 70 m"},"content":{"rendered":"<p>-Leds rouges \/ 4 Chiffres 20 cm pour une visibilit\u00e9 jusqu&rsquo;\u00e0 70 m<br \/>\n-Affichage fixe ou en alternance<br \/>\n-Fonction :<br \/>\n* Chronom\u00e8tre : capacit\u00e9 99&rsquo;59sec<br \/>\n* Timer : capacit\u00e9 99&rsquo;59sec<br \/>\n* Horloge : hh:mm<br \/>\n* 30 alarmes horaires programmables (avec sortie relais)<br \/>\n* Calendier<br \/>\n* Temp\u00e9rature (avec sonde S40 en option)<br \/>\n-Bo\u00eetier ABS noir \u00e9tanche \u00e0 l&rsquo;ext\u00e9rieur sous abri IP67<br \/>\n-Fixation et support murale<br \/>\n-Livr\u00e9 avec t\u00e9l\u00e9commande infrarouge \/ Port\u00e9e 10m<br \/>\n-Dim : 630x300x45 mm \/ 3 kg<br \/>\n-Alimentation 220VAC-50Hz<\/p>\n","protected":false},"excerpt":{"rendered":"<p>Horloge \u00e0 diodes avec 4 chiffres de 20 cm pour une visibilit\u00e9 de l&rsquo;heure (heures et minutes) et de la date jusqu&rsquo;\u00e0 70m, en int\u00e9rieur ou en ext\u00e9rieur (sous abri) gr\u00e2ce \u00e0 son bo\u00eetier \u00e9tanche IP67. Command\u00e9e par une t\u00e9l\u00e9commande d&rsquo;une port\u00e9e de 10 m.<br \/>\nL&rsquo;afficheur poss\u00e8de \u00e9galement 30 alarmes programmables\u00a0et un chronom\u00e8tre.<\/p>\n<h3>Affichage de la temp\u00e9rature avec l&rsquo;option sonde S42-1.<\/h3>\n","protected":false},"featured_media":4994,"template":"","meta":[],"product_brand":[],"product_cat":[85],"product_tag":[471,473,472],"class_list":{"0":"post-4995","1":"product","2":"type-product","3":"status-publish","4":"has-post-thumbnail","6":"product_cat-horloges-et-thermometres","7":"product_tag-horloge-diodes-piscine","8":"product_tag-horloge-numerique-piscine","9":"product_tag-temperature-bassin","10":"pa_temperaturedelair-non","11":"pa_temperaturedelair-oui","13":"entry","14":"has-media","16":"first","17":"instock","18":"shipping-taxable","19":"purchasable","20":"product-type-variable","21":"has-default-attributes","22":"col","23":"span_1_of_4","24":"owp-content-center","25":"owp-thumbs-layout-horizontal","26":"owp-btn-normal","27":"owp-tabs-layout-horizontal","28":"has-no-thumbnails"},"yoast_head":"<!-- This site is optimized with the Yoast SEO plugin v27.5 - https:\/\/yoast.com\/product\/yoast-seo-wordpress\/ -->\n<title>horloge piscine horloge etanche horlage bassin horloge \u00e0 led<\/title>\n<meta name=\"description\" content=\"Horloge de piscine \u00e0 leds\" \/>\n<meta name=\"robots\" content=\"index, follow, max-snippet:-1, max-image-preview:large, max-video-preview:-1\" \/>\n<link rel=\"canonical\" href=\"https:\/\/www.pruvost-sports.com\/boutique\/produit\/horloge-de-piscine-a-diodes-7\/\" \/>\n<meta property=\"og:locale\" content=\"fr_FR\" \/>\n<meta property=\"og:type\" content=\"article\" \/>\n<meta property=\"og:title\" content=\"horloge piscine horloge etanche horlage bassin horloge \u00e0 led\" \/>\n<meta property=\"og:description\" content=\"Horloge de piscine \u00e0 leds\" \/>\n<meta property=\"og:url\" content=\"https:\/\/www.pruvost-sports.com\/boutique\/produit\/horloge-de-piscine-a-diodes-7\/\" \/>\n<meta property=\"og:site_name\" content=\"Pruvost sport piscine\" \/>\n<meta property=\"article:modified_time\" content=\"2024-01-09T10:42:48+00:00\" \/>\n<meta property=\"og:image\" content=\"https:\/\/www.pruvost-sports.com\/boutique\/wp-content\/uploads\/2018\/07\/1485-Horloge-de-piscine-a-LEDS-4-Chiffres-Lisibilite-40-m.jpg\" \/>\n\t<meta property=\"og:image:width\" content=\"600\" \/>\n\t<meta property=\"og:image:height\" content=\"600\" \/>\n\t<meta property=\"og:image:type\" content=\"image\/jpeg\" \/>\n<meta name=\"twitter:card\" content=\"summary_large_image\" \/>\n<meta name=\"twitter:label1\" content=\"Dur\u00e9e de lecture estim\u00e9e\" \/>\n\t<meta name=\"twitter:data1\" content=\"1 minute\" \/>\n<script type=\"application\/ld+json\" class=\"yoast-schema-graph\">{\"@context\":\"https:\\\/\\\/schema.org\",\"@graph\":[{\"@type\":\"WebPage\",\"@id\":\"https:\\\/\\\/www.pruvost-sports.com\\\/boutique\\\/produit\\\/horloge-de-piscine-a-diodes-7\\\/\",\"url\":\"https:\\\/\\\/www.pruvost-sports.com\\\/boutique\\\/produit\\\/horloge-de-piscine-a-diodes-7\\\/\",\"name\":\"horloge piscine horloge etanche horlage bassin horloge \u00e0 led\",\"isPartOf\":{\"@id\":\"https:\\\/\\\/www.pruvost-sports.com\\\/boutique\\\/#website\"},\"primaryImageOfPage\":{\"@id\":\"https:\\\/\\\/www.pruvost-sports.com\\\/boutique\\\/produit\\\/horloge-de-piscine-a-diodes-7\\\/#primaryimage\"},\"image\":{\"@id\":\"https:\\\/\\\/www.pruvost-sports.com\\\/boutique\\\/produit\\\/horloge-de-piscine-a-diodes-7\\\/#primaryimage\"},\"thumbnailUrl\":\"https:\\\/\\\/www.pruvost-sports.com\\\/boutique\\\/wp-content\\\/uploads\\\/2018\\\/07\\\/1485-Horloge-de-piscine-a-LEDS-4-Chiffres-Lisibilite-40-m.jpg\",\"datePublished\":\"2018-07-10T09:25:15+00:00\",\"dateModified\":\"2024-01-09T10:42:48+00:00\",\"description\":\"Horloge de piscine \u00e0 leds\",\"breadcrumb\":{\"@id\":\"https:\\\/\\\/www.pruvost-sports.com\\\/boutique\\\/produit\\\/horloge-de-piscine-a-diodes-7\\\/#breadcrumb\"},\"inLanguage\":\"fr-FR\",\"potentialAction\":[{\"@type\":\"ReadAction\",\"target\":[\"https:\\\/\\\/www.pruvost-sports.com\\\/boutique\\\/produit\\\/horloge-de-piscine-a-diodes-7\\\/\"]}]},{\"@type\":\"ImageObject\",\"inLanguage\":\"fr-FR\",\"@id\":\"https:\\\/\\\/www.pruvost-sports.com\\\/boutique\\\/produit\\\/horloge-de-piscine-a-diodes-7\\\/#primaryimage\",\"url\":\"https:\\\/\\\/www.pruvost-sports.com\\\/boutique\\\/wp-content\\\/uploads\\\/2018\\\/07\\\/1485-Horloge-de-piscine-a-LEDS-4-Chiffres-Lisibilite-40-m.jpg\",\"contentUrl\":\"https:\\\/\\\/www.pruvost-sports.com\\\/boutique\\\/wp-content\\\/uploads\\\/2018\\\/07\\\/1485-Horloge-de-piscine-a-LEDS-4-Chiffres-Lisibilite-40-m.jpg\",\"width\":600,\"height\":600,\"caption\":\"Horloge de piscine \u00e0 LEDS - 4 Chiffres - Lisibilit\u00e9 40 m\"},{\"@type\":\"BreadcrumbList\",\"@id\":\"https:\\\/\\\/www.pruvost-sports.com\\\/boutique\\\/produit\\\/horloge-de-piscine-a-diodes-7\\\/#breadcrumb\",\"itemListElement\":[{\"@type\":\"ListItem\",\"position\":1,\"name\":\"Accueil\",\"item\":\"https:\\\/\\\/www.pruvost-sports.com\\\/boutique\\\/\"},{\"@type\":\"ListItem\",\"position\":2,\"name\":\"Boutique\",\"item\":\"https:\\\/\\\/www.pruvost-sports.com\\\/boutique\\\/boutique\\\/\"},{\"@type\":\"ListItem\",\"position\":3,\"name\":\"Horloge de piscine \u00e0 LEDS &#8211; 4 Chiffres &#8211; Lisibilit\u00e9 70 m\"}]},{\"@type\":\"WebSite\",\"@id\":\"https:\\\/\\\/www.pruvost-sports.com\\\/boutique\\\/#website\",\"url\":\"https:\\\/\\\/www.pruvost-sports.com\\\/boutique\\\/\",\"name\":\"Pruvost sport piscine\",\"description\":\"\",\"potentialAction\":[{\"@type\":\"SearchAction\",\"target\":{\"@type\":\"EntryPoint\",\"urlTemplate\":\"https:\\\/\\\/www.pruvost-sports.com\\\/boutique\\\/?s={search_term_string}\"},\"query-input\":{\"@type\":\"PropertyValueSpecification\",\"valueRequired\":true,\"valueName\":\"search_term_string\"}}],\"inLanguage\":\"fr-FR\"}]}<\/script>\n<!-- \/ Yoast SEO plugin. -->","yoast_head_json":{"title":"horloge piscine horloge etanche horlage bassin horloge \u00e0 led","description":"Horloge de piscine \u00e0 leds","robots":{"index":"index","follow":"follow","max-snippet":"max-snippet:-1","max-image-preview":"max-image-preview:large","max-video-preview":"max-video-preview:-1"},"canonical":"https:\/\/www.pruvost-sports.com\/boutique\/produit\/horloge-de-piscine-a-diodes-7\/","og_locale":"fr_FR","og_type":"article","og_title":"horloge piscine horloge etanche horlage bassin horloge \u00e0 led","og_description":"Horloge de piscine \u00e0 leds","og_url":"https:\/\/www.pruvost-sports.com\/boutique\/produit\/horloge-de-piscine-a-diodes-7\/","og_site_name":"Pruvost sport piscine","article_modified_time":"2024-01-09T10:42:48+00:00","og_image":[{"width":600,"height":600,"url":"https:\/\/www.pruvost-sports.com\/boutique\/wp-content\/uploads\/2018\/07\/1485-Horloge-de-piscine-a-LEDS-4-Chiffres-Lisibilite-40-m.jpg","type":"image\/jpeg"}],"twitter_card":"summary_large_image","twitter_misc":{"Dur\u00e9e de lecture estim\u00e9e":"1 minute"},"schema":{"@context":"https:\/\/schema.org","@graph":[{"@type":"WebPage","@id":"https:\/\/www.pruvost-sports.com\/boutique\/produit\/horloge-de-piscine-a-diodes-7\/","url":"https:\/\/www.pruvost-sports.com\/boutique\/produit\/horloge-de-piscine-a-diodes-7\/","name":"horloge piscine horloge etanche horlage bassin horloge \u00e0 led","isPartOf":{"@id":"https:\/\/www.pruvost-sports.com\/boutique\/#website"},"primaryImageOfPage":{"@id":"https:\/\/www.pruvost-sports.com\/boutique\/produit\/horloge-de-piscine-a-diodes-7\/#primaryimage"},"image":{"@id":"https:\/\/www.pruvost-sports.com\/boutique\/produit\/horloge-de-piscine-a-diodes-7\/#primaryimage"},"thumbnailUrl":"https:\/\/www.pruvost-sports.com\/boutique\/wp-content\/uploads\/2018\/07\/1485-Horloge-de-piscine-a-LEDS-4-Chiffres-Lisibilite-40-m.jpg","datePublished":"2018-07-10T09:25:15+00:00","dateModified":"2024-01-09T10:42:48+00:00","description":"Horloge de piscine \u00e0 leds","breadcrumb":{"@id":"https:\/\/www.pruvost-sports.com\/boutique\/produit\/horloge-de-piscine-a-diodes-7\/#breadcrumb"},"inLanguage":"fr-FR","potentialAction":[{"@type":"ReadAction","target":["https:\/\/www.pruvost-sports.com\/boutique\/produit\/horloge-de-piscine-a-diodes-7\/"]}]},{"@type":"ImageObject","inLanguage":"fr-FR","@id":"https:\/\/www.pruvost-sports.com\/boutique\/produit\/horloge-de-piscine-a-diodes-7\/#primaryimage","url":"https:\/\/www.pruvost-sports.com\/boutique\/wp-content\/uploads\/2018\/07\/1485-Horloge-de-piscine-a-LEDS-4-Chiffres-Lisibilite-40-m.jpg","contentUrl":"https:\/\/www.pruvost-sports.com\/boutique\/wp-content\/uploads\/2018\/07\/1485-Horloge-de-piscine-a-LEDS-4-Chiffres-Lisibilite-40-m.jpg","width":600,"height":600,"caption":"Horloge de piscine \u00e0 LEDS - 4 Chiffres - Lisibilit\u00e9 40 m"},{"@type":"BreadcrumbList","@id":"https:\/\/www.pruvost-sports.com\/boutique\/produit\/horloge-de-piscine-a-diodes-7\/#breadcrumb","itemListElement":[{"@type":"ListItem","position":1,"name":"Accueil","item":"https:\/\/www.pruvost-sports.com\/boutique\/"},{"@type":"ListItem","position":2,"name":"Boutique","item":"https:\/\/www.pruvost-sports.com\/boutique\/boutique\/"},{"@type":"ListItem","position":3,"name":"Horloge de piscine \u00e0 LEDS &#8211; 4 Chiffres &#8211; Lisibilit\u00e9 70 m"}]},{"@type":"WebSite","@id":"https:\/\/www.pruvost-sports.com\/boutique\/#website","url":"https:\/\/www.pruvost-sports.com\/boutique\/","name":"Pruvost sport piscine","description":"","potentialAction":[{"@type":"SearchAction","target":{"@type":"EntryPoint","urlTemplate":"https:\/\/www.pruvost-sports.com\/boutique\/?s={search_term_string}"},"query-input":{"@type":"PropertyValueSpecification","valueRequired":true,"valueName":"search_term_string"}}],"inLanguage":"fr-FR"}]}},"_links":{"self":[{"href":"https:\/\/www.pruvost-sports.com\/boutique\/wp-json\/wp\/v2\/product\/4995","targetHints":{"allow":["GET"]}}],"collection":[{"href":"https:\/\/www.pruvost-sports.com\/boutique\/wp-json\/wp\/v2\/product"}],"about":[{"href":"https:\/\/www.pruvost-sports.com\/boutique\/wp-json\/wp\/v2\/types\/product"}],"wp:featuredmedia":[{"embeddable":true,"href":"https:\/\/www.pruvost-sports.com\/boutique\/wp-json\/wp\/v2\/media\/4994"}],"wp:attachment":[{"href":"https:\/\/www.pruvost-sports.com\/boutique\/wp-json\/wp\/v2\/media?parent=4995"}],"wp:term":[{"taxonomy":"product_brand","embeddable":true,"href":"https:\/\/www.pruvost-sports.com\/boutique\/wp-json\/wp\/v2\/product_brand?post=4995"},{"taxonomy":"product_cat","embeddable":true,"href":"https:\/\/www.pruvost-sports.com\/boutique\/wp-json\/wp\/v2\/product_cat?post=4995"},{"taxonomy":"product_tag","embeddable":true,"href":"https:\/\/www.pruvost-sports.com\/boutique\/wp-json\/wp\/v2\/product_tag?post=4995"}],"curies":[{"name":"wp","href":"https:\/\/api.w.org\/{rel}","templated":true}]}}