{"id":4986,"date":"2018-07-10T09:19:23","date_gmt":"2018-07-10T07:19:23","guid":{"rendered":"https:\/\/www.pruvost-sports.com\/boutique\/?product=compte-secondes-cruciforme-1-metre-2"},"modified":"2025-01-08T13:41:02","modified_gmt":"2025-01-08T12:41:02","slug":"compte-secondes-cruciforme-1-metre-2","status":"publish","type":"product","link":"https:\/\/www.pruvost-sports.com\/boutique\/produit\/compte-secondes-cruciforme-1-metre-2\/","title":{"rendered":"Compte-secondes cruciforme 1 m\u00e8tre &#8211; AVEC VERRE IP65"},"content":{"rendered":"<p>&#8211; Compte secondes \/ 60 sec., 1 tr\/mn<br \/>\n&#8211; 4 aiguilles en m\u00e9tal (jaune, rouge, verte, noire)<br \/>\n&#8211; D\u00e9part toutes les 15 secondes<br \/>\n&#8211; Cadre aluminium \/ Verre plexiglass \/ Peinture Epoxy anti-UV bleue<br \/>\n&#8211; Cadran aluminium laqu\u00e9 blanc anti UV<br \/>\n&#8211; \u00c9tanche IP65 (humidit\u00e9 et \u00e9claboussures)<br \/>\n&#8211; Fixation murale \/ \u00c9querre de fixation (livr\u00e9e)<br \/>\n&#8211; D : 1 m x 1 m \/ 20 kg<br \/>\n&#8211; Tr\u00e8s Basse Tension de S\u00e9curit\u00e9 24 VAC<\/p>\n","protected":false},"excerpt":{"rendered":"<div id=\"short_description_content\" class=\"rte align_justify\">\n<p>Compte-secondes de natation avec un grand bo\u00eetier aluminium de 100 x 100 cm\u00a0 pour une tr\u00e8s grande lisibilit\u00e9e .<br \/>\nId\u00e9al pour le contr\u00f4le par le nageur de ses propres performances.<br \/>\nLe compte-seconde est trait\u00e9 anti-UV, anti-chlore et anti-corrosion pour une meilleure durabilit\u00e9 et aliment\u00e9 24VAC (Tr\u00e8s Basse Tension de S\u00e9curit\u00e9)<\/p>\n<\/div>\n","protected":false},"featured_media":8677,"template":"","meta":[],"product_brand":[],"product_cat":[85,67],"product_tag":[463,461,462],"class_list":{"0":"post-4986","1":"product","2":"type-product","3":"status-publish","4":"has-post-thumbnail","6":"product_cat-horloges-et-thermometres","7":"product_cat-natation-sportive","8":"product_tag-compte-secondes-1m","9":"product_tag-compte-secondes-grande-taille","10":"product_tag-compte-secondes-natation","12":"entry","13":"has-media","15":"first","16":"instock","17":"shipping-taxable","18":"purchasable","19":"product-type-simple","20":"col","21":"span_1_of_4","22":"owp-content-center","23":"owp-thumbs-layout-horizontal","24":"owp-btn-normal","25":"owp-tabs-layout-horizontal"},"yoast_head":"<!-- This site is optimized with the Yoast SEO plugin v27.5 - https:\/\/yoast.com\/product\/yoast-seo-wordpress\/ -->\n<title>compte-secondes cruciforme compte-secondes piscine compte-secondes natation<\/title>\n<meta name=\"description\" content=\"Compte-secondes cruciforme\" \/>\n<meta name=\"robots\" content=\"index, follow, max-snippet:-1, max-image-preview:large, max-video-preview:-1\" \/>\n<link rel=\"canonical\" href=\"https:\/\/www.pruvost-sports.com\/boutique\/produit\/compte-secondes-cruciforme-1-metre-2\/\" \/>\n<meta property=\"og:locale\" content=\"fr_FR\" \/>\n<meta property=\"og:type\" content=\"article\" \/>\n<meta property=\"og:title\" content=\"compte-secondes cruciforme compte-secondes piscine compte-secondes natation\" \/>\n<meta property=\"og:description\" content=\"Compte-secondes cruciforme\" \/>\n<meta property=\"og:url\" content=\"https:\/\/www.pruvost-sports.com\/boutique\/produit\/compte-secondes-cruciforme-1-metre-2\/\" \/>\n<meta property=\"og:site_name\" content=\"Pruvost sport piscine\" \/>\n<meta property=\"article:modified_time\" content=\"2025-01-08T12:41:02+00:00\" \/>\n<meta property=\"og:image\" content=\"https:\/\/www.pruvost-sports.com\/boutique\/wp-content\/uploads\/2018\/07\/compte-secondes-cruciforme-1-m-x-1-m-etanche-ip65-nouveau-modele-1.jpg\" \/>\n\t<meta property=\"og:image:width\" content=\"800\" \/>\n\t<meta property=\"og:image:height\" content=\"800\" \/>\n\t<meta property=\"og:image:type\" content=\"image\/jpeg\" \/>\n<meta name=\"twitter:card\" content=\"summary_large_image\" \/>\n<meta name=\"twitter:label1\" content=\"Dur\u00e9e de lecture estim\u00e9e\" \/>\n\t<meta name=\"twitter:data1\" content=\"1 minute\" \/>\n<script type=\"application\/ld+json\" class=\"yoast-schema-graph\">{\"@context\":\"https:\\\/\\\/schema.org\",\"@graph\":[{\"@type\":\"WebPage\",\"@id\":\"https:\\\/\\\/www.pruvost-sports.com\\\/boutique\\\/produit\\\/compte-secondes-cruciforme-1-metre-2\\\/\",\"url\":\"https:\\\/\\\/www.pruvost-sports.com\\\/boutique\\\/produit\\\/compte-secondes-cruciforme-1-metre-2\\\/\",\"name\":\"compte-secondes cruciforme compte-secondes piscine compte-secondes natation\",\"isPartOf\":{\"@id\":\"https:\\\/\\\/www.pruvost-sports.com\\\/boutique\\\/#website\"},\"primaryImageOfPage\":{\"@id\":\"https:\\\/\\\/www.pruvost-sports.com\\\/boutique\\\/produit\\\/compte-secondes-cruciforme-1-metre-2\\\/#primaryimage\"},\"image\":{\"@id\":\"https:\\\/\\\/www.pruvost-sports.com\\\/boutique\\\/produit\\\/compte-secondes-cruciforme-1-metre-2\\\/#primaryimage\"},\"thumbnailUrl\":\"https:\\\/\\\/www.pruvost-sports.com\\\/boutique\\\/wp-content\\\/uploads\\\/2018\\\/07\\\/compte-secondes-cruciforme-1-m-x-1-m-etanche-ip65-nouveau-modele-1.jpg\",\"datePublished\":\"2018-07-10T07:19:23+00:00\",\"dateModified\":\"2025-01-08T12:41:02+00:00\",\"description\":\"Compte-secondes cruciforme\",\"breadcrumb\":{\"@id\":\"https:\\\/\\\/www.pruvost-sports.com\\\/boutique\\\/produit\\\/compte-secondes-cruciforme-1-metre-2\\\/#breadcrumb\"},\"inLanguage\":\"fr-FR\",\"potentialAction\":[{\"@type\":\"ReadAction\",\"target\":[\"https:\\\/\\\/www.pruvost-sports.com\\\/boutique\\\/produit\\\/compte-secondes-cruciforme-1-metre-2\\\/\"]}]},{\"@type\":\"ImageObject\",\"inLanguage\":\"fr-FR\",\"@id\":\"https:\\\/\\\/www.pruvost-sports.com\\\/boutique\\\/produit\\\/compte-secondes-cruciforme-1-metre-2\\\/#primaryimage\",\"url\":\"https:\\\/\\\/www.pruvost-sports.com\\\/boutique\\\/wp-content\\\/uploads\\\/2018\\\/07\\\/compte-secondes-cruciforme-1-m-x-1-m-etanche-ip65-nouveau-modele-1.jpg\",\"contentUrl\":\"https:\\\/\\\/www.pruvost-sports.com\\\/boutique\\\/wp-content\\\/uploads\\\/2018\\\/07\\\/compte-secondes-cruciforme-1-m-x-1-m-etanche-ip65-nouveau-modele-1.jpg\",\"width\":800,\"height\":800},{\"@type\":\"BreadcrumbList\",\"@id\":\"https:\\\/\\\/www.pruvost-sports.com\\\/boutique\\\/produit\\\/compte-secondes-cruciforme-1-metre-2\\\/#breadcrumb\",\"itemListElement\":[{\"@type\":\"ListItem\",\"position\":1,\"name\":\"Accueil\",\"item\":\"https:\\\/\\\/www.pruvost-sports.com\\\/boutique\\\/\"},{\"@type\":\"ListItem\",\"position\":2,\"name\":\"Boutique\",\"item\":\"https:\\\/\\\/www.pruvost-sports.com\\\/boutique\\\/boutique\\\/\"},{\"@type\":\"ListItem\",\"position\":3,\"name\":\"Compte-secondes cruciforme 1 m\u00e8tre &#8211; AVEC VERRE IP65\"}]},{\"@type\":\"WebSite\",\"@id\":\"https:\\\/\\\/www.pruvost-sports.com\\\/boutique\\\/#website\",\"url\":\"https:\\\/\\\/www.pruvost-sports.com\\\/boutique\\\/\",\"name\":\"Pruvost sport piscine\",\"description\":\"\",\"potentialAction\":[{\"@type\":\"SearchAction\",\"target\":{\"@type\":\"EntryPoint\",\"urlTemplate\":\"https:\\\/\\\/www.pruvost-sports.com\\\/boutique\\\/?s={search_term_string}\"},\"query-input\":{\"@type\":\"PropertyValueSpecification\",\"valueRequired\":true,\"valueName\":\"search_term_string\"}}],\"inLanguage\":\"fr-FR\"}]}<\/script>\n<!-- \/ Yoast SEO plugin. -->","yoast_head_json":{"title":"compte-secondes cruciforme compte-secondes piscine compte-secondes natation","description":"Compte-secondes cruciforme","robots":{"index":"index","follow":"follow","max-snippet":"max-snippet:-1","max-image-preview":"max-image-preview:large","max-video-preview":"max-video-preview:-1"},"canonical":"https:\/\/www.pruvost-sports.com\/boutique\/produit\/compte-secondes-cruciforme-1-metre-2\/","og_locale":"fr_FR","og_type":"article","og_title":"compte-secondes cruciforme compte-secondes piscine compte-secondes natation","og_description":"Compte-secondes cruciforme","og_url":"https:\/\/www.pruvost-sports.com\/boutique\/produit\/compte-secondes-cruciforme-1-metre-2\/","og_site_name":"Pruvost sport piscine","article_modified_time":"2025-01-08T12:41:02+00:00","og_image":[{"width":800,"height":800,"url":"https:\/\/www.pruvost-sports.com\/boutique\/wp-content\/uploads\/2018\/07\/compte-secondes-cruciforme-1-m-x-1-m-etanche-ip65-nouveau-modele-1.jpg","type":"image\/jpeg"}],"twitter_card":"summary_large_image","twitter_misc":{"Dur\u00e9e de lecture estim\u00e9e":"1 minute"},"schema":{"@context":"https:\/\/schema.org","@graph":[{"@type":"WebPage","@id":"https:\/\/www.pruvost-sports.com\/boutique\/produit\/compte-secondes-cruciforme-1-metre-2\/","url":"https:\/\/www.pruvost-sports.com\/boutique\/produit\/compte-secondes-cruciforme-1-metre-2\/","name":"compte-secondes cruciforme compte-secondes piscine compte-secondes natation","isPartOf":{"@id":"https:\/\/www.pruvost-sports.com\/boutique\/#website"},"primaryImageOfPage":{"@id":"https:\/\/www.pruvost-sports.com\/boutique\/produit\/compte-secondes-cruciforme-1-metre-2\/#primaryimage"},"image":{"@id":"https:\/\/www.pruvost-sports.com\/boutique\/produit\/compte-secondes-cruciforme-1-metre-2\/#primaryimage"},"thumbnailUrl":"https:\/\/www.pruvost-sports.com\/boutique\/wp-content\/uploads\/2018\/07\/compte-secondes-cruciforme-1-m-x-1-m-etanche-ip65-nouveau-modele-1.jpg","datePublished":"2018-07-10T07:19:23+00:00","dateModified":"2025-01-08T12:41:02+00:00","description":"Compte-secondes cruciforme","breadcrumb":{"@id":"https:\/\/www.pruvost-sports.com\/boutique\/produit\/compte-secondes-cruciforme-1-metre-2\/#breadcrumb"},"inLanguage":"fr-FR","potentialAction":[{"@type":"ReadAction","target":["https:\/\/www.pruvost-sports.com\/boutique\/produit\/compte-secondes-cruciforme-1-metre-2\/"]}]},{"@type":"ImageObject","inLanguage":"fr-FR","@id":"https:\/\/www.pruvost-sports.com\/boutique\/produit\/compte-secondes-cruciforme-1-metre-2\/#primaryimage","url":"https:\/\/www.pruvost-sports.com\/boutique\/wp-content\/uploads\/2018\/07\/compte-secondes-cruciforme-1-m-x-1-m-etanche-ip65-nouveau-modele-1.jpg","contentUrl":"https:\/\/www.pruvost-sports.com\/boutique\/wp-content\/uploads\/2018\/07\/compte-secondes-cruciforme-1-m-x-1-m-etanche-ip65-nouveau-modele-1.jpg","width":800,"height":800},{"@type":"BreadcrumbList","@id":"https:\/\/www.pruvost-sports.com\/boutique\/produit\/compte-secondes-cruciforme-1-metre-2\/#breadcrumb","itemListElement":[{"@type":"ListItem","position":1,"name":"Accueil","item":"https:\/\/www.pruvost-sports.com\/boutique\/"},{"@type":"ListItem","position":2,"name":"Boutique","item":"https:\/\/www.pruvost-sports.com\/boutique\/boutique\/"},{"@type":"ListItem","position":3,"name":"Compte-secondes cruciforme 1 m\u00e8tre &#8211; AVEC VERRE IP65"}]},{"@type":"WebSite","@id":"https:\/\/www.pruvost-sports.com\/boutique\/#website","url":"https:\/\/www.pruvost-sports.com\/boutique\/","name":"Pruvost sport piscine","description":"","potentialAction":[{"@type":"SearchAction","target":{"@type":"EntryPoint","urlTemplate":"https:\/\/www.pruvost-sports.com\/boutique\/?s={search_term_string}"},"query-input":{"@type":"PropertyValueSpecification","valueRequired":true,"valueName":"search_term_string"}}],"inLanguage":"fr-FR"}]}},"_links":{"self":[{"href":"https:\/\/www.pruvost-sports.com\/boutique\/wp-json\/wp\/v2\/product\/4986","targetHints":{"allow":["GET"]}}],"collection":[{"href":"https:\/\/www.pruvost-sports.com\/boutique\/wp-json\/wp\/v2\/product"}],"about":[{"href":"https:\/\/www.pruvost-sports.com\/boutique\/wp-json\/wp\/v2\/types\/product"}],"wp:featuredmedia":[{"embeddable":true,"href":"https:\/\/www.pruvost-sports.com\/boutique\/wp-json\/wp\/v2\/media\/8677"}],"wp:attachment":[{"href":"https:\/\/www.pruvost-sports.com\/boutique\/wp-json\/wp\/v2\/media?parent=4986"}],"wp:term":[{"taxonomy":"product_brand","embeddable":true,"href":"https:\/\/www.pruvost-sports.com\/boutique\/wp-json\/wp\/v2\/product_brand?post=4986"},{"taxonomy":"product_cat","embeddable":true,"href":"https:\/\/www.pruvost-sports.com\/boutique\/wp-json\/wp\/v2\/product_cat?post=4986"},{"taxonomy":"product_tag","embeddable":true,"href":"https:\/\/www.pruvost-sports.com\/boutique\/wp-json\/wp\/v2\/product_tag?post=4986"}],"curies":[{"name":"wp","href":"https:\/\/api.w.org\/{rel}","templated":true}]}}