{"id":4901,"date":"2017-10-31T14:54:28","date_gmt":"2017-10-31T13:54:28","guid":{"rendered":"https:\/\/www.pruvost-sports.com\/boutique\/?product=thermometre-infrarouge"},"modified":"2017-10-31T14:54:28","modified_gmt":"2017-10-31T13:54:28","slug":"thermometre-infrarouge","status":"publish","type":"product","link":"https:\/\/www.pruvost-sports.com\/boutique\/produit\/thermometre-infrarouge\/","title":{"rendered":"Thermom\u00e8tre infrarouge"},"content":{"rendered":"<p>&#8211; Conforme aux normes CE \/ EN61326<br \/>&#8211; Temp&eacute;rature :<br \/>&nbsp;&nbsp; * Corporelle : 30&deg;C &agrave; 42,5&deg;C<br \/>&nbsp;&nbsp; * Mat&eacute;riaux : 0&deg;C &agrave; 60&deg;C<br \/>&#8211; R&eacute;solution 0,1&deg; \/ Pr&eacute;cision &plusmn; 0,3&deg;C<br \/>&#8211; Temps de r&eacute;p &lt; 1 sec<br \/>&#8211; M&eacute;moires : 32 derni&egrave;res mesures<br \/>&#8211; Alarme sonore \/ visuelle r&eacute;glable<br \/>&#8211; Distance optimale : 5 &agrave; 15 cm<br \/>&#8211; Extinction automatique<br \/>&#8211; R&eacute;tro-&eacute;clairage<br \/>&#8211; Dim : 146x104x43mm \/ 170g<br \/>&#8211; Pile : 9V (non fournie)<\/p>\n","protected":false},"excerpt":{"rendered":"<p>Thermom&egrave;tre m&eacute;dical infrarouge permettant la mesure de la temp&eacute;rature corporelle ou d&rsquo;un objet &agrave; distance et sans contact. Id&eacute;al dans le domaine de la sant&eacute; pour une meilleure hygi&egrave;ne au cours de la consultation.<\/p>\n","protected":false},"featured_media":4900,"template":"","meta":[],"product_brand":[],"product_cat":[26],"product_tag":[2210,2209,2207,2208],"class_list":{"0":"post-4901","1":"product","2":"type-product","3":"status-publish","4":"has-post-thumbnail","6":"product_cat-infirmerie","7":"product_tag-thermometre","8":"product_tag-thermometre-electronique","9":"product_tag-thermometre-infrarouge","10":"product_tag-thermometre-medical","12":"entry","13":"has-media","15":"first","16":"instock","17":"shipping-taxable","18":"purchasable","19":"product-type-simple","20":"col","21":"span_1_of_4","22":"owp-content-center","23":"owp-thumbs-layout-horizontal","24":"owp-btn-normal","25":"owp-tabs-layout-horizontal","26":"has-no-thumbnails"},"yoast_head":"<!-- This site is optimized with the Yoast SEO plugin v27.5 - https:\/\/yoast.com\/product\/yoast-seo-wordpress\/ -->\n<title>Thermom\u00e8tre \u00e9lectronique infrarouge<\/title>\n<meta name=\"description\" content=\"Thermom\u00e8tre \u00e9lectronique infrarouge\" \/>\n<meta name=\"robots\" content=\"index, follow, max-snippet:-1, max-image-preview:large, max-video-preview:-1\" \/>\n<link rel=\"canonical\" href=\"https:\/\/www.pruvost-sports.com\/boutique\/produit\/thermometre-infrarouge\/\" \/>\n<meta property=\"og:locale\" content=\"fr_FR\" \/>\n<meta property=\"og:type\" content=\"article\" \/>\n<meta property=\"og:title\" content=\"Thermom\u00e8tre \u00e9lectronique infrarouge\" \/>\n<meta property=\"og:description\" content=\"Thermom\u00e8tre \u00e9lectronique infrarouge\" \/>\n<meta property=\"og:url\" content=\"https:\/\/www.pruvost-sports.com\/boutique\/produit\/thermometre-infrarouge\/\" \/>\n<meta property=\"og:site_name\" content=\"Pruvost sport piscine\" \/>\n<meta property=\"og:image\" content=\"https:\/\/www.pruvost-sports.com\/boutique\/wp-content\/uploads\/2017\/10\/1434-Thermometre-infrarouge.jpg\" \/>\n\t<meta property=\"og:image:width\" content=\"600\" \/>\n\t<meta property=\"og:image:height\" content=\"600\" \/>\n\t<meta property=\"og:image:type\" content=\"image\/jpeg\" \/>\n<meta name=\"twitter:card\" content=\"summary_large_image\" \/>\n<script type=\"application\/ld+json\" class=\"yoast-schema-graph\">{\"@context\":\"https:\\\/\\\/schema.org\",\"@graph\":[{\"@type\":\"WebPage\",\"@id\":\"https:\\\/\\\/www.pruvost-sports.com\\\/boutique\\\/produit\\\/thermometre-infrarouge\\\/\",\"url\":\"https:\\\/\\\/www.pruvost-sports.com\\\/boutique\\\/produit\\\/thermometre-infrarouge\\\/\",\"name\":\"Thermom\u00e8tre \u00e9lectronique infrarouge\",\"isPartOf\":{\"@id\":\"https:\\\/\\\/www.pruvost-sports.com\\\/boutique\\\/#website\"},\"primaryImageOfPage\":{\"@id\":\"https:\\\/\\\/www.pruvost-sports.com\\\/boutique\\\/produit\\\/thermometre-infrarouge\\\/#primaryimage\"},\"image\":{\"@id\":\"https:\\\/\\\/www.pruvost-sports.com\\\/boutique\\\/produit\\\/thermometre-infrarouge\\\/#primaryimage\"},\"thumbnailUrl\":\"https:\\\/\\\/www.pruvost-sports.com\\\/boutique\\\/wp-content\\\/uploads\\\/2017\\\/10\\\/1434-Thermometre-infrarouge.jpg\",\"datePublished\":\"2017-10-31T13:54:28+00:00\",\"description\":\"Thermom\u00e8tre \u00e9lectronique infrarouge\",\"breadcrumb\":{\"@id\":\"https:\\\/\\\/www.pruvost-sports.com\\\/boutique\\\/produit\\\/thermometre-infrarouge\\\/#breadcrumb\"},\"inLanguage\":\"fr-FR\",\"potentialAction\":[{\"@type\":\"ReadAction\",\"target\":[\"https:\\\/\\\/www.pruvost-sports.com\\\/boutique\\\/produit\\\/thermometre-infrarouge\\\/\"]}]},{\"@type\":\"ImageObject\",\"inLanguage\":\"fr-FR\",\"@id\":\"https:\\\/\\\/www.pruvost-sports.com\\\/boutique\\\/produit\\\/thermometre-infrarouge\\\/#primaryimage\",\"url\":\"https:\\\/\\\/www.pruvost-sports.com\\\/boutique\\\/wp-content\\\/uploads\\\/2017\\\/10\\\/1434-Thermometre-infrarouge.jpg\",\"contentUrl\":\"https:\\\/\\\/www.pruvost-sports.com\\\/boutique\\\/wp-content\\\/uploads\\\/2017\\\/10\\\/1434-Thermometre-infrarouge.jpg\",\"width\":600,\"height\":600,\"caption\":\"Thermom\u00e8tre infrarouge\"},{\"@type\":\"BreadcrumbList\",\"@id\":\"https:\\\/\\\/www.pruvost-sports.com\\\/boutique\\\/produit\\\/thermometre-infrarouge\\\/#breadcrumb\",\"itemListElement\":[{\"@type\":\"ListItem\",\"position\":1,\"name\":\"Accueil\",\"item\":\"https:\\\/\\\/www.pruvost-sports.com\\\/boutique\\\/\"},{\"@type\":\"ListItem\",\"position\":2,\"name\":\"Boutique\",\"item\":\"https:\\\/\\\/www.pruvost-sports.com\\\/boutique\\\/boutique\\\/\"},{\"@type\":\"ListItem\",\"position\":3,\"name\":\"Thermom\u00e8tre infrarouge\"}]},{\"@type\":\"WebSite\",\"@id\":\"https:\\\/\\\/www.pruvost-sports.com\\\/boutique\\\/#website\",\"url\":\"https:\\\/\\\/www.pruvost-sports.com\\\/boutique\\\/\",\"name\":\"Pruvost sport piscine\",\"description\":\"\",\"potentialAction\":[{\"@type\":\"SearchAction\",\"target\":{\"@type\":\"EntryPoint\",\"urlTemplate\":\"https:\\\/\\\/www.pruvost-sports.com\\\/boutique\\\/?s={search_term_string}\"},\"query-input\":{\"@type\":\"PropertyValueSpecification\",\"valueRequired\":true,\"valueName\":\"search_term_string\"}}],\"inLanguage\":\"fr-FR\"}]}<\/script>\n<!-- \/ Yoast SEO plugin. -->","yoast_head_json":{"title":"Thermom\u00e8tre \u00e9lectronique infrarouge","description":"Thermom\u00e8tre \u00e9lectronique infrarouge","robots":{"index":"index","follow":"follow","max-snippet":"max-snippet:-1","max-image-preview":"max-image-preview:large","max-video-preview":"max-video-preview:-1"},"canonical":"https:\/\/www.pruvost-sports.com\/boutique\/produit\/thermometre-infrarouge\/","og_locale":"fr_FR","og_type":"article","og_title":"Thermom\u00e8tre \u00e9lectronique infrarouge","og_description":"Thermom\u00e8tre \u00e9lectronique infrarouge","og_url":"https:\/\/www.pruvost-sports.com\/boutique\/produit\/thermometre-infrarouge\/","og_site_name":"Pruvost sport piscine","og_image":[{"width":600,"height":600,"url":"https:\/\/www.pruvost-sports.com\/boutique\/wp-content\/uploads\/2017\/10\/1434-Thermometre-infrarouge.jpg","type":"image\/jpeg"}],"twitter_card":"summary_large_image","schema":{"@context":"https:\/\/schema.org","@graph":[{"@type":"WebPage","@id":"https:\/\/www.pruvost-sports.com\/boutique\/produit\/thermometre-infrarouge\/","url":"https:\/\/www.pruvost-sports.com\/boutique\/produit\/thermometre-infrarouge\/","name":"Thermom\u00e8tre \u00e9lectronique infrarouge","isPartOf":{"@id":"https:\/\/www.pruvost-sports.com\/boutique\/#website"},"primaryImageOfPage":{"@id":"https:\/\/www.pruvost-sports.com\/boutique\/produit\/thermometre-infrarouge\/#primaryimage"},"image":{"@id":"https:\/\/www.pruvost-sports.com\/boutique\/produit\/thermometre-infrarouge\/#primaryimage"},"thumbnailUrl":"https:\/\/www.pruvost-sports.com\/boutique\/wp-content\/uploads\/2017\/10\/1434-Thermometre-infrarouge.jpg","datePublished":"2017-10-31T13:54:28+00:00","description":"Thermom\u00e8tre \u00e9lectronique infrarouge","breadcrumb":{"@id":"https:\/\/www.pruvost-sports.com\/boutique\/produit\/thermometre-infrarouge\/#breadcrumb"},"inLanguage":"fr-FR","potentialAction":[{"@type":"ReadAction","target":["https:\/\/www.pruvost-sports.com\/boutique\/produit\/thermometre-infrarouge\/"]}]},{"@type":"ImageObject","inLanguage":"fr-FR","@id":"https:\/\/www.pruvost-sports.com\/boutique\/produit\/thermometre-infrarouge\/#primaryimage","url":"https:\/\/www.pruvost-sports.com\/boutique\/wp-content\/uploads\/2017\/10\/1434-Thermometre-infrarouge.jpg","contentUrl":"https:\/\/www.pruvost-sports.com\/boutique\/wp-content\/uploads\/2017\/10\/1434-Thermometre-infrarouge.jpg","width":600,"height":600,"caption":"Thermom\u00e8tre infrarouge"},{"@type":"BreadcrumbList","@id":"https:\/\/www.pruvost-sports.com\/boutique\/produit\/thermometre-infrarouge\/#breadcrumb","itemListElement":[{"@type":"ListItem","position":1,"name":"Accueil","item":"https:\/\/www.pruvost-sports.com\/boutique\/"},{"@type":"ListItem","position":2,"name":"Boutique","item":"https:\/\/www.pruvost-sports.com\/boutique\/boutique\/"},{"@type":"ListItem","position":3,"name":"Thermom\u00e8tre infrarouge"}]},{"@type":"WebSite","@id":"https:\/\/www.pruvost-sports.com\/boutique\/#website","url":"https:\/\/www.pruvost-sports.com\/boutique\/","name":"Pruvost sport piscine","description":"","potentialAction":[{"@type":"SearchAction","target":{"@type":"EntryPoint","urlTemplate":"https:\/\/www.pruvost-sports.com\/boutique\/?s={search_term_string}"},"query-input":{"@type":"PropertyValueSpecification","valueRequired":true,"valueName":"search_term_string"}}],"inLanguage":"fr-FR"}]}},"_links":{"self":[{"href":"https:\/\/www.pruvost-sports.com\/boutique\/wp-json\/wp\/v2\/product\/4901","targetHints":{"allow":["GET"]}}],"collection":[{"href":"https:\/\/www.pruvost-sports.com\/boutique\/wp-json\/wp\/v2\/product"}],"about":[{"href":"https:\/\/www.pruvost-sports.com\/boutique\/wp-json\/wp\/v2\/types\/product"}],"wp:featuredmedia":[{"embeddable":true,"href":"https:\/\/www.pruvost-sports.com\/boutique\/wp-json\/wp\/v2\/media\/4900"}],"wp:attachment":[{"href":"https:\/\/www.pruvost-sports.com\/boutique\/wp-json\/wp\/v2\/media?parent=4901"}],"wp:term":[{"taxonomy":"product_brand","embeddable":true,"href":"https:\/\/www.pruvost-sports.com\/boutique\/wp-json\/wp\/v2\/product_brand?post=4901"},{"taxonomy":"product_cat","embeddable":true,"href":"https:\/\/www.pruvost-sports.com\/boutique\/wp-json\/wp\/v2\/product_cat?post=4901"},{"taxonomy":"product_tag","embeddable":true,"href":"https:\/\/www.pruvost-sports.com\/boutique\/wp-json\/wp\/v2\/product_tag?post=4901"}],"curies":[{"name":"wp","href":"https:\/\/api.w.org\/{rel}","templated":true}]}}